{"id":12360,"date":"2024-10-21T12:30:36","date_gmt":"2024-10-21T11:30:36","guid":{"rendered":"https:\/\/paradox24.com\/product\/paradox-ultimate-lunar-trace\/"},"modified":"2026-04-30T11:32:10","modified_gmt":"2026-04-30T10:32:10","slug":"paradox-ultimate-lunar-trace","status":"publish","type":"product","link":"https:\/\/paradox24.com\/fr\/produit\/paradox-ultimate-lunar-trace\/","title":{"rendered":"Chaise Gaming Paradox Ultimate Lunar Trace"},"content":{"rendered":"<div class=\"wpb-content-wrapper\"><p>[vc_row full_width=\u00a0\u00bbstretch_row_content_no_spaces\u00a0\u00bb][vc_column][product_info text_color=\u00a0\u00bbproduct-info&#8211;white\u00a0\u00bb text_position=\u00a0\u00bbproduct-info__content&#8211;left\u00a0\u00bb header=\u00a0\u00bbParadox Ultimate\u00a0\u00bb text_1=\u00a0\u00bbL\u2019Essentiel du Professionnel\u00a0\u00bb main_image=\u00a0\u00bb16368&Prime; mobile_image=\u00a0\u00bb16512&Prime;][\/product_info][product_element position=\u00a0\u00bbleft\u00a0\u00bb header=\u00a0\u00bbQualit\u00e9 \u00e0 tous les niveaux\u00a0\u00bb images=\u00a0\u00bb16503&Prime;]Le cuir \u00e9cologique Next-Gen de haute qualit\u00e9 est durable, agr\u00e9able au toucher et respectueux de l&rsquo;environnement. Les accents en Alcantara vous donnent ce sentiment de performance sportive. Tout comme les surpiq\u00fbres contrast\u00e9es distinctives rappelant les voitures de course ou les accessoires de mode haut de gamme. <\/p>\n<p class=\"whitespace-normal break-words\"><strong>Mousse moul\u00e9e \u00e0 froid haute densit\u00e9<\/strong> \u2014 la m\u00eame technique de production utilis\u00e9e dans les si\u00e8ges automobiles et les meubles premium. Contrairement \u00e0 la mousse standard, la mousse moul\u00e9e \u00e0 froid conserve sa forme et sa r\u00e9silience pendant des milliers d&rsquo;heures d&rsquo;utilisation. Combin\u00e9e avec les oreillers lombaires et appuie-t\u00eate en mousse \u00e0 m\u00e9moire, elle offre un confort durable.<\/p>\n<p>[\/product_element][product_element header=\u00a0\u00bbLumbarPro int\u00e9gr\u00e9\u00a0\u00bb images=\u00a0\u00bb16494&Prime;]La s\u00e9rie Paradox Ultimate int\u00e8gre LumbarPro, un syst\u00e8me de soutien bidimensionnel r\u00e9glable con\u00e7u pour aligner votre colonne vert\u00e9brale et soulager les tensions lombaires. Discr\u00e8tement int\u00e9gr\u00e9 au dossier, il allie \u00e9l\u00e9gance et excellence ergonomique. [\/product_element][product_info main_image=\u00a0\u00bb16485&Prime; mobile_image=\u00a0\u00bb16476&Prime;][\/product_info][product_element position=\u00a0\u00bbleft\u00a0\u00bb header=\u00a0\u00bbSi\u00e8ge R\u00e9glable en Hauteur\u00a0\u00bb images=\u00a0\u00bb16467&Prime;]Parfaitement adapt\u00e9 aux personnes entre 165 et 185 cm, notre si\u00e8ge enti\u00e8rement r\u00e9glable assure un ajustement personnalis\u00e9. Le m\u00e9canisme pneumatique avanc\u00e9 permet un r\u00e9glage en hauteur sans effort : tirez simplement le levier et soulevez l\u00e9g\u00e8rement pour monter le si\u00e8ge, ou appuyez dessus en position assise pour le baisser.  Atteignez facilement la position ergonomique id\u00e9ale &#8211; vos genoux doivent former un angle de 90 degr\u00e9s, et vos coudes doivent reposer confortablement \u00e0 un angle de 90 degr\u00e9s sur votre bureau. Privil\u00e9giez le positionnement de vos coudes pour optimiser \u00e0 la fois le confort et la productivit\u00e9. [\/product_element][product_element header=\u00a0\u00bbPositions de Dossier Personnalisables jusqu\u2019\u00e0 Plat\u00a0\u00bb images=\u00a0\u00bb16458&Prime;]Ajustez et verrouillez le dossier dans quatre positions selon vos besoins. Que vous jouiez, travailliez ou fassiez une pause, modifier l&rsquo;inclinaison du dossier aide \u00e0 r\u00e9duire la tension, am\u00e9liorer votre posture et maintenir vos muscles d\u00e9tendus tout au long de la journ\u00e9e. Vous pouvez adapter la r\u00e9sistance d&rsquo;inclinaison du dossier en fonction de votre poids et de vos pr\u00e9f\u00e9rences. Il suffit de tourner la molette sous votre si\u00e8ge vers la gauche ou la droite !   [\/product_element][product_element position=\u00a0\u00bbleft\u00a0\u00bb header=\u00a0\u00bbLe repose-t\u00eate intelligent remplit une double fonction \u2013 vous offrant un soutien parfait tout en ajoutant du style \u00e0 votre chaise. Gr\u00e2ce aux aimants int\u00e9gr\u00e9s puissants, vous pouvez facilement le fixer ou le retirer quand vous le souhaitez.\u00a0\u00bb images=\u00a0\u00bb16449&Prime;]L&rsquo;oreiller de t\u00eate intelligent fait double emploi \u2013 vous offrant un soutien parfait tout en ajoutant du style \u00e0 votre chaise. Gr\u00e2ce aux aimants puissants int\u00e9gr\u00e9s, vous pouvez facilement l&rsquo;enclencher ou le retirer quand vous voulez. [\/product_element][product_info main_image=\u00a0\u00bb16440&Prime; mobile_image=\u00a0\u00bb16431&Prime;][\/product_info][product_element header=\u00a0\u00bbAccoudoirs FlexMotion 4D\u00a0\u00bb images=\u00a0\u00bb16422&Prime;]Ajustez-les en hauteur pour atteindre la position parfaite, faites-les glisser d&rsquo;avant en arri\u00e8re pour une port\u00e9e optimale, d\u00e9placez-les lat\u00e9ralement pour un positionnement id\u00e9al, et pivotez-les pour trouver l&rsquo;angle parfait pour vos bras et poignets.[\/product_element] [product_element position=\u00a0\u00bbleft\u00a0\u00bb header=\u00a0\u00bbBase TitanCore\u00a0\u00bb images=\u00a0\u00bb16413&Prime;]Con\u00e7u pour supporter jusqu&rsquo;\u00e0 135 kilogrammes, ce fauteuil garantit une fiabilit\u00e9 et une s\u00e9curit\u00e9 durables, en faisant un choix d&rsquo;excellence tant pour un usage professionnel que personnel[\/product_element].[product_element header=\u00a0\u00bbRoulettes QuickSpin 360\u00b0\u00a0\u00bb images=\u00a0\u00bb16404&Prime;] La fonction de rotation \u00e0 360 degr\u00e9s vous permet de pivoter sans effort dans toutes les directions, offrant une [\/product_element][product_element position=\u00a0\u00bbleft\u00a0\u00bb header=\u00a0\u00bbAssemblage Facile\u00a0\u00bb images=\u00a0\u00bb16395&Prime;]Des instructions visuelles claires vous permettent d&rsquo;assembler la chaise en moins de 20 minutes. Que vous fassiez le travail vous-m\u00eame ou avec un ami \u2013 nous nous sommes assur\u00e9s que c&rsquo;est facile. [\/product_element][product_images images=\u00a0\u00bb17382&Prime;][product_action header=\u00a0\u00bbAm\u00e9liorez votre exp\u00e9rience d&rsquo;assise d\u00e8s aujourd&rsquo;hui !\u00a0\u00bb text=\u00a0\u00bbR\u00e9volutionnez votre espace de travail et votre setup gaming avec notre Chaise Ultime. D\u00e9couvrez un confort in\u00e9gal\u00e9 et une excellence professionnelle.\u00a0\u00bb button_text=\u00a0\u00bbAdd ULTIMATE Lunar Trace to cart\u00a0\u00bb main_image=\u00a0\u00bb16386&Prime; mobile_image=\u00a0\u00bb16377&Prime;][\/vc_column][\/vc_row]<\/p>\n<\/div>","protected":false},"excerpt":{"rendered":"<p><span style=\"font-weight: 400\">Un design minimaliste mais distinctif, des mat\u00e9riaux de haute qualit\u00e9 et le confort pour atteindre vos objectifs. <\/span><\/p>\n<ul>\n<li style=\"font-weight: 400\"><b>Pour ceux qui exigent l&rsquo;excellence discr\u00e8te: <\/b><span style=\"font-weight: 400\">Parfait pour les professionnels et les passionn\u00e9s de jeux vid\u00e9o \u00e0 la recherche de luxe et de raffinement<\/span><\/li>\n<li style=\"font-weight: 400\"><b>Design minimaliste et intemporel: <\/b><span style=\"font-weight: 400\">\u00c9l\u00e9gant et sobre, s&rsquo;int\u00e8gre parfaitement dans tous les environnements professionnels ou de gaming haut de gamme.<br \/><\/span><\/li>\n<li style=\"font-weight: 400\"><b>Mat\u00e9riaux haut de gamme<\/b>:<span style=\"font-weight: 400\"> Fabriqu\u00e9 avec les meilleurs mat\u00e9riaux pour une durabilit\u00e9 et un confort premium.<br \/><\/span><\/li>\n<li><b>Mousse moul\u00e9e \u00e0 froid haute densit\u00e9:<\/b> Amortissement sup\u00e9rieur du si\u00e8ge qui conserve sa forme pendant des ann\u00e9es \u2014 pas d&rsquo;affaissement, pas de points plats.<\/li>\n<li style=\"font-weight: 400\"><b>M\u00e9canismes sup\u00e9rieurs pour une ergonomie parfaite:<\/b><span style=\"font-weight: 400\"> R\u00e9glages avanc\u00e9s pour une exp\u00e9rience hautement personnalis\u00e9e.<br \/><\/span><\/li>\n<\/ul>\n","protected":false},"featured_media":12361,"template":"","meta":[],"product_cat":[52,104],"product_tag":[],"class_list":{"0":"post-12360","1":"product","2":"type-product","3":"status-publish","4":"has-post-thumbnail","6":"product_cat-gaming-chairs","7":"product_cat-ultimate-collection","8":"","10":"first","11":"instock","12":"taxable","13":"shipping-taxable","14":"purchasable","15":"product-type-simple"},"_links":{"self":[{"href":"https:\/\/paradox24.com\/fr\/wp-json\/wp\/v2\/product\/12360","targetHints":{"allow":["GET"]}}],"collection":[{"href":"https:\/\/paradox24.com\/fr\/wp-json\/wp\/v2\/product"}],"about":[{"href":"https:\/\/paradox24.com\/fr\/wp-json\/wp\/v2\/types\/product"}],"wp:featuredmedia":[{"embeddable":true,"href":"https:\/\/paradox24.com\/fr\/wp-json\/wp\/v2\/media\/12361"}],"wp:attachment":[{"href":"https:\/\/paradox24.com\/fr\/wp-json\/wp\/v2\/media?parent=12360"}],"wp:term":[{"taxonomy":"product_cat","embeddable":true,"href":"https:\/\/paradox24.com\/fr\/wp-json\/wp\/v2\/product_cat?post=12360"},{"taxonomy":"product_tag","embeddable":true,"href":"https:\/\/paradox24.com\/fr\/wp-json\/wp\/v2\/product_tag?post=12360"}],"curies":[{"name":"wp","href":"https:\/\/api.w.org\/{rel}","templated":true}]}}