{"id":11330,"date":"2024-10-21T12:30:37","date_gmt":"2024-10-21T11:30:37","guid":{"rendered":"https:\/\/paradox24.com\/product\/paradox-vanguard-red-tuxs\/"},"modified":"2026-02-22T17:42:26","modified_gmt":"2026-02-22T16:42:26","slug":"paradox-vanguard-red-tuxs","status":"publish","type":"product","link":"https:\/\/paradox24.com\/fr\/produit\/paradox-vanguard-red-tuxs\/","title":{"rendered":"Chaise Gaming Paradox Vanguard Red Tuxs"},"content":{"rendered":"<div class=\"wpb-content-wrapper\"><p>[vc_row full_width=\u00a0\u00bbstretch_row_content_no_spaces\u00a0\u00bb][vc_column][product_info text_color=\u00a0\u00bbproduct-info&#8211;white\u00a0\u00bb text_position=\u00a0\u00bbproduct-info__content&#8211;left\u00a0\u00bb header=\u00a0\u00bbParadox Vanguard\u00a0\u00bb text_1=\u00a0\u00bbLe Choix Performance\u00a0\u00bb main_image=\u00a0\u00bb16196&Prime; mobile_image=\u00a0\u00bb16205&Prime;][\/product_info][product_element position=\u00a0\u00bbleft\u00a0\u00bb header=\u00a0\u00bbQualit\u00e9 de bout en bout\u00a0\u00bb images=\u00a0\u00bb16341&Prime;]Le cuir \u00e9cologique TechRX II de haute qualit\u00e9 est durable, lisse et respectueux de l&rsquo;environnement. Les accents de velours assurent cette sensation de performance. Tout comme les coutures contrastantes distinctives qui rappellent les voitures de course ou les accessoires de mode haut de gamme.[\/product_element][product_element header=\u00a0\u00bbSupport d&rsquo;Oreiller Lombaire\u00a0\u00bb images=\u00a0\u00bb16332&Prime;]La S\u00e9rie Vanguard dispose d&rsquo;un coussin lombaire qui aligne votre colonne vert\u00e9brale et soulage les tensions du bas du dos. Fabriqu\u00e9 en mousse \u00e0 m\u00e9moire de forme r\u00e9active et envelopp\u00e9 de velours assorti, il combine parfaitement le soutien ergonomique et le raffinement esth\u00e9tique. [\/product_element][product_info main_image=\u00a0\u00bb16323&Prime; mobile_image=\u00a0\u00bb16350&Prime;][\/product_info][product_element position=\u00a0\u00bbleft\u00a0\u00bb header=\u00a0\u00bbSi\u00e8ge \u00e0 Hauteur R\u00e9glable\u00a0\u00bb images=\u00a0\u00bb16314&Prime;]Parfaitement adapt\u00e9 aux personnes entre 165 et 185 cm, notre si\u00e8ge enti\u00e8rement r\u00e9glable assure un ajustement personnalis\u00e9. Le m\u00e9canisme pneumatique avanc\u00e9 TitanCore permet un r\u00e9glage en hauteur sans effort : tirez simplement le levier et soulevez l\u00e9g\u00e8rement pour monter le si\u00e8ge, ou appuyez dessus en position assise pour le baisser. Atteignez facilement la position ergonomique id\u00e9ale &#8211; vos genoux doivent former un angle de 90 degr\u00e9s, et vos coudes doivent reposer confortablement \u00e0 un angle de 90 degr\u00e9s sur votre bureau. Privil\u00e9giez le positionnement des coudes pour optimiser \u00e0 la fois le confort et la productivit\u00e9.   [\/product_element][product_element header=\u00a0\u00bbPositions personnalisables du dossier jusqu&rsquo;\u00e0 la position plate\u00a0\u00bb images=\u00a0\u00bb16305&Prime;]Ajustez et verrouillez le dossier en quatre positions \u2013 de la concentration droite \u00e0 l&rsquo;inclinaison relax\u00e9e. Changez votre position librement tout au long de la journ\u00e9e pour garder vos muscles d\u00e9tendus, tandis que les boulons lat\u00e9raux vous maintiennent solidement en place. Ajustez finement la r\u00e9sistance \u00e0 l&rsquo;inclinaison pour correspondre \u00e0 votre poids et \u00e0 votre pr\u00e9f\u00e9rence de confort d&rsquo;un simple tour de bouton.  [\/product_element][product_element position=\u00a0\u00bbleft\u00a0\u00bb header=\u00a0\u00bbOreiller d&rsquo;Appui-T\u00eate\u00a0\u00bb images=\u00a0\u00bb16296&Prime;]L&rsquo;oreiller de t\u00eate intelligent fait double emploi \u2013 vous offrant un soutien parfait tout en ajoutant du style \u00e0 votre chaise. Gr\u00e2ce aux aimants puissants int\u00e9gr\u00e9s, vous pouvez facilement l&rsquo;enclencher ou le retirer quand vous voulez. [\/product_element][product_info main_image=\u00a0\u00bb16287&Prime; mobile_image=\u00a0\u00bb16223&Prime;][\/product_info][product_element header=\u00a0\u00bbAccoudoirs FlexMotion 2D\u00a0\u00bb images=\u00a0\u00bb16278&Prime;]Ajustez-les vers le haut et vers le bas pour atteindre la hauteur parfaite et trouver le meilleur angle pour vos bras et poignets[\/product_element]. [product_element position=\u00a0\u00bbleft\u00a0\u00bb header=\u00a0\u00bbBase TitanCore\u00a0\u00bb images=\u00a0\u00bb16269&Prime;]Con\u00e7ue pour supporter jusqu&rsquo;\u00e0 135 kilogrammes, cette chaise garantit une fiabilit\u00e9 et une s\u00e9curit\u00e9 durables, en faisant un excellent choix pour un usage professionnel et personnel[\/product_element]. [product_element header=\u00a0\u00bbRoulettes QuickSpin 360\u00b0\u00a0\u00bb images=\u00a0\u00bb16260&Prime;]La fonction de rotation \u00e0 360 degr\u00e9s vous permet de tourner sans effort dans n&rsquo;importe quelle direction, offrant une flexibilit\u00e9 maximale et un acc\u00e8s facile \u00e0 toutes les zones de votre bureau et environnement \u2013 le tout en silence.[\/product_element][product_element position=\u00a0\u00bbleft\u00a0\u00bb header=\u00a0\u00bbAssemblage Facile\u00a0\u00bb images=\u00a0\u00bb16251&Prime;]Des instructions visuelles claires vous permettent d&rsquo;assembler la chaise en moins de 20 minutes. Que vous fassiez le travail vous-m\u00eame ou avec un ami \u2013 nous nous sommes assur\u00e9s que c&rsquo;est facile. [\/product_element][product_images images=\u00a0\u00bb19104&Prime;][product_action header=\u00a0\u00bbAm\u00e9liorez votre exp\u00e9rience d&rsquo;assise d\u00e8s aujourd&rsquo;hui !\u00a0\u00bb text=\u00a0\u00bbR\u00e9volutionnez votre espace de travail et votre configuration gaming avec notre chaise Vanguard. D\u00e9couvrez un confort in\u00e9gal\u00e9 et une qualit\u00e9 premium.\u00a0\u00bb button_text=\u00a0\u00bbAdd VANGUARD Red Tuxs to cart\u00a0\u00bb main_image=\u00a0\u00bb16242&Prime; mobile_image=\u00a0\u00bb16233&Prime;][\/vc_column][\/vc_row]<\/p>\n<\/div>","protected":false},"excerpt":{"rendered":"<ul>\n<li style=\"font-weight: 400;\" aria-level=\"1\"><b>Pour les Joueurs Qui Veulent une Qualit\u00e9 Premium sans Compromis:<\/b><span style=\"font-weight: 400;\"> Id\u00e9al pour ceux qui recherchent un confort fiable et \u00e9l\u00e9gant \u00e0 prix abordable.<br \/><\/span><\/li>\n<li style=\"font-weight: 400;\" aria-level=\"1\"><b>\u00c9quilibre Parfait entre Style et Fonctionnalit\u00e9: <\/b><span style=\"font-weight: 400;\">Offre un design audacieux pour exprimer sa personnalit\u00e9 sans sacrifier la qualit\u00e9.<br \/><\/span><\/li>\n<li style=\"font-weight: 400;\" aria-level=\"1\"><b>Mat\u00e9riaux de Haute Qualit\u00e9 \u00e0 un Prix Intelligent: <\/b><span style=\"font-weight: 400;\">Construit avec des mat\u00e9riaux durables pour le confort et le soutien.<br \/><\/span><\/li>\n<\/ul>\n<p><b>Options Esth\u00e9tiques Polyvalentes:<\/b><span style=\"font-weight: 400;\"> Va des designs minimalistes aux plus \u00e9labor\u00e9s, r\u00e9pondant aux go\u00fbts divers.<br \/><\/span><\/p>\n","protected":false},"featured_media":11331,"template":"","meta":[],"product_cat":[156,163],"product_tag":[],"class_list":{"0":"post-11330","1":"product","2":"type-product","3":"status-publish","4":"has-post-thumbnail","6":"product_cat-chaises-gaming","7":"product_cat-collection-vanguard","8":"","10":"first","11":"instock","12":"sale","13":"taxable","14":"shipping-taxable","15":"purchasable","16":"product-type-simple"},"_links":{"self":[{"href":"https:\/\/paradox24.com\/fr\/wp-json\/wp\/v2\/product\/11330","targetHints":{"allow":["GET"]}}],"collection":[{"href":"https:\/\/paradox24.com\/fr\/wp-json\/wp\/v2\/product"}],"about":[{"href":"https:\/\/paradox24.com\/fr\/wp-json\/wp\/v2\/types\/product"}],"wp:featuredmedia":[{"embeddable":true,"href":"https:\/\/paradox24.com\/fr\/wp-json\/wp\/v2\/media\/11331"}],"wp:attachment":[{"href":"https:\/\/paradox24.com\/fr\/wp-json\/wp\/v2\/media?parent=11330"}],"wp:term":[{"taxonomy":"product_cat","embeddable":true,"href":"https:\/\/paradox24.com\/fr\/wp-json\/wp\/v2\/product_cat?post=11330"},{"taxonomy":"product_tag","embeddable":true,"href":"https:\/\/paradox24.com\/fr\/wp-json\/wp\/v2\/product_tag?post=11330"}],"curies":[{"name":"wp","href":"https:\/\/api.w.org\/{rel}","templated":true}]}}