{"id":10999,"date":"2024-10-21T12:30:38","date_gmt":"2024-10-21T11:30:38","guid":{"rendered":"https:\/\/paradox24.com\/product\/paradox-commander-obsidian-blade\/"},"modified":"2026-04-30T11:38:34","modified_gmt":"2026-04-30T10:38:34","slug":"paradox-commander-obsidian-blade","status":"publish","type":"product","link":"https:\/\/paradox24.com\/fr\/produit\/paradox-commander-obsidian-blade\/","title":{"rendered":"Chaise Gaming Paradox Commander Obsidian Blade"},"content":{"rendered":"<div class=\"wpb-content-wrapper\"><p>[vc_row full_width=\u00a0\u00bbstretch_row_content_no_spaces\u00a0\u00bb][vc_column][product_info text_color=\u00a0\u00bbproduct-info&#8211;white\u00a0\u00bb text_position=\u00a0\u00bbproduct-info__content&#8211;left\u00a0\u00bb header=\u00a0\u00bbParadox Commander\u00a0\u00bb text_1=\u00a0\u00bbLe Si\u00e8ge du Commandant\u00a0\u00bb main_image=\u00a0\u00bb17111&Prime; mobile_image=\u00a0\u00bb17238&Prime;][\/product_info][product_element position=\u00a0\u00bbleft\u00a0\u00bb header=\u00a0\u00bbQualit\u00e9 \u00e0 tous les niveaux\u00a0\u00bb images=\u00a0\u00bb17229&Prime;]Le cuir \u00e9cologique Next-Gen allie durabilit\u00e9 et toucher luxueux, tout en respectant l&rsquo;environnement. Les accents en velours raffin\u00e9s et les surpiq\u00fbres contrast\u00e9es \u00e9voquent le savoir-faire des voitures de course haut de gamme et de la mode de luxe, cr\u00e9ant une esth\u00e9tique sophistiqu\u00e9e. [\/product_element][product_element header=\u00a0\u00bbSupport Lombaire\u00a0\u00bb images=\u00a0\u00bb17220&Prime;]La S\u00e9rie Commander Paradox dispose d&rsquo;un coussin lombaire qui aligne votre colonne vert\u00e9brale et soulage les tensions du bas du dos. Fabriqu\u00e9 en mousse \u00e0 m\u00e9moire de forme et recouvert de velours assorti, il combine parfaitement le soutien ergonomique et le raffinement esth\u00e9tique. [\/product_element][product_element position=\u00a0\u00bbleft\u00a0\u00bb header=\u00a0\u00bbSi\u00e8ge R\u00e9glable en Hauteur\u00a0\u00bb images=\u00a0\u00bb17211&Prime;]Parfaitement adapt\u00e9 aux personnes entre 165 et 185 cm, notre si\u00e8ge enti\u00e8rement r\u00e9glable assure un ajustement personnalis\u00e9. Le m\u00e9canisme pneumatique avanc\u00e9 permet un r\u00e9glage en hauteur sans effort : tirez simplement le levier et soulevez l\u00e9g\u00e8rement pour monter le si\u00e8ge, ou appuyez dessus en position assise pour le baisser.  Atteignez facilement la position ergonomique id\u00e9ale &#8211; vos genoux doivent former un angle de 90 degr\u00e9s, et vos coudes doivent reposer confortablement \u00e0 un angle de 90 degr\u00e9s sur votre bureau. Privil\u00e9giez le positionnement de vos coudes pour optimiser \u00e0 la fois le confort et la productivit\u00e9. [\/product_element][product_element header=\u00a0\u00bbPositions de Dossier Personnalisables jusqu\u2019\u00e0 Plat\u00a0\u00bb images=\u00a0\u00bb17202&Prime;]Ajustez et verrouillez le dossier dans quatre positions pour r\u00e9pondre \u00e0 vos besoins. Que vous jouiez, travailliez ou fassiez une pause, changer l&rsquo;angle du dossier aide \u00e0 r\u00e9duire la tension, am\u00e9liorer la posture et maintenir vos muscles d\u00e9tendus tout au long de la journ\u00e9e. Vous pouvez ajuster la r\u00e9sistance d&rsquo;inclinaison du dossier en fonction de votre poids corporel et de vos pr\u00e9f\u00e9rences. Tournez simplement le bouton sous votre si\u00e8ge vers la gauche ou la droite !   [\/product_element][product_element position=\u00a0\u00bbleft\u00a0\u00bb header=\u00a0\u00bbAppui-t\u00eate\u00a0\u00bb images=\u00a0\u00bb17193&Prime;]L&rsquo;oreiller de t\u00eate intelligent fait double emploi \u2013 vous offrant un soutien parfait tout en ajoutant du style \u00e0 votre chaise. Gr\u00e2ce aux aimants puissants int\u00e9gr\u00e9s, vous pouvez facilement l&rsquo;enclencher ou le retirer quand vous voulez. [\/product_element][product_info main_image=\u00a0\u00bb17184&Prime; mobile_image=\u00a0\u00bb17166&Prime;][\/product_info][product_element header=\u00a0\u00bbAccoudoirs FlexMotion 4D\u00a0\u00bb images=\u00a0\u00bb17175&Prime;]Ajustez-les vers le haut et vers le bas pour atteindre la hauteur parfaite, faites-les glisser vers l&rsquo;avant et vers l&rsquo;arri\u00e8re pour une port\u00e9e optimale, d\u00e9placez-les lat\u00e9ralement pour la position lat\u00e9rale id\u00e9ale et faites-les pivoter pour trouver le meilleur angle pour vos bras et poignets[\/product_element]. [product_element position=\u00a0\u00bbleft\u00a0\u00bb header=\u00a0\u00bbBase TitanCore\u00a0\u00bb images=\u00a0\u00bb17157&Prime;]Con\u00e7ue pour supporter jusqu&rsquo;\u00e0 135 kilogrammes, cette chaise garantit une fiabilit\u00e9 et une s\u00e9curit\u00e9 durables, en faisant un excellent choix pour un usage professionnel et personnel[\/product_element]. [product_element header=\u00a0\u00bbRoulettes QuickSpin 360\u00b0\u00a0\u00bb images=\u00a0\u00bb17148&Prime;]La fonction pivotante \u00e0 360 degr\u00e9s vous permet de tourner sans effort dans n&rsquo;importe quelle direction, offrant une flexibilit\u00e9 maximale et un acc\u00e8s facile \u00e0 toutes les zones de votre bureau et environnement\u2014le tout en silence.[\/product_element][product_element position=\u00a0\u00bbleft\u00a0\u00bb header=\u00a0\u00bbAssemblage Facile\u00a0\u00bb images=\u00a0\u00bb17139&Prime;]Des instructions visuelles claires vous permettent d&rsquo;assembler la chaise en moins de 20 minutes. Que vous fassiez le travail vous-m\u00eame ou avec un ami \u2013 nous nous sommes assur\u00e9s que c&rsquo;est facile. [\/product_element][product_images images=\u00a0\u00bb19117&Prime;][product_action header=\u00a0\u00bbAm\u00e9liorez votre exp\u00e9rience d&rsquo;assise d\u00e8s aujourd&rsquo;hui !\u00a0\u00bb text=\u00a0\u00bbR\u00e9volutionnez votre espace de travail et votre configuration gaming avec notre chaise Commander. D\u00e9couvrez un confort in\u00e9gal\u00e9 et un design sup\u00e9rieur.\u00a0\u00bb button_text=\u00a0\u00bbAdd COMMANDER Obsidian Blade to cart\u00a0\u00bb main_image=\u00a0\u00bb17130&Prime; mobile_image=\u00a0\u00bb17121&Prime;][\/vc_column][\/vc_row]<\/p>\n<\/div>","protected":false},"excerpt":{"rendered":"<p><span style=\"font-weight: 400;\">Que les aventures commencent ! <\/span><\/p>\n<ul>\n<li style=\"font-weight: 400;\" aria-level=\"1\"><b>Esth\u00e9tique de Commandant Inspir\u00e9e de la Science-Fiction: <\/b><span style=\"font-weight: 400;\">Design audacieux et immersif inspir\u00e9 d&rsquo;un si\u00e8ge de commandant.<\/span><\/li>\n<li style=\"font-weight: 400;\" aria-level=\"1\"><b>Tons Terre pour Configurations Gaming Sophistiqu\u00e9es:<\/b> <br \/><span style=\"font-weight: 400;\">Combine une silhouette dramatique avec une palette de couleurs terrestres raffin<\/span>\u00e9e.<\/li>\n<li style=\"font-weight: 400;\" aria-level=\"1\"><b>Confort Ergonomique avec Carac:<\/b><span style=\"font-weight: 400;\"> Con\u00e7u pour ceux qui recherchent style et fonctionnalit\u00e9 \u00e0 parts \u00e9gales.<br \/><\/span><\/li>\n<\/ul>\n<p><b>Pour les Joueurs Recherchant un Caract\u00e8re Unique avec Maturit\u00e9:<\/b><span style=\"font-weight: 400;\"> Un \u00e9quilibre entre esth\u00e9tique audacieuse et qualit\u00e9 sans atteindre le niveau de prix premium.<br \/><\/span><\/p>\n","protected":false},"featured_media":11000,"template":"","meta":[],"product_cat":[156,157],"product_tag":[],"class_list":{"0":"post-10999","1":"product","2":"type-product","3":"status-publish","4":"has-post-thumbnail","6":"product_cat-chaises-gaming","7":"product_cat-collection-commandant","8":"","10":"first","11":"instock","12":"sale","13":"taxable","14":"shipping-taxable","15":"purchasable","16":"product-type-simple"},"_links":{"self":[{"href":"https:\/\/paradox24.com\/fr\/wp-json\/wp\/v2\/product\/10999","targetHints":{"allow":["GET"]}}],"collection":[{"href":"https:\/\/paradox24.com\/fr\/wp-json\/wp\/v2\/product"}],"about":[{"href":"https:\/\/paradox24.com\/fr\/wp-json\/wp\/v2\/types\/product"}],"wp:featuredmedia":[{"embeddable":true,"href":"https:\/\/paradox24.com\/fr\/wp-json\/wp\/v2\/media\/11000"}],"wp:attachment":[{"href":"https:\/\/paradox24.com\/fr\/wp-json\/wp\/v2\/media?parent=10999"}],"wp:term":[{"taxonomy":"product_cat","embeddable":true,"href":"https:\/\/paradox24.com\/fr\/wp-json\/wp\/v2\/product_cat?post=10999"},{"taxonomy":"product_tag","embeddable":true,"href":"https:\/\/paradox24.com\/fr\/wp-json\/wp\/v2\/product_tag?post=10999"}],"curies":[{"name":"wp","href":"https:\/\/api.w.org\/{rel}","templated":true}]}}