{"id":30584,"date":"2018-06-01T08:19:29","date_gmt":"2018-06-01T07:19:29","guid":{"rendered":"https:\/\/paradox24.com\/about\/"},"modified":"2026-02-23T16:46:59","modified_gmt":"2026-02-23T15:46:59","slug":"about","status":"publish","type":"page","link":"https:\/\/paradox24.com\/fr\/about\/","title":{"rendered":"\u00c0 propos"},"content":{"rendered":"<div class=\"wpb-content-wrapper\"><p>[vc_row full_width=\u00a0\u00bbstretch_row_content_no_spaces\u00a0\u00bb el_class=\u00a0\u00bbsupro-no-padding-left supro-no-padding-right\u00a0\u00bb][vc_column][vc_column_text css=\u00a0\u00bb.vc_custom_1729797872336{margin-bottom: 0px !important;}\u00a0\u00bb]<\/p>\n<div class=\"about-us heading\">\n<div class=\"heading-content\">\n<h2>Hey !<\/h2>\n<p><strong>Nous sommes Paradox !<\/strong> Nous concevons des <strong>si\u00e8ges haute performance<\/strong> pour vous aider \u00e0 <strong>maximiser votre potentiel<\/strong> au travail comme dans le jeu. Nos designs allient <strong>soutien ergonomique<\/strong>, <strong>qualit\u00e9 premium<\/strong> et <strong>esth\u00e9tique inspirante<\/strong> pour sublimer n&rsquo;importe quel espace.<\/p>\n<\/div>\n<p><img decoding=\"async\" src=\"https:\/\/paradox24.com\/wp-content\/uploads\/2024\/10\/3-razem_01-1.png\" alt=\"Image de fond\" \/><\/p>\n<\/div>\n<p>[\/vc_column_text][vc_column_text css=\u00a0\u00bb.vc_custom_1729798099020{margin-bottom: 0px !important;background-color: #222222 !important;}\u00a0\u00bb el_class=\u00a0\u00bb.about-us .info .info&#8211;white\u00a0\u00bb]<\/p>\n<h2>Qui nous sommes.<\/h2>\n<p>Chez Paradox Gaming, nous sommes un <strong>groupe d&rsquo;entrepreneurs passionn\u00e9s<\/strong> avec un total de <strong>250 ans<\/strong> d&rsquo;exp\u00e9rience dans divers secteurs. Nos parcours vari\u00e9s en <strong>d\u00e9veloppement de produits<\/strong>, <strong>design<\/strong>, <strong>e-commerce<\/strong>, conseil, publicit\u00e9, h\u00f4tellerie, \u00e9v\u00e9nements, architecture urbaine, cosm\u00e9tiques et biens de consommation nous ont donn\u00e9 une perspective unique sur le design de produits et les besoins des clients.[\/vc_column_text][vc_column_text css=\u00a0\u00bb.vc_custom_1729798671318{margin-bottom: 0px !important;background-color: #ffffff !important;}\u00a0\u00bb el_class=\u00a0\u00bb.about-us .info\u00a0\u00bb]<\/p>\n<h3>Rencontrez l&rsquo;\u00e9quipe fondatrice :<\/h3>\n<div class=\"founder\">\n<div class=\"founder-image\"><img loading=\"lazy\" decoding=\"async\" src=\"https:\/\/paradox24.com\/wp-content\/uploads\/2024\/10\/IMG_9627-BW-1.png\" alt=\"Przemek Kowalewski\" width=\"400\" height=\"400\" \/><\/div>\n<div class=\"founder-content\">\n<p><strong>Przemek Kowalewski, CEO<\/strong><\/p>\n<p>Le visionnaire strat\u00e9gique et innovateur en e-commerce. Przemek, ancien dirigeant chez Westwing (e-commerce maison et d\u00e9coration), apporte son expertise en d\u00e9veloppement de produits, approvisionnement et fabrication, ainsi qu&rsquo;en e-commerce et marketing digital. Ancien consultant McKinsey avec un \u0153il aiguis\u00e9 pour la strat\u00e9gie et les op\u00e9rations commerciales.<\/p>\n<\/div>\n<\/div>\n<div class=\"founder\">\n<div class=\"founder-image\"><img loading=\"lazy\" decoding=\"async\" src=\"https:\/\/paradox24.com\/wp-content\/uploads\/2024\/10\/IMG_9627-BW-1-2.png\" alt=\"Pawe\u0142 Miklaszewski\" width=\"400\" height=\"400\" \/><\/div>\n<div class=\"founder-content\">\n<p><strong>Pawe\u0142 Miklaszewski, Chief Creative Officer<\/strong><\/p>\n<p>La force cr\u00e9ative de Paradox. Pawe\u0142 est \u00e9galement le fondateur de l&rsquo;agence 360 prim\u00e9e \u00ab\u00a0Walk Group\u00a0\u00bb et de la boutique de design \u00ab\u00a0Walk with David\u00a0\u00bb, apportant une richesse d&rsquo;expertise en design et cr\u00e9ativit\u00e9 \u00e0 Paradox. Sa collection impressionnante de distinctions, incluant un Cannes Lion, plusieurs KTR Awards, Effies et bien d&rsquo;autres, t\u00e9moigne de son approche centr\u00e9e sur le consommateur.<\/p>\n<\/div>\n<\/div>\n<h3>Notre Chief Designer :<\/h3>\n<div class=\"founder\">\n<div class=\"founder-image\"><img loading=\"lazy\" decoding=\"async\" src=\"https:\/\/paradox24.com\/wp-content\/uploads\/2024\/10\/IMG_9627-BW-1-1.png\" alt=\"David Racchi\" width=\"400\" height=\"400\" \/><\/div>\n<div class=\"founder-content\">\n<p><strong>David Racchi, Chief Designer<\/strong><\/p>\n<p>David, un Australien avec une perspective globale, apporte une touche internationale \u00e0 son travail, forg\u00e9e par des exp\u00e9riences \u00e0 Melbourne, en Espagne et en Argentine. Ses designs couvrent le design de produits, d&#8217;emballages, le branding, la publicit\u00e9 et plus, chaque pi\u00e8ce refl\u00e9tant son approche unique de marier simplicit\u00e9 et storytelling. Son talent a \u00e9t\u00e9 reconnu sur la sc\u00e8ne mondiale, y compris avec un prestigieux Gold Cannes Lion.<\/p>\n<\/div>\n<\/div>\n<p>[\/vc_column_text][vc_column_text css=\u00a0\u00bb.vc_custom_1729542358975{margin-bottom: 0px !important;background-color: #222222 !important;}\u00a0\u00bb el_class=\u00a0\u00bb.about-us .info .info&#8211;white\u00a0\u00bb]<\/p>\n<h2>Notre histoire.<\/h2>\n<p>La naissance de Paradox Gaming n&rsquo;\u00e9tait pas un thriller hollywoodien, mais nous pensons que c&rsquo;est une histoire qui vaut la peine d&rsquo;\u00eatre racont\u00e9e.<\/p>\n<p>Tout a commenc\u00e9 par une qu\u00eate simple : trouver la chaise de bureau parfaite.<br \/>\nEn cherchant, nous avons r\u00e9alis\u00e9 que le march\u00e9 offrait deux extr\u00eames insatisfaisants \u2013 des chaises formelles non ergonomiques<br \/>\nou des chaises gaming au design peu attrayant. Cette lacune sur le march\u00e9 a allum\u00e9 une id\u00e9e.<\/p>\n<p>Notre amour pour le design et la cr\u00e9ation de produits physiques a aliment\u00e9 notre passion. Puis, \u00e0 l&rsquo;\u00e9t\u00e9 2022,<br \/>\nune opportunit\u00e9 s&rsquo;est pr\u00e9sent\u00e9e. Nous avons acquis une entreprise avec une petite unit\u00e9 commerciale vendant des chaises gaming non marqu\u00e9es. Cette acquisition a \u00e9t\u00e9 le catalyseur dont nous avions besoin.<\/p>\n<p>Nous avons d\u00e9cid\u00e9 de r\u00e9viser compl\u00e8tement le portfolio de produits et de cr\u00e9er une marque qui r\u00e9volutionnerait le concept des chaises gaming. Et juste comme \u00e7a, Paradox est n\u00e9.<\/p>\n<p>Depuis notre fondation en 2022, nous nous sommes enti\u00e8rement consacr\u00e9s \u00e0 perfectionner l&rsquo;exp\u00e9rience Paradox !<br \/>\nNous avons cr\u00e9\u00e9 plus de 200 designs de chaises uniques et plus de 30 prototypes, voyag\u00e9 sur trois continents<br \/>\npour visiter plus de 10 usines de fabrication et parl\u00e9 avec des centaines d&rsquo;utilisateurs.<\/p>\n<p class=\"motto\"><strong>Mais le plus important, nous avons cr\u00e9\u00e9 des chaises que nous aimons et utilisons tous les jours.<\/strong><\/p>\n<p>[\/vc_column_text][vc_column_text css=\u00a0\u00bb.vc_custom_1729542370996{margin-bottom: 0px !important;background-color: #e3e3e3 !important;}\u00a0\u00bb el_class=\u00a0\u00bb.about-us .info\u00a0\u00bb]<\/p>\n<h2>Notre philosophie.<\/h2>\n<p>Vous souvenez-vous quand les sneakers \u00e9taient juste pour courir ? Puis Nike est arriv\u00e9 et a dit : \u00ab\u00a0Hey, vous pouvez porter ces chaussures tous les jours ! Elles sont styl\u00e9es, confortables et durables.\u00a0\u00bb<\/p>\n<p>Nous adoptons une approche similaire avec les chaises gaming. Nous croyons qu&rsquo;une excellente chaise pour le travail et le jeu devrait \u00eatre plus que fonctionnelle. Elle devrait \u00eatre :<\/p>\n<ul>\n<li>Ergonomique et confortable pour les longues sessions assises<\/li>\n<li>Un \u00e9l\u00e9ment de d\u00e9claration avec un design extraordinaire<\/li>\n<li>Durables et de haute qualit\u00e9 pour r\u00e9sister \u00e0 l&rsquo;\u00e9preuve du temps<\/li>\n<\/ul>\n<p class=\"motto\"><strong>Chez Paradox, nous d\u00e9fions l&rsquo;id\u00e9e que les chaises gaming sont seulement pour les gamers. Nous cr\u00e9ons des chaises qui soutiennent votre style de vie, que vous conqu\u00e9riez des mondes virtuels ou votre journ\u00e9e de travail.<\/strong><\/p>\n<p>[\/vc_column_text][vc_column_text css=\u00a0\u00bb.vc_custom_1729541822753{margin-bottom: 0px !important;background-color: #ffffff !important;}\u00a0\u00bb el_class=\u00a0\u00bb.about-us .info\u00a0\u00bb]<\/p>\n<h2>Notre mission.<\/h2>\n<p>Notre mission est simple mais ambitieuse :<\/p>\n<ol>\n<li>Vous offrir une chaise ergonomique, de haute qualit\u00e9 avec un design exceptionnel.<\/li>\n<li>Vous soutenir pendant de longues heures assises et am\u00e9liorer vos performances.<\/li>\n<li>Vous apporter de la joie chaque fois que vous regardez votre chaise.<\/li>\n<li>Cr\u00e9er des produits qui r\u00e9sistent \u00e0 l&rsquo;\u00e9preuve du temps.<\/li>\n<\/ol>\n<p><strong>Mais ce n&rsquo;est pas seulement sur le produit final. Nous nous engageons \u00e0 nous amuser tout au long du processus &#8211; du design et de la fabrication \u00e0 la livraison. Nous croyons que quand nous aimons ce que nous faisons, cela se refl\u00e8te dans la qualit\u00e9 de nos produits et la satisfaction de nos clients.<\/strong>[\/vc_column_text][vc_column_text css=\u00a0\u00bb.vc_custom_1729542376551{margin-bottom: 0px !important;background-color: #e3e3e3 !important;}\u00a0\u00bb el_class=\u00a0\u00bb.about-us .info\u00a0\u00bb]<\/p>\n<h2>Nos valeurs.<\/h2>\n<p>Au c\u0153ur de Paradox Gaming se trouvent nos principes directeurs :<\/p>\n<ol>\n<li><strong>Innovation<\/strong> : Nous repoussons constamment les limites du design et de la fonctionnalit\u00e9 des chaises.<\/li>\n<li><strong>Qualit\u00e9<\/strong> : Nous ne compromettons jamais sur les mat\u00e9riaux ou l&rsquo;artisanat de nos produits.<\/li>\n<li><strong>Satisfaction client<\/strong> : Votre confort et votre bonheur sont nos priorit\u00e9s absolues.<\/li>\n<li><strong>Durabilit\u00e9<\/strong> : Nous nous engageons \u00e0 des pratiques de fabrication responsables envers l&rsquo;environnement.<\/li>\n<li><strong>Transparence<\/strong> : Nous croyons en une communication ouverte avec nos clients et partenaires.<\/li>\n<\/ol>\n<p class=\"motto\"><strong>Ces valeurs informent chaque d\u00e9cision que nous prenons, des choix de design aux pratiques de service client.<\/strong><\/p>\n<p>[\/vc_column_text][vc_column_text css=\u00a0\u00bb.vc_custom_1729544085070{margin-bottom: 0px !important;background-color: #ffffff !important;}\u00a0\u00bb el_class=\u00a0\u00bb.about-us .info\u00a0\u00bb]<\/p>\n<h3>Partie du groupe eco24.<\/h3>\n<p>En tant que partie du groupe eco24, Paradox b\u00e9n\u00e9ficie d&rsquo;une mission plus large : cr\u00e9er des produits innovants, durables et orient\u00e9s design dans une gamme d&rsquo;industries.[\/vc_column_text][vc_column_text css=\u00a0\u00bb.vc_custom_1729542300549{margin-bottom: 0px !important;background-color: #bf403a !important;}\u00a0\u00bb el_class=\u00a0\u00bb.about-us .info .info&#8211;center .info&#8211;white\u00a0\u00bb]<\/p>\n<h2>Rejoignez la r\u00e9volution Paradox.<\/h2>\n<p>Pr\u00eat \u00e0 vivre le m\u00e9lange parfait de style, confort et fonctionnalit\u00e9 ?<br \/>\nExplorez notre gamme de chaises gaming Paradox et trouvez celle qui vous parle.<\/p>\n<p>Avez-vous des questions ou besoin d&rsquo;assistance ? Notre \u00e9quipe est toujours l\u00e0 pour aider.<br \/>\nContactez-nous aujourd&rsquo;hui et commen\u00e7ons une conversation sur votre chaise parfaite<br \/>\n\u00e0 <a href=\"mailto:hello@paradox24.com\">hello@paradox24.com<\/a><\/p>\n<p class=\"motto\"><strong>Bienvenue chez Paradox \u2013 o\u00f9 le confort rencontre le style, et la fonction rencontre la forme !<\/strong><\/p>\n<p>[\/vc_column_text][\/vc_column][\/vc_row]<\/p>\n<\/div>","protected":false},"excerpt":{"rendered":"<p>[vc_row full_width=\u00a0\u00bbstretch_row_content_no_spaces\u00a0\u00bb el_class=\u00a0\u00bbsupro-no-padding-left supro-no-padding-right\u00a0\u00bb][vc_column][vc_column_text css=\u00a0\u00bb.vc_custom_1729797872336{margin-bottom: 0px !important;}\u00a0\u00bb] Hey ! Nous sommes Paradox ! Nous concevons des si\u00e8ges haute performance pour vous aider \u00e0 maximiser votre potentiel au travail comme dans le jeu. Nos designs allient soutien ergonomique, qualit\u00e9 premium et esth\u00e9tique inspirante pour sublimer n&rsquo;importe quel espace. [\/vc_column_text][vc_column_text css=\u00a0\u00bb.vc_custom_1729798099020{margin-bottom: 0px !important;background-color: #222222 !important;}\u00a0\u00bb el_class=\u00a0\u00bb.about-us .info [&hellip;]<\/p>\n","protected":false},"author":2,"featured_media":0,"parent":0,"menu_order":0,"comment_status":"closed","ping_status":"closed","template":"template-fullwidth.php","meta":{"footnotes":""},"class_list":["post-30584","page","type-page","status-publish","hentry","no-thumb"],"_links":{"self":[{"href":"https:\/\/paradox24.com\/fr\/wp-json\/wp\/v2\/pages\/30584","targetHints":{"allow":["GET"]}}],"collection":[{"href":"https:\/\/paradox24.com\/fr\/wp-json\/wp\/v2\/pages"}],"about":[{"href":"https:\/\/paradox24.com\/fr\/wp-json\/wp\/v2\/types\/page"}],"author":[{"embeddable":true,"href":"https:\/\/paradox24.com\/fr\/wp-json\/wp\/v2\/users\/2"}],"replies":[{"embeddable":true,"href":"https:\/\/paradox24.com\/fr\/wp-json\/wp\/v2\/comments?post=30584"}],"version-history":[{"count":5,"href":"https:\/\/paradox24.com\/fr\/wp-json\/wp\/v2\/pages\/30584\/revisions"}],"predecessor-version":[{"id":30755,"href":"https:\/\/paradox24.com\/fr\/wp-json\/wp\/v2\/pages\/30584\/revisions\/30755"}],"wp:attachment":[{"href":"https:\/\/paradox24.com\/fr\/wp-json\/wp\/v2\/media?parent=30584"}],"curies":[{"name":"wp","href":"https:\/\/api.w.org\/{rel}","templated":true}]}}