{"id":12659,"date":"2024-07-25T08:58:11","date_gmt":"2024-07-25T07:58:11","guid":{"rendered":"https:\/\/paradox24.com\/privacy-policy\/"},"modified":"2025-02-04T22:56:15","modified_gmt":"2025-02-04T20:56:15","slug":"privacy-policy","status":"publish","type":"page","link":"https:\/\/paradox24.com\/fr\/privacy-policy\/","title":{"rendered":"Politique de confidentialit\u00e9"},"content":{"rendered":"<p><\/p><h2 class=\"wp-block-heading\">Cher utilisateur !<\/h2><p>Nous accordons une grande importance \u00e0 votre vie priv\u00e9e et souhaitons que vous vous sentiez \u00e0 l&rsquo;aise lors de l&rsquo;utilisation de nos services. Par cons\u00e9quent, nous vous pr\u00e9sentons ci-dessous les informations les plus importantes concernant la politique de traitement de vos donn\u00e9es personnelles et l&rsquo;utilisation des cookies par notre Boutique. Ces informations ont \u00e9t\u00e9 pr\u00e9par\u00e9es conform\u00e9ment au RGPD, c&rsquo;est-\u00e0-dire le r\u00e8glement g\u00e9n\u00e9ral sur la protection des donn\u00e9es.  <\/p><h2 class=\"wp-block-heading\">RESPONSABLE DU TRAITEMENT DES DONN\u00c9ES PERSONNELLES<\/h2><p>ECO24 SP\u00d3\u0141KA Z OGRANICZON\u0104 ODPOWIEDZIALNO\u015aCI\u0104 dont le si\u00e8ge social est situ\u00e9 \u00e0 ul. Algierska 17K, 03-977 Varsovie, Pologne, inscrite au Registre National du Commerce &#8211; Registre des Entrepreneurs par le S\u0104D REJONOWY DLA M.ST.WARSZAWY W WARSZAWIE, XIII WYDZIA\u0141 GOSPODARCZY KRAJOWEGO REJESTRU S\u0104DOWEGO, sous le num\u00e9ro KRS 0001061741, num\u00e9ro d&rsquo;identification TVA de l&rsquo;Union europ\u00e9enne PL5214039048, num\u00e9ro REGON 52659871100000, capital initial de 100000,00 PLN. <\/p><p>Si vous souhaitez nous contacter concernant le traitement de vos donn\u00e9es personnelles, veuillez nous envoyer un courriel \u00e0 l&rsquo;adresse suivante : contact@paradox24.com.<\/p><h2 class=\"wp-block-heading\">VOS DROITS<\/h2><p>Vous avez le droit de demander :<\/p><ul class=\"wp-block-list\"><li>l&rsquo;acc\u00e8s \u00e0 vos donn\u00e9es personnelles, y compris l&rsquo;obtention d&rsquo;une copie de vos donn\u00e9es (Article 15 du RGPD ou, le cas \u00e9ch\u00e9ant, Article 13 paragraphe 1(f) du RGPD),<\/li>\n\n<li>leur rectification (Article 16 du RGPD),<\/li>\n\n<li>leur effacement (Article 17 du RGPD),<\/li>\n\n<li>la limitation de leur traitement (Article 18 du RGPD),<\/li>\n\n<li>le transfert des donn\u00e9es \u00e0 un autre responsable du traitement (Article 20 du RGPD),<\/li><\/ul><p>et le droit de :<\/p><ul class=\"wp-block-list\"><li>vous opposer au traitement de vos donn\u00e9es personnelles \u00e0 tout moment :<ul class=\"wp-block-list\"><li>pour des raisons tenant \u00e0 votre situation particuli\u00e8re &#8211; en ce qui concerne le traitement de vos donn\u00e9es personnelles fond\u00e9 sur l&rsquo;Article 6 paragraphe 1(f) du RGPD (c&rsquo;est-\u00e0-dire les int\u00e9r\u00eats l\u00e9gitimes poursuivis par nous) ;<\/li>\n\n<li>si vos donn\u00e9es personnelles sont trait\u00e9es \u00e0 des fins de marketing direct, dans la mesure o\u00f9 ce traitement est li\u00e9 \u00e0 un tel marketing direct (Article 21 paragraphe 2 du RGPD).<\/li><\/ul><\/li><\/ul><p>Contactez-nous si vous souhaitez exercer vos droits. Vous pouvez vous opposer \u00e0 notre utilisation des cookies (dont vous lirez ci-dessous) en particulier en utilisant les param\u00e8tres appropri\u00e9s de votre navigateur. <\/p><p>Si vous estimez que vos donn\u00e9es sont trait\u00e9es de mani\u00e8re illicite, vous pouvez d\u00e9poser une plainte aupr\u00e8s de l&rsquo;autorit\u00e9 comp\u00e9tente en mati\u00e8re de protection des donn\u00e9es.<\/p><h2 class=\"wp-block-heading\">DONN\u00c9ES PERSONNELLES ET VIE PRIV\u00c9E<\/h2><p>Vos donn\u00e9es sont trait\u00e9es par nous \u00e0 des fins li\u00e9es au fonctionnement de la Boutique et \u00e0 la fourniture des services qui y sont propos\u00e9s. Vous trouverez ci-dessous des informations d\u00e9taill\u00e9es sur le traitement de vos donn\u00e9es en fonction de vos activit\u00e9s. <\/p><h3 class=\"wp-block-heading\">1. Passer une commande dans la Boutique &#8211; Partie 1<\/h3><figure class=\"wp-block-table\"><table class=\"has-fixed-layout\"><tbody><tr><th>Dans quel but traitons-nous vos donn\u00e9es ?<\/th><\/tr><tr><td>pour traiter votre commande<\/td><\/tr><tr><th>Sur quelle base traitons-nous vos donn\u00e9es ?<\/th><\/tr><tr><td>un contrat de vente (Article 6 paragraphe 1(b) du RGPD)<\/td><td>obligation l\u00e9gale, li\u00e9e \u00e0 la comptabilit\u00e9, nous obligeant \u00e0 traiter vos donn\u00e9es personnelles (Article 6 paragraphe 1(c) du RGPD)<\/td><\/tr><tr><th>Pendant combien de temps traiterons-nous vos donn\u00e9es ?<\/th><\/tr><tr><td>pour la dur\u00e9e du contrat susmentionn\u00e9<\/td><td>jusqu&rsquo;\u00e0 l&rsquo;expiration de nos obligations l\u00e9gales li\u00e9es \u00e0 la comptabilit\u00e9<\/td><\/tr><tr><td>en outre, vos donn\u00e9es seront trait\u00e9es jusqu&rsquo;\u00e0 l&rsquo;expiration du d\u00e9lai pendant lequel des r\u00e9clamations peuvent \u00eatre formul\u00e9es &#8211; soit par vous, soit par nous<br\/>(voir le dernier tableau de cette partie pour plus d&rsquo;informations)<\/td><\/tr><tr><th>Que se passe-t-il si vous ne fournissez pas les donn\u00e9es ?<\/th><\/tr><tr><td>vous ne pourrez pas passer de commande<\/td><\/tr><\/tbody><\/table><\/figure><h3 class=\"wp-block-heading\">2. Passer une commande dans la Boutique &#8211; Partie 2<\/h3><figure class=\"wp-block-table\"><table class=\"has-fixed-layout\"><tbody><tr><th>Dans quel but traitons-nous vos donn\u00e9es ?<\/th><\/tr><tr><td>am\u00e9liorer la qualit\u00e9 de nos services gr\u00e2ce aux commentaires fournis par les Utilisateurs via le service d&rsquo;enqu\u00eate de satisfaction<\/td><\/tr><tr><th>Sur quelle base traitons-nous vos donn\u00e9es ?<\/th><\/tr><tr><td>notre int\u00e9r\u00eat l\u00e9gitime \u00e0 traiter vos donn\u00e9es dans le but de mener des enqu\u00eates sur votre satisfaction \u00e0 l&rsquo;\u00e9gard de nos services (Article 6 paragraphe 1(f) du RGPD)<\/td><\/tr><tr><th>Pendant combien de temps traiterons-nous vos donn\u00e9es ?<\/th><\/tr><tr><td>si vous ne fournissez pas de commentaires, pendant une p\u00e9riode de 30 jours \u00e0 compter de votre achat ou jusqu&rsquo;\u00e0 ce que nous prenions en compte votre opposition au traitement ; et si vous fournissez des commentaires &#8211; jusqu&rsquo;\u00e0 leur suppression ou jusqu&rsquo;\u00e0 ce que nous prenions en compte votre opposition au traitement*<\/td><\/tr><tr><td>en outre, vos donn\u00e9es seront trait\u00e9es jusqu&rsquo;\u00e0 l&rsquo;expiration du d\u00e9lai pendant lequel des r\u00e9clamations peuvent \u00eatre formul\u00e9es &#8211; soit par vous, soit par nous<br\/>(voir le dernier tableau de cette partie pour plus d&rsquo;informations)<\/td><\/tr><tr><th>Que se passe-t-il si vous ne fournissez pas les donn\u00e9es ?<\/th><\/tr><tr><td>nous ne tiendrons pas compte de votre opinion sur nos services dans le d\u00e9veloppement ult\u00e9rieur de nos services<\/td><\/tr><\/tbody><\/table><\/figure><p>*selon ce qui est applicable dans un cas particulier<\/p><h3 class=\"wp-block-heading\">3. Cr\u00e9er un compte dans la Boutique<\/h3><figure class=\"wp-block-table\"><table class=\"has-fixed-layout\"><tbody><tr><th>Dans quel but traitons-nous vos donn\u00e9es ?<\/th><\/tr><tr><td>pour ex\u00e9cuter un contrat de fourniture d&rsquo;un compte dans la Boutique<\/td><\/tr><tr><th>Sur quelle base traitons-nous vos donn\u00e9es ?<\/th><\/tr><tr><td>un contrat de fourniture de services (Article 6 paragraphe 1(b) du RGPD)<\/td><\/tr><tr><th>Pendant combien de temps traiterons-nous vos donn\u00e9es ?<\/th><\/tr><tr><td>pour la dur\u00e9e du contrat susmentionn\u00e9<\/td><\/tr><tr><td>en outre, vos donn\u00e9es seront trait\u00e9es jusqu&rsquo;\u00e0 l&rsquo;expiration du d\u00e9lai pendant lequel des r\u00e9clamations peuvent \u00eatre formul\u00e9es &#8211; soit par vous, soit par nous<br\/>(voir le dernier tableau de cette partie pour plus d&rsquo;informations)<\/td><\/tr><tr><th>Que se passe-t-il si vous ne fournissez pas les donn\u00e9es ?<\/th><\/tr><tr><td>Vous ne serez pas en mesure de cr\u00e9er un compte et d&rsquo;utiliser ses fonctionnalit\u00e9s, telles que la consultation de l&rsquo;historique de vos commandes ou la v\u00e9rification de l&rsquo;\u00e9tat de votre commande<\/td><\/tr><\/tbody><\/table><\/figure><h3 class=\"wp-block-heading\">4. Nous contacter (par exemple pour poser une question)<\/h3><figure class=\"wp-block-table\"><table class=\"has-fixed-layout\"><tbody><tr><th>Dans quel but traitons-nous vos donn\u00e9es ?<\/th><\/tr><tr><td>Pour r\u00e9pondre \u00e0 vos demandes ou requ\u00eates<\/td><\/tr><tr><th>Sur quelle base traitons-nous vos donn\u00e9es ?<\/th><\/tr><tr><td>Un contrat ou des actions entreprises \u00e0 votre demande pr\u00e9alablement \u00e0 la conclusion d&rsquo;un contrat (Article 6, paragraphe 1, point b) du RGPD) &#8211; si votre demande ou requ\u00eate concerne un contrat auquel nous sommes ou pourrions \u00eatre partie<\/td><td>Notre int\u00e9r\u00eat l\u00e9gitime \u00e0 traiter vos donn\u00e9es dans le but de communiquer avec vous (Article 6, paragraphe 1, point f) du RGPD) &#8211; si votre demande ou requ\u00eate n&rsquo;est pas li\u00e9e \u00e0 un contrat<\/td><\/tr><tr><th>Pendant combien de temps traiterons-nous vos donn\u00e9es ?<\/th><\/tr><tr><td>Pour la dur\u00e9e du contrat nous liant ou, si aucun contrat n&rsquo;est conclu &#8211; jusqu&rsquo;\u00e0 l&rsquo;expiration du d\u00e9lai de prescription &#8211; voir le dernier tableau de cette partie<\/td><td>Jusqu&rsquo;\u00e0 l&rsquo;expiration du d\u00e9lai de prescription &#8211; voir le dernier tableau de cette partie ou jusqu&rsquo;\u00e0 ce que nous ayons pris en compte votre opposition au traitement*<\/td><\/tr><tr><td>en outre, vos donn\u00e9es seront trait\u00e9es jusqu&rsquo;\u00e0 l&rsquo;expiration du d\u00e9lai pendant lequel des r\u00e9clamations peuvent \u00eatre formul\u00e9es &#8211; soit par vous, soit par nous<br\/>(voir le dernier tableau de cette partie pour plus d&rsquo;informations)<\/td><\/tr><tr><th>Que se passe-t-il si vous ne fournissez pas les donn\u00e9es ?<\/th><\/tr><tr><td>Nous ne serons pas en mesure de r\u00e9pondre \u00e0 votre demande ou requ\u00eate<\/td><\/tr><\/tbody><\/table><\/figure><p>*selon ce qui est applicable dans un cas particulier<br\/><\/p><h3 class=\"wp-block-heading\">5. Param\u00e8tres du navigateur ou autre action similaire permettant des activit\u00e9s analytiques<\/h3><figure class=\"wp-block-table\"><table class=\"has-fixed-layout\"><tbody><tr><th>Dans quel but traitons-nous vos donn\u00e9es ?<\/th><\/tr><tr><td>Pour analyser la mani\u00e8re dont vous utilisez et naviguez dans la Boutique afin d&rsquo;am\u00e9liorer sa fonctionnalit\u00e9<br\/>(en savoir plus dans les parties \u00ab Analyse \u00bb et \u00ab Cookies \u00bb de notre Politique de confidentialit\u00e9)<\/td><\/tr><tr><th>Sur quelle base traitons-nous vos donn\u00e9es ?<\/th><\/tr><tr><td>Notre int\u00e9r\u00eat l\u00e9gitime \u00e0 traiter les donn\u00e9es aux fins susmentionn\u00e9es<br\/>(Article 6, paragraphe 1, point f) du RGPD)<\/td><\/tr><tr><th>Pendant combien de temps traiterons-nous vos donn\u00e9es ?<\/th><\/tr><tr><td>Jusqu&rsquo;\u00e0 ce que les cookies utilis\u00e9s \u00e0 des fins analytiques expirent ou soient supprim\u00e9s par vos soins*<\/td><\/tr><tr><th>Que se passe-t-il si vous ne fournissez pas les donn\u00e9es ?<\/th><\/tr><tr><td>Nous ne tiendrons pas compte de la mani\u00e8re dont vous utilisez et naviguez dans la Boutique lors de son d\u00e9veloppement<\/td><\/tr><\/tbody><\/table><\/figure><p>*selon ce qui est applicable dans un cas particulier<br\/><\/p><h3 class=\"wp-block-heading\">6. Votre consentement \u00e0 recevoir du contenu marketing de notre part (par exemple, des informations sur les offres sp\u00e9ciales)<\/h3><figure class=\"wp-block-table\"><table class=\"has-fixed-layout\"><tbody><tr><th>Dans quel but traitons-nous vos donn\u00e9es ?<\/th><\/tr><tr><td>Pour envoyer des informations marketing, en particulier des offres sp\u00e9ciales<\/td><td>Pour analyser l&rsquo;efficacit\u00e9 des messages que nous envoyons, afin d&rsquo;\u00e9tablir des principes g\u00e9n\u00e9raux pour une messagerie efficace dans notre activit\u00e9 commerciale<br\/>(en savoir plus dans la partie \u00ab Activit\u00e9s analytiques \u00bb de la Politique de confidentialit\u00e9)<\/td><\/tr><tr><th>Sur quelle base traitons-nous vos donn\u00e9es ?<\/th><\/tr><tr><td>Votre consentement \u00e0 nos activit\u00e9s marketing (Article 6, paragraphe 1, point a) du RGPD)<\/td><td>Notre int\u00e9r\u00eat l\u00e9gitime \u00e0 traiter les donn\u00e9es aux fins susmentionn\u00e9es<br\/>(Article 6, paragraphe 1, point f) du RGPD)<\/td><\/tr><tr><th>Pendant combien de temps traiterons-nous vos donn\u00e9es ?<\/th><\/tr><tr><td>Jusqu&rsquo;\u00e0 ce que vous retiriez votre consentement &#8211; rappelez-vous, vous pouvez retirer votre consentement \u00e0 tout moment. Le retrait du consentement n&rsquo;affecte pas la lic\u00e9it\u00e9 du traitement fond\u00e9 sur le consentement effectu\u00e9 avant ce retrait. <\/td><td>Jusqu&rsquo;\u00e0 ce que nous ayons pris en compte votre opposition au traitement<\/td><\/tr><tr><td>en outre, vos donn\u00e9es seront trait\u00e9es jusqu&rsquo;\u00e0 l&rsquo;expiration du d\u00e9lai pendant lequel des r\u00e9clamations peuvent \u00eatre formul\u00e9es &#8211; soit par vous, soit par nous<br\/>(voir le dernier tableau de cette partie pour plus d&rsquo;informations)<\/td><\/tr><tr><th>Que se passe-t-il si vous ne fournissez pas les donn\u00e9es ?<\/th><\/tr><tr><td>Vous ne recevrez pas nos supports marketing, y compris les informations concernant nos offres sp\u00e9ciales<\/td><\/tr><\/tbody><\/table><\/figure><h3 class=\"wp-block-heading\">7. Inscription \u00e0 la newsletter<\/h3><figure class=\"wp-block-table\"><table class=\"has-fixed-layout\"><tbody><tr><th>Dans quel but traitons-nous vos donn\u00e9es ?<\/th><\/tr><tr><td>Pour vous envoyer notre newsletter<\/td><td>Pour analyser l&rsquo;efficacit\u00e9 des messages que nous envoyons, afin d&rsquo;\u00e9tablir des principes g\u00e9n\u00e9raux pour une messagerie efficace dans notre activit\u00e9 commerciale<br\/>(en savoir plus dans la partie \u00ab Activit\u00e9s analytiques \u00bb de la Politique de confidentialit\u00e9)<\/td><\/tr><tr><th>Sur quelle base traitons-nous vos donn\u00e9es ?<\/th><\/tr><tr><td>Un contrat de services pour l&rsquo;envoi d&rsquo;une newsletter (Article 6, paragraphe 1, point b) du RGPD)<\/td><td>Notre int\u00e9r\u00eat l\u00e9gitime \u00e0 traiter les donn\u00e9es aux fins susmentionn\u00e9es<br\/>(Article 6, paragraphe 1, point f) du RGPD)<\/td><\/tr><tr><th>Pendant combien de temps traiterons-nous vos donn\u00e9es ?<\/th><\/tr><tr><td>Jusqu&rsquo;\u00e0 ce que vous vous d\u00e9sabonniez de notre newsletter<\/td><td>Jusqu&rsquo;\u00e0 ce que nous ayons pris en compte votre opposition au traitement<\/td><\/tr><tr><td>en outre, vos donn\u00e9es seront trait\u00e9es jusqu&rsquo;\u00e0 l&rsquo;expiration du d\u00e9lai pendant lequel des r\u00e9clamations peuvent \u00eatre formul\u00e9es &#8211; soit par vous, soit par nous<br\/>(voir le dernier tableau de cette partie pour plus d&rsquo;informations)<\/td><\/tr><tr><th>Que se passe-t-il si vous ne fournissez pas les donn\u00e9es ?<\/th><\/tr><tr><td>Vous ne serez pas en mesure de recevoir des informations concernant la Boutique et nos services<\/td><\/tr><\/tbody><\/table><\/figure><h3 class=\"wp-block-heading\">8. Tout acte ou omission susceptible de donner lieu \u00e0 une r\u00e9clamation relative \u00e0 la Boutique ou \u00e0 nos services<\/h3><figure class=\"wp-block-table\"><table class=\"has-fixed-layout\"><tbody><tr><th>Dans quel but traitons-nous vos donn\u00e9es ?<\/th><\/tr><tr><td>Pour \u00e9tablir, faire valoir ou d\u00e9fendre d&rsquo;\u00e9ventuelles r\u00e9clamations relatives au contrat conclu ou aux services fournis<\/td><\/tr><tr><th>Sur quelle base traitons-nous vos donn\u00e9es ?<\/th><\/tr><tr><td>Notre int\u00e9r\u00eat l\u00e9gitime \u00e0 traiter vos donn\u00e9es personnelles aux fins susmentionn\u00e9es (Article 6, paragraphe 1, point f) du RGPD)<\/td><\/tr><tr><th>Pendant combien de temps traiterons-nous vos donn\u00e9es ?<\/th><\/tr><tr><td>Jusqu&rsquo;\u00e0 l&rsquo;expiration du d\u00e9lai de prescription ou jusqu&rsquo;\u00e0 ce que nous prenions en compte votre opposition au traitement des donn\u00e9es*<\/td><\/tr><tr><th>Que se passe-t-il si vous ne fournissez pas les donn\u00e9es ?<\/th><\/tr><tr><td>Impossibilit\u00e9 d&rsquo;\u00e9tablir, de faire valoir ou de d\u00e9fendre des r\u00e9clamations<\/td><\/tr><\/tbody><\/table><\/figure><p>*selon ce qui est applicable dans un cas particulier<br\/><\/p><h2 class=\"wp-block-heading\">PUBLICATION DES DONN\u00c9ES<\/h2><p>Si vous choisissez de laisser un commentaire, il sera visible, ainsi que votre pseudonyme, pour les autres utilisateurs de la Boutique.<\/p><p>Nous ne divulguons pas votre adresse e-mail aux autres utilisateurs &#8211; \u00e0 moins que vous ne le fassiez vous-m\u00eame.<\/p><h2 class=\"wp-block-heading\">ACTIVIT\u00c9S ANALYTIQUES<\/h2><p>Dans le cadre du site web de la Boutique, nous effectuons des activit\u00e9s analytiques pour le rendre plus intuitif et accessible &#8211; nous le ferons si vous autorisez de telles activit\u00e9s. Dans le cadre de l&rsquo;analyse, nous prendrons en compte la mani\u00e8re dont vous naviguez dans la Boutique, par exemple, combien de temps vous passez sur une sous-page particuli\u00e8re, ou \u00e0 quel endroit de la Boutique vous cliquez. Cela nous permet d&rsquo;optimiser la mise en page, l&rsquo;apparence et le contenu de la Boutique lors de son d\u00e9veloppement, afin d&rsquo;am\u00e9liorer sa fonctionnalit\u00e9.  <\/p><p>En outre, si vous souhaitez recevoir des messages marketing ou une newsletter de notre part, nous pouvons analyser l&rsquo;efficacit\u00e9 des envois que nous avons effectu\u00e9s. Par exemple, nous pouvons v\u00e9rifier si et comment cela a affect\u00e9 l&rsquo;activit\u00e9 dans notre Boutique. De telles activit\u00e9s nous aideront \u00e0 \u00e9tablir des r\u00e8gles g\u00e9n\u00e9rales pour l&rsquo;envoi de tels messages &#8211; par exemple, en termes d&rsquo;heures d&rsquo;envoi optimales ou de d\u00e9termination de la mani\u00e8re de formuler un contenu efficace.  <\/p><h2 class=\"wp-block-heading\">S\u00c9CURIT\u00c9 DES DONN\u00c9ES<\/h2><p>Lors du traitement de vos donn\u00e9es personnelles, nous utilisons des moyens organisationnels et techniques conformes \u00e0 la l\u00e9gislation en vigueur, notamment le chiffrement de la connexion \u00e0 l&rsquo;aide du protocole SSL\/TLS.<\/p><h2 class=\"wp-block-heading\">COOKIES<\/h2><p>Notre Boutique, comme la plupart des sites web, utilise ce que l&rsquo;on appelle des cookies. Ces cookies : <\/p><ul class=\"wp-block-list\"><li>sont enregistr\u00e9s dans la m\u00e9moire de votre appareil (ordinateur, t\u00e9l\u00e9phone, etc.) ;<\/li>\n\n<li>ne modifient pas les param\u00e8tres de votre appareil.<\/li><\/ul><p>Dans notre Boutique, les cookies sont utilis\u00e9s \u00e0 des fins :<\/p><ul class=\"wp-block-list\"><li>statistiques,<\/li>\n\n<li>marketing,<\/li><\/ul><p>Pour savoir comment g\u00e9rer les cookies, y compris comment les d\u00e9sactiver dans votre navigateur, vous pouvez consulter le fichier d&rsquo;aide de votre navigateur. Vous pouvez en savoir plus \u00e0 ce sujet en appuyant sur F1 dans votre navigateur. De plus, des conseils appropri\u00e9s peuvent \u00eatre trouv\u00e9s sur les pages suivantes, en fonction du navigateur que vous utilisez :  <\/p><ul class=\"wp-block-list\"><li><a href=\"https:\/\/support.google.com\/chrome\/answer\/95647?hl=en\" target=\"_blank\" rel=\"noreferrer noopener\">Google Chrome<\/a><\/li>\n\n<li><a href=\"https:\/\/help.opera.com\/en\/latest\/web-preferences\/#cookies\" target=\"_blank\" rel=\"noreferrer noopener\">Opera<\/a><\/li>\n\n<li><a href=\"https:\/\/support.apple.com\/en-gb\/guide\/safari\/sfri11471\/mac\" target=\"_blank\" rel=\"noreferrer noopener\">Safari<\/a><\/li>\n\n<li><a href=\"https:\/\/support.mozilla.org\/en-US\/kb\/cookies-information-websites-store-on-your-computer\" target=\"_blank\" rel=\"noreferrer noopener\">Mozilla Firefox<\/a><\/li>\n\n<li><a href=\"https:\/\/support.microsoft.com\/en-gb\/help\/4468242\/microsoft-edge-browsing-data-and-privacy\" target=\"_blank\" rel=\"noreferrer noopener\">Microsoft Edge<\/a><\/li><\/ul><p>Vous trouverez ci-dessous des informations sur les fonctions des cookies que nous traitons et leur p\u00e9riode de validit\u00e9.<\/p><figure class=\"wp-block-table\"><table class=\"has-fixed-layout\"><tbody><tr><th>Nom du cookie<\/th><th>P\u00e9riode de validit\u00e9 du cookie<\/th><th>Fonction du cookie<\/th><\/tr><tr><td>\u00ab _ga \u00bb<\/td><td>dur\u00e9e de la session<\/td><td>suivi de l&rsquo;activit\u00e9 de l&rsquo;utilisateur \u00e0 des fins statistiques<\/td><\/tr><\/tbody><\/table><\/figure><p>En utilisant les options appropri\u00e9es de votre navigateur, vous pouvez \u00e0 tout moment :<\/p><ul class=\"wp-block-list\"><li>supprimer les cookies,<\/li>\n\n<li>bloquer l&rsquo;utilisation des cookies \u00e0 l&rsquo;avenir.<\/li><\/ul><p>Dans de tels cas, nous ne les traiterons plus.<\/p><h2 class=\"wp-block-heading\">SERVICES EXTERNES \/ DESTINATAIRES DES DONN\u00c9ES<\/h2><p>Nous utilisons des services externes pour nous aider dans notre activit\u00e9. Nous leur confions le traitement de vos donn\u00e9es &#8211; ces sous-traitants ne traitent les donn\u00e9es que sur notre demande document\u00e9e. <\/p><p>Vous trouverez ci-dessous une liste des destinataires de vos donn\u00e9es :<\/p><figure class=\"wp-block-table\"><table class=\"has-fixed-layout\"><tbody><tr><th>ACTION<\/th><th>DESTINATAIRES DES DONN\u00c9ES<\/th><th>TRANSFERTS DE DONN\u00c9ES PERSONNELLES VERS DES PAYS HORS DE L&rsquo;UNION EUROP\u00c9ENNE<\/th><\/tr><tr><th rowspan=\"4\">toute action li\u00e9e \u00e0 la Boutique<\/th><td>fournisseur d&rsquo;h\u00e9bergement<\/td><td>n&rsquo;a pas lieu<\/td><\/tr><tr><td>entit\u00e9 nous fournissant un support technique\/informatique<\/td><td>n&rsquo;a pas lieu<\/td><\/tr><tr><td>personnes coop\u00e9rant avec nous sur la base de contrats de droit civil, soutenant nos activit\u00e9s courantes<\/td><td>n&rsquo;a pas lieu<\/td><\/tr><tr><td>fournisseur de logiciel de vente<\/td><td>n&rsquo;a pas lieu<\/td><\/tr><tr><th>visite de la Boutique avec des param\u00e8tres permettant la r\u00e9alisation d&rsquo;activit\u00e9s marketing<\/th><td>fournisseur de services marketing<\/td><td>n&rsquo;a pas lieu<\/td><\/tr><tr><th>visite de la Boutique avec des param\u00e8tres permettant la r\u00e9alisation d&rsquo;activit\u00e9s analytiques<\/th><td>entit\u00e9 permettant des activit\u00e9s analytiques dans la Boutique<\/td><td>n&rsquo;a pas lieu<\/td><\/tr><tr><th rowspan=\"7\">passation d&rsquo;une commande dans la Boutique<\/th><td>processeur de paiement<\/td><td>n&rsquo;a pas lieu<\/td><\/tr><tr><td>entit\u00e9 vous fournissant le produit<\/td><td>n&rsquo;a pas lieu<\/td><\/tr><tr><td>fournisseur du logiciel de facilitation des affaires (par exemple, logiciel de comptabilit\u00e9)<\/td><td>n&rsquo;a pas lieu<\/td><\/tr><tr><td>fournisseur du logiciel bureautique standard (y compris les bo\u00eetes de messagerie \u00e9lectronique)<\/td><td>n&rsquo;a pas lieu<\/td><\/tr><tr><td>le grossiste<\/td><td>n&rsquo;a pas lieu<\/td><\/tr><tr><td>cabinet comptable<\/td><td>n&rsquo;a pas lieu<\/td><\/tr><tr><td>fournisseur de services de paiement \u00e9chelonn\u00e9<\/td><td>n&rsquo;a pas lieu<\/td><\/tr><tr><th>abonnement \u00e0 la newsletter ou consentement au marketing<\/th><td>entit\u00e9 fournissant des services de newsletter ou de messagerie marketing<\/td><td>n&rsquo;a pas lieu<\/td><\/tr><tr><th>utilisation du chat en ligne disponible dans la Boutique<\/th><td>fournisseur du chat en ligne disponible dans la Boutique<\/td><td>n&rsquo;a pas lieu<\/td><\/tr><tr><th>votre utilisation des services qui nous sont fournis en lien avec la Boutique via les plateformes de m\u00e9dias sociaux<\/th><td>plateformes de m\u00e9dias sociaux<\/td><td>n&rsquo;a pas lieu<\/td><\/tr><tr><th>participation \u00e0 une enqu\u00eate de satisfaction sur nos services ou produits<\/th><td>entit\u00e9s permettant la publication d&rsquo;avis sur la Boutique ou les produits et leur comparaison<\/td><td>n&rsquo;a pas lieu<\/td><\/tr><tr><th>nous contacter (par exemple pour poser une question)<\/th><td>fournisseur du logiciel bureautique standard (y compris les bo\u00eetes de messagerie \u00e9lectronique)<\/td><td>n&rsquo;a pas lieu<\/td><\/tr><\/tbody><\/table><\/figure><p>En outre :<\/p><p>autorit\u00e9s publiques comp\u00e9tentes dans la mesure o\u00f9 nous sommes tenus de leur fournir les donn\u00e9es.<\/p>","protected":false},"excerpt":{"rendered":"<p>Cher utilisateur ! Nous accordons une grande importance \u00e0 votre vie priv\u00e9e et souhaitons que vous vous sentiez \u00e0 l&rsquo;aise lors de l&rsquo;utilisation de nos services. Par cons\u00e9quent, nous vous pr\u00e9sentons ci-dessous les informations les plus importantes concernant la politique de traitement de vos donn\u00e9es personnelles et l&rsquo;utilisation des cookies par notre Boutique. Ces informations [&hellip;]<\/p>\n","protected":false},"author":2,"featured_media":0,"parent":0,"menu_order":0,"comment_status":"closed","ping_status":"closed","template":"","meta":{"footnotes":""},"class_list":["post-12659","page","type-page","status-publish","hentry","no-thumb"],"_links":{"self":[{"href":"https:\/\/paradox24.com\/fr\/wp-json\/wp\/v2\/pages\/12659","targetHints":{"allow":["GET"]}}],"collection":[{"href":"https:\/\/paradox24.com\/fr\/wp-json\/wp\/v2\/pages"}],"about":[{"href":"https:\/\/paradox24.com\/fr\/wp-json\/wp\/v2\/types\/page"}],"author":[{"embeddable":true,"href":"https:\/\/paradox24.com\/fr\/wp-json\/wp\/v2\/users\/2"}],"replies":[{"embeddable":true,"href":"https:\/\/paradox24.com\/fr\/wp-json\/wp\/v2\/comments?post=12659"}],"version-history":[{"count":0,"href":"https:\/\/paradox24.com\/fr\/wp-json\/wp\/v2\/pages\/12659\/revisions"}],"wp:attachment":[{"href":"https:\/\/paradox24.com\/fr\/wp-json\/wp\/v2\/media?parent=12659"}],"curies":[{"name":"wp","href":"https:\/\/api.w.org\/{rel}","templated":true}]}}