{"id":10769,"date":"2025-01-10T23:31:41","date_gmt":"2025-01-10T22:31:41","guid":{"rendered":"https:\/\/paradox24.com\/collection-ultimate\/"},"modified":"2026-02-23T23:41:01","modified_gmt":"2026-02-23T22:41:01","slug":"collection-ultimate","status":"publish","type":"page","link":"https:\/\/paradox24.com\/fr\/collection-ultimate\/","title":{"rendered":"Collection Ultimate"},"content":{"rendered":"<div class=\"wpb-content-wrapper\"><p>[vc_row full_width=\u00a0\u00bbstretch_row_content_no_spaces\u00a0\u00bb][vc_column][vc_raw_html css=\u00a0\u00bb\u00a0\u00bb]ICAgIDxkaXYgY2xhc3M9Im1haW4tbGFuZGluZyI+CiAgICAgICAgPGRpdiBjbGFzcz0ibWFpbi1sYW5kaW5nX19jb250ZW50Ij4KICAgICAgICAgICAgPGgyPkxlIGNob2l4PC9oMj4KICAgICAgICAgICAgPHA+ZGVzIHByb2Zlc3Npb25uZWxzPC9wPgogICAgICAgICAgICA8aW1nIHNyYz0iL3dwLWNvbnRlbnQvdXBsb2Fkcy8yMDI0LzEyL3VsdGltYXRlLnN2ZyI+CiAgICAgICAgPC9kaXY+CiAgICAgICAgPGltZyBjbGFzcz0ibWFpbi1sYW5kaW5nX19iYWNrZ3JvdW5kIiBzcmM9Ii93cC1jb250ZW50L3VwbG9hZHMvMjAyNS8wMS91bHRpbWF0ZS1jb2xsZWN0aW9uLnBuZyI+CiAgICAgICAgPGltZyBjbGFzcz0ibWFpbi1sYW5kaW5nX19iYWNrZ3JvdW5kIG1haW4tbGFuZGluZ19fYmFja2dyb3VuZC0tbW9iaWxlIiBzcmM9Ii93cC1jb250ZW50L3VwbG9hZHMvMjAyNS8wMS91bHRpbWF0ZS1jb2xsZWN0aW9uLW1vYmlsZS5wbmciPgogICAgPC9kaXY+Cg==[\/vc_raw_html][\/vc_column][\/vc_row][vc_row full_width=\u00a0\u00bbstretch_row_content_no_spaces\u00a0\u00bb el_class=\u00a0\u00bbcollection-container collection-container&#8211;black\u00a0\u00bb][vc_column][vc_raw_html css=\u00a0\u00bb\u00a0\u00bb]PGRpdiBjbGFzcz0iY29sbGVjdGlvbi1zbG9nYW4iPgogICA8aDE+Q29sbGVjdGlvbiBQYXJhZG94IFVsdGltYXRlPC9oMT4KICAgPHA+RGVzIHNpw6hnZXMgcG91ciBtYXhpbWlzZXIgdm90cmUgcG90ZW50aWVsIGF1IHRyYXZhaWwgY29tbWUgZGFucyBsZSBqZXUuPC9wPgogICA8cD5EZXNpZ24gbWluaW1hbGlzdGUgZXQgaW50ZW1wb3JlbDwvcD4KICAgPHAgY2xhc3M9ImNvbGxlY3Rpb24tc2xvZ2FuLS1zbWFsbCI+w4lsw6lnYW50IGV0IGRpc2NyZXQsIHMnaW50w6hncmUgcGFyZmFpdGVtZW50IGRhbnMgdG91dCBlbnZpcm9ubmVtZW50IHByb2Zlc3Npb25uZWwgb3UgZ2FtaW5nIGhhdXQgZGUgZ2FtbWUuPC9wPgo8L2Rpdj4=[\/vc_raw_html][vc_raw_html css=\u00a0\u00bb\u00a0\u00bb]CiAgICA8ZGl2IGNsYXNzPSJjb2xsZWN0aW9uLWluZm8iPgogICAgICAgIAogICAgICAgIDxkaXYgY2xhc3M9ImNvbGxlY3Rpb24taW5mb19fY29udGVudCBjb2xsZWN0aW9uLWluZm9fX2xvZ28iPgogICAgICAgICAgICA8aW1nIHNyYz0iL3dwLWNvbnRlbnQvdXBsb2Fkcy8yMDI1LzAxL3VsdGltYXRlLWx1bmFyLXRyYWNlLnN2ZyI+CiAgICAgICAgPC9kaXY+CiAgICAgICAgCiAgICAgICAgPGltZyBjbGFzcz0iY29sbGVjdGlvbi1pbmZvX19pbWFnZSBjb2xsZWN0aW9uLWluZm9fX2ltYWdlLS1tb2JpbGUiIHNyYz0iL3dwLWNvbnRlbnQvdXBsb2Fkcy8yMDI1LzAxL3VsdGltYXRlLWVzc2VudGlhbC1tb2JpbGUucG5nIj4KICAgIAogICAgICAgIDxkaXYgY2xhc3M9ImNvbGxlY3Rpb24taW5mb19fY29udGVudCI+CiAgICAgICAgICAgIDxoMj5MJ2Vzc2VudGllbCBkdSBwcm9mZXNzaW9ubmVsPC9oMj4KICAgICAgICAgICAgPHA+T8O5IGxlIGRlc2lnbiBtaW5pbWFsaXN0ZSByZW5jb250cmUgbCdhcnRpc2FuYXQgc2FucyBjb21wcm9taXMuIExhIHPDqXJpZSBVbHRpbWF0ZSBpbmNhcm5lIGxhIGNvbmZpYW5jZSB0cmFucXVpbGxlIGRlIGNldXggcXVpIGV4Y2VsbGVudCBwYXIgbGUgbGVhZGVyc2hpcC4gPC9wPgogICAgICAgICAgICAgW3Byb2R1Y3RfdXJsIGlkPSIzOTEzIiBuYW1lPSJFbiBzYXZvaXIgcGx1cyIgY2xhc3M9ImNvbGxlY3Rpb24taW5mb19fYWN0aW9uIiAvXQogICAgICAgIDwvZGl2PgoKICAgICAgIAogICAgICAgIDxpbWcgY2xhc3M9ImNvbGxlY3Rpb24taW5mb19faW1hZ2UiIHNyYz0iL3dwLWNvbnRlbnQvdXBsb2Fkcy8yMDI1LzAxL3VsdGltYXRlLWVzc2VudGlhbC5wbmciPgogICAgPC9kaXY+CiAgICA=[\/vc_raw_html][vc_raw_html css=\u00a0\u00bb\u00a0\u00bb]ICAgICAgICA8ZGl2IGNsYXNzPSJjb2xsZWN0aW9uLXRocmVlIj4KICAgICAgICAgICAgPGRpdiBjbGFzcz0iY29sbGVjdGlvbi10aHJlZV9faXRlbSI+CiAgICAgICAgICAgICAgICBbcHJvZHVjdF91cmwgaWQ9IjM5MTMiXQogICAgICAgICAgICAgICAgPGltZyBjbGFzcz0iY29sbGVjdGlvbi10aHJlZV9faW1hZ2UiIHNyYz0iL3dwLWNvbnRlbnQvdXBsb2Fkcy8yMDI1LzAxL3VsdGltYXRlLWNvbGxlY3Rpb24tY2hhaXItZ3JleS5wbmciPgogICAgICAgICAgICAgICAgWy9wcm9kdWN0X3VybF0KICAgICAgICAgICAgICAgIFtwcm9kdWN0X3VybCBpZD0iMzkxMyJdCiAgICAgICAgICAgICAgICA8aW1nIGNsYXNzPSJjb2xsZWN0aW9uLXRocmVlX19pbWFnZSBjb2xsZWN0aW9uLXRocmVlX19pbWFnZS0tbW9iaWxlIiBzcmM9Ii93cC1jb250ZW50L3VwbG9hZHMvMjAyNS8wMS91bHRpbWF0ZS1jb2xsZWN0aW9uLWNoYWlyLWdyZXktbW9iaWxlLnBuZyI+CiAgICAgICAgICAgICAgICBbL3Byb2R1Y3RfdXJsXQogICAgICAgICAgICAgICAgPGRpdiBjbGFzcz0iY29sbGVjdGlvbi10aHJlZV9fYWN0aW9uIj4KICAgICAgICAgICAgICAgICAgICA8aDQ+W3Byb2R1Y3RfdXJsIGlkPSIzOTEzIiBuYW1lPSJVTFRJTUFURSBMdW5hciBUcmFjZSIgL108L2g0PgogICAgICAgICAgICAgICAgICAgIFtwcm9kdWN0X3ByaWNlIGlkPSIzOTEzIiAvXQogICAgICAgICAgICAgICAgPC9kaXY+CiAgICAgICAgICAgIDwvZGl2PgoKICAgICAgICAgICAgPGRpdiBjbGFzcz0iY29sbGVjdGlvbi10aHJlZV9faXRlbSI+CiAgICAgICAgICAgICAgICA8aW1nIGNsYXNzPSJjb2xsZWN0aW9uLXRocmVlX19pbWFnZSIgc3JjPSIvd3AtY29udGVudC91cGxvYWRzLzIwMjUvMDEvdWx0aW1hdGUtY29sbGVjdGlvbi1ncmV5LWNoYWlyLTEucG5nIj4KICAgICAgICAgICAgICAgIDxpbWcgY2xhc3M9ImNvbGxlY3Rpb24tdGhyZWVfX2ltYWdlIGNvbGxlY3Rpb24tdGhyZWVfX2ltYWdlLS1tb2JpbGUiIHNyYz0iL3dwLWNvbnRlbnQvdXBsb2Fkcy8yMDI1LzAxL3VsdGltYXRlLWNvbGxlY3Rpb24tZ3JleS1jaGFpci0xLW1vYmlsZS5wbmciPgogICAgICAgICAgICA8L2Rpdj4KCiAgICAgICAgICAgIDxkaXYgY2xhc3M9ImNvbGxlY3Rpb24tdGhyZWVfX2l0ZW0gY29sbGVjdGlvbi10aHJlZV9faXRlbS0tbGFyZ2UiPgogICAgICAgICAgICAgICAgPGltZyBjbGFzcz0iY29sbGVjdGlvbi10aHJlZV9faW1hZ2UiIHNyYz0iL3dwLWNvbnRlbnQvdXBsb2Fkcy8yMDI1LzAxL3VsdGltYXRlLWNvbGxlY3Rpb24tZXNzZW50aWFsLXRocmVlLnBuZyI+CiAgICAgICAgICAgICAgICA8aW1nIGNsYXNzPSJjb2xsZWN0aW9uLXRocmVlX19pbWFnZSBjb2xsZWN0aW9uLXRocmVlX19pbWFnZS0tbW9iaWxlIiBzcmM9Ii93cC1jb250ZW50L3VwbG9hZHMvMjAyNS8wMS91bHRpbWF0ZS1jb2xsZWN0aW9uLXNpdHRpbmctMi5wbmciPgogICAgICAgICAgICA8L2Rpdj4KICAgICAgICA8L2Rpdj4=[\/vc_raw_html][vc_raw_html css=\u00a0\u00bb\u00a0\u00bb]CiAgICA8ZGl2IGNsYXNzPSJjb2xsZWN0aW9uLWluZm8gY29sbGVjdGlvbi1pbmZvLS1yZXZlcnNlIj4KICAgICAgICAKICAgICAgICA8ZGl2IGNsYXNzPSJjb2xsZWN0aW9uLWluZm9fX2NvbnRlbnQgY29sbGVjdGlvbi1pbmZvX19sb2dvIj4KICAgICAgICAgICAgPGltZyBzcmM9Ii93cC1jb250ZW50L3VwbG9hZHMvMjAyNS8wMS91bHRpbWF0ZS1kYXJrLWxhdmEuc3ZnIj4KICAgICAgICA8L2Rpdj4KICAgICAgICAKICAgICAgICA8aW1nIGNsYXNzPSJjb2xsZWN0aW9uLWluZm9fX2ltYWdlIGNvbGxlY3Rpb24taW5mb19faW1hZ2UtLW1vYmlsZSIgc3JjPSIvd3AtY29udGVudC91cGxvYWRzLzIwMjUvMDEvdWx0aW1hdGUtY29sbGVjdGlvbi1ib3hpbmctbW9iaWxlLnBuZyI+CiAgICAKICAgICAgICA8ZGl2IGNsYXNzPSJjb2xsZWN0aW9uLWluZm9fX2NvbnRlbnQiPgogICAgICAgICAgICA8aDI+Q29uw6d1IHBvdXIgbCdleGNlbGxlbmNlPC9oMj4KICAgICAgICAgICAgPHA+Q3VpciDDqWNvbG9naXF1ZSBOZXh0LUdlbiBwcmVtaXVtIG91IENvcmR1cmEgYXZlYyBhY2NlbnRzIEFsY2FudGFyYS4gTcOpY2FuaXNtZSBUaXRhblBybyBiZXN0LWluLWNsYXNzLiBQYXJjZSBxdWUgbGEgdnJhaWUgbWHDrnRyaXNlIHZpdCBkYW5zIGwnYWxsaWFuY2UgaGFybW9uaWV1c2UgZHUgbHV4ZSBldCBkZSBsYSBsb25nw6l2aXTDqS4gIDwvcD4KW3Byb2R1Y3RfdXJsIGlkPSIzOTE0IiBuYW1lPSJFbiBzYXZvaXIgcGx1cyIgY2xhc3M9ImNvbGxlY3Rpb24taW5mb19fYWN0aW9uIiAvXQogICAgICAgIDwvZGl2PgoKICAgICAgIAogICAgICAgIDxpbWcgY2xhc3M9ImNvbGxlY3Rpb24taW5mb19faW1hZ2UiIHNyYz0iL3dwLWNvbnRlbnQvdXBsb2Fkcy8yMDI1LzAxL3VsdGltYXRlLWNvbGxlY3Rpb24tYm94aW5nLTEucG5nIj4KICAgIDwvZGl2PgogICAg[\/vc_raw_html][vc_raw_html css=\u00a0\u00bb\u00a0\u00bb]CiAgICA8ZGl2IGNsYXNzPSJjb2xsZWN0aW9uLWluZm8iPgogICAgICAgIAogICAgICAgIDxpbWcgY2xhc3M9ImNvbGxlY3Rpb24taW5mb19faW1hZ2UgY29sbGVjdGlvbi1pbmZvX19pbWFnZS0tbW9iaWxlIiBzcmM9Ii93cC1jb250ZW50L3VwbG9hZHMvMjAyNS8wMS91bHRpbWF0ZS1jb2xsZWN0aW9uLXB1cmUtZm9ybS1tb2JpbGUucG5nIj4KICAgIAogICAgICAgIDxkaXYgY2xhc3M9ImNvbGxlY3Rpb24taW5mb19fY29udGVudCI+CiAgICAgICAgICAgIDxoMj5QZXJmb3JtYW5jZSDDoCBsJ8OpdGF0IHB1cjwvaDI+CiAgICAgICAgICAgIDxwPkNvbsOndSBwb3VyIGwnZXhjZWxsZW5jZSBldCBkb3TDqSBkZSBub3RyZSBzeXN0w6htZSBMdW1iYXJQcm8gMkQgbGUgcGx1cyBhdmFuY8OpIGV0IGQnYWNjb3Vkb2lycyBGbGV4TW90aW9uIDRELCBhc3NvY2nDqSDDoCB1biBtw6ljYW5pc21lIGQnaW5jbGluYWlzb24gc3luY2hyb25pc8OpIHF1aSBzZSB2ZXJyb3VpbGxlIGRhbnMgcXVhdHJlIHBvc2l0aW9ucyBqdXNxdSfDoCAxMzUgZGVncsOpcy4gUGFyY2UgcXVlIGxlcyBwcm9mZXNzaW9ubmVscyBuZSBmb250IHBhcyBxdWUgZmFpcmUgLSBpbHMgZXhjZWxsZW50LiA8L3A+CiAgICAgICAgPC9kaXY+CgogICAgICAgCiAgICAgICAgPGltZyBjbGFzcz0iY29sbGVjdGlvbi1pbmZvX19pbWFnZSIgc3JjPSIvd3AtY29udGVudC91cGxvYWRzLzIwMjUvMDEvdWx0aW1hdGUtY29sbGVjdGlvbi1wdXJlLWZvcm0ucG5nIj4KICAgIDwvZGl2PgogICAg[\/vc_raw_html][vc_raw_html css=\u00a0\u00bb\u00a0\u00bb]ICAgICAgICA8ZGl2IGNsYXNzPSJjb2xsZWN0aW9uLXRocmVlIj4KICAgICAgICAgICAgPGRpdiBjbGFzcz0iY29sbGVjdGlvbi10aHJlZV9faXRlbSBjb2xsZWN0aW9uLXRocmVlX19pdGVtLS1sYXJnZSI+CiAgICAgICAgICAgICAgICA8aW1nIGNsYXNzPSJjb2xsZWN0aW9uLXRocmVlX19pbWFnZSIgc3JjPSIvd3AtY29udGVudC91cGxvYWRzLzIwMjUvMDEvdGhyZWUtcGVyZm9ybWFuY2UtMS5wbmciPgogICAgICAgICAgICAgICAgPGltZyBjbGFzcz0iY29sbGVjdGlvbi10aHJlZV9faW1hZ2UgY29sbGVjdGlvbi10aHJlZV9faW1hZ2UtLW1vYmlsZSIgc3JjPSIvd3AtY29udGVudC91cGxvYWRzLzIwMjUvMDEvdGhyZWUtcGVyZm9ybWFuY2UtMS1tb2JpbGUucG5nIj4KICAgICAgICAgICAgPC9kaXY+CgogICAgICAgICAgICA8ZGl2IGNsYXNzPSJjb2xsZWN0aW9uLXRocmVlX19pdGVtIj4KICAgICAgICAgICAgICAgIDxpbWcgY2xhc3M9ImNvbGxlY3Rpb24tdGhyZWVfX2ltYWdlIiBzcmM9Ii93cC1jb250ZW50L3VwbG9hZHMvMjAyNS8wMS90aHJlZS1wZXJmb3JtYW5jZS0yLnBuZyI+CiAgICAgICAgICAgICAgICA8aW1nIGNsYXNzPSJjb2xsZWN0aW9uLXRocmVlX19pbWFnZSBjb2xsZWN0aW9uLXRocmVlX19pbWFnZS0tbW9iaWxlIiBzcmM9Ii93cC1jb250ZW50L3VwbG9hZHMvMjAyNS8wMS90aHJlZS1wZXJmb3JtYW5jZS0yLW1vYmlsZS5wbmciPgogICAgICAgICAgICA8L2Rpdj4KCiAgICAgICAgICAgIDxkaXYgY2xhc3M9ImNvbGxlY3Rpb24tdGhyZWVfX2l0ZW0iPgogICAgICAgICAgICAgICAgW3Byb2R1Y3RfdXJsIGlkPSIzOTE0Il0KICAgICAgICAgICAgICAgIDxpbWcgY2xhc3M9ImNvbGxlY3Rpb24tdGhyZWVfX2ltYWdlIiBzcmM9Ii93cC1jb250ZW50L3VwbG9hZHMvMjAyNS8wMS90aHJlZS1wZXJmb3JtYW5jZS0zLnBuZyI+CiAgICAgICAgICAgICAgICBbL3Byb2R1Y3RfdXJsXQogICAgICAgICAgICAgICAgW3Byb2R1Y3RfdXJsIGlkPSIzOTE0Il0KICAgICAgICAgICAgICAgIDxpbWcgY2xhc3M9ImNvbGxlY3Rpb24tdGhyZWVfX2ltYWdlIGNvbGxlY3Rpb24tdGhyZWVfX2ltYWdlLS1tb2JpbGUiIHNyYz0iL3dwLWNvbnRlbnQvdXBsb2Fkcy8yMDI1LzAxL3RocmVlLXBlcmZvcm1hbmNlLTMtbW9iaWxlLnBuZyI+CiAgICAgICAgICAgICAgICBbL3Byb2R1Y3RfdXJsXQogICAgICAgICAgICAgICAgPGRpdiBjbGFzcz0iY29sbGVjdGlvbi10aHJlZV9fYWN0aW9uIj4KICAgICAgICAgICAgICAgICAgICA8aDQ+W3Byb2R1Y3RfdXJsIGlkPSIzOTE0IiBuYW1lPSJVTFRJTUFURSBEYXJrIExhdmEiIC9dPC9oND4KICAgICAgICAgICAgICAgICAgICBbcHJvZHVjdF9wcmljZSBpZD0iMzkxNCIgL10KICAgICAgICAgICAgICAgIDwvZGl2PgogICAgICAgICAgICA8L2Rpdj4KICAgICAgICA8L2Rpdj4=[\/vc_raw_html][vc_raw_html css=\u00a0\u00bb\u00a0\u00bb]CiAgICA8ZGl2IGNsYXNzPSJjb2xsZWN0aW9uLWluZm8iPgogICAgICAgIAogICAgPGRpdiBjbGFzcz0iY29sbGVjdGlvbi1pbmZvX19jb250ZW50IGNvbGxlY3Rpb24taW5mb19fbG9nbyI+CiAgICAgICAgICAgIDxpbWcgc3JjPSIvd3AtY29udGVudC91cGxvYWRzLzIwMjUvMDEvdWx0aW1hdGUtc3BhY2UtZm9yY2Uuc3ZnIj4KICAgICAgICA8L2Rpdj4KICAgICAgICAKICAgICAgICA8aW1nIGNsYXNzPSJjb2xsZWN0aW9uLWluZm9fX2ltYWdlIGNvbGxlY3Rpb24taW5mb19faW1hZ2UtLW1vYmlsZSIgc3JjPSIvd3AtY29udGVudC91cGxvYWRzLzIwMjUvMDEvdWx0aW1hdGUtY29sbGVjdGlvbi1yZWQtY2hhaXItNi5wbmciPgogICAgCiAgICAgICAgPGRpdiBjbGFzcz0iY29sbGVjdGlvbi1pbmZvX19jb250ZW50Ij4KICAgICAgICAgICAgPGgyPsOJbGV2ZXogdm9zIHBlcmZvcm1hbmNlczwvaDI+CiAgICAgICAgICAgIDxwPkFkYXB0YWJpbGl0w6kgcmFmZmluw6llLiBMZXMgYWNjb3Vkb2lycyA0RCBldCBsZSBtw6ljYW5pc21lIGQnaW5jbGluYWlzb24gbXVsdGktcG9zaXRpb25zIHNlIGTDqXBsYWNlbnQgZW4gaGFybW9uaWUgYXZlYyB2b3RyZSByeXRobWUuIFZvdHJlIHNpw6hnZSBkb2l0IHRyYXZhaWxsZXIgYXVzc2kgaW50ZWxsaWdlbW1lbnQgcXVlIHZvdXMuICA8L3A+Cltwcm9kdWN0X3VybCBpZD0iMzkxNSIgbmFtZT0iRW4gc2F2b2lyIHBsdXMiIGNsYXNzPSJjb2xsZWN0aW9uLWluZm9fX2FjdGlvbiIgL10KICAgICAgICA8L2Rpdj4KCiAgICAgICAKICAgICAgICA8aW1nIGNsYXNzPSJjb2xsZWN0aW9uLWluZm9fX2ltYWdlIiBzcmM9Ii93cC1jb250ZW50L3VwbG9hZHMvMjAyNS8wMS91bHRpbWF0ZS1jb2xsZWN0aW9uLXBlcmZvcm1hbmNlLnBuZyI+CiAgICA8L2Rpdj4KICAgIA==[\/vc_raw_html][vc_raw_html css=\u00a0\u00bb\u00a0\u00bb]ICAgICAgICA8ZGl2IGNsYXNzPSJjb2xsZWN0aW9uLXRocmVlIj4KICAgICAgICAgICAgPGRpdiBjbGFzcz0iY29sbGVjdGlvbi10aHJlZV9faXRlbSI+CiAgICAgICAgICAgICAgICBbcHJvZHVjdF91cmwgaWQ9IjM5MTUiXQogICAgICAgICAgICAgICAgPGltZyBjbGFzcz0iY29sbGVjdGlvbi10aHJlZV9faW1hZ2UiIHNyYz0iL3dwLWNvbnRlbnQvdXBsb2Fkcy8yMDI1LzAxL3VsdGltYXRlLWNvbGxlY3Rpb24tcmVkLWNoYWlyLTMucG5nIj4KICAgICAgICAgICAgICAgIFsvcHJvZHVjdF91cmxdCiAgICAgICAgICAgICAgICBbcHJvZHVjdF91cmwgaWQ9IjM5MTUiXQogICAgICAgICAgICAgICAgPGltZyBjbGFzcz0iY29sbGVjdGlvbi10aHJlZV9faW1hZ2UgY29sbGVjdGlvbi10aHJlZV9faW1hZ2UtLW1vYmlsZSIgc3JjPSIvd3AtY29udGVudC91cGxvYWRzLzIwMjUvMDEvdWx0aW1hdGUtY29sbGVjdGlvbi1yZWQtY2hhaXItbW9iaWxlLnBuZyI+CiAgICAgICAgICAgICAgICBbL3Byb2R1Y3RfdXJsXQogICAgICAgICAgICAgICAgPGRpdiBjbGFzcz0iY29sbGVjdGlvbi10aHJlZV9fYWN0aW9uIj4KICAgICAgICAgICAgICAgICAgICA8aDQ+W3Byb2R1Y3RfdXJsIGlkPSIzOTE1IiBuYW1lPSJVTFRJTUFURSBTcGFjZSBGb3JjZSIgL108L2g0PgogICAgICAgICAgICAgICAgICAgIFtwcm9kdWN0X3ByaWNlIGlkPSIzOTE1IiAvXQogICAgICAgICAgICAgICAgPC9kaXY+CiAgICAgICAgICAgIDwvZGl2PgoKICAgICAgICAgICAgPGRpdiBjbGFzcz0iY29sbGVjdGlvbi10aHJlZV9faXRlbSBjb2xsZWN0aW9uLXRocmVlX19pdGVtLS1sYXJnZSI+CiAgICAgICAgICAgICAgICA8aW1nIGNsYXNzPSJjb2xsZWN0aW9uLXRocmVlX19pbWFnZSIgc3JjPSIvd3AtY29udGVudC91cGxvYWRzLzIwMjUvMDEvdWx0aW1hdGUtY29sbGVjdGlvbi1lc2VudGlhbC1yZWQtdGhyZWUucG5nIj4KICAgICAgICAgICAgICAgIDxpbWcgY2xhc3M9ImNvbGxlY3Rpb24tdGhyZWVfX2ltYWdlIGNvbGxlY3Rpb24tdGhyZWVfX2ltYWdlLS1tb2JpbGUiIHNyYz0iL3dwLWNvbnRlbnQvdXBsb2Fkcy8yMDI1LzAxL3VsdGltYXRlLWNvbGxlY3Rpb24tc2l0dGluZy0xLnBuZyI+CiAgICAgICAgICAgIDwvZGl2PgoKICAgICAgICAgICAgPGRpdiBjbGFzcz0iY29sbGVjdGlvbi10aHJlZV9faXRlbSI+CiAgICAgICAgICAgICAgICA8aW1nIGNsYXNzPSJjb2xsZWN0aW9uLXRocmVlX19pbWFnZSIgc3JjPSIvd3AtY29udGVudC91cGxvYWRzLzIwMjUvMDEvdWx0aW1hdGUtY29sbGVjdGlvbi1yZWQtY2hhaXItNC5wbmciPgogICAgICAgICAgICAgICAgPGltZyBjbGFzcz0iY29sbGVjdGlvbi10aHJlZV9faW1hZ2UgY29sbGVjdGlvbi10aHJlZV9faW1hZ2UtLW1vYmlsZSIgc3JjPSIvd3AtY29udGVudC91cGxvYWRzLzIwMjUvMDEvdWx0aW1hdGUtY29sbGVjdGlvbi1yZWQtY2hhaXItNS1tb2JpbGUucG5nIj4KICAgICAgICAgICAgPC9kaXY+CiAgICAgICAgPC9kaXY+[\/vc_raw_html][vc_raw_html css=\u00a0\u00bb\u00a0\u00bb]CiAgICA8ZGl2IGNsYXNzPSJjb2xsZWN0aW9uLWluZm8gY29sbGVjdGlvbi1pbmZvLS1yZXZlcnNlIj4KICAgIDxkaXYgY2xhc3M9ImNvbGxlY3Rpb24taW5mb19fY29udGVudCBjb2xsZWN0aW9uLWluZm9fX2xvZ28iPgogICAgICAgICAgICA8aW1nIHNyYz0iL3dwLWNvbnRlbnQvdXBsb2Fkcy8yMDI1LzAxL3VsdGltYXRlLWJsYWNrLXJhdmVuLnN2ZyI+CiAgICA8L2Rpdj4KICAgICAgICAKICAgICAgICA8aW1nIGNsYXNzPSJjb2xsZWN0aW9uLWluZm9fX2ltYWdlIGNvbGxlY3Rpb24taW5mb19faW1hZ2UtLW1vYmlsZSIgc3JjPSIvd3AtY29udGVudC91cGxvYWRzLzIwMjUvMDEvdWx0aW1hdGUtY29sbGVjdGlvbi1sb29rcy1tb2JpbGUucG5nIj4KICAgIAogICAgICAgIDxkaXYgY2xhc3M9ImNvbGxlY3Rpb24taW5mb19fY29udGVudCI+CiAgICAgICAgICAgIDxoMj5Mb29rIGV4w6ljdXRpZiwgcsOpc2lzdGFuY2UgZGUgbml2ZWF1IGV4w6ljdXRpZjwvaDI+CiAgICAgICAgICAgIDxwPk5vdHJlIG1vZMOobGUgVWx0aW1hdGUgQmxhY2sgUmF2ZW4gZXN0IGZhYnJpcXXDqSBlbiBDb3JkdXJhLCBpbml0aWFsZW1lbnQgY29uw6d1IHBvdXIgdW4gdXNhZ2UgbWlsaXRhaXJlIGV0IG91dGRvb3IuPC9wPgpbcHJvZHVjdF91cmwgaWQ9IjM5MTIiIG5hbWU9IkVuIHNhdm9pciBwbHVzIiBjbGFzcz0iY29sbGVjdGlvbi1pbmZvX19hY3Rpb24iIC9dCiAgICAgICAgPC9kaXY+CgogICAgICAgCiAgICAgICAgPGltZyBjbGFzcz0iY29sbGVjdGlvbi1pbmZvX19pbWFnZSIgc3JjPSIvd3AtY29udGVudC91cGxvYWRzLzIwMjUvMDEvdWx0aW1hdGUtY29sbGVjdGlvbi1sb29rcy5wbmciPgogICAgPC9kaXY+CiAgICA=[\/vc_raw_html][vc_raw_html css=\u00a0\u00bb\u00a0\u00bb]CiAgICA8ZGl2IGNsYXNzPSJjb2xsZWN0aW9uLWluZm8iPgogICAgICAgIAogICAgICAgIDxpbWcgY2xhc3M9ImNvbGxlY3Rpb24taW5mb19faW1hZ2UgY29sbGVjdGlvbi1pbmZvX19pbWFnZS0tbW9iaWxlIiBzcmM9Ii93cC1jb250ZW50L3VwbG9hZHMvMjAyNS8wMS91bHRpbWF0ZS1jb2xsZWN0aW9uLWJsYWNrLWNoYWlyLTQtbW9iaWxlLnBuZyI+CiAgICAKICAgICAgICA8ZGl2IGNsYXNzPSJjb2xsZWN0aW9uLWluZm9fX2NvbnRlbnQiPgogICAgICAgICAgICA8aDI+QXV0b3JpdMOpIHN1YnRpbGU8L2gyPgogICAgICAgICAgICA8cD5MaWduZXMgw6lwdXLDqWVzLiBEZXNpZ24gZm9uY3Rpb25uZWwuIMOJbMOpZ2FuY2UgaW50ZW1wb3JlbGxlLiBQb3VyIGxlcyBwcm9mZXNzaW9ubmVscyBxdWkgc2F2ZW50IHF1ZSBsZSB2cmFpIHBvdXZvaXIgcydleHByaW1lIHBhciBsYSBwcsOpc2VuY2UsIG5vbiBwYXIgbGEgcHJvY2xhbWF0aW9uLiAgIDwvcD4KICAgICAgICA8L2Rpdj4KCiAgICAgICAKICAgICAgICA8aW1nIGNsYXNzPSJjb2xsZWN0aW9uLWluZm9fX2ltYWdlIiBzcmM9Ii93cC1jb250ZW50L3VwbG9hZHMvMjAyNS8wMS91bHRpbWF0ZS1jb2xsZWN0aW9uLWJsYWNrLWNoYWlyLTQucG5nIj4KICAgIDwvZGl2PgogICAg[\/vc_raw_html][vc_raw_html css=\u00a0\u00bb\u00a0\u00bb]ICAgICAgICA8ZGl2IGNsYXNzPSJjb2xsZWN0aW9uLXRocmVlIj4KICAgICAgICAgICAgPGRpdiBjbGFzcz0iY29sbGVjdGlvbi10aHJlZV9faXRlbSI+CiAgICAgICAgICAgICAgICA8aW1nIGNsYXNzPSJjb2xsZWN0aW9uLXRocmVlX19pbWFnZSIgc3JjPSIvd3AtY29udGVudC91cGxvYWRzLzIwMjUvMDEvdWx0aW1hdGUtY29sbGVjdGlvbi1ibGFjay1jaGFpci0yLnBuZyI+CiAgICAgICAgICAgICAgICA8aW1nIGNsYXNzPSJjb2xsZWN0aW9uLXRocmVlX19pbWFnZSBjb2xsZWN0aW9uLXRocmVlX19pbWFnZS0tbW9iaWxlIiBzcmM9Ii93cC1jb250ZW50L3VwbG9hZHMvMjAyNS8wMS90aHJlZS1hdXRob3JpdHktMy1tb2JpbGUucG5nIj4KICAgICAgICAgICAgPC9kaXY+CgogICAgICAgICAgICA8ZGl2IGNsYXNzPSJjb2xsZWN0aW9uLXRocmVlX19pdGVtIj4KICAgICAgICAgICAgICAgIFtwcm9kdWN0X3VybCBpZD0iMzkxMiJdCiAgICAgICAgICAgICAgICA8aW1nIGNsYXNzPSJjb2xsZWN0aW9uLXRocmVlX19pbWFnZSIgc3JjPSIvd3AtY29udGVudC91cGxvYWRzLzIwMjUvMDEvdWx0aW1hdGUtY29sbGVjdGlvbi1ibGFjay1jaGFpci5wbmciPgogICAgICAgICAgICAgICAgWy9wcm9kdWN0X3VybF0KICAgICAgICAgICAgICAgIFtwcm9kdWN0X3VybCBpZD0iMzkxMiJdCiAgICAgICAgICAgICAgICA8aW1nIGNsYXNzPSJjb2xsZWN0aW9uLXRocmVlX19pbWFnZSBjb2xsZWN0aW9uLXRocmVlX19pbWFnZS0tbW9iaWxlIiBzcmM9Ii93cC1jb250ZW50L3VwbG9hZHMvMjAyNS8wMS91bHRpbWF0ZS1jb2xsZWN0aW9uLWJsYWNrLWNoYWlyLW1vYmlsZS5wbmciPgogICAgICAgICAgICAgICAgWy9wcm9kdWN0X3VybF0KICAgICAgICAgICAgICAgICAgICAgICAgICAgICAgICA8ZGl2IGNsYXNzPSJjb2xsZWN0aW9uLXRocmVlX19hY3Rpb24iPgogICAgICAgICAgICAgICAgICAgIDxoND5bcHJvZHVjdF91cmwgaWQ9IjM5MTIiIG5hbWU9IlVMVElNQVRFIEJsYWNrIFJhdmVuIiAvXTwvaDQ+CiAgICAgICAgICAgICAgICAgICAgW3Byb2R1Y3RfcHJpY2UgaWQ9IjM5MTIiIC9dCiAgICAgICAgICAgICAgICA8L2Rpdj4KICAgICAgICAgICAgPC9kaXY+CgogICAgICAgICAgICA8ZGl2IGNsYXNzPSJjb2xsZWN0aW9uLXRocmVlX19pdGVtIGNvbGxlY3Rpb24tdGhyZWVfX2l0ZW0tLWxhcmdlIj4KICAgICAgICAgICAgICAgIDxpbWcgY2xhc3M9ImNvbGxlY3Rpb24tdGhyZWVfX2ltYWdlIiBzcmM9Ii93cC1jb250ZW50L3VwbG9hZHMvMjAyNS8wMS90aHJlZS1hdXRob3JpdHktMy5wbmciPgogICAgICAgICAgICAgICAgPGltZyBjbGFzcz0iY29sbGVjdGlvbi10aHJlZV9faW1hZ2UgY29sbGVjdGlvbi10aHJlZV9faW1hZ2UtLW1vYmlsZSIgc3JjPSIvd3AtY29udGVudC91cGxvYWRzLzIwMjUvMDEvdWx0aW1hdGUtY29sbGVjdGlvbi1ibGFjay1jaGFpci0zLnBuZyI+CiAgICAgICAgICAgIDwvZGl2PgogICAgICAgIDwvZGl2Pg==[\/vc_raw_html][\/vc_column][\/vc_row]<\/p>\n<\/div>","protected":false},"excerpt":{"rendered":"<p>Collection Paradox Ultimate \u2014 fauteuil gaming phare avec mousse moul\u00e9e \u00e0 froid haute densit\u00e9, coussin lombaire magn\u00e9tique en mousse \u00e0 m\u00e9moire, accoudoirs 4D, inclinaison multibloc. Cuir \u00e9cologique premium, inclinaison 150\u00b0, 150 kg. 4 couleurs. Retours sous 100 jours.<\/p>\n","protected":false},"author":1,"featured_media":0,"parent":0,"menu_order":0,"comment_status":"closed","ping_status":"closed","template":"template-fullwidth.php","meta":{"footnotes":""},"class_list":["post-10769","page","type-page","status-publish","hentry","no-thumb"],"_links":{"self":[{"href":"https:\/\/paradox24.com\/fr\/wp-json\/wp\/v2\/pages\/10769","targetHints":{"allow":["GET"]}}],"collection":[{"href":"https:\/\/paradox24.com\/fr\/wp-json\/wp\/v2\/pages"}],"about":[{"href":"https:\/\/paradox24.com\/fr\/wp-json\/wp\/v2\/types\/page"}],"author":[{"embeddable":true,"href":"https:\/\/paradox24.com\/fr\/wp-json\/wp\/v2\/users\/1"}],"replies":[{"embeddable":true,"href":"https:\/\/paradox24.com\/fr\/wp-json\/wp\/v2\/comments?post=10769"}],"version-history":[{"count":2,"href":"https:\/\/paradox24.com\/fr\/wp-json\/wp\/v2\/pages\/10769\/revisions"}],"predecessor-version":[{"id":30931,"href":"https:\/\/paradox24.com\/fr\/wp-json\/wp\/v2\/pages\/10769\/revisions\/30931"}],"wp:attachment":[{"href":"https:\/\/paradox24.com\/fr\/wp-json\/wp\/v2\/media?parent=10769"}],"curies":[{"name":"wp","href":"https:\/\/api.w.org\/{rel}","templated":true}]}}