{"id":12294,"date":"2024-10-21T12:30:36","date_gmt":"2024-10-21T11:30:36","guid":{"rendered":"https:\/\/paradox24.com\/product\/paradox-ultimate-space-force-black-w-red\/"},"modified":"2026-04-30T11:32:24","modified_gmt":"2026-04-30T10:32:24","slug":"paradox-ultimate-space-force-black-w-red","status":"publish","type":"product","link":"https:\/\/paradox24.com\/es\/producto\/paradox-ultimate-space-force-black-w-red\/","title":{"rendered":"Paradox Ultimate Space Force"},"content":{"rendered":"<div class=\"wpb-content-wrapper\"><p>[vc_row full_width=\u00bbstretch_row_content_no_spaces\u00bb][vc_column][product_info text_color=\u00bbproduct-info&#8211;white\u00bb text_position=\u00bbproduct-info__content&#8211;left\u00bb header=\u00bbParadox Ultimate\u00bb text_1=\u00bbLo Esencial del Profesional\u00bb main_image=\u00bb15907&#8243; mobile_image=\u00bb15916&#8243;][\/product_info][product_element header=\u00bbCalidad en todos los aspectos\u00bb images=\u00bb15925&#8243;]El cuero ecol\u00f3gico Next-Gen de alta calidad es duradero, agradable al tacto y respetuoso con el medio ambiente. Los acentos de Alcantara te dan esa sensaci\u00f3n de rendimiento deportivo. Al igual que las distintivas costuras en contraste que recuerdan a los coches de carreras o los accesorios de moda de alta gama.  <\/p>\n<p class=\"whitespace-normal break-words\"><strong>Espuma moldeada en fr\u00edo de alta densidad<\/strong> \u2014 la misma t\u00e9cnica de producci\u00f3n utilizada en asientos de autom\u00f3viles y muebles premium. A diferencia de la espuma est\u00e1ndar, la espuma moldeada en fr\u00edo mantiene su forma y resiliencia durante miles de horas de uso. Combinada con las almohadas lumbares y de reposacabezas de espuma con memoria, ofrece comodidad que dura.<\/p>\n<p>[\/product_element][product_element header=\u00bbLumbarPro incorporado\u00bb images=\u00bb15934&#8243;]La serie Paradox Ultimate cuenta con LumbarPro, un sistema de soporte bidimensional ajustable dise\u00f1ado para alinear tu columna y aliviar la tensi\u00f3n lumbar. Discretamente integrado en el respaldo, combina elegancia con excelencia ergon\u00f3mica. [\/product_element][product_info text_position=\u00bbproduct-info__content&#8211;left\u00bb main_image=\u00bb15943&#8243; mobile_image=\u00bb15952&#8243;][\/product_info][product_element position=\u00bbleft\u00bb header=\u00bbAsiento Ajustable en Altura\u00bb images=\u00bb15979&#8243;]Perfectamente adaptado para personas entre 165 y 185 cm, nuestro asiento totalmente ajustable asegura un ajuste personalizado. El mecanismo neum\u00e1tico avanzado permite un ajuste de altura sin esfuerzo: simplemente tire de la palanca y levante ligeramente para subir el asiento, o presione mientras est\u00e1 sentado para bajarlo.  Alcance f\u00e1cilmente la posici\u00f3n ergon\u00f3mica ideal: sus rodillas deben formar un \u00e1ngulo de 90 grados, y sus codos deben descansar c\u00f3modamente a un \u00e1ngulo de 90 grados sobre su escritorio. Priorice la posici\u00f3n de los codos para optimizar tanto la comodidad como la productividad. [\/product_element][product_element header=\u00bbPosiciones de Respaldo Personalizables hasta Plano\u00bb images=\u00bb15970&#8243;]Ajusta y bloquea el respaldo en cuatro posiciones para adaptarse a tus necesidades. Ya sea que est\u00e9s jugando, trabajando o tomando un descanso, cambiar el \u00e1ngulo del respaldo ayuda a reducir la tensi\u00f3n, mejorar la postura y mantener tus m\u00fasculos relajados durante todo el d\u00eda. Puedes ajustar la resistencia de inclinaci\u00f3n del respaldo seg\u00fan tu peso corporal y preferencias. \u00a1Simplemente gira la perilla debajo de tu asiento hacia la izquierda o derecha!   [\/product_element][product_element position=\u00bbleft\u00bb header=\u00bbReposacabezas con im\u00e1n fuerte\u00bb images=\u00bb15961&#8243;]La almohada inteligente para la cabeza cumple una doble funci\u00f3n \u2013 brind\u00e1ndote soporte perfecto mientras a\u00f1ade estilo a tu silla. Gracias a los imanes potentes incorporados, puedes f\u00e1cilmente colocarla o quitarla cuando quieras. [\/product_element][product_info main_image=\u00bb15988&#8243; mobile_image=\u00bb15997&#8243;][\/product_info][product_element header=\u00bbReposabrazos FlexMotion 4D\u00bb images=\u00bb16042&#8243;]Aj\u00fastalos hacia arriba y abajo para lograr la altura perfecta, desl\u00edzalos hacia adelante y atr\u00e1s para un alcance \u00f3ptimo, mu\u00e9velos de lado a lado para la posici\u00f3n lateral ideal y g\u00edralos para encontrar el mejor \u00e1ngulo para tus brazos y mu\u00f1ecas[\/product_element]. [product_element position=\u00bbleft\u00bb header=\u00bbBase TitanCore\u00bb images=\u00bb16024&#8243;]Construida para soportar hasta 135 kilogramos, esta silla garantiza confiabilidad y seguridad duraderas, convirti\u00e9ndola en una excelente opci\u00f3n tanto para uso profesional como personal[\/product_element]. [product_element header=\u00bbRuedas QuickSpin 360\u00b0\u00bb images=\u00bb16033&#8243;]La funci\u00f3n giratoria de 360 grados te permite rotar sin esfuerzo en cualquier direcci\u00f3n, proporcionando m\u00e1xima flexibilidad y f\u00e1cil acceso a todas las \u00e1reas de tu escritorio y alrededores\u2014todo en silencio.[\/product_element][product_element position=\u00bbleft\u00bb header=\u00bbMontaje F\u00e1cil\u00bb images=\u00bb16015&#8243;]Las instrucciones visuales claras te permiten ensamblar la silla en menos de 20 minutos. Ya sea que hagas el trabajo t\u00fa mismo o con un amigo \u2013 nos aseguramos de que sea f\u00e1cil. [\/product_element][product_images images=\u00bb17382&#8243;][product_action header=\u00bb\u00a1Mejora tu experiencia de asiento hoy mismo!\u00bb text=\u00bbRevoluciona tu espacio de trabajo y setup gamer con nuestra Silla Ultimate. Experimenta comodidad incomparable y excelencia profesional.\u00bb button_text=\u00bbAdd ULTIMATE Space Force to cart\u00bb main_image=\u00bb16006&#8243; mobile_image=\u00bb16051&#8243;][\/vc_column][\/vc_row]<\/p>\n<\/div>","protected":false},"excerpt":{"rendered":"<p><span style=\"font-weight: 400\">Dise\u00f1o minimalista pero distintivo, materiales de alta calidad y comodidad para ayudarte a alcanzar tus objetivos <\/span><\/p>\n<ul>\n<li style=\"font-weight: 400\"><b>Para quienes exigen excelencia discreta: <\/b><span style=\"font-weight: 400\">Perfecto para profesionales y jugadores \u00e1vidos que buscan lujo y refinamiento.<br \/><\/span><\/li>\n<li style=\"font-weight: 400\"><b>Dise\u00f1o minimalista y atemporal: <\/b><span style=\"font-weight: 400\">Elegante y sobrio, se integra sin esfuerzo en cualquier configuraci\u00f3n profesional o de gaming de alta gama.<br \/><\/span><\/li>\n<li style=\"font-weight: 400\"><b>Materiales de la m\u00e1s alta calidad:<\/b><span style=\"font-weight: 400\"> Fabricado con los mejores materiales para durabilidad y confort premium.<br \/><\/span><\/li>\n<li style=\"font-weight: 400\"><b>Mecanismos superiores para una ergonom\u00eda perfecta:<\/b><span style=\"font-weight: 400\"> Ajustabilidad avanzada para una experiencia altamente personalizada.<br \/><\/span><\/li>\n<li><b>Espuma moldeada en fr\u00edo de alta densidad:<\/b> Amortiguaci\u00f3n superior del asiento que mantiene su forma durante a\u00f1os \u2014 sin hundimientos, sin puntos planos.<\/li>\n<\/ul>\n","protected":false},"featured_media":12295,"template":"","meta":[],"product_cat":[174,158],"product_tag":[],"class_list":{"0":"post-12294","1":"product","2":"type-product","3":"status-publish","4":"has-post-thumbnail","6":"product_cat-coleccion-ultimate","7":"product_cat-sillas-gaming","8":"","10":"first","11":"instock","12":"taxable","13":"shipping-taxable","14":"purchasable","15":"product-type-simple"},"_links":{"self":[{"href":"https:\/\/paradox24.com\/es\/wp-json\/wp\/v2\/product\/12294","targetHints":{"allow":["GET"]}}],"collection":[{"href":"https:\/\/paradox24.com\/es\/wp-json\/wp\/v2\/product"}],"about":[{"href":"https:\/\/paradox24.com\/es\/wp-json\/wp\/v2\/types\/product"}],"wp:featuredmedia":[{"embeddable":true,"href":"https:\/\/paradox24.com\/es\/wp-json\/wp\/v2\/media\/12295"}],"wp:attachment":[{"href":"https:\/\/paradox24.com\/es\/wp-json\/wp\/v2\/media?parent=12294"}],"wp:term":[{"taxonomy":"product_cat","embeddable":true,"href":"https:\/\/paradox24.com\/es\/wp-json\/wp\/v2\/product_cat?post=12294"},{"taxonomy":"product_tag","embeddable":true,"href":"https:\/\/paradox24.com\/es\/wp-json\/wp\/v2\/product_tag?post=12294"}],"curies":[{"name":"wp","href":"https:\/\/api.w.org\/{rel}","templated":true}]}}