{"id":12198,"date":"2024-10-21T12:30:40","date_gmt":"2024-10-21T11:30:40","guid":{"rendered":"https:\/\/paradox24.com\/product\/paradox-commander-ocean-blue\/"},"modified":"2026-04-30T11:41:39","modified_gmt":"2026-04-30T10:41:39","slug":"paradox-commander-ocean-blue","status":"publish","type":"product","link":"https:\/\/paradox24.com\/es\/producto\/paradox-commander-ocean-blue\/","title":{"rendered":"Silla Gaming Paradox Commander Ocean Blue"},"content":{"rendered":"<div class=\"wpb-content-wrapper\"><p>[vc_row full_width=\u00bbstretch_row_content_no_spaces\u00bb][vc_column][product_info text_color=\u00bbproduct-info&#8211;white\u00bb text_position=\u00bbproduct-info__content&#8211;left\u00bb header=\u00bbParadox Commander\u00bb text_1=\u00bbEl Asiento del Comandante\u00bb main_image=\u00bb17247&#8243; mobile_image=\u00bb17373&#8243;][\/product_info][product_element position=\u00bbleft\u00bb header=\u00bbCalidad en todos los aspectos\u00bb images=\u00bb17364&#8243;]El eco-cuero Next-Gen combina durabilidad con un toque lujoso, respetando los valores ambientales. Los acentos de terciopelo refinados y las costuras de contraste de precisi\u00f3n evocan la artesan\u00eda de los autos de carreras de alta gama y la moda de lujo, creando una est\u00e9tica sofisticada de rendimiento. [\/product_element][product_element header=\u00bbSoporte Lumbar\u00bb images=\u00bb17355&#8243;]La Serie Commander Paradox cuenta con un coj\u00edn lumbar que alinea tu columna vertebral y alivia la tensi\u00f3n de la zona lumbar. Fabricado con espuma viscoel\u00e1stica receptiva y envuelto en terciopelo del mismo color, combina perfectamente el soporte ergon\u00f3mico con el refinamiento est\u00e9tico. [\/product_element][product_element position=\u00bbleft\u00bb header=\u00bbAsiento Ajustable en Altura\u00bb images=\u00bb17346&#8243;]Perfectamente adaptado para personas entre 165 y 185 cm, nuestro asiento totalmente ajustable asegura un ajuste personalizado. El mecanismo neum\u00e1tico avanzado permite un ajuste de altura sin esfuerzo: simplemente tire de la palanca y levante ligeramente para subir el asiento, o presione mientras est\u00e1 sentado para bajarlo.  Alcance f\u00e1cilmente la posici\u00f3n ergon\u00f3mica ideal: sus rodillas deben formar un \u00e1ngulo de 90 grados, y sus codos deben descansar c\u00f3modamente a un \u00e1ngulo de 90 grados sobre su escritorio. Priorice la posici\u00f3n de los codos para optimizar tanto la comodidad como la productividad. [\/product_element][product_element header=\u00bbPosiciones de Respaldo Personalizables hasta Plano\u00bb images=\u00bb17337&#8243;]Ajusta y bloquea el respaldo en cuatro posiciones para adaptarse a tus necesidades. Ya sea que est\u00e9s jugando, trabajando o tomando un descanso, cambiar el \u00e1ngulo del respaldo ayuda a reducir la tensi\u00f3n, mejorar la postura y mantener tus m\u00fasculos relajados durante todo el d\u00eda. Puedes ajustar la resistencia de inclinaci\u00f3n del respaldo seg\u00fan tu peso corporal y preferencias. \u00a1Simplemente gira la perilla debajo de tu asiento hacia la izquierda o derecha!   [\/product_element][product_element position=\u00bbleft\u00bb header=\u00bbReposacabezas\u00bb images=\u00bb17328&#8243;]La almohada inteligente para la cabeza cumple una doble funci\u00f3n \u2013 brind\u00e1ndote soporte perfecto mientras a\u00f1ade estilo a tu silla. Gracias a los imanes potentes incorporados, puedes f\u00e1cilmente colocarla o quitarla cuando quieras. [\/product_element][product_info main_image=\u00bb17319&#8243; mobile_image=\u00bb17310&#8243;][\/product_info][product_element header=\u00bbReposabrazos FlexMotion 4D\u00bb images=\u00bb17301&#8243;]Aj\u00fastalos hacia arriba y abajo para lograr la altura perfecta, desl\u00edzalos hacia adelante y atr\u00e1s para un alcance \u00f3ptimo, mu\u00e9velos de lado a lado para la posici\u00f3n lateral ideal y g\u00edralos para encontrar el mejor \u00e1ngulo para tus brazos y mu\u00f1ecas[\/product_element]. [product_element position=\u00bbleft\u00bb header=\u00bbTitanCore base\u00bb images=\u00bb17292&#8243;]Construida para soportar hasta 135 kilogramos, esta silla garantiza confiabilidad y seguridad duraderas, convirti\u00e9ndola en una excelente opci\u00f3n tanto para uso profesional como personal[\/product_element]. [product_element header=\u00bbRuedas QuickSpin 360\u00b0\u00bb images=\u00bb17283&#8243;]La funci\u00f3n giratoria de 360 grados te permite rotar sin esfuerzo en cualquier direcci\u00f3n, proporcionando m\u00e1xima flexibilidad y f\u00e1cil acceso a todas las \u00e1reas de tu escritorio y alrededores\u2014todo en silencio.[\/product_element][product_element position=\u00bbleft\u00bb header=\u00bbMontaje F\u00e1cil\u00bb images=\u00bb17274&#8243;]Las instrucciones visuales claras te permiten ensamblar la silla en menos de 20 minutos. Ya sea que hagas el trabajo t\u00fa mismo o con un amigo \u2013 nos aseguramos de que sea f\u00e1cil. [\/product_element][product_images images=\u00bb19117&#8243;][product_action header=\u00bb\u00a1Mejora tu experiencia de asiento hoy mismo!\u00bb text=\u00bbRevoluciona tu espacio de trabajo y configuraci\u00f3n gaming con nuestra silla Commander. Experimenta comodidad incomparable y dise\u00f1o superior.\u00bb button_text=\u00bbAdd COMMANDER Ocean Blue to cart\u00bb main_image=\u00bb17265&#8243; mobile_image=\u00bb17256&#8243;][\/vc_column][\/vc_row]<\/p>\n<\/div>","protected":false},"excerpt":{"rendered":"<p>\u00a1Que comiencen las aventuras!<\/p>\n<ul>\n<li aria-level=\"1\"><b>Est\u00e9tica inspirada en naves espaciales de ciencia ficci\u00f3n<\/b>: Dise\u00f1o audaz e inmersivo inspirado en el asiento de un comandante, perfecto para configuraciones \u00fanicas.<\/li>\n<li aria-level=\"1\"><b>Tonos Tierra para Configuraciones Gaming Sofisticadas<\/b>: Combina una silueta dram\u00e1tica con una paleta de colores terrosos refinada.<\/li>\n<li aria-level=\"1\"><b>Confort Ergon\u00f3mico con Car\u00e1cter<\/b>: Construida para aquellos que desean estilo y funcionalidad en igual medida.<\/li>\n<li aria-level=\"1\"><b>Para Jugadores que Buscan Car\u00e1cter \u00danico con Madurez<\/b>: Un equilibrio entre est\u00e9tica audaz y calidad sin alcanzar el nivel de precio premium.<\/li>\n<\/ul>\n","protected":false},"featured_media":12199,"template":"","meta":[],"product_cat":[169],"product_tag":[],"class_list":{"0":"post-12198","1":"product","2":"type-product","3":"status-publish","4":"has-post-thumbnail","6":"product_cat-uncategorized-es","7":"","9":"first","10":"instock","11":"taxable","12":"shipping-taxable","13":"purchasable","14":"product-type-simple"},"_links":{"self":[{"href":"https:\/\/paradox24.com\/es\/wp-json\/wp\/v2\/product\/12198","targetHints":{"allow":["GET"]}}],"collection":[{"href":"https:\/\/paradox24.com\/es\/wp-json\/wp\/v2\/product"}],"about":[{"href":"https:\/\/paradox24.com\/es\/wp-json\/wp\/v2\/types\/product"}],"wp:featuredmedia":[{"embeddable":true,"href":"https:\/\/paradox24.com\/es\/wp-json\/wp\/v2\/media\/12199"}],"wp:attachment":[{"href":"https:\/\/paradox24.com\/es\/wp-json\/wp\/v2\/media?parent=12198"}],"wp:term":[{"taxonomy":"product_cat","embeddable":true,"href":"https:\/\/paradox24.com\/es\/wp-json\/wp\/v2\/product_cat?post=12198"},{"taxonomy":"product_tag","embeddable":true,"href":"https:\/\/paradox24.com\/es\/wp-json\/wp\/v2\/product_tag?post=12198"}],"curies":[{"name":"wp","href":"https:\/\/api.w.org\/{rel}","templated":true}]}}