{"id":11292,"date":"2024-10-21T12:30:37","date_gmt":"2024-10-21T11:30:37","guid":{"rendered":"https:\/\/paradox24.com\/product\/paradox-vanguard-red-tuxs\/"},"modified":"2026-02-22T17:42:20","modified_gmt":"2026-02-22T16:42:20","slug":"paradox-vanguard-red-tuxs","status":"publish","type":"product","link":"https:\/\/paradox24.com\/es\/producto\/paradox-vanguard-red-tuxs\/","title":{"rendered":"Silla Gaming Paradox Vanguard Red Tuxs"},"content":{"rendered":"<div class=\"wpb-content-wrapper\"><p>[vc_row full_width=\u00bbstretch_row_content_no_spaces\u00bb][vc_column][product_info text_color=\u00bbproduct-info&#8211;white\u00bb text_position=\u00bbproduct-info__content&#8211;left\u00bb header=\u00bbParadox Vanguard\u00bb text_1=\u00bbLa Elecci\u00f3n de Rendimiento\u00bb main_image=\u00bb16196&#8243; mobile_image=\u00bb16205&#8243;][\/product_info][product_element position=\u00bbleft\u00bb header=\u00bbCalidad en todo momento\u00bb images=\u00bb16341&#8243;]La eco-piel TechRX II de alta calidad es duradera, suave y ecol\u00f3gica. Los acentos de terciopelo aseguran esta sensaci\u00f3n de rendimiento. Al igual que las costuras de contraste distintivas que recuerdan a los coches de carreras o los accesorios de moda de alta gama.[\/product_element][product_element header=\u00bbSoporte de Almohada Lumbar\u00bb images=\u00bb16332&#8243;]La Serie Vanguard cuenta con un coj\u00edn lumbar que alinea tu columna vertebral y alivia la tensi\u00f3n en la zona lumbar. Fabricado con espuma viscoel\u00e1stica receptiva y envuelto en terciopelo a juego, combina perfectamente el soporte ergon\u00f3mico con el refinamiento est\u00e9tico. [\/product_element][product_info main_image=\u00bb16323&#8243; mobile_image=\u00bb16350&#8243;][\/product_info][product_element position=\u00bbleft\u00bb header=\u00bbAsiento de Altura Ajustable\u00bb images=\u00bb16314&#8243;]Perfectamente adaptado para personas entre 165 y 185 cm, nuestro asiento totalmente ajustable asegura un ajuste personalizado. El mecanismo neum\u00e1tico avanzado TitanCore permite un ajuste de altura sin esfuerzo: simplemente tire de la palanca y levante ligeramente para subir el asiento, o presione mientras est\u00e1 sentado para bajarlo. Alcance f\u00e1cilmente la posici\u00f3n ergon\u00f3mica ideal &#8211; sus rodillas deben formar un \u00e1ngulo de 90 grados, y sus codos deben descansar c\u00f3modamente a un \u00e1ngulo de 90 grados sobre su escritorio. Priorice la posici\u00f3n de los codos para optimizar tanto la comodidad como la productividad. [\/product_element][product_element header=\u00bbPosiciones personalizables del respaldo hasta la posici\u00f3n plana\u00bb images=\u00bb16305&#8243;]Ajusta y bloquea el respaldo en cuatro posiciones \u2013 desde el enfoque erguido hasta la reclinaci\u00f3n relajada. Cambia tu posici\u00f3n libremente durante el d\u00eda para mantener tus m\u00fasculos relajados, mientras los soportes laterales te mantienen seguro en su lugar. Ajusta finamente la resistencia a la inclinaci\u00f3n para que coincida con tu peso y preferencia de comodidad con un simple giro de una perilla. [\/product_element][product_element position=\u00bbleft\u00bb header=\u00bbAlmohada Reposacabezas\u00bb images=\u00bb16296&#8243;]La almohada inteligente para la cabeza cumple una doble funci\u00f3n \u2013 brind\u00e1ndote soporte perfecto mientras a\u00f1ade estilo a tu silla. Gracias a los imanes potentes incorporados, puedes f\u00e1cilmente colocarla o quitarla cuando quieras. [\/product_element][product_info main_image=\u00bb16287&#8243; mobile_image=\u00bb16223&#8243;][\/product_info][product_element header=\u00bbReposabrazos FlexMotion 2D\u00bb images=\u00bb16278&#8243;]Aj\u00fastalos hacia arriba y hacia abajo para lograr la altura perfecta y encontrar el mejor \u00e1ngulo para tus brazos y mu\u00f1ecas[\/product_element]. [product_element position=\u00bbleft\u00bb header=\u00bbBase TitanCore\u00bb images=\u00bb16269&#8243;]Construida para soportar hasta 135 kilogramos, esta silla garantiza confiabilidad y seguridad duraderas, convirti\u00e9ndola en una excelente opci\u00f3n tanto para uso profesional como personal[\/product_element].[product_element header=\u00bbRuedas QuickSpin 360\u00b0\u00bb images=\u00bb16260&#8243;] La funci\u00f3n de giro de 360 grados te permite rotar sin esfuerzo en cualquier direcci\u00f3n, proporcionando m\u00e1xima flexibilidad y f\u00e1cil acceso a todas las \u00e1reas de tu escritorio y alrededores \u2013 todo en silencio.[\/product_element][product_element position=\u00bbleft\u00bb header=\u00bbMontaje F\u00e1cil\u00bb images=\u00bb16251&#8243;]Las instrucciones visuales claras te permiten ensamblar la silla en menos de 20 minutos. Ya sea que hagas el trabajo t\u00fa mismo o con un amigo \u2013 nos aseguramos de que sea f\u00e1cil. [\/product_element][product_images images=\u00bb19104&#8243;][product_action header=\u00bb\u00a1Mejora tu experiencia de asiento hoy mismo!\u00bb text=\u00bbRevoluciona tu espacio de trabajo y configuraci\u00f3n gaming con nuestra silla Vanguard. Experimenta comodidad incomparable y calidad premium.\u00bb button_text=\u00bbAdd VANGUARD Red Tuxs to cart\u00bb main_image=\u00bb16242&#8243; mobile_image=\u00bb16233&#8243;][\/vc_column][\/vc_row]<\/p>\n<\/div>","protected":false},"excerpt":{"rendered":"<ul>\n<li style=\"font-weight: 400;\" aria-level=\"1\"><b>Para Jugadores que Buscan Calidad Premium sin Compromisos:<\/b><span style=\"font-weight: 400;\"> Ideal para quienes buscan comodidad fiable y elegante a un precio asequible. <\/span><\/li>\n<li style=\"font-weight: 400;\" aria-level=\"1\"><b>Equilibrio Perfecto entre Estilo y Funcionalidad: <\/b><span style=\"font-weight: 400;\">Ofrece un dise\u00f1o audaz para expresar personalidad sin sacrificar calidad. <\/span><\/li>\n<li style=\"font-weight: 400;\" aria-level=\"1\"><b>Materiales de Alta Calidad a un Precio Inteligente: <\/b><span style=\"font-weight: 400;\">Construida con materiales duraderos para comodidad y soporte. <\/span><\/li>\n<\/ul>\n<p><b>Opciones Est\u00e9ticas Vers\u00e1tiles:<\/b><span style=\"font-weight: 400;\"> Abarca desde dise\u00f1os minimalistas hasta m\u00e1s elaborados, satisfaciendo diversos gustos.<br \/>\n<\/span><\/p>\n","protected":false},"featured_media":11293,"template":"","meta":[],"product_cat":[166,158],"product_tag":[],"class_list":{"0":"post-11292","1":"product","2":"type-product","3":"status-publish","4":"has-post-thumbnail","6":"product_cat-coleccion-vanguard","7":"product_cat-sillas-gaming","8":"","10":"first","11":"instock","12":"sale","13":"taxable","14":"shipping-taxable","15":"purchasable","16":"product-type-simple"},"_links":{"self":[{"href":"https:\/\/paradox24.com\/es\/wp-json\/wp\/v2\/product\/11292","targetHints":{"allow":["GET"]}}],"collection":[{"href":"https:\/\/paradox24.com\/es\/wp-json\/wp\/v2\/product"}],"about":[{"href":"https:\/\/paradox24.com\/es\/wp-json\/wp\/v2\/types\/product"}],"wp:featuredmedia":[{"embeddable":true,"href":"https:\/\/paradox24.com\/es\/wp-json\/wp\/v2\/media\/11293"}],"wp:attachment":[{"href":"https:\/\/paradox24.com\/es\/wp-json\/wp\/v2\/media?parent=11292"}],"wp:term":[{"taxonomy":"product_cat","embeddable":true,"href":"https:\/\/paradox24.com\/es\/wp-json\/wp\/v2\/product_cat?post=11292"},{"taxonomy":"product_tag","embeddable":true,"href":"https:\/\/paradox24.com\/es\/wp-json\/wp\/v2\/product_tag?post=11292"}],"curies":[{"name":"wp","href":"https:\/\/api.w.org\/{rel}","templated":true}]}}