{"id":30619,"date":"2018-06-01T08:19:29","date_gmt":"2018-06-01T07:19:29","guid":{"rendered":"https:\/\/paradox24.com\/about\/"},"modified":"2026-02-23T16:47:56","modified_gmt":"2026-02-23T15:47:56","slug":"about","status":"publish","type":"page","link":"https:\/\/paradox24.com\/es\/about\/","title":{"rendered":"Acerca de"},"content":{"rendered":"<div class=\"wpb-content-wrapper\"><p>[vc_row full_width=\u00bbstretch_row_content_no_spaces\u00bb el_class=\u00bbsupro-no-padding-left supro-no-padding-right\u00bb][vc_column][vc_column_text css=\u00bb.vc_custom_1729797872336{margin-bottom: 0px !important;}\u00bb]<\/p>\n<div class=\"about-us heading\">\n<div class=\"heading-content\">\n<h2>\u00a1Hey!<\/h2>\n<p><strong>\u00a1Somos Paradox!<\/strong> Creamos <strong>asientos de alto rendimiento<\/strong> para ayudarte a <strong>maximizar tu potencial<\/strong> tanto en el trabajo como en el juego. Nuestros dise\u00f1os combinan <strong>soporte ergon\u00f3mico<\/strong>, <strong>calidad premium<\/strong> y <strong>est\u00e9tica inspiradora<\/strong> para elevar cualquier espacio.<\/p>\n<\/div>\n<p><img decoding=\"async\" src=\"https:\/\/paradox24.com\/wp-content\/uploads\/2024\/10\/3-razem_01-1.png\" alt=\"Imagen de fondo\" \/><\/p>\n<\/div>\n<p>[\/vc_column_text][vc_column_text css=\u00bb.vc_custom_1729798099020{margin-bottom: 0px !important;background-color: #222222 !important;}\u00bb el_class=\u00bb.about-us .info .info&#8211;white\u00bb]<\/p>\n<h2>Qui\u00e9nes somos.<\/h2>\n<p>En Paradox Gaming, somos un <strong>grupo de emprendedores apasionados<\/strong> con un total de <strong>250 a\u00f1os<\/strong> de experiencia en diversas industrias. Nuestros diversos antecedentes en <strong>desarrollo de productos<\/strong>, <strong>dise\u00f1o<\/strong>, <strong>e-commerce<\/strong>, consultor\u00eda, publicidad, hosteler\u00eda, eventos, arquitectura urbana, cosm\u00e9ticos y bienes de consumo nos han dado una perspectiva \u00fanica sobre el dise\u00f1o de productos y las necesidades de los clientes.[\/vc_column_text][vc_column_text css=\u00bb.vc_custom_1729798671318{margin-bottom: 0px !important;background-color: #ffffff !important;}\u00bb el_class=\u00bb.about-us .info\u00bb]<\/p>\n<h3>Conoce al equipo fundador:<\/h3>\n<div class=\"founder\">\n<div class=\"founder-image\"><img loading=\"lazy\" decoding=\"async\" src=\"https:\/\/paradox24.com\/wp-content\/uploads\/2024\/10\/IMG_9627-BW-1.png\" alt=\"Przemek Kowalewski\" width=\"400\" height=\"400\" \/><\/div>\n<div class=\"founder-content\">\n<p><strong>Przemek Kowalewski, CEO<\/strong><\/p>\n<p>El visionario estrat\u00e9gico e innovador en e-commerce. Przemek, exejecutivo en Westwing (e-commerce de hogar y decoraci\u00f3n), aporta experiencia en desarrollo de productos, abastecimiento y fabricaci\u00f3n, as\u00ed como en e-commerce y marketing digital. Exconsultor de McKinsey con un ojo agudo para la estrategia y operaciones empresariales.<\/p>\n<\/div>\n<\/div>\n<div class=\"founder\">\n<div class=\"founder-image\"><img loading=\"lazy\" decoding=\"async\" src=\"https:\/\/paradox24.com\/wp-content\/uploads\/2024\/10\/IMG_9627-BW-1-2.png\" alt=\"Pawe\u0142 Miklaszewski\" width=\"400\" height=\"400\" \/><\/div>\n<div class=\"founder-content\">\n<p><strong>Pawe\u0142 Miklaszewski, Chief Creative Officer<\/strong><\/p>\n<p>La fuerza creativa en Paradox. Pawe\u0142 es tambi\u00e9n el fundador de la agencia 360 galardonada \u00abWalk Group\u00bb y la boutique de dise\u00f1o \u00abWalk with David\u00bb, trayendo una riqueza de experiencia en dise\u00f1o y creatividad a Paradox. Su impresionante colecci\u00f3n de galardones, incluyendo un Cannes Lion, m\u00faltiples KTR Awards, Effies y muchos m\u00e1s, es un testimonio de su enfoque centrado en el consumidor.<\/p>\n<\/div>\n<\/div>\n<h3>Nuestro Chief Designer:<\/h3>\n<div class=\"founder\">\n<div class=\"founder-image\"><img loading=\"lazy\" decoding=\"async\" src=\"https:\/\/paradox24.com\/wp-content\/uploads\/2024\/10\/IMG_9627-BW-1-1.png\" alt=\"David Racchi\" width=\"400\" height=\"400\" \/><\/div>\n<div class=\"founder-content\">\n<p><strong>David Racchi, Chief Designer<\/strong><\/p>\n<p>David, un australiano con perspectiva global, aporta un toque internacional a su trabajo, moldeado por experiencias en Melbourne, Espa\u00f1a y Argentina. Sus dise\u00f1os abarcan dise\u00f1o de productos, dise\u00f1o de empaques, branding, publicidad y m\u00e1s, cada pieza reflejando su enfoque \u00fanico de casar simplicidad con storytelling. Su talento ha sido reconocido en el escenario global, incluyendo con un prestigioso Gold Cannes Lion.<\/p>\n<\/div>\n<\/div>\n<p>[\/vc_column_text][vc_column_text css=\u00bb.vc_custom_1729542358975{margin-bottom: 0px !important;background-color: #222222 !important;}\u00bb el_class=\u00bb.about-us .info .info&#8211;white\u00bb]<\/p>\n<h2>Nuestra historia.<\/h2>\n<p>El nacimiento de Paradox Gaming no fue un thriller de Hollywood, pero creemos que es una historia que vale la pena contar.<\/p>\n<p>Todo comenz\u00f3 con una b\u00fasqueda simple: encontrar la silla de oficina perfecta.<br \/>\nMientras busc\u00e1bamos, nos dimos cuenta de que el mercado ofrec\u00eda dos extremos insatisfactorios \u2013 sillas formales no ergon\u00f3micas<br \/>\no sillas gaming con dise\u00f1os poco atractivos. Esta brecha en el mercado encendi\u00f3 una idea.<\/p>\n<p>Nuestro amor por el dise\u00f1o y la creaci\u00f3n de productos f\u00edsicos aliment\u00f3 nuestra pasi\u00f3n. Luego, en el verano de 2022,<br \/>\nse present\u00f3 una oportunidad. Adquirimos una empresa con una peque\u00f1a unidad de negocio vendiendo sillas gaming sin marca. Esta adquisici\u00f3n fue el catalizador que necesit\u00e1bamos.<\/p>\n<p>Decidimos revisar completamente el portafolio de productos y crear una marca que revolucionar\u00eda el concepto de sillas gaming. Y as\u00ed, Paradox naci\u00f3.<\/p>\n<p>Desde nuestra fundaci\u00f3n en 2022, nos hemos dedicado por completo a perfeccionar la experiencia Paradox!<br \/>\nHemos creado m\u00e1s de 200 dise\u00f1os \u00fanicos de sillas y m\u00e1s de 30 prototipos, viajado por tres continentes<br \/>\npara visitar m\u00e1s de 10 instalaciones de fabricaci\u00f3n y hablado con cientos de usuarios.<\/p>\n<p class=\"motto\"><strong>Pero lo m\u00e1s importante, creamos sillas que amamos y usamos todos los d\u00edas.<\/strong><\/p>\n<p>[\/vc_column_text][vc_column_text css=\u00bb.vc_custom_1729542370996{margin-bottom: 0px !important;background-color: #e3e3e3 !important;}\u00bb el_class=\u00bb.about-us .info\u00bb]<\/p>\n<h2>Nuestra filosof\u00eda.<\/h2>\n<p>\u00bfRecuerdas cuando los sneakers eran solo para correr? Luego lleg\u00f3 Nike y dijo: \u00ab\u00a1Hey, puedes usar estos zapatos todos los d\u00edas! Son elegantes, c\u00f3modos y duraderos.\u00bb<\/p>\n<p>Estamos adoptando un enfoque similar con las sillas gaming. Creemos que una gran silla para trabajo y juego deber\u00eda ser m\u00e1s que funcional. Deber\u00eda ser:<\/p>\n<ul>\n<li>Ergon\u00f3mica y c\u00f3moda para esas largas sesiones sentadas<\/li>\n<li>Una pieza de declaraci\u00f3n con dise\u00f1o extraordinario<\/li>\n<li>Duradera y de alta calidad para resistir el paso del tiempo<\/li>\n<\/ul>\n<p class=\"motto\"><strong>En Paradox, estamos desafiando la noci\u00f3n de que las sillas gaming son solo para gamers. Estamos creando sillas que apoyan tu estilo de vida, ya sea conquistando mundos virtuales o conquistando tu d\u00eda de trabajo.<\/strong><\/p>\n<p>[\/vc_column_text][vc_column_text css=\u00bb.vc_custom_1729541822753{margin-bottom: 0px !important;background-color: #ffffff !important;}\u00bb el_class=\u00bb.about-us .info\u00bb]<\/p>\n<h2>Nuestra misi\u00f3n.<\/h2>\n<p>Nuestra misi\u00f3n es simple pero ambiciosa:<\/p>\n<ol>\n<li>Ofrecerte una silla ergon\u00f3mica, de alta calidad con dise\u00f1o excepcional.<\/li>\n<li>Apoyarte durante largas horas sentadas y mejorar tu rendimiento.<\/li>\n<li>Traerte alegr\u00eda cada vez que mires tu silla.<\/li>\n<li>Crear productos que resistan el paso del tiempo.<\/li>\n<\/ol>\n<p><strong>Pero no se trata solo del producto final. Estamos comprometidos a divertirnos durante todo el proceso &#8211; desde el dise\u00f1o y la fabricaci\u00f3n hasta la entrega. Creemos que cuando disfrutamos lo que hacemos, se refleja en la calidad de nuestros productos y la satisfacci\u00f3n de nuestros clientes.<\/strong>[\/vc_column_text][vc_column_text css=\u00bb.vc_custom_1729542376551{margin-bottom: 0px !important;background-color: #e3e3e3 !important;}\u00bb el_class=\u00bb.about-us .info\u00bb]<\/p>\n<h2>Nuestros valores.<\/h2>\n<p>En el n\u00facleo de Paradox Gaming est\u00e1n nuestros principios gu\u00eda:<\/p>\n<ol>\n<li><strong>Innovaci\u00f3n<\/strong>: Constantemente empujamos los l\u00edmites del dise\u00f1o y funcionalidad de sillas.<\/li>\n<li><strong>Calidad<\/strong>: Nunca comprometemos en los materiales o la artesan\u00eda de nuestros productos.<\/li>\n<li><strong>Satisfacci\u00f3n del cliente<\/strong>: Tu comodidad y felicidad son nuestras prioridades principales.<\/li>\n<li><strong>Sostenibilidad<\/strong>: Estamos comprometidos con pr\u00e1cticas de fabricaci\u00f3n responsables con el medio ambiente.<\/li>\n<li><strong>Transparencia<\/strong>: Creemos en la comunicaci\u00f3n abierta con nuestros clientes y socios.<\/li>\n<\/ol>\n<p class=\"motto\"><strong>Estos valores informan cada decisi\u00f3n que tomamos, desde elecciones de dise\u00f1o hasta pr\u00e1cticas de servicio al cliente.<\/strong><\/p>\n<p>[\/vc_column_text][vc_column_text css=\u00bb.vc_custom_1729544085070{margin-bottom: 0px !important;background-color: #ffffff !important;}\u00bb el_class=\u00bb.about-us .info\u00bb]<\/p>\n<h3>Parte del grupo eco24.<\/h3>\n<p>Como parte del grupo eco24, Paradox se beneficia de una misi\u00f3n m\u00e1s amplia: crear productos innovadores, sostenibles y orientados al dise\u00f1o en una gama de industrias.[\/vc_column_text][vc_column_text css=\u00bb.vc_custom_1729542300549{margin-bottom: 0px !important;background-color: #bf403a !important;}\u00bb el_class=\u00bb.about-us .info .info&#8211;center .info&#8211;white\u00bb]<\/p>\n<h2>\u00danete a la revoluci\u00f3n Paradox.<\/h2>\n<p>\u00bfListo para experimentar la mezcla perfecta de estilo, comodidad y funcionalidad?<br \/>\nExplora nuestra gama de sillas gaming Paradox y encuentra la que te habla.<\/p>\n<p>\u00bfTienes preguntas o necesitas asistencia? Nuestro equipo siempre est\u00e1 aqu\u00ed para ayudar.<br \/>\nCont\u00e1ctanos hoy y empecemos una conversaci\u00f3n sobre tu silla perfecta<br \/>\nen <a href=\"mailto:hello@paradox24.com\">hello@paradox24.com<\/a><\/p>\n<p class=\"motto\"><strong>\u00a1Bienvenido a Paradox \u2013 donde la comodidad se encuentra con el estilo, y la funci\u00f3n con la forma!<\/strong><\/p>\n<p>[\/vc_column_text][\/vc_column][\/vc_row]<\/p>\n<\/div>","protected":false},"excerpt":{"rendered":"<p>[vc_row full_width=\u00bbstretch_row_content_no_spaces\u00bb el_class=\u00bbsupro-no-padding-left supro-no-padding-right\u00bb][vc_column][vc_column_text css=\u00bb.vc_custom_1729797872336{margin-bottom: 0px !important;}\u00bb] \u00a1Hey! \u00a1Somos Paradox! Creamos asientos de alto rendimiento para ayudarte a maximizar tu potencial tanto en el trabajo como en el juego. Nuestros dise\u00f1os combinan soporte ergon\u00f3mico, calidad premium y est\u00e9tica inspiradora para elevar cualquier espacio. [\/vc_column_text][vc_column_text css=\u00bb.vc_custom_1729798099020{margin-bottom: 0px !important;background-color: #222222 !important;}\u00bb el_class=\u00bb.about-us .info .info&#8211;white\u00bb] Qui\u00e9nes somos. En [&hellip;]<\/p>\n","protected":false},"author":2,"featured_media":0,"parent":0,"menu_order":0,"comment_status":"closed","ping_status":"closed","template":"template-fullwidth.php","meta":{"footnotes":""},"class_list":["post-30619","page","type-page","status-publish","hentry","no-thumb"],"_links":{"self":[{"href":"https:\/\/paradox24.com\/es\/wp-json\/wp\/v2\/pages\/30619","targetHints":{"allow":["GET"]}}],"collection":[{"href":"https:\/\/paradox24.com\/es\/wp-json\/wp\/v2\/pages"}],"about":[{"href":"https:\/\/paradox24.com\/es\/wp-json\/wp\/v2\/types\/page"}],"author":[{"embeddable":true,"href":"https:\/\/paradox24.com\/es\/wp-json\/wp\/v2\/users\/2"}],"replies":[{"embeddable":true,"href":"https:\/\/paradox24.com\/es\/wp-json\/wp\/v2\/comments?post=30619"}],"version-history":[{"count":5,"href":"https:\/\/paradox24.com\/es\/wp-json\/wp\/v2\/pages\/30619\/revisions"}],"predecessor-version":[{"id":30771,"href":"https:\/\/paradox24.com\/es\/wp-json\/wp\/v2\/pages\/30619\/revisions\/30771"}],"wp:attachment":[{"href":"https:\/\/paradox24.com\/es\/wp-json\/wp\/v2\/media?parent=30619"}],"curies":[{"name":"wp","href":"https:\/\/api.w.org\/{rel}","templated":true}]}}