{"id":12663,"date":"2024-07-25T08:58:11","date_gmt":"2024-07-25T07:58:11","guid":{"rendered":"https:\/\/paradox24.com\/privacy-policy\/"},"modified":"2025-02-04T23:09:56","modified_gmt":"2025-02-04T21:09:56","slug":"privacy-policy","status":"publish","type":"page","link":"https:\/\/paradox24.com\/es\/privacy-policy\/","title":{"rendered":"Pol\u00edtica de privacidad"},"content":{"rendered":"<p><\/p><h2 class=\"wp-block-heading\">\u00a1Estimado usuario!<\/h2><p>Nos preocupamos por su privacidad y deseamos que se sienta c\u00f3modo al utilizar nuestros servicios. Por lo tanto, a continuaci\u00f3n le presentamos la informaci\u00f3n m\u00e1s relevante sobre la pol\u00edtica de procesamiento de sus datos personales y sobre las cookies que utiliza nuestra Tienda. Esta informaci\u00f3n ha sido preparada en conformidad con el RGPD, es decir, el Reglamento General de Protecci\u00f3n de Datos.  <\/p><h2 class=\"wp-block-heading\">RESPONSABLE DEL TRATAMIENTO DE DATOS PERSONALES<\/h2><p>ECO24 SP\u00d3\u0141KA Z OGRANICZON\u0104 ODPOWIEDZIALNO\u015aCI\u0104 con domicilio social en ul. Algierska 17K, 03-977 Varsovia, Polonia, inscrita en el Registro Nacional Judicial &#8211; Registro de Empresarios por el S\u0104D REJONOWY DLA M.ST.WARSZAWY W WARSZAWIE, XIII WYDZIA\u0141 GOSPODARCZY KRAJOWEGO REJESTRU S\u0104DOWEGO, bajo el n\u00famero KRS (Registro Nacional Judicial) 0001061741, N\u00famero de Identificaci\u00f3n Fiscal de la Uni\u00f3n Europea PL5214039048, n\u00famero REGON (Registro Oficial Nacional de Empresas) 52659871100000, capital inicial de 100000,00 PLN. <\/p><p>Si desea ponerse en contacto con nosotros en relaci\u00f3n con el procesamiento de sus datos personales, por favor, env\u00edenos un correo electr\u00f3nico a: contact@paradox24.com.<\/p><h2 class=\"wp-block-heading\">SUS DERECHOS<\/h2><p>Usted tiene derecho a solicitar:<\/p><ul class=\"wp-block-list\"><li>acceso a sus datos personales, incluida la obtenci\u00f3n de una copia de sus datos (Art\u00edculo 15 del RGPD o, si procede, Art\u00edculo 13, apartado 1, letra f) del RGPD),<\/li>\n\n<li>su rectificaci\u00f3n (Art\u00edculo 16 del RGPD),<\/li>\n\n<li>su supresi\u00f3n (Art\u00edculo 17 del RGPD),<\/li>\n\n<li>la limitaci\u00f3n de su tratamiento (Art\u00edculo 18 del RGPD),<\/li>\n\n<li>la transferencia de datos a otro responsable del tratamiento (Art\u00edculo 20 del RGPD),<\/li><\/ul><p>y el derecho a:<\/p><ul class=\"wp-block-list\"><li>oponerse al tratamiento de sus datos personales en cualquier momento:<ul class=\"wp-block-list\"><li>por motivos relacionados con su situaci\u00f3n particular &#8211; en lo que respecta al tratamiento de sus datos personales basado en el Art\u00edculo 6, apartado 1, letra f) del RGPD (es decir, los intereses leg\u00edtimos perseguidos por nosotros);<\/li>\n\n<li>si sus datos personales son tratados con fines de mercadotecnia directa, en la medida en que dicho tratamiento est\u00e9 relacionado con dicha mercadotecnia directa (Art\u00edculo 21, apartado 2 del RGPD).<\/li><\/ul><\/li><\/ul><p>P\u00f3ngase en contacto con nosotros si desea ejercer sus derechos. Puede oponerse a nuestro uso de cookies (sobre las que leer\u00e1 a continuaci\u00f3n) en particular mediante la configuraci\u00f3n adecuada de su navegador. <\/p><p>Si considera que sus datos est\u00e1n siendo tratados de manera il\u00edcita, puede presentar una reclamaci\u00f3n ante la autoridad de protecci\u00f3n de datos competente.<\/p><h2 class=\"wp-block-heading\">DATOS PERSONALES Y PRIVACIDAD<\/h2><p>Sus datos son tratados por nosotros con fines relacionados con el funcionamiento de la Tienda y la prestaci\u00f3n de los servicios ofrecidos en ella. A continuaci\u00f3n encontrar\u00e1 informaci\u00f3n detallada sobre el tratamiento de sus datos en funci\u00f3n de sus actividades. <\/p><h3 class=\"wp-block-heading\">1. Realizaci\u00f3n de un pedido en la Tienda &#8211; Parte 1<\/h3><figure class=\"wp-block-table\"><table class=\"has-fixed-layout\"><tbody><tr><th>\u00bfCon qu\u00e9 fin procesamos sus datos?<\/th><\/tr><tr><td>para procesar su pedido<\/td><\/tr><tr><th>\u00bfSobre qu\u00e9 base procesamos sus datos?<\/th><\/tr><tr><td>un contrato de venta (Art\u00edculo 6, apartado 1, letra b) del RGPD)<\/td><td>obligaci\u00f3n legal, relacionada con la contabilidad, que nos obliga a tratar sus datos personales (Art\u00edculo 6, apartado 1, letra c) del RGPD)<\/td><\/tr><tr><th>\u00bfDurante cu\u00e1nto tiempo procesaremos sus datos?<\/th><\/tr><tr><td>durante la vigencia del contrato mencionado<\/td><td>hasta la expiraci\u00f3n de nuestras obligaciones legales relacionadas con la contabilidad<\/td><\/tr><tr><td>adem\u00e1s, sus datos ser\u00e1n procesados hasta el vencimiento del per\u00edodo durante el cual se pueden presentar reclamaciones &#8211; ya sea por usted o por nosotros<br\/>(consulte la \u00faltima tabla de esta secci\u00f3n para obtener m\u00e1s informaci\u00f3n)<\/td><\/tr><tr><th>\u00bfQu\u00e9 sucede si no proporciona los datos?<\/th><\/tr><tr><td>no podr\u00e1 realizar un pedido<\/td><\/tr><\/tbody><\/table><\/figure><h3 class=\"wp-block-heading\">2. Realizaci\u00f3n de un pedido en la Tienda &#8211; Parte 2<\/h3><figure class=\"wp-block-table\"><table class=\"has-fixed-layout\"><tbody><tr><th>\u00bfCon qu\u00e9 fin procesamos sus datos?<\/th><\/tr><tr><td>mejorar la calidad de nuestros servicios gracias a los comentarios proporcionados por los Usuarios a trav\u00e9s del servicio de encuesta de satisfacci\u00f3n<\/td><\/tr><tr><th>\u00bfSobre qu\u00e9 base procesamos sus datos?<\/th><\/tr><tr><td>nuestro inter\u00e9s leg\u00edtimo en el tratamiento de sus datos con el fin de realizar encuestas sobre su satisfacci\u00f3n con nuestros servicios (Art\u00edculo 6, apartado 1, letra f) del RGPD)<\/td><\/tr><tr><th>\u00bfDurante cu\u00e1nto tiempo procesaremos sus datos?<\/th><\/tr><tr><td>si no proporciona comentarios, durante un per\u00edodo de 30 d\u00edas desde su compra o hasta que tengamos en cuenta su oposici\u00f3n al tratamiento; y si proporciona comentarios &#8211; hasta que sean eliminados o hasta que tengamos en cuenta su oposici\u00f3n al tratamiento*<\/td><\/tr><tr><td>adem\u00e1s, sus datos ser\u00e1n procesados hasta el vencimiento del per\u00edodo durante el cual se pueden presentar reclamaciones &#8211; ya sea por usted o por nosotros<br\/>(consulte la \u00faltima tabla de esta secci\u00f3n para obtener m\u00e1s informaci\u00f3n)<\/td><\/tr><tr><th>\u00bfQu\u00e9 sucede si no proporciona los datos?<\/th><\/tr><tr><td>no tendremos en cuenta su opini\u00f3n sobre nuestros servicios en el desarrollo posterior de nuestros servicios<\/td><\/tr><\/tbody><\/table><\/figure><p>*lo que sea aplicable en cada caso particular<\/p><h3 class=\"wp-block-heading\">3. Creaci\u00f3n de una cuenta en la Tienda<\/h3><figure class=\"wp-block-table\"><table class=\"has-fixed-layout\"><tbody><tr><th>\u00bfCon qu\u00e9 fin procesamos sus datos?<\/th><\/tr><tr><td>para ejecutar un contrato de prestaci\u00f3n de una cuenta en la Tienda<\/td><\/tr><tr><th>\u00bfSobre qu\u00e9 base procesamos sus datos?<\/th><\/tr><tr><td>un contrato de prestaci\u00f3n de servicios (Art\u00edculo 6, apartado 1, letra b) del RGPD)<\/td><\/tr><tr><th>\u00bfDurante cu\u00e1nto tiempo procesaremos sus datos?<\/th><\/tr><tr><td>durante la vigencia del contrato mencionado<\/td><\/tr><tr><td>adem\u00e1s, sus datos ser\u00e1n procesados hasta el vencimiento del per\u00edodo durante el cual se pueden presentar reclamaciones &#8211; ya sea por usted o por nosotros<br\/>(consulte la \u00faltima tabla de esta secci\u00f3n para obtener m\u00e1s informaci\u00f3n)<\/td><\/tr><tr><th>\u00bfQu\u00e9 sucede si no proporciona los datos?<\/th><\/tr><tr><td>no podr\u00e1 crear una cuenta ni utilizar sus funciones, como ver el historial de sus pedidos o comprobar el estado de su pedido<\/td><\/tr><\/tbody><\/table><\/figure><h3 class=\"wp-block-heading\">4. Contacto con nosotros (por ejemplo, para hacer una pregunta)<\/h3><figure class=\"wp-block-table\"><table class=\"has-fixed-layout\"><tbody><tr><th>\u00bfCon qu\u00e9 fin procesamos sus datos?<\/th><\/tr><tr><td>para responder a sus consultas o solicitudes<\/td><\/tr><tr><th>\u00bfSobre qu\u00e9 base procesamos sus datos?<\/th><\/tr><tr><td>un contrato o acciones realizadas a su solicitud antes de celebrar un contrato (Art\u00edculo 6, apartado 1, letra b) del RGPD) &#8211; si su consulta o solicitud se refiere a un contrato del que somos o podemos ser parte<\/td><td>nuestro inter\u00e9s leg\u00edtimo en procesar sus datos con el fin de comunicarnos con usted (Art\u00edculo 6, secci\u00f3n 1(f) del RGPD) &#8211; si su consulta o solicitud no est\u00e1 relacionada con un contrato<\/td><\/tr><tr><th>\u00bfDurante cu\u00e1nto tiempo procesaremos sus datos?<\/th><\/tr><tr><td>durante la vigencia del contrato que nos vincula o, si no se celebra ning\u00fan contrato, hasta el vencimiento del plazo de reclamaci\u00f3n &#8211; v\u00e9ase la \u00faltima tabla de esta secci\u00f3n<\/td><td>hasta el vencimiento del plazo de reclamaci\u00f3n &#8211; v\u00e9ase la \u00faltima tabla de esta secci\u00f3n o hasta que hayamos tenido en cuenta su objeci\u00f3n al procesamiento*<\/td><\/tr><tr><td>adem\u00e1s, sus datos ser\u00e1n procesados hasta el vencimiento del per\u00edodo durante el cual se pueden presentar reclamaciones &#8211; ya sea por usted o por nosotros<br\/>(consulte la \u00faltima tabla de esta secci\u00f3n para obtener m\u00e1s informaci\u00f3n)<\/td><\/tr><tr><th>\u00bfQu\u00e9 sucede si no proporciona los datos?<\/th><\/tr><tr><td>no podremos responder a su consulta o solicitud<\/td><\/tr><\/tbody><\/table><\/figure><p>*lo que sea aplicable en un caso particular<br\/><\/p><h3 class=\"wp-block-heading\">5. Configuraci\u00f3n del navegador u otra acci\u00f3n similar que permita actividades anal\u00edticas<\/h3><figure class=\"wp-block-table\"><table class=\"has-fixed-layout\"><tbody><tr><th>\u00bfCon qu\u00e9 fin procesamos sus datos?<\/th><\/tr><tr><td>para analizar c\u00f3mo utiliza y navega por la Tienda con el fin de mejorar su funcionalidad<br\/>(lea m\u00e1s en las secciones de \u201cAn\u00e1lisis\u201d y \u201cCookies\u201d de nuestra Pol\u00edtica de Privacidad)<\/td><\/tr><tr><th>\u00bfSobre qu\u00e9 base procesamos sus datos?<\/th><\/tr><tr><td>nuestro inter\u00e9s leg\u00edtimo en procesar los datos para el prop\u00f3sito mencionado anteriormente<br\/>(Art\u00edculo 6, secci\u00f3n 1(f) del RGPD)<\/td><\/tr><tr><th>\u00bfDurante cu\u00e1nto tiempo procesaremos sus datos?<\/th><\/tr><tr><td>hasta que las cookies utilizadas con fines anal\u00edticos expiren o sean eliminadas por usted*<\/td><\/tr><tr><th>\u00bfQu\u00e9 sucede si no proporciona los datos?<\/th><\/tr><tr><td>no tendremos en cuenta la forma en que utiliza y navega por la Tienda al trabajar en su desarrollo<\/td><\/tr><\/tbody><\/table><\/figure><p>*lo que sea aplicable en un caso particular<br\/><\/p><h3 class=\"wp-block-heading\">6. Su consentimiento para recibir contenido de marketing de nuestra parte (por ejemplo, informaci\u00f3n sobre ofertas especiales)<\/h3><figure class=\"wp-block-table\"><table class=\"has-fixed-layout\"><tbody><tr><th>\u00bfCon qu\u00e9 fin procesamos sus datos?<\/th><\/tr><tr><td>para enviar informaci\u00f3n de marketing, especialmente ofertas especiales<\/td><td>para analizar la efectividad de los mensajes que enviamos, con el fin de establecer principios generales para una comunicaci\u00f3n eficaz en nuestra actividad comercial<br\/>(lea m\u00e1s en la secci\u00f3n de \u201cActividades anal\u00edticas\u201d de la Pol\u00edtica de Privacidad)<\/td><\/tr><tr><th>\u00bfSobre qu\u00e9 base procesamos sus datos?<\/th><\/tr><tr><td>su consentimiento para nuestras actividades de marketing (Art\u00edculo 6, secci\u00f3n 1(a) del RGPD)<\/td><td>nuestro inter\u00e9s leg\u00edtimo en procesar los datos para el prop\u00f3sito mencionado anteriormente<br\/>(Art\u00edculo 6, secci\u00f3n 1(f) del RGPD)<\/td><\/tr><tr><th>\u00bfDurante cu\u00e1nto tiempo procesaremos sus datos?<\/th><\/tr><tr><td>hasta que retire su consentimiento &#8211; recuerde, puede retirar su consentimiento en cualquier momento. La retirada del consentimiento no afecta a la legalidad del procesamiento basado en el consentimiento antes de su retirada. <\/td><td>hasta que hayamos tenido en cuenta su objeci\u00f3n al procesamiento<\/td><\/tr><tr><td>adem\u00e1s, sus datos ser\u00e1n procesados hasta el vencimiento del per\u00edodo durante el cual se pueden presentar reclamaciones &#8211; ya sea por usted o por nosotros<br\/>(consulte la \u00faltima tabla de esta secci\u00f3n para obtener m\u00e1s informaci\u00f3n)<\/td><\/tr><tr><th>\u00bfQu\u00e9 sucede si no proporciona los datos?<\/th><\/tr><tr><td>no recibir\u00e1 nuestros materiales de marketing, incluida informaci\u00f3n sobre nuestras ofertas especiales<\/td><\/tr><\/tbody><\/table><\/figure><h3 class=\"wp-block-heading\">7. Suscripci\u00f3n al bolet\u00edn informativo<\/h3><figure class=\"wp-block-table\"><table class=\"has-fixed-layout\"><tbody><tr><th>\u00bfCon qu\u00e9 fin procesamos sus datos?<\/th><\/tr><tr><td>para enviarle nuestro bolet\u00edn informativo<\/td><td>para analizar la efectividad de los mensajes que enviamos, con el fin de establecer principios generales para una comunicaci\u00f3n eficaz en nuestra actividad comercial<br\/>(lea m\u00e1s en la secci\u00f3n de \u201cActividades anal\u00edticas\u201d de la Pol\u00edtica de Privacidad)<\/td><\/tr><tr><th>\u00bfSobre qu\u00e9 base procesamos sus datos?<\/th><\/tr><tr><td>un contrato de servicios para el env\u00edo de un bolet\u00edn informativo (Art\u00edculo 6, secci\u00f3n 1(b) del RGPD)<\/td><td>nuestro inter\u00e9s leg\u00edtimo en procesar los datos para el prop\u00f3sito mencionado anteriormente<br\/>(Art\u00edculo 6, secci\u00f3n 1(f) del RGPD)<\/td><\/tr><tr><th>\u00bfDurante cu\u00e1nto tiempo procesaremos sus datos?<\/th><\/tr><tr><td>hasta que se d\u00e9 de baja de nuestro bolet\u00edn informativo<\/td><td>hasta que hayamos tenido en cuenta su objeci\u00f3n al procesamiento<\/td><\/tr><tr><td>adem\u00e1s, sus datos ser\u00e1n procesados hasta el vencimiento del per\u00edodo durante el cual se pueden presentar reclamaciones &#8211; ya sea por usted o por nosotros<br\/>(consulte la \u00faltima tabla de esta secci\u00f3n para obtener m\u00e1s informaci\u00f3n)<\/td><\/tr><tr><th>\u00bfQu\u00e9 sucede si no proporciona los datos?<\/th><\/tr><tr><td>no podr\u00e1 recibir informaci\u00f3n sobre la Tienda y nuestros servicios<\/td><\/tr><\/tbody><\/table><\/figure><h3 class=\"wp-block-heading\">8. Cualquier acto u omisi\u00f3n que pueda dar lugar a una reclamaci\u00f3n relacionada con la Tienda o nuestros servicios<\/h3><figure class=\"wp-block-table\"><table class=\"has-fixed-layout\"><tbody><tr><th>\u00bfCon qu\u00e9 fin procesamos sus datos?<\/th><\/tr><tr><td>para establecer, hacer valer o defender posibles reclamaciones relacionadas con el contrato celebrado o los servicios prestados<\/td><\/tr><tr><th>\u00bfSobre qu\u00e9 base procesamos sus datos?<\/th><\/tr><tr><td>nuestro inter\u00e9s leg\u00edtimo en procesar sus datos personales para el prop\u00f3sito mencionado anteriormente (Art\u00edculo 6, secci\u00f3n 1(f) del RGPD)<\/td><\/tr><tr><th>\u00bfDurante cu\u00e1nto tiempo procesaremos sus datos?<\/th><\/tr><tr><td>hasta el vencimiento del plazo de reclamaci\u00f3n o hasta que tengamos en cuenta su objeci\u00f3n al procesamiento de datos*<\/td><\/tr><tr><th>\u00bfQu\u00e9 sucede si no proporciona los datos?<\/th><\/tr><tr><td>imposibilidad de establecer, hacer valer o defender reclamaciones<\/td><\/tr><\/tbody><\/table><\/figure><p>*lo que sea aplicable en un caso particular<br\/><\/p><h2 class=\"wp-block-heading\">PUBLICACI\u00d3N DE DATOS<\/h2><p>Si elige dejar un comentario, este ser\u00e1 visible, as\u00ed como su apodo, para otros usuarios de la Tienda.<\/p><p>No divulgamos su direcci\u00f3n de correo electr\u00f3nico a otros usuarios, a menos que usted lo haga por s\u00ed mismo.<\/p><h2 class=\"wp-block-heading\">ACTIVIDADES ANAL\u00cdTICAS<\/h2><p>Como parte del sitio web de la Tienda, realizamos actividades anal\u00edticas para hacerlo m\u00e1s intuitivo y accesible &#8211; lo haremos si usted permite dichas actividades. Como parte del an\u00e1lisis, tendremos en cuenta la forma en que navega por la Tienda, por ejemplo, cu\u00e1nto tiempo pasa en una subp\u00e1gina en particular o d\u00f3nde hace clic en la Tienda. Esto nos permite optimizar el dise\u00f1o, la apariencia y el contenido de la Tienda mientras trabajamos en su desarrollo, con el fin de mejorar su funcionalidad.  <\/p><p>Adem\u00e1s, si desea recibir mensajes de marketing o boletines informativos de nuestra parte, podemos analizar la efectividad del env\u00edo que hemos realizado. Por ejemplo, podemos comprobar si y c\u00f3mo afect\u00f3 la actividad en nuestra Tienda. Tales actividades nos ayudar\u00e1n a establecer reglas generales para el env\u00edo de dichos mensajes &#8211; por ejemplo, en t\u00e9rminos de horas \u00f3ptimas de env\u00edo o determinar c\u00f3mo formular contenido efectivo.  <\/p><h2 class=\"wp-block-heading\">SEGURIDAD DE DATOS<\/h2><p>Al procesar sus datos personales, utilizamos medios organizativos y t\u00e9cnicos de acuerdo con la legislaci\u00f3n aplicable, incluyendo el cifrado de la conexi\u00f3n mediante el protocolo SSL\/TLS.<\/p><h2 class=\"wp-block-heading\">COOKIES<\/h2><p>Nuestra Tienda, como la mayor\u00eda de los sitios web, utiliza las denominadas cookies. Estas cookies: <\/p><ul class=\"wp-block-list\"><li>se guardan en la memoria de su dispositivo (ordenador, tel\u00e9fono, etc.);<\/li>\n\n<li>no modifican la configuraci\u00f3n de su dispositivo.<\/li><\/ul><p>En nuestra Tienda, las cookies se utilizan con fines:<\/p><ul class=\"wp-block-list\"><li>estad\u00edsticos,<\/li>\n\n<li>de marketing,<\/li><\/ul><p>Para aprender a gestionar las cookies, incluyendo c\u00f3mo desactivarlas en su navegador, puede utilizar el archivo de ayuda de su navegador. Puede obtener m\u00e1s informaci\u00f3n sobre esto presionando F1 en su navegador. Adem\u00e1s, encontrar\u00e1 consejos pertinentes en las siguientes p\u00e1ginas, dependiendo del navegador que est\u00e9 utilizando:  <\/p><ul class=\"wp-block-list\"><li><a href=\"https:\/\/support.google.com\/chrome\/answer\/95647?hl=en\" target=\"_blank\" rel=\"noreferrer noopener\">Google Chrome<\/a><\/li>\n\n<li><a href=\"https:\/\/help.opera.com\/en\/latest\/web-preferences\/#cookies\" target=\"_blank\" rel=\"noreferrer noopener\">Opera<\/a><\/li>\n\n<li><a href=\"https:\/\/support.apple.com\/en-gb\/guide\/safari\/sfri11471\/mac\" target=\"_blank\" rel=\"noreferrer noopener\">Safari<\/a><\/li>\n\n<li><a href=\"https:\/\/support.mozilla.org\/en-US\/kb\/cookies-information-websites-store-on-your-computer\" target=\"_blank\" rel=\"noreferrer noopener\">Mozilla Firefox<\/a><\/li>\n\n<li><a href=\"https:\/\/support.microsoft.com\/en-gb\/help\/4468242\/microsoft-edge-browsing-data-and-privacy\" target=\"_blank\" rel=\"noreferrer noopener\">Microsoft Edge<\/a><\/li><\/ul><p>A continuaci\u00f3n, encontrar\u00e1 informaci\u00f3n sobre las funciones de las cookies que procesamos y su per\u00edodo de validez.<\/p><figure class=\"wp-block-table\"><table class=\"has-fixed-layout\"><tbody><tr><th>Nombre de la cookie<\/th><th>Per\u00edodo de validez de la cookie<\/th><th>Funci\u00f3n de la cookie<\/th><\/tr><tr><td>\u201c_ga\u201d<\/td><td>duraci\u00f3n de la sesi\u00f3n<\/td><td>seguimiento de la actividad del usuario con fines estad\u00edsticos<\/td><\/tr><\/tbody><\/table><\/figure><p>Utilizando las opciones apropiadas de su navegador, puede en cualquier momento:<\/p><ul class=\"wp-block-list\"><li>eliminar las cookies,<\/li>\n\n<li>bloquear el uso de cookies en el futuro.<\/li><\/ul><p>En tales casos, dejaremos de procesarlas.<\/p><h2 class=\"wp-block-heading\">SERVICIOS EXTERNOS \/ DESTINATARIOS DE DATOS<\/h2><p>Utilizamos servicios externos para ayudarnos en nuestro negocio. Les confiamos el procesamiento de sus datos &#8211; estos procesadores solo procesan datos bajo nuestra solicitud documentada. <\/p><p>A continuaci\u00f3n encontrar\u00e1 una lista de los destinatarios de sus datos:<\/p><figure class=\"wp-block-table\"><table class=\"has-fixed-layout\"><tbody><tr><th>ACCI\u00d3N<\/th><th>DESTINATARIOS DE DATOS<\/th><th>TRANSFERENCIAS DE DATOS PERSONALES A PA\u00cdSES FUERA DE LA UNI\u00d3N EUROPEA<\/th><\/tr><tr><th rowspan=\"4\">cualquier acci\u00f3n relacionada con la Tienda<\/th><td>proveedor de alojamiento<\/td><td>no se produce<\/td><\/tr><tr><td>entidad que nos proporciona soporte t\u00e9cnico\/inform\u00e1tico<\/td><td>no se produce<\/td><\/tr><tr><td>personas que colaboran con nosotros en base a contratos de derecho civil, apoyando nuestras actividades actuales<\/td><td>no se produce<\/td><\/tr><tr><td>proveedor de software de ventas<\/td><td>no se produce<\/td><\/tr><tr><th>visitar la Tienda con configuraciones que permiten realizar actividades de marketing<\/th><td>proveedor de servicios de marketing<\/td><td>no se produce<\/td><\/tr><tr><th>visitar la Tienda con configuraciones que permiten realizar actividades anal\u00edticas<\/th><td>entidad que permite actividades anal\u00edticas en la Tienda<\/td><td>no se produce<\/td><\/tr><tr><th rowspan=\"7\">realizar un pedido en la Tienda<\/th><td>procesador de pagos<\/td><td>no se produce<\/td><\/tr><tr><td>entidad que le suministra el producto<\/td><td>no se produce<\/td><\/tr><tr><td>proveedor del software de facilitaci\u00f3n empresarial (por ejemplo, software de contabilidad)<\/td><td>no se produce<\/td><\/tr><tr><td>proveedor del software de oficina est\u00e1ndar (incluyendo buzones de correo electr\u00f3nico)<\/td><td>no se produce<\/td><\/tr><tr><td>el mayorista<\/td><td>no se produce<\/td><\/tr><tr><td>oficina de contabilidad<\/td><td>no se produce<\/td><\/tr><tr><td>proveedor de servicios de pago a plazos<\/td><td>no se produce<\/td><\/tr><tr><th>suscribirse al bolet\u00edn informativo o consentir el marketing<\/th><td>entidad que proporciona servicios de bolet\u00edn informativo o mensajer\u00eda de marketing<\/td><td>no se produce<\/td><\/tr><tr><th>uso del chat en l\u00ednea disponible en la Tienda<\/th><td>proveedor del chat en l\u00ednea disponible en la Tienda<\/td><td>no se produce<\/td><\/tr><tr><th>su uso de los servicios que se nos proporcionan en relaci\u00f3n con la Tienda a trav\u00e9s de plataformas de redes sociales<\/th><td>plataformas de redes sociales<\/td><td>no se produce<\/td><\/tr><tr><th>participar en una encuesta de satisfacci\u00f3n sobre nuestros servicios o productos<\/th><td>entidades que permiten la publicaci\u00f3n de opiniones sobre la Tienda o productos y su comparaci\u00f3n<\/td><td>no se produce<\/td><\/tr><tr><th>contactarnos (por ejemplo, para hacer una pregunta)<\/th><td>proveedor del software de oficina est\u00e1ndar (incluyendo buzones de correo electr\u00f3nico)<\/td><td>no se produce<\/td><\/tr><\/tbody><\/table><\/figure><p>Adicionalmente:<\/p><p>autoridades p\u00fablicas pertinentes en la medida en que estemos obligados a proporcionarles los datos.<\/p>","protected":false},"excerpt":{"rendered":"<p>\u00a1Estimado usuario! Nos preocupamos por su privacidad y deseamos que se sienta c\u00f3modo al utilizar nuestros servicios. Por lo tanto, a continuaci\u00f3n le presentamos la informaci\u00f3n m\u00e1s relevante sobre la pol\u00edtica de procesamiento de sus datos personales y sobre las cookies que utiliza nuestra Tienda. Esta informaci\u00f3n ha sido preparada en conformidad con el RGPD, [&hellip;]<\/p>\n","protected":false},"author":2,"featured_media":0,"parent":0,"menu_order":0,"comment_status":"closed","ping_status":"closed","template":"","meta":{"footnotes":""},"class_list":["post-12663","page","type-page","status-publish","hentry","no-thumb"],"_links":{"self":[{"href":"https:\/\/paradox24.com\/es\/wp-json\/wp\/v2\/pages\/12663","targetHints":{"allow":["GET"]}}],"collection":[{"href":"https:\/\/paradox24.com\/es\/wp-json\/wp\/v2\/pages"}],"about":[{"href":"https:\/\/paradox24.com\/es\/wp-json\/wp\/v2\/types\/page"}],"author":[{"embeddable":true,"href":"https:\/\/paradox24.com\/es\/wp-json\/wp\/v2\/users\/2"}],"replies":[{"embeddable":true,"href":"https:\/\/paradox24.com\/es\/wp-json\/wp\/v2\/comments?post=12663"}],"version-history":[{"count":0,"href":"https:\/\/paradox24.com\/es\/wp-json\/wp\/v2\/pages\/12663\/revisions"}],"wp:attachment":[{"href":"https:\/\/paradox24.com\/es\/wp-json\/wp\/v2\/media?parent=12663"}],"curies":[{"name":"wp","href":"https:\/\/api.w.org\/{rel}","templated":true}]}}