{"id":12649,"date":"2024-07-25T08:58:12","date_gmt":"2024-07-25T07:58:12","guid":{"rendered":"https:\/\/paradox24.com\/politica-de-devoluciones\/"},"modified":"2026-01-12T21:43:12","modified_gmt":"2026-01-12T20:43:12","slug":"politica-de-devoluciones","status":"publish","type":"page","link":"https:\/\/paradox24.com\/es\/politica-de-devoluciones\/","title":{"rendered":"Pol\u00edtica de devoluciones"},"content":{"rendered":"<div class=\"wpb-content-wrapper\"><p>[vc_row][vc_column][vc_column_text css=\u00bb\u00bb]<\/p>\n<p>Tenemos una pol\u00edtica de devoluci\u00f3n de 100 d\u00edas, lo que significa que tiene 100 d\u00edas despu\u00e9s de recibir su art\u00edculo para solicitar una devoluci\u00f3n.<\/p>\n<p>Para iniciar una devoluci\u00f3n, puede contactarnos en <a href=\"mailto:hello@paradox24.com\">hello@paradox24.com<\/a>. Tenga en cuenta que las devoluciones deber\u00e1n enviarse a la siguiente direcci\u00f3n: Omnipack Fulfillment Center, nave DC04 muelle 55, Aleja Katowicka 66, 05-830 Nadarzyn, Poland.<\/p>\n<p>El coste de la devoluci\u00f3n corre a cargo del cliente (no ofrecemos devoluciones gratuitas). No se aceptar\u00e1n art\u00edculos devueltos sin haber solicitado primero una devoluci\u00f3n.<\/p>\n<p>Siempre puede contactarnos para cualquier pregunta sobre devoluciones en <a href=\"mailto:hello@paradox24.com\">hello@paradox24.com.<\/a><\/p>\n<p><strong>Da\u00f1os y problemas<\/strong><br \/>Por favor, inspeccione su pedido al recibirlo y cont\u00e1ctenos inmediatamente si el art\u00edculo est\u00e1 defectuoso, da\u00f1ado o si recibe el art\u00edculo equivocado, para que podamos evaluar el problema y solucionarlo.<\/p>\n<p><strong>Excepciones \/ art\u00edculos no retornables<\/strong><br \/>Ciertos tipos de art\u00edculos no pueden ser devueltos, como productos perecederos (como alimentos, flores o plantas), productos personalizados (como pedidos especiales o art\u00edculos personalizados) y productos de cuidado personal (como productos de belleza). Tampoco aceptamos devoluciones de materiales peligrosos, l\u00edquidos inflamables o gases. P\u00f3ngase en contacto con nosotros si tiene preguntas o inquietudes sobre su art\u00edculo espec\u00edfico.<\/p>\n<p><strong>Exchanges<\/strong><br \/>La forma m\u00e1s r\u00e1pida de asegurarse de obtener lo que desea es devolver el art\u00edculo que tiene y, una vez que se acepte la devoluci\u00f3n, realizar una compra separada para el nuevo art\u00edculo.<\/p>\n<p><strong>Uni\u00f3n Europea \u2013 Per\u00edodo de reflexi\u00f3n de 14 d\u00edas<\/strong><br \/>No obstante lo anterior, si la mercanc\u00eda se env\u00eda a la Uni\u00f3n Europea, tiene derecho a cancelar o devolver su pedido dentro de los 14 d\u00edas, por cualquier motivo y sin justificaci\u00f3n.<\/p>\n<p>[\/vc_column_text][\/vc_column][\/vc_row]<\/p>\n<\/div>","protected":false},"excerpt":{"rendered":"<p>[vc_row][vc_column][vc_column_text css=\u00bb\u00bb] Tenemos una pol\u00edtica de devoluci\u00f3n de 100 d\u00edas, lo que significa que tiene 100 d\u00edas despu\u00e9s de recibir su art\u00edculo para solicitar una devoluci\u00f3n. Para iniciar una devoluci\u00f3n, puede contactarnos en hello@paradox24.com. Tenga en cuenta que las devoluciones deber\u00e1n enviarse a la siguiente direcci\u00f3n: Omnipack Fulfillment Center, nave DC04 muelle 55, Aleja Katowicka [&hellip;]<\/p>\n","protected":false},"author":2,"featured_media":0,"parent":0,"menu_order":0,"comment_status":"closed","ping_status":"closed","template":"","meta":{"footnotes":""},"class_list":["post-12649","page","type-page","status-publish","hentry","no-thumb"],"_links":{"self":[{"href":"https:\/\/paradox24.com\/es\/wp-json\/wp\/v2\/pages\/12649","targetHints":{"allow":["GET"]}}],"collection":[{"href":"https:\/\/paradox24.com\/es\/wp-json\/wp\/v2\/pages"}],"about":[{"href":"https:\/\/paradox24.com\/es\/wp-json\/wp\/v2\/types\/page"}],"author":[{"embeddable":true,"href":"https:\/\/paradox24.com\/es\/wp-json\/wp\/v2\/users\/2"}],"replies":[{"embeddable":true,"href":"https:\/\/paradox24.com\/es\/wp-json\/wp\/v2\/comments?post=12649"}],"version-history":[{"count":4,"href":"https:\/\/paradox24.com\/es\/wp-json\/wp\/v2\/pages\/12649\/revisions"}],"predecessor-version":[{"id":26992,"href":"https:\/\/paradox24.com\/es\/wp-json\/wp\/v2\/pages\/12649\/revisions\/26992"}],"wp:attachment":[{"href":"https:\/\/paradox24.com\/es\/wp-json\/wp\/v2\/media?parent=12649"}],"curies":[{"name":"wp","href":"https:\/\/api.w.org\/{rel}","templated":true}]}}