{"id":10758,"date":"2025-01-10T23:31:41","date_gmt":"2025-01-10T22:31:41","guid":{"rendered":"https:\/\/paradox24.com\/coleccion-ultimate\/"},"modified":"2026-02-23T23:41:00","modified_gmt":"2026-02-23T22:41:00","slug":"coleccion-ultimate","status":"publish","type":"page","link":"https:\/\/paradox24.com\/es\/coleccion-ultimate\/","title":{"rendered":"Colecci\u00f3n Ultimate"},"content":{"rendered":"<div class=\"wpb-content-wrapper\"><p>[vc_row full_width=\u00bbstretch_row_content_no_spaces\u00bb][vc_column][vc_raw_html css=\u00bb\u00bb]ICAgIDxkaXYgY2xhc3M9Im1haW4tbGFuZGluZyI+CiAgICAgICAgPGRpdiBjbGFzcz0ibWFpbi1sYW5kaW5nX19jb250ZW50Ij4KICAgICAgICAgICAgPGgyPkxhIGVsZWNjacOzbjwvaDI+CiAgICAgICAgICAgIDxwPmRlIGxvcyBwcm9mZXNpb25hbGVzPC9wPgogICAgICAgICAgICA8aW1nIHNyYz0iL3dwLWNvbnRlbnQvdXBsb2Fkcy8yMDI0LzEyL3VsdGltYXRlLnN2ZyI+CiAgICAgICAgPC9kaXY+CiAgICAgICAgPGltZyBjbGFzcz0ibWFpbi1sYW5kaW5nX19iYWNrZ3JvdW5kIiBzcmM9Ii93cC1jb250ZW50L3VwbG9hZHMvMjAyNS8wMS91bHRpbWF0ZS1jb2xsZWN0aW9uLnBuZyI+CiAgICAgICAgPGltZyBjbGFzcz0ibWFpbi1sYW5kaW5nX19iYWNrZ3JvdW5kIG1haW4tbGFuZGluZ19fYmFja2dyb3VuZC0tbW9iaWxlIiBzcmM9Ii93cC1jb250ZW50L3VwbG9hZHMvMjAyNS8wMS91bHRpbWF0ZS1jb2xsZWN0aW9uLW1vYmlsZS5wbmciPgogICAgPC9kaXY+Cg==[\/vc_raw_html][\/vc_column][\/vc_row][vc_row full_width=\u00bbstretch_row_content_no_spaces\u00bb el_class=\u00bbcollection-container collection-container&#8211;black\u00bb][vc_column][vc_raw_html css=\u00bb\u00bb]PGRpdiBjbGFzcz0iY29sbGVjdGlvbi1zbG9nYW4iPgogICA8aDE+Q29sZWNjacOzbiBQYXJhZG94IFVsdGltYXRlPC9oMT4KICAgPHA+QXNpZW50b3MgcGFyYSBtYXhpbWl6YXIgdHUgcG90ZW5jaWFsIHRhbnRvIGVuIGVsIHRyYWJham8gY29tbyBlbiBlbCBqdWVnby48L3A+CiAgIDxwPkRpc2XDsW8gbWluaW1hbGlzdGEgeSBhdGVtcG9yYWw8L3A+CiAgIDxwIGNsYXNzPSJjb2xsZWN0aW9uLXNsb2dhbi0tc21hbGwiPkVsZWdhbnRlIHkgZGlzY3JldG8sIHNlIGludGVncmEgc2luIGVzZnVlcnpvIGVuIGN1YWxxdWllciBjb25maWd1cmFjacOzbiBwcm9mZXNpb25hbCBvIGdhbWluZyBkZSBhbHRhIGdhbWEuPC9wPgo8L2Rpdj4=[\/vc_raw_html][vc_raw_html css=\u00bb\u00bb]CiAgICA8ZGl2IGNsYXNzPSJjb2xsZWN0aW9uLWluZm8iPgogICAgICAgIAogICAgICAgIDxkaXYgY2xhc3M9ImNvbGxlY3Rpb24taW5mb19fY29udGVudCBjb2xsZWN0aW9uLWluZm9fX2xvZ28iPgogICAgICAgICAgICA8aW1nIHNyYz0iL3dwLWNvbnRlbnQvdXBsb2Fkcy8yMDI1LzAxL3VsdGltYXRlLWx1bmFyLXRyYWNlLnN2ZyI+CiAgICAgICAgPC9kaXY+CiAgICAgICAgCiAgICAgICAgPGltZyBjbGFzcz0iY29sbGVjdGlvbi1pbmZvX19pbWFnZSBjb2xsZWN0aW9uLWluZm9fX2ltYWdlLS1tb2JpbGUiIHNyYz0iL3dwLWNvbnRlbnQvdXBsb2Fkcy8yMDI1LzAxL3VsdGltYXRlLWVzc2VudGlhbC1tb2JpbGUucG5nIj4KICAgIAogICAgICAgIDxkaXYgY2xhc3M9ImNvbGxlY3Rpb24taW5mb19fY29udGVudCI+CiAgICAgICAgICAgIDxoMj5MbyBlc2VuY2lhbCBwYXJhIGVsIHByb2Zlc2lvbmFsPC9oMj4KICAgICAgICAgICAgPHA+RG9uZGUgZWwgZGlzZcOxbyBtaW5pbWFsaXN0YSBzZSBlbmN1ZW50cmEgY29uIGxhIGFydGVzYW7DrWEgc2luIGNvbXByb21pc29zLiBMYSBTZXJpZSBVbHRpbWF0ZSBlbmNhcm5hIGxhIGNvbmZpYW56YSBzaWxlbmNpb3NhIGRlIHF1aWVuZXMgbGlkZXJhbiBhIHRyYXbDqXMgZGUgbGEgZXhjZWxlbmNpYS4gPC9wPgogICAgICAgICAgICAgW3Byb2R1Y3RfdXJsIGlkPSIzOTEzIiBuYW1lPSJNw6FzIGluZm9ybWFjacOzbiIgY2xhc3M9ImNvbGxlY3Rpb24taW5mb19fYWN0aW9uIiAvXQogICAgICAgIDwvZGl2PgoKICAgICAgIAogICAgICAgIDxpbWcgY2xhc3M9ImNvbGxlY3Rpb24taW5mb19faW1hZ2UiIHNyYz0iL3dwLWNvbnRlbnQvdXBsb2Fkcy8yMDI1LzAxL3VsdGltYXRlLWVzc2VudGlhbC5wbmciPgogICAgPC9kaXY+CiAgICA=[\/vc_raw_html][vc_raw_html css=\u00bb\u00bb]ICAgICAgICA8ZGl2IGNsYXNzPSJjb2xsZWN0aW9uLXRocmVlIj4KICAgICAgICAgICAgPGRpdiBjbGFzcz0iY29sbGVjdGlvbi10aHJlZV9faXRlbSI+CiAgICAgICAgICAgICAgICBbcHJvZHVjdF91cmwgaWQ9IjM5MTMiXQogICAgICAgICAgICAgICAgPGltZyBjbGFzcz0iY29sbGVjdGlvbi10aHJlZV9faW1hZ2UiIHNyYz0iL3dwLWNvbnRlbnQvdXBsb2Fkcy8yMDI1LzAxL3VsdGltYXRlLWNvbGxlY3Rpb24tY2hhaXItZ3JleS5wbmciPgogICAgICAgICAgICAgICAgWy9wcm9kdWN0X3VybF0KICAgICAgICAgICAgICAgIFtwcm9kdWN0X3VybCBpZD0iMzkxMyJdCiAgICAgICAgICAgICAgICA8aW1nIGNsYXNzPSJjb2xsZWN0aW9uLXRocmVlX19pbWFnZSBjb2xsZWN0aW9uLXRocmVlX19pbWFnZS0tbW9iaWxlIiBzcmM9Ii93cC1jb250ZW50L3VwbG9hZHMvMjAyNS8wMS91bHRpbWF0ZS1jb2xsZWN0aW9uLWNoYWlyLWdyZXktbW9iaWxlLnBuZyI+CiAgICAgICAgICAgICAgICBbL3Byb2R1Y3RfdXJsXQogICAgICAgICAgICAgICAgPGRpdiBjbGFzcz0iY29sbGVjdGlvbi10aHJlZV9fYWN0aW9uIj4KICAgICAgICAgICAgICAgICAgICA8aDQ+W3Byb2R1Y3RfdXJsIGlkPSIzOTEzIiBuYW1lPSJVTFRJTUFURSBMdW5hciBUcmFjZSIgL108L2g0PgogICAgICAgICAgICAgICAgICAgIFtwcm9kdWN0X3ByaWNlIGlkPSIzOTEzIiAvXQogICAgICAgICAgICAgICAgPC9kaXY+CiAgICAgICAgICAgIDwvZGl2PgoKICAgICAgICAgICAgPGRpdiBjbGFzcz0iY29sbGVjdGlvbi10aHJlZV9faXRlbSI+CiAgICAgICAgICAgICAgICA8aW1nIGNsYXNzPSJjb2xsZWN0aW9uLXRocmVlX19pbWFnZSIgc3JjPSIvd3AtY29udGVudC91cGxvYWRzLzIwMjUvMDEvdWx0aW1hdGUtY29sbGVjdGlvbi1ncmV5LWNoYWlyLTEucG5nIj4KICAgICAgICAgICAgICAgIDxpbWcgY2xhc3M9ImNvbGxlY3Rpb24tdGhyZWVfX2ltYWdlIGNvbGxlY3Rpb24tdGhyZWVfX2ltYWdlLS1tb2JpbGUiIHNyYz0iL3dwLWNvbnRlbnQvdXBsb2Fkcy8yMDI1LzAxL3VsdGltYXRlLWNvbGxlY3Rpb24tZ3JleS1jaGFpci0xLW1vYmlsZS5wbmciPgogICAgICAgICAgICA8L2Rpdj4KCiAgICAgICAgICAgIDxkaXYgY2xhc3M9ImNvbGxlY3Rpb24tdGhyZWVfX2l0ZW0gY29sbGVjdGlvbi10aHJlZV9faXRlbS0tbGFyZ2UiPgogICAgICAgICAgICAgICAgPGltZyBjbGFzcz0iY29sbGVjdGlvbi10aHJlZV9faW1hZ2UiIHNyYz0iL3dwLWNvbnRlbnQvdXBsb2Fkcy8yMDI1LzAxL3VsdGltYXRlLWNvbGxlY3Rpb24tZXNzZW50aWFsLXRocmVlLnBuZyI+CiAgICAgICAgICAgICAgICA8aW1nIGNsYXNzPSJjb2xsZWN0aW9uLXRocmVlX19pbWFnZSBjb2xsZWN0aW9uLXRocmVlX19pbWFnZS0tbW9iaWxlIiBzcmM9Ii93cC1jb250ZW50L3VwbG9hZHMvMjAyNS8wMS91bHRpbWF0ZS1jb2xsZWN0aW9uLXNpdHRpbmctMi5wbmciPgogICAgICAgICAgICA8L2Rpdj4KICAgICAgICA8L2Rpdj4=[\/vc_raw_html][vc_raw_html css=\u00bb\u00bb]CiAgICA8ZGl2IGNsYXNzPSJjb2xsZWN0aW9uLWluZm8gY29sbGVjdGlvbi1pbmZvLS1yZXZlcnNlIj4KICAgICAgICAKICAgICAgICA8ZGl2IGNsYXNzPSJjb2xsZWN0aW9uLWluZm9fX2NvbnRlbnQgY29sbGVjdGlvbi1pbmZvX19sb2dvIj4KICAgICAgICAgICAgPGltZyBzcmM9Ii93cC1jb250ZW50L3VwbG9hZHMvMjAyNS8wMS91bHRpbWF0ZS1kYXJrLWxhdmEuc3ZnIj4KICAgICAgICA8L2Rpdj4KICAgICAgICAKICAgICAgICA8aW1nIGNsYXNzPSJjb2xsZWN0aW9uLWluZm9fX2ltYWdlIGNvbGxlY3Rpb24taW5mb19faW1hZ2UtLW1vYmlsZSIgc3JjPSIvd3AtY29udGVudC91cGxvYWRzLzIwMjUvMDEvdWx0aW1hdGUtY29sbGVjdGlvbi1ib3hpbmctbW9iaWxlLnBuZyI+CiAgICAKICAgICAgICA8ZGl2IGNsYXNzPSJjb2xsZWN0aW9uLWluZm9fX2NvbnRlbnQiPgogICAgICAgICAgICA8aDI+RGlzZcOxYWRvIHBhcmEgbGEgZXhjZWxlbmNpYTwvaDI+CiAgICAgICAgICAgIDxwPkVjby1jdWVybyBOZXh0LUdlbiBwcmVtaXVtIG8gQ29yZHVyYSBjb24gYWNlbnRvcyBkZSBBbGNhbnRhcmEuIE1lY2FuaXNtbyBUaXRhblBybyBtZWpvciBkZSBzdSBjbGFzZS4gUG9ycXVlIGxhIHZlcmRhZGVyYSBtYWVzdHLDrWEgdml2ZSBlbiBsYSBhcm1vbmlvc2EgbWV6Y2xhIGRlIGx1am8geSBsb25nZXZpZGFkLiAgPC9wPgpbcHJvZHVjdF91cmwgaWQ9IjM5MTQiIG5hbWU9Ik3DoXMgaW5mb3JtYWNpw7NuIiBjbGFzcz0iY29sbGVjdGlvbi1pbmZvX19hY3Rpb24iIC9dCiAgICAgICAgPC9kaXY+CgogICAgICAgCiAgICAgICAgPGltZyBjbGFzcz0iY29sbGVjdGlvbi1pbmZvX19pbWFnZSIgc3JjPSIvd3AtY29udGVudC91cGxvYWRzLzIwMjUvMDEvdWx0aW1hdGUtY29sbGVjdGlvbi1ib3hpbmctMS5wbmciPgogICAgPC9kaXY+CiAgICA=[\/vc_raw_html][vc_raw_html css=\u00bb\u00bb]CiAgICA8ZGl2IGNsYXNzPSJjb2xsZWN0aW9uLWluZm8iPgogICAgICAgIAogICAgICAgIDxpbWcgY2xhc3M9ImNvbGxlY3Rpb24taW5mb19faW1hZ2UgY29sbGVjdGlvbi1pbmZvX19pbWFnZS0tbW9iaWxlIiBzcmM9Ii93cC1jb250ZW50L3VwbG9hZHMvMjAyNS8wMS91bHRpbWF0ZS1jb2xsZWN0aW9uLXB1cmUtZm9ybS1tb2JpbGUucG5nIj4KICAgIAogICAgICAgIDxkaXYgY2xhc3M9ImNvbGxlY3Rpb24taW5mb19fY29udGVudCI+CiAgICAgICAgICAgIDxoMj5SZW5kaW1pZW50byBlbiBmb3JtYSBwdXJhPC9oMj4KICAgICAgICAgICAgPHA+RGlzZcOxYWRvIHBhcmEgbGEgZXhjZWxlbmNpYSB5IGVxdWlwYWRvIGNvbiBudWVzdHJvIHNpc3RlbWEgTHVtYmFyUHJvIDJEIG3DoXMgYXZhbnphZG8geSByZXBvc2FicmF6b3MgRmxleE1vdGlvbiA0RCwgY29tYmluYWRvIGNvbiB1biBtZWNhbmlzbW8gZGUgaW5jbGluYWNpw7NuIHNpbmNyb25pemFkbyBxdWUgc2UgYmxvcXVlYSBlbiBjdWF0cm8gcG9zaWNpb25lcyBoYXN0YSAxMzUgZ3JhZG9zLiBQb3JxdWUgbG9zIHByb2Zlc2lvbmFsZXMgbm8gc29sbyBoYWNlbiAtIHNvYnJlc2FsZW4uIDwvcD4KICAgICAgICA8L2Rpdj4KCiAgICAgICAKICAgICAgICA8aW1nIGNsYXNzPSJjb2xsZWN0aW9uLWluZm9fX2ltYWdlIiBzcmM9Ii93cC1jb250ZW50L3VwbG9hZHMvMjAyNS8wMS91bHRpbWF0ZS1jb2xsZWN0aW9uLXB1cmUtZm9ybS5wbmciPgogICAgPC9kaXY+CiAgICA=[\/vc_raw_html][vc_raw_html css=\u00bb\u00bb]ICAgICAgICA8ZGl2IGNsYXNzPSJjb2xsZWN0aW9uLXRocmVlIj4KICAgICAgICAgICAgPGRpdiBjbGFzcz0iY29sbGVjdGlvbi10aHJlZV9faXRlbSBjb2xsZWN0aW9uLXRocmVlX19pdGVtLS1sYXJnZSI+CiAgICAgICAgICAgICAgICA8aW1nIGNsYXNzPSJjb2xsZWN0aW9uLXRocmVlX19pbWFnZSIgc3JjPSIvd3AtY29udGVudC91cGxvYWRzLzIwMjUvMDEvdGhyZWUtcGVyZm9ybWFuY2UtMS5wbmciPgogICAgICAgICAgICAgICAgPGltZyBjbGFzcz0iY29sbGVjdGlvbi10aHJlZV9faW1hZ2UgY29sbGVjdGlvbi10aHJlZV9faW1hZ2UtLW1vYmlsZSIgc3JjPSIvd3AtY29udGVudC91cGxvYWRzLzIwMjUvMDEvdGhyZWUtcGVyZm9ybWFuY2UtMS1tb2JpbGUucG5nIj4KICAgICAgICAgICAgPC9kaXY+CgogICAgICAgICAgICA8ZGl2IGNsYXNzPSJjb2xsZWN0aW9uLXRocmVlX19pdGVtIj4KICAgICAgICAgICAgICAgIDxpbWcgY2xhc3M9ImNvbGxlY3Rpb24tdGhyZWVfX2ltYWdlIiBzcmM9Ii93cC1jb250ZW50L3VwbG9hZHMvMjAyNS8wMS90aHJlZS1wZXJmb3JtYW5jZS0yLnBuZyI+CiAgICAgICAgICAgICAgICA8aW1nIGNsYXNzPSJjb2xsZWN0aW9uLXRocmVlX19pbWFnZSBjb2xsZWN0aW9uLXRocmVlX19pbWFnZS0tbW9iaWxlIiBzcmM9Ii93cC1jb250ZW50L3VwbG9hZHMvMjAyNS8wMS90aHJlZS1wZXJmb3JtYW5jZS0yLW1vYmlsZS5wbmciPgogICAgICAgICAgICA8L2Rpdj4KCiAgICAgICAgICAgIDxkaXYgY2xhc3M9ImNvbGxlY3Rpb24tdGhyZWVfX2l0ZW0iPgogICAgICAgICAgICAgICAgW3Byb2R1Y3RfdXJsIGlkPSIzOTE0Il0KICAgICAgICAgICAgICAgIDxpbWcgY2xhc3M9ImNvbGxlY3Rpb24tdGhyZWVfX2ltYWdlIiBzcmM9Ii93cC1jb250ZW50L3VwbG9hZHMvMjAyNS8wMS90aHJlZS1wZXJmb3JtYW5jZS0zLnBuZyI+CiAgICAgICAgICAgICAgICBbL3Byb2R1Y3RfdXJsXQogICAgICAgICAgICAgICAgW3Byb2R1Y3RfdXJsIGlkPSIzOTE0Il0KICAgICAgICAgICAgICAgIDxpbWcgY2xhc3M9ImNvbGxlY3Rpb24tdGhyZWVfX2ltYWdlIGNvbGxlY3Rpb24tdGhyZWVfX2ltYWdlLS1tb2JpbGUiIHNyYz0iL3dwLWNvbnRlbnQvdXBsb2Fkcy8yMDI1LzAxL3RocmVlLXBlcmZvcm1hbmNlLTMtbW9iaWxlLnBuZyI+CiAgICAgICAgICAgICAgICBbL3Byb2R1Y3RfdXJsXQogICAgICAgICAgICAgICAgPGRpdiBjbGFzcz0iY29sbGVjdGlvbi10aHJlZV9fYWN0aW9uIj4KICAgICAgICAgICAgICAgICAgICA8aDQ+W3Byb2R1Y3RfdXJsIGlkPSIzOTE0IiBuYW1lPSJVTFRJTUFURSBEYXJrIExhdmEiIC9dPC9oND4KICAgICAgICAgICAgICAgICAgICBbcHJvZHVjdF9wcmljZSBpZD0iMzkxNCIgL10KICAgICAgICAgICAgICAgIDwvZGl2PgogICAgICAgICAgICA8L2Rpdj4KICAgICAgICA8L2Rpdj4=[\/vc_raw_html][vc_raw_html css=\u00bb\u00bb]CiAgICA8ZGl2IGNsYXNzPSJjb2xsZWN0aW9uLWluZm8iPgogICAgICAgIAogICAgPGRpdiBjbGFzcz0iY29sbGVjdGlvbi1pbmZvX19jb250ZW50IGNvbGxlY3Rpb24taW5mb19fbG9nbyI+CiAgICAgICAgICAgIDxpbWcgc3JjPSIvd3AtY29udGVudC91cGxvYWRzLzIwMjUvMDEvdWx0aW1hdGUtc3BhY2UtZm9yY2Uuc3ZnIj4KICAgICAgICA8L2Rpdj4KICAgICAgICAKICAgICAgICA8aW1nIGNsYXNzPSJjb2xsZWN0aW9uLWluZm9fX2ltYWdlIGNvbGxlY3Rpb24taW5mb19faW1hZ2UtLW1vYmlsZSIgc3JjPSIvd3AtY29udGVudC91cGxvYWRzLzIwMjUvMDEvdWx0aW1hdGUtY29sbGVjdGlvbi1yZWQtY2hhaXItNi5wbmciPgogICAgCiAgICAgICAgPGRpdiBjbGFzcz0iY29sbGVjdGlvbi1pbmZvX19jb250ZW50Ij4KICAgICAgICAgICAgPGgyPkVsZXZhIHR1IHJlbmRpbWllbnRvPC9oMj4KICAgICAgICAgICAgPHA+QWRhcHRhYmlsaWRhZCByZWZpbmFkYS4gTG9zIHJlcG9zYWJyYXpvcyA0RCB5IGVsIG1lY2FuaXNtbyBkZSBpbmNsaW5hY2nDs24gbXVsdGlwb3NpY2nDs24gc2UgbXVldmVuIGVuIHNpbnRvbsOtYSBjb24gdHUgcml0bW8uIFR1IHNpbGxhIGRlYmUgdHJhYmFqYXIgdGFuIGludGVsaWdlbnRlbWVudGUgY29tbyB0w7ouICA8L3A+Cltwcm9kdWN0X3VybCBpZD0iMzkxNSIgbmFtZT0iTcOhcyBpbmZvcm1hY2nDs24iIGNsYXNzPSJjb2xsZWN0aW9uLWluZm9fX2FjdGlvbiIgL10KICAgICAgICA8L2Rpdj4KCiAgICAgICAKICAgICAgICA8aW1nIGNsYXNzPSJjb2xsZWN0aW9uLWluZm9fX2ltYWdlIiBzcmM9Ii93cC1jb250ZW50L3VwbG9hZHMvMjAyNS8wMS91bHRpbWF0ZS1jb2xsZWN0aW9uLXBlcmZvcm1hbmNlLnBuZyI+CiAgICA8L2Rpdj4KICAgIA==[\/vc_raw_html][vc_raw_html css=\u00bb\u00bb]ICAgICAgICA8ZGl2IGNsYXNzPSJjb2xsZWN0aW9uLXRocmVlIj4KICAgICAgICAgICAgPGRpdiBjbGFzcz0iY29sbGVjdGlvbi10aHJlZV9faXRlbSI+CiAgICAgICAgICAgICAgICBbcHJvZHVjdF91cmwgaWQ9IjM5MTUiXQogICAgICAgICAgICAgICAgPGltZyBjbGFzcz0iY29sbGVjdGlvbi10aHJlZV9faW1hZ2UiIHNyYz0iL3dwLWNvbnRlbnQvdXBsb2Fkcy8yMDI1LzAxL3VsdGltYXRlLWNvbGxlY3Rpb24tcmVkLWNoYWlyLTMucG5nIj4KICAgICAgICAgICAgICAgIFsvcHJvZHVjdF91cmxdCiAgICAgICAgICAgICAgICBbcHJvZHVjdF91cmwgaWQ9IjM5MTUiXQogICAgICAgICAgICAgICAgPGltZyBjbGFzcz0iY29sbGVjdGlvbi10aHJlZV9faW1hZ2UgY29sbGVjdGlvbi10aHJlZV9faW1hZ2UtLW1vYmlsZSIgc3JjPSIvd3AtY29udGVudC91cGxvYWRzLzIwMjUvMDEvdWx0aW1hdGUtY29sbGVjdGlvbi1yZWQtY2hhaXItbW9iaWxlLnBuZyI+CiAgICAgICAgICAgICAgICBbL3Byb2R1Y3RfdXJsXQogICAgICAgICAgICAgICAgPGRpdiBjbGFzcz0iY29sbGVjdGlvbi10aHJlZV9fYWN0aW9uIj4KICAgICAgICAgICAgICAgICAgICA8aDQ+W3Byb2R1Y3RfdXJsIGlkPSIzOTE1IiBuYW1lPSJVTFRJTUFURSBTcGFjZSBGb3JjZSIgL108L2g0PgogICAgICAgICAgICAgICAgICAgIFtwcm9kdWN0X3ByaWNlIGlkPSIzOTE1IiAvXQogICAgICAgICAgICAgICAgPC9kaXY+CiAgICAgICAgICAgIDwvZGl2PgoKICAgICAgICAgICAgPGRpdiBjbGFzcz0iY29sbGVjdGlvbi10aHJlZV9faXRlbSBjb2xsZWN0aW9uLXRocmVlX19pdGVtLS1sYXJnZSI+CiAgICAgICAgICAgICAgICA8aW1nIGNsYXNzPSJjb2xsZWN0aW9uLXRocmVlX19pbWFnZSIgc3JjPSIvd3AtY29udGVudC91cGxvYWRzLzIwMjUvMDEvdWx0aW1hdGUtY29sbGVjdGlvbi1lc2VudGlhbC1yZWQtdGhyZWUucG5nIj4KICAgICAgICAgICAgICAgIDxpbWcgY2xhc3M9ImNvbGxlY3Rpb24tdGhyZWVfX2ltYWdlIGNvbGxlY3Rpb24tdGhyZWVfX2ltYWdlLS1tb2JpbGUiIHNyYz0iL3dwLWNvbnRlbnQvdXBsb2Fkcy8yMDI1LzAxL3VsdGltYXRlLWNvbGxlY3Rpb24tc2l0dGluZy0xLnBuZyI+CiAgICAgICAgICAgIDwvZGl2PgoKICAgICAgICAgICAgPGRpdiBjbGFzcz0iY29sbGVjdGlvbi10aHJlZV9faXRlbSI+CiAgICAgICAgICAgICAgICA8aW1nIGNsYXNzPSJjb2xsZWN0aW9uLXRocmVlX19pbWFnZSIgc3JjPSIvd3AtY29udGVudC91cGxvYWRzLzIwMjUvMDEvdWx0aW1hdGUtY29sbGVjdGlvbi1yZWQtY2hhaXItNC5wbmciPgogICAgICAgICAgICAgICAgPGltZyBjbGFzcz0iY29sbGVjdGlvbi10aHJlZV9faW1hZ2UgY29sbGVjdGlvbi10aHJlZV9faW1hZ2UtLW1vYmlsZSIgc3JjPSIvd3AtY29udGVudC91cGxvYWRzLzIwMjUvMDEvdWx0aW1hdGUtY29sbGVjdGlvbi1yZWQtY2hhaXItNS1tb2JpbGUucG5nIj4KICAgICAgICAgICAgPC9kaXY+CiAgICAgICAgPC9kaXY+[\/vc_raw_html][vc_raw_html css=\u00bb\u00bb]CiAgICA8ZGl2IGNsYXNzPSJjb2xsZWN0aW9uLWluZm8gY29sbGVjdGlvbi1pbmZvLS1yZXZlcnNlIj4KICAgIDxkaXYgY2xhc3M9ImNvbGxlY3Rpb24taW5mb19fY29udGVudCBjb2xsZWN0aW9uLWluZm9fX2xvZ28iPgogICAgICAgICAgICA8aW1nIHNyYz0iL3dwLWNvbnRlbnQvdXBsb2Fkcy8yMDI1LzAxL3VsdGltYXRlLWJsYWNrLXJhdmVuLnN2ZyI+CiAgICA8L2Rpdj4KICAgICAgICAKICAgICAgICA8aW1nIGNsYXNzPSJjb2xsZWN0aW9uLWluZm9fX2ltYWdlIGNvbGxlY3Rpb24taW5mb19faW1hZ2UtLW1vYmlsZSIgc3JjPSIvd3AtY29udGVudC91cGxvYWRzLzIwMjUvMDEvdWx0aW1hdGUtY29sbGVjdGlvbi1sb29rcy1tb2JpbGUucG5nIj4KICAgIAogICAgICAgIDxkaXYgY2xhc3M9ImNvbGxlY3Rpb24taW5mb19fY29udGVudCI+CiAgICAgICAgICAgIDxoMj5Bc3BlY3RvIGVqZWN1dGl2bywgcmVzaXN0ZW5jaWEgZGUgbml2ZWwgZWplY3V0aXZvPC9oMj4KICAgICAgICAgICAgPHA+TnVlc3RybyBtb2RlbG8gVWx0aW1hdGUgQmxhY2sgUmF2ZW4gZXN0w6EgZmFicmljYWRvIGVuIENvcmR1cmEsIG9yaWdpbmFsbWVudGUgY3JlYWRvIHBhcmEgdXNvIG1pbGl0YXIgeSBleHRlcmlvci48L3A+Cltwcm9kdWN0X3VybCBpZD0iMzkxMiIgbmFtZT0iTcOhcyBpbmZvcm1hY2nDs24iIGNsYXNzPSJjb2xsZWN0aW9uLWluZm9fX2FjdGlvbiIgL10KICAgICAgICA8L2Rpdj4KCiAgICAgICAKICAgICAgICA8aW1nIGNsYXNzPSJjb2xsZWN0aW9uLWluZm9fX2ltYWdlIiBzcmM9Ii93cC1jb250ZW50L3VwbG9hZHMvMjAyNS8wMS91bHRpbWF0ZS1jb2xsZWN0aW9uLWxvb2tzLnBuZyI+CiAgICA8L2Rpdj4KICAgIA==[\/vc_raw_html][vc_raw_html css=\u00bb\u00bb]CiAgICA8ZGl2IGNsYXNzPSJjb2xsZWN0aW9uLWluZm8iPgogICAgICAgIAogICAgICAgIDxpbWcgY2xhc3M9ImNvbGxlY3Rpb24taW5mb19faW1hZ2UgY29sbGVjdGlvbi1pbmZvX19pbWFnZS0tbW9iaWxlIiBzcmM9Ii93cC1jb250ZW50L3VwbG9hZHMvMjAyNS8wMS91bHRpbWF0ZS1jb2xsZWN0aW9uLWJsYWNrLWNoYWlyLTQtbW9iaWxlLnBuZyI+CiAgICAKICAgICAgICA8ZGl2IGNsYXNzPSJjb2xsZWN0aW9uLWluZm9fX2NvbnRlbnQiPgogICAgICAgICAgICA8aDI+QXV0b3JpZGFkIGRpc2NyZXRhPC9oMj4KICAgICAgICAgICAgPHA+TMOtbmVhcyBsaW1waWFzLiBEaXNlw7FvIGZ1bmNpb25hbC4gRWxlZ2FuY2lhIGF0ZW1wb3JhbC4gUGFyYSBwcm9mZXNpb25hbGVzIHF1ZSBzYWJlbiBxdWUgZWwgdmVyZGFkZXJvIHBvZGVyIHNlIGV4cHJlc2EgYSB0cmF2w6lzIGRlIGxhIHByZXNlbmNpYSwgbm8gbGEgcHJvY2xhbWFjacOzbi48YnI+ICAgPC9wPgogICAgICAgIDwvZGl2PgoKICAgICAgIAogICAgICAgIDxpbWcgY2xhc3M9ImNvbGxlY3Rpb24taW5mb19faW1hZ2UiIHNyYz0iL3dwLWNvbnRlbnQvdXBsb2Fkcy8yMDI1LzAxL3VsdGltYXRlLWNvbGxlY3Rpb24tYmxhY2stY2hhaXItNC5wbmciPgogICAgPC9kaXY+CiAgICA=[\/vc_raw_html][vc_raw_html css=\u00bb\u00bb]ICAgICAgICA8ZGl2IGNsYXNzPSJjb2xsZWN0aW9uLXRocmVlIj4KICAgICAgICAgICAgPGRpdiBjbGFzcz0iY29sbGVjdGlvbi10aHJlZV9faXRlbSI+CiAgICAgICAgICAgICAgICA8aW1nIGNsYXNzPSJjb2xsZWN0aW9uLXRocmVlX19pbWFnZSIgc3JjPSIvd3AtY29udGVudC91cGxvYWRzLzIwMjUvMDEvdWx0aW1hdGUtY29sbGVjdGlvbi1ibGFjay1jaGFpci0yLnBuZyI+CiAgICAgICAgICAgICAgICA8aW1nIGNsYXNzPSJjb2xsZWN0aW9uLXRocmVlX19pbWFnZSBjb2xsZWN0aW9uLXRocmVlX19pbWFnZS0tbW9iaWxlIiBzcmM9Ii93cC1jb250ZW50L3VwbG9hZHMvMjAyNS8wMS90aHJlZS1hdXRob3JpdHktMy1tb2JpbGUucG5nIj4KICAgICAgICAgICAgPC9kaXY+CgogICAgICAgICAgICA8ZGl2IGNsYXNzPSJjb2xsZWN0aW9uLXRocmVlX19pdGVtIj4KICAgICAgICAgICAgICAgIFtwcm9kdWN0X3VybCBpZD0iMzkxMiJdCiAgICAgICAgICAgICAgICA8aW1nIGNsYXNzPSJjb2xsZWN0aW9uLXRocmVlX19pbWFnZSIgc3JjPSIvd3AtY29udGVudC91cGxvYWRzLzIwMjUvMDEvdWx0aW1hdGUtY29sbGVjdGlvbi1ibGFjay1jaGFpci5wbmciPgogICAgICAgICAgICAgICAgWy9wcm9kdWN0X3VybF0KICAgICAgICAgICAgICAgIFtwcm9kdWN0X3VybCBpZD0iMzkxMiJdCiAgICAgICAgICAgICAgICA8aW1nIGNsYXNzPSJjb2xsZWN0aW9uLXRocmVlX19pbWFnZSBjb2xsZWN0aW9uLXRocmVlX19pbWFnZS0tbW9iaWxlIiBzcmM9Ii93cC1jb250ZW50L3VwbG9hZHMvMjAyNS8wMS91bHRpbWF0ZS1jb2xsZWN0aW9uLWJsYWNrLWNoYWlyLW1vYmlsZS5wbmciPgogICAgICAgICAgICAgICAgWy9wcm9kdWN0X3VybF0KICAgICAgICAgICAgICAgICAgICAgICAgICAgICAgICA8ZGl2IGNsYXNzPSJjb2xsZWN0aW9uLXRocmVlX19hY3Rpb24iPgogICAgICAgICAgICAgICAgICAgIDxoND5bcHJvZHVjdF91cmwgaWQ9IjM5MTIiIG5hbWU9IlVMVElNQVRFIEJsYWNrIFJhdmVuIiAvXTwvaDQ+CiAgICAgICAgICAgICAgICAgICAgW3Byb2R1Y3RfcHJpY2UgaWQ9IjM5MTIiIC9dCiAgICAgICAgICAgICAgICA8L2Rpdj4KICAgICAgICAgICAgPC9kaXY+CgogICAgICAgICAgICA8ZGl2IGNsYXNzPSJjb2xsZWN0aW9uLXRocmVlX19pdGVtIGNvbGxlY3Rpb24tdGhyZWVfX2l0ZW0tLWxhcmdlIj4KICAgICAgICAgICAgICAgIDxpbWcgY2xhc3M9ImNvbGxlY3Rpb24tdGhyZWVfX2ltYWdlIiBzcmM9Ii93cC1jb250ZW50L3VwbG9hZHMvMjAyNS8wMS90aHJlZS1hdXRob3JpdHktMy5wbmciPgogICAgICAgICAgICAgICAgPGltZyBjbGFzcz0iY29sbGVjdGlvbi10aHJlZV9faW1hZ2UgY29sbGVjdGlvbi10aHJlZV9faW1hZ2UtLW1vYmlsZSIgc3JjPSIvd3AtY29udGVudC91cGxvYWRzLzIwMjUvMDEvdWx0aW1hdGUtY29sbGVjdGlvbi1ibGFjay1jaGFpci0zLnBuZyI+CiAgICAgICAgICAgIDwvZGl2PgogICAgICAgIDwvZGl2Pg==[\/vc_raw_html][\/vc_column][\/vc_row]<\/p>\n<\/div>","protected":false},"excerpt":{"rendered":"<p>Colecci\u00f3n Paradox Ultimate \u2014 silla gaming insignia con espuma moldeada en fr\u00edo de alta densidad, almohada lumbar magn\u00e9tica de espuma viscoel\u00e1stica, reposabrazos 4D, inclinaci\u00f3n multibloque. Cuero ecol\u00f3gico premium, reclinaci\u00f3n 150\u00b0, 150 kg. 4 colores. Devoluciones en 100 d\u00edas.<\/p>\n","protected":false},"author":1,"featured_media":0,"parent":0,"menu_order":0,"comment_status":"closed","ping_status":"closed","template":"template-fullwidth.php","meta":{"footnotes":""},"class_list":["post-10758","page","type-page","status-publish","hentry","no-thumb"],"_links":{"self":[{"href":"https:\/\/paradox24.com\/es\/wp-json\/wp\/v2\/pages\/10758","targetHints":{"allow":["GET"]}}],"collection":[{"href":"https:\/\/paradox24.com\/es\/wp-json\/wp\/v2\/pages"}],"about":[{"href":"https:\/\/paradox24.com\/es\/wp-json\/wp\/v2\/types\/page"}],"author":[{"embeddable":true,"href":"https:\/\/paradox24.com\/es\/wp-json\/wp\/v2\/users\/1"}],"replies":[{"embeddable":true,"href":"https:\/\/paradox24.com\/es\/wp-json\/wp\/v2\/comments?post=10758"}],"version-history":[{"count":2,"href":"https:\/\/paradox24.com\/es\/wp-json\/wp\/v2\/pages\/10758\/revisions"}],"predecessor-version":[{"id":30930,"href":"https:\/\/paradox24.com\/es\/wp-json\/wp\/v2\/pages\/10758\/revisions\/30930"}],"wp:attachment":[{"href":"https:\/\/paradox24.com\/es\/wp-json\/wp\/v2\/media?parent=10758"}],"curies":[{"name":"wp","href":"https:\/\/api.w.org\/{rel}","templated":true}]}}