{"id":10741,"date":"2025-01-17T01:27:07","date_gmt":"2025-01-17T00:27:07","guid":{"rendered":"https:\/\/paradox24.com\/coleccion-commander\/"},"modified":"2026-02-23T23:00:29","modified_gmt":"2026-02-23T22:00:29","slug":"coleccion-commander","status":"publish","type":"page","link":"https:\/\/paradox24.com\/es\/coleccion-commander\/","title":{"rendered":"Colecci\u00f3n Commander"},"content":{"rendered":"<div class=\"wpb-content-wrapper\"><p>[vc_row full_width=\u00bbstretch_row_content_no_spaces\u00bb][vc_column][vc_raw_html css=\u00bb\u00bb]ICAgIDxkaXYgY2xhc3M9Im1haW4tbGFuZGluZyI+CiAgICAgICAgPGRpdiBjbGFzcz0ibWFpbi1sYW5kaW5nX19jb250ZW50IG1haW4tbGFuZGluZ19fY29udGVudC0tYmxhY2siPgogICAgICAgICAgICA8aDI+RWwgYXNpZW50bzwvaDI+CiAgICAgICAgICAgIDxwPmRlbCBjb21hbmRhbnRlPC9wPgogICAgICAgICAgICA8aW1nIHNyYz0iL3dwLWNvbnRlbnQvdXBsb2Fkcy8yMDI1LzAxL2NvbW1hbmRlci1jb2xsZWN0aW9uLnN2ZyI+CiAgICAgICAgPC9kaXY+CiAgICAgICAgPGltZyBjbGFzcz0ibWFpbi1sYW5kaW5nX19iYWNrZ3JvdW5kIiBzcmM9Ii93cC1jb250ZW50L3VwbG9hZHMvMjAyNS8wMS8yNDA3MDJQYXJhZG94X1Nlc2phTEYxNzgzLTEtMi1taW4ucG5nIj4KICAgICAgICA8aW1nIGNsYXNzPSJtYWluLWxhbmRpbmdfX2JhY2tncm91bmQgbWFpbi1sYW5kaW5nX19iYWNrZ3JvdW5kLS1tb2JpbGUiIHNyYz0iL3dwLWNvbnRlbnQvdXBsb2Fkcy8yMDI1LzAxL01hc2stZ3JvdXAtMzQtMS5wbmciPgogICAgPC9kaXY+Cg==[\/vc_raw_html][\/vc_column][\/vc_row][vc_row full_width=\u00bbstretch_row_content_no_spaces\u00bb el_class=\u00bbcollection-container collection-container&#8211;white\u00bb][vc_column][vc_raw_html css=\u00bb\u00bb]PGRpdiBjbGFzcz0iY29sbGVjdGlvbi1zbG9nYW4gY29sbGVjdGlvbi1zbG9nYW4tLWJsYWNrIj4KICAgPGgxPkNvbGVjY2nDs24gUGFyYWRveCBDb21tYW5kZXI8L2gxPgogICA8cD5GYWJyaWNhbW9zIGFzaWVudG9zIGRlIGFsdG8gcmVuZGltaWVudG8gcGFyYSBheXVkYXJ0ZSBhIG1heGltaXphciB0dSBwb3RlbmNpYWwgdGFudG8gZW4gZWwgdHJhYmFqbyBjb21vIGVuIGVsIGp1ZWdvLjwvcD4KICAgPHA+TGlzdG8gcGFyYSBsYSBhY2Npw7NuPC9wPgogICA8cCBjbGFzcz0iY29sbGVjdGlvbi1zbG9nYW4tLXNtYWxsIj5NYXRlcmlhbGVzIHByZW1pdW0geSBzb3BvcnRlIGVyZ29uw7NtaWNvIHRlIG1hbnRpZW5lbiBlbiBjb250cm9sIGR1cmFudGUgY2FkYSBtaXNpw7NuLiBQb3JxdWUgbG9zIHZlcmRhZGVyb3MgY29tYW5kYW50ZXMgc2FiZW4gcXVlIGxhIGNvbW9kaWRhZCBlcyBsYSBjbGF2ZSBkZSBsYSB2aWN0b3JpYS4gRXF1aXBhZG8gY29uIGFqdXN0ZSBkZSBhbHR1cmEgUXVpY2tMaWZ0IHkgbnVlc3Ryb3MgY2FyYWN0ZXLDrXN0aWNvcyByZXBvc2FicmF6b3MgRmxleE1vdGlvbiwgbcOhcyB1biBtZWNhbmlzbW8gbXVsdGktaW5jbGluYWNpw7NuIHF1ZSBzZSBibG9xdWVhIGVuIDMgcG9zaWNpb25lcy4gIDwvcD4KPC9kaXY+[\/vc_raw_html][vc_raw_html css=\u00bb\u00bb]CiAgICA8ZGl2IGNsYXNzPSJjb2xsZWN0aW9uLWluZm8iPgogICAgICAgIAogICAgICAgIDxkaXYgY2xhc3M9ImNvbGxlY3Rpb24taW5mb19fY29udGVudCBjb2xsZWN0aW9uLWluZm9fX2xvZ28iPgogICAgICAgICAgICA8aW1nIHNyYz0iL3dwLWNvbnRlbnQvdXBsb2Fkcy8yMDI1LzAxL2J1cmd1bmR5LWJlaWdlLnN2ZyI+CiAgICAgICAgPC9kaXY+CiAgICAgICAgCiAgICAgICAgPGltZyBjbGFzcz0iY29sbGVjdGlvbi1pbmZvX19pbWFnZSBjb2xsZWN0aW9uLWluZm9fX2ltYWdlLS1tb2JpbGUiIHNyYz0iL3dwLWNvbnRlbnQvdXBsb2Fkcy8yMDI1LzAxL0VzY2VuYXJpby1SZWQtUnVuaXEtMi0xLnBuZyI+CiAgICAKICAgICAgICA8ZGl2IGNsYXNzPSJjb2xsZWN0aW9uLWluZm9fX2NvbnRlbnQiPgogICAgICAgICAgICA8aDI+Q29tYW5kYSB0dSBlc3BhY2lvPC9oMj4KICAgICAgICAgICAgPHA+RG9uZGUgbGEgZXN0w6l0aWNhIHNjaS1maSBzZSBlbmN1ZW50cmEgY29uIGVsIGdhbWluZyBzb2Zpc3RpY2Fkby4gQ3VlbnRhIGNvbiBlY28tY3Vlcm8gVGVjaFJYIElJIGNvbiBkaXN0aW50aXZhcyBjb3N0dXJhcyBlbiBjb250cmFzdGUgaW5zcGlyYWRhcyBlbiBsYXMgY2FiaW5hcyBkZSBjYXJyZXJhcyBkZSBhbHRhIGdhbWEuIExhIFNlcmllIENvbW1hbmRlciBhcG9ydGEgdW5hIHByZXNlbmNpYSBkcmFtw6F0aWNhIGEgdHUgc2V0dXAgc2luIHNhY3JpZmljYXIgZWwgcmVmaW5hbWllbnRvIHByb2Zlc2lvbmFsLiAgPC9wPgogICAgICAgICAgICAgW3Byb2R1Y3RfdXJsIGlkPSIzOTI3IiBuYW1lPSJNw6FzIGluZm9ybWFjacOzbiIgY2xhc3M9ImNvbGxlY3Rpb24taW5mb19fYWN0aW9uIiAvXQogICAgICAgIDwvZGl2PgoKICAgICAgIAogICAgICAgIDxpbWcgY2xhc3M9ImNvbGxlY3Rpb24taW5mb19faW1hZ2UiIHNyYz0iL3dwLWNvbnRlbnQvdXBsb2Fkcy8yMDI1LzAxL0VzY2VuYXJpby1SZWQtUnVuaXEtMS0xLTIucG5nIj4KICAgIDwvZGl2PgogICAg[\/vc_raw_html][vc_raw_html css=\u00bb\u00bb]ICAgICAgICA8ZGl2IGNsYXNzPSJjb2xsZWN0aW9uLXRocmVlIj4KCiAgICAgICAgICAgIDxkaXYgY2xhc3M9ImNvbGxlY3Rpb24tdGhyZWVfX2l0ZW0iPgogICAgICAgICAgICAgICAgW3Byb2R1Y3RfdXJsIGlkPSIzOTI3Il0KICAgICAgICAgICAgICAgIDxpbWcgY2xhc3M9ImNvbGxlY3Rpb24tdGhyZWVfX2ltYWdlIiBzcmM9Ii93cC1jb250ZW50L3VwbG9hZHMvMjAyNS8wMS9Hcm91cC0xOTQtMS0xLnBuZyI+CiAgICAgICAgICAgICAgICBbL3Byb2R1Y3RfdXJsXQogICAgICAgICAgICAgICAgW3Byb2R1Y3RfdXJsIGlkPSIzOTI3Il0KICAgICAgICAgICAgICAgIDxpbWcgY2xhc3M9ImNvbGxlY3Rpb24tdGhyZWVfX2ltYWdlIGNvbGxlY3Rpb24tdGhyZWVfX2ltYWdlLS1tb2JpbGUiIHNyYz0iL3dwLWNvbnRlbnQvdXBsb2Fkcy8yMDI1LzAxL0dyb3VwLTE5NC0zLTEucG5nIj4KICAgICAgICAgICAgICAgIFsvcHJvZHVjdF91cmxdCiAgICAgICAgICAgICAgICA8ZGl2IGNsYXNzPSJjb2xsZWN0aW9uLXRocmVlX19hY3Rpb24iPgogICAgICAgICAgICAgICAgICAgIDxoND5bcHJvZHVjdF91cmwgaWQ9IjM5MjciIG5hbWU9IkNPTU1BTkRFUiBCdXJndW5keSBCZWlnZSIgL108L2g0PgogICAgICAgICAgICAgICAgICAgIFtwcm9kdWN0X3ByaWNlIGlkPSIzOTI3IiAvXQogICAgICAgICAgICAgICAgPC9kaXY+CiAgICAgICAgICAgIDwvZGl2PgoKICAgICAgICAgICAgPGRpdiBjbGFzcz0iY29sbGVjdGlvbi10aHJlZV9faXRlbSI+CiAgICAgICAgICAgICAgICA8aW1nIGNsYXNzPSJjb2xsZWN0aW9uLXRocmVlX19pbWFnZSIgc3JjPSIvd3AtY29udGVudC91cGxvYWRzLzIwMjUvMDEvTWFzay1ncm91cC0zOC0xLnBuZyI+CiAgICAgICAgICAgICAgICA8aW1nIGNsYXNzPSJjb2xsZWN0aW9uLXRocmVlX19pbWFnZSBjb2xsZWN0aW9uLXRocmVlX19pbWFnZS0tbW9iaWxlIiBzcmM9Ii93cC1jb250ZW50L3VwbG9hZHMvMjAyNS8wMS9NYXNrLWdyb3VwLTM3LnBuZyI+CiAgICAgICAgICAgIDwvZGl2PgoKICAgICAgICAgICAgICAgICAgICAgICAgPGRpdiBjbGFzcz0iY29sbGVjdGlvbi10aHJlZV9faXRlbSBjb2xsZWN0aW9uLXRocmVlX19pdGVtLS1sYXJnZSI+CiAgICAgICAgICAgICAgICA8aW1nIGNsYXNzPSJjb2xsZWN0aW9uLXRocmVlX19pbWFnZSIgc3JjPSIvd3AtY29udGVudC91cGxvYWRzLzIwMjUvMDEvTWFzay1ncm91cC0zNS5wbmciPgogICAgICAgICAgICAgICAgPGltZyBjbGFzcz0iY29sbGVjdGlvbi10aHJlZV9faW1hZ2UgY29sbGVjdGlvbi10aHJlZV9faW1hZ2UtLW1vYmlsZSIgc3JjPSIvd3AtY29udGVudC91cGxvYWRzLzIwMjUvMDEvTWFzay1ncm91cC0zNi0xLnBuZyI+CiAgICAgICAgICAgIDwvZGl2PgoKICAgICAgICA8L2Rpdj4=[\/vc_raw_html][vc_raw_html css=\u00bb\u00bb]CiAgICA8ZGl2IGNsYXNzPSJjb2xsZWN0aW9uLWluZm8gY29sbGVjdGlvbi1pbmZvLS1yZXZlcnNlIj4KICAgICAgICAKICAgICAgICA8ZGl2IGNsYXNzPSJjb2xsZWN0aW9uLWluZm9fX2NvbnRlbnQgY29sbGVjdGlvbi1pbmZvX19sb2dvIj4KICAgICAgICAgICAgPGltZyBzcmM9Ii93cC1jb250ZW50L3VwbG9hZHMvMjAyNS8wMS9jb21tYW5kZXItZ3JleS5zdmciPgogICAgICAgIDwvZGl2PgogICAgICAgIAogICAgICAgIDxpbWcgY2xhc3M9ImNvbGxlY3Rpb24taW5mb19faW1hZ2UgY29sbGVjdGlvbi1pbmZvX19pbWFnZS0tbW9iaWxlIiBzcmM9Ii93cC1jb250ZW50L3VwbG9hZHMvMjAyNS8wMS9jb21tYW5kZXItcmVhZHktdG8tYWN0aW9uLW1vYmlsZS5wbmciPgogICAgCiAgICAgICAgPGRpdiBjbGFzcz0iY29sbGVjdGlvbi1pbmZvX19jb250ZW50Ij4KICAgICAgICAgICAgPGgyPkxpc3RvIHBhcmEgbGEgYWNjacOzbjwvaDI+CiAgICAgICAgICAgIDxwPk1hdGVyaWFsZXMgcHJlbWl1bSB5IHNvcG9ydGUgZXJnb27Ds21pY28gdGUgbWFudGllbmVuIGVuIGNvbnRyb2wgZHVyYW50ZSBjYWRhIG1pc2nDs24uIFBvcnF1ZSBsb3MgdmVyZGFkZXJvcyBjb21hbmRhbnRlcyBzYWJlbiBxdWUgbGEgY29tb2RpZGFkIGVzIGxhIGNsYXZlIGRlIGxhIHZpY3RvcmlhLiBFcXVpcGFkbyBjb24gYWp1c3RlIGRlIGFsdHVyYSBRdWlja0xpZnQgeSBudWVzdHJvcyBjYXJhY3RlcsOtc3RpY29zIHJlcG9zYWJyYXpvcyBGbGV4TW90aW9uLCBtw6FzIHVuIG1lY2FuaXNtbyBtdWx0aS1pbmNsaW5hY2nDs24gcXVlIHNlIGJsb3F1ZWEgZW4gMyBwb3NpY2lvbmVzLiAgPC9wPgpbcHJvZHVjdF91cmwgaWQ9IjM5MjYiIG5hbWU9Ik3DoXMgaW5mb3JtYWNpw7NuIiBjbGFzcz0iY29sbGVjdGlvbi1pbmZvX19hY3Rpb24iIC9dCiAgICAgICAgPC9kaXY+CgogICAgICAgCiAgICAgICAgPGltZyBjbGFzcz0iY29sbGVjdGlvbi1pbmZvX19pbWFnZSIgc3JjPSIvd3AtY29udGVudC91cGxvYWRzLzIwMjUvMDEvY29tbWFuZGVyLXJlYWR5LXRvLWFjdGlvbi5wbmciPgogICAgPC9kaXY+CiAgICA=[\/vc_raw_html][vc_raw_html css=\u00bb\u00bb]ICAgICAgICA8ZGl2IGNsYXNzPSJjb2xsZWN0aW9uLXRocmVlIj4KICAgICAgICAgICAgCiAgICAgICAgICAgICAgICAgICAgICAgIDxkaXYgY2xhc3M9ImNvbGxlY3Rpb24tdGhyZWVfX2l0ZW0gY29sbGVjdGlvbi10aHJlZV9faXRlbS0tbGFyZ2UiPgogICAgICAgICAgICAgICAgPGltZyBjbGFzcz0iY29sbGVjdGlvbi10aHJlZV9faW1hZ2UiIHNyYz0iL3dwLWNvbnRlbnQvdXBsb2Fkcy8yMDI1LzAxLzI0MTEyNl9wYXJhZG94TEY5NTI3LnBuZyI+CiAgICAgICAgICAgICAgICA8aW1nIGNsYXNzPSJjb2xsZWN0aW9uLXRocmVlX19pbWFnZSBjb2xsZWN0aW9uLXRocmVlX19pbWFnZS0tbW9iaWxlIiBzcmM9Ii93cC1jb250ZW50L3VwbG9hZHMvMjAyNS8wMS8yNDExMjZfcGFyYWRveExGOTUyN19tb2JpbGUucG5nIj4KICAgICAgICAgICAgPC9kaXY+CiAgICAgICAgICAgIAogICAgICAgICAgICAgICAgICAgICAgICA8ZGl2IGNsYXNzPSJjb2xsZWN0aW9uLXRocmVlX19pdGVtIj4KICAgICAgICAgICAgICAgIFtwcm9kdWN0X3VybCBpZD0iMzkyNiJdCiAgICAgICAgICAgICAgICA8aW1nIGNsYXNzPSJjb2xsZWN0aW9uLXRocmVlX19pbWFnZSIgc3JjPSIvd3AtY29udGVudC91cGxvYWRzLzIwMjUvMDEvY29tbWFuZGVyLWdyZXlfaV8xLnBuZyI+CiAgICAgICAgICAgICAgICBbL3Byb2R1Y3RfdXJsXQogICAgICAgICAgICAgICAgW3Byb2R1Y3RfdXJsIGlkPSIzOTI2Il0KICAgICAgICAgICAgICAgIDxpbWcgY2xhc3M9ImNvbGxlY3Rpb24tdGhyZWVfX2ltYWdlIGNvbGxlY3Rpb24tdGhyZWVfX2ltYWdlLS1tb2JpbGUiIHNyYz0iL3dwLWNvbnRlbnQvdXBsb2Fkcy8yMDI1LzAxL2NvbW1hbmRlci1ncmV5X2lfMV9tb2JpbGUucG5nIj4KICAgICAgICAgICAgICAgIFsvcHJvZHVjdF91cmxdCiAgICAgICAgICAgICAgICA8ZGl2IGNsYXNzPSJjb2xsZWN0aW9uLXRocmVlX19hY3Rpb24iPgogICAgICAgICAgICAgICAgICAgIDxoND5bcHJvZHVjdF91cmwgaWQ9IjM5MjYiIG5hbWU9IkNPTU1BTkRFUiBHcmV5IiAvXTwvaDQ+CiAgICAgICAgICAgICAgICAgICAgW3Byb2R1Y3RfcHJpY2UgaWQ9IjM5MjYiIC9dCiAgICAgICAgICAgICAgICA8L2Rpdj4KICAgICAgICAgICAgPC9kaXY+CiAgICAgICAgICAgIAogICAgICAgICAgICAgICAgICAgICAgICAgICAgICAgICAgICA8ZGl2IGNsYXNzPSJjb2xsZWN0aW9uLXRocmVlX19pdGVtIj4KICAgICAgICAgICAgICAgIDxpbWcgY2xhc3M9ImNvbGxlY3Rpb24tdGhyZWVfX2ltYWdlIiBzcmM9Ii93cC1jb250ZW50L3VwbG9hZHMvMjAyNS8wMS9jb21tYW5kZXItZ3JleV9pXzIucG5nIj4KICAgICAgICAgICAgICAgIDxpbWcgY2xhc3M9ImNvbGxlY3Rpb24tdGhyZWVfX2ltYWdlIGNvbGxlY3Rpb24tdGhyZWVfX2ltYWdlLS1tb2JpbGUiIHNyYz0iL3dwLWNvbnRlbnQvdXBsb2Fkcy8yMDI1LzAxL2NvbW1hbmRlci1ncmV5X2lfMl9tb2JpbGUucG5nIj4KICAgICAgICAgICAgPC9kaXY+CiAgICAgICAgICAgIAogICAgICAgIDwvZGl2Pg==[\/vc_raw_html][vc_raw_html css=\u00bb\u00bb]CiAgICA8ZGl2IGNsYXNzPSJjb2xsZWN0aW9uLWluZm8iPgogICAgICAgIAogICAgPGRpdiBjbGFzcz0iY29sbGVjdGlvbi1pbmZvX19jb250ZW50IGNvbGxlY3Rpb24taW5mb19fbG9nbyI+CiAgICAgICAgICAgIDxpbWcgc3JjPSIvd3AtY29udGVudC91cGxvYWRzLzIwMjUvMDEvbWlsaXRhcnktZ3JlZW4uc3ZnIj4KICAgICAgICA8L2Rpdj4KICAgICAgICAKICAgICAgICA8aW1nIGNsYXNzPSJjb2xsZWN0aW9uLWluZm9fX2ltYWdlIGNvbGxlY3Rpb24taW5mb19faW1hZ2UtLW1vYmlsZSIgc3JjPSIvd3AtY29udGVudC91cGxvYWRzLzIwMjUvMDEvbWlsaXRhcnlfZ3JlZW5fbWFpbl9tb2JpbGUucG5nIj4KICAgIAogICAgICAgIDxkaXYgY2xhc3M9ImNvbGxlY3Rpb24taW5mb19fY29udGVudCI+CiAgICAgICAgICAgIDxoMj5DYXLDoWN0ZXIgY29uIGNvbnRyb2w8L2gyPgogICAgICAgICAgICA8cD5TaWx1ZXRhIGRyYW3DoXRpY2EgZXF1aWxpYnJhZGEgY29uIHRvbm9zIHRpZXJyYSByZWZpbmFkb3MuIFBvciBmaW4sIHVuYSBzaWxsYSBxdWUgY29tYmluYSB0dSBwYXNpw7NuIHBvciBlbCBnYW1pbmcgY29uIHR1IGd1c3RvIG1hZHVyby4gPC9wPgpbcHJvZHVjdF91cmwgaWQ9IjM5MjUiIG5hbWU9Ik3DoXMgaW5mb3JtYWNpw7NuIiBjbGFzcz0iY29sbGVjdGlvbi1pbmZvX19hY3Rpb24iIC9dCiAgICAgICAgPC9kaXY+CgogICAgICAgCiAgICAgICAgPGltZyBjbGFzcz0iY29sbGVjdGlvbi1pbmZvX19pbWFnZSIgc3JjPSIvd3AtY29udGVudC91cGxvYWRzLzIwMjUvMDEvbWlsaXRhcnlfZ3JlZW5fbWFpbi5wbmciPgogICAgPC9kaXY+CiAgICA=[\/vc_raw_html][vc_raw_html css=\u00bb\u00bb]ICAgICAgICA8ZGl2IGNsYXNzPSJjb2xsZWN0aW9uLXRocmVlIj4KCiAgICAgICAgICAgIDxkaXYgY2xhc3M9ImNvbGxlY3Rpb24tdGhyZWVfX2l0ZW0iPgogICAgICAgICAgICAgICAgPGltZyBjbGFzcz0iY29sbGVjdGlvbi10aHJlZV9faW1hZ2UiIHNyYz0iL3dwLWNvbnRlbnQvdXBsb2Fkcy8yMDI1LzAxL21pbGl0YXJ5X2dyZWVuXzEucG5nIj4KICAgICAgICAgICAgICAgIDxpbWcgY2xhc3M9ImNvbGxlY3Rpb24tdGhyZWVfX2ltYWdlIGNvbGxlY3Rpb24tdGhyZWVfX2ltYWdlLS1tb2JpbGUiIHNyYz0iL3dwLWNvbnRlbnQvdXBsb2Fkcy8yMDI1LzAxL21pbGl0YXJ5X2dyZWVuXzFfbW9iaWxlLnBuZyI+CiAgICAgICAgICAgIDwvZGl2PgoKICAgICAgICAgICAgPGRpdiBjbGFzcz0iY29sbGVjdGlvbi10aHJlZV9faXRlbSI+CiAgICAgICAgICAgICAgICBbcHJvZHVjdF91cmwgaWQ9IjM5MjUiXQogICAgICAgICAgICAgICAgPGltZyBjbGFzcz0iY29sbGVjdGlvbi10aHJlZV9faW1hZ2UiIHNyYz0iL3dwLWNvbnRlbnQvdXBsb2Fkcy8yMDI1LzAxL21pbGl0YXJ5X2dyZWVuXzIucG5nIj4KICAgICAgICAgICAgICAgIFsvcHJvZHVjdF91cmxdCiAgICAgICAgICAgICAgICBbcHJvZHVjdF91cmwgaWQ9IjM5MjUiXQogICAgICAgICAgICAgICAgPGltZyBjbGFzcz0iY29sbGVjdGlvbi10aHJlZV9faW1hZ2UgY29sbGVjdGlvbi10aHJlZV9faW1hZ2UtLW1vYmlsZSIgc3JjPSIvd3AtY29udGVudC91cGxvYWRzLzIwMjUvMDEvbWlsaXRhcnlfZ3JlZW5fMl9tb2JpbGUucG5nIj4KICAgICAgICAgICAgICAgIFsvcHJvZHVjdF91cmxdCiAgICAgICAgICAgICAgICA8ZGl2IGNsYXNzPSJjb2xsZWN0aW9uLXRocmVlX19hY3Rpb24iPgogICAgICAgICAgICAgICAgICAgIDxoND5bcHJvZHVjdF91cmwgaWQ9IjM5MjUiIG5hbWU9IkNPTU1BTkRFUiBNaWxpdGFyeSBHcmVlbiIgL108L2g0PgogICAgICAgICAgICAgICAgICAgIFtwcm9kdWN0X3ByaWNlIGlkPSIzOTI1IiAvXQogICAgICAgICAgICAgICAgPC9kaXY+CiAgICAgICAgICAgIDwvZGl2PgoKICAgICAgICAgICAgPGRpdiBjbGFzcz0iY29sbGVjdGlvbi10aHJlZV9faXRlbSBjb2xsZWN0aW9uLXRocmVlX19pdGVtLS1sYXJnZSI+CiAgICAgICAgICAgICAgICA8aW1nIGNsYXNzPSJjb2xsZWN0aW9uLXRocmVlX19pbWFnZSIgc3JjPSIvd3AtY29udGVudC91cGxvYWRzLzIwMjUvMDEvbWlsaXRhcnlfZ3JlZW5fMy5wbmciPgogICAgICAgICAgICAgICAgPGltZyBjbGFzcz0iY29sbGVjdGlvbi10aHJlZV9faW1hZ2UgY29sbGVjdGlvbi10aHJlZV9faW1hZ2UtLW1vYmlsZSIgc3JjPSIvd3AtY29udGVudC91cGxvYWRzLzIwMjUvMDEvbWlsaXRhcnlfZ3JlZW5fM19tb2JpbGUucG5nIj4KICAgICAgICAgICAgPC9kaXY+CgoKICAgICAgICA8L2Rpdj4=[\/vc_raw_html][vc_raw_html css=\u00bb\u00bb]CiAgICA8ZGl2IGNsYXNzPSJjb2xsZWN0aW9uLWluZm8gY29sbGVjdGlvbi1pbmZvLS1yZXZlcnNlIj4KICAgIDxkaXYgY2xhc3M9ImNvbGxlY3Rpb24taW5mb19fY29udGVudCBjb2xsZWN0aW9uLWluZm9fX2xvZ28iPgogICAgICAgICAgICA8aW1nIHNyYz0iL3dwLWNvbnRlbnQvdXBsb2Fkcy8yMDI1LzAxL2NvbW1hbmRlci1vYnNpZGlhbi1ibGFkZS5zdmciPgogICAgPC9kaXY+CiAgICAgICAgCiAgICAgICAgPGltZyBjbGFzcz0iY29sbGVjdGlvbi1pbmZvX19pbWFnZSBjb2xsZWN0aW9uLWluZm9fX2ltYWdlLS1tb2JpbGUiIHNyYz0iL3dwLWNvbnRlbnQvdXBsb2Fkcy8yMDI1LzAxL29ic2lkaWFuLWJsYWRlLW1haW4tbW9iaWxlLnBuZyI+CiAgICAKICAgICAgICA8ZGl2IGNsYXNzPSJjb2xsZWN0aW9uLWluZm9fX2NvbnRlbnQiPgogICAgICAgICAgICA8aDI+VHUgcHVlbnRlLCB0dXMgcmVnbGFzPC9oMj4KICAgICAgICAgICAgPHA+QWp1c3RhYmlsaWRhZCBtdWx0aS1wb3NpY2nDs24geSByZXBvc2FicmF6b3MgNEQgc2UgYWRhcHRhbiBhIHR1IGVzdGlsbyBkZSBjb21hbmRvLiBQb3JxdWUgY2FkYSBjYXBpdMOhbiBuZWNlc2l0YSB1biBhc2llbnRvIHF1ZSByZXNwb25kYSBhIHN1IGF1dG9yaWRhZC4gPC9wPgpbcHJvZHVjdF91cmwgaWQ9IjM5MjQiIG5hbWU9IkxlYXJuIG1vcmUiIGNsYXNzPSJjb2xsZWN0aW9uLWluZm9fX2FjdGlvbiIgL10KICAgICAgICA8L2Rpdj4KCiAgICAgICAKICAgICAgICA8aW1nIGNsYXNzPSJjb2xsZWN0aW9uLWluZm9fX2ltYWdlIiBzcmM9Ii93cC1jb250ZW50L3VwbG9hZHMvMjAyNS8wMS9vYnNpZGlhbi1ibGFkZS1tYWluLnBuZyI+CiAgICA8L2Rpdj4KICAgIA==[\/vc_raw_html][vc_raw_html css=\u00bb\u00bb]ICAgICAgICA8ZGl2IGNsYXNzPSJjb2xsZWN0aW9uLXRocmVlIj4KICAgICAgICAgICAgCiAgICAgICAgICAgICAgICAgICAgICAgIDxkaXYgY2xhc3M9ImNvbGxlY3Rpb24tdGhyZWVfX2l0ZW0gY29sbGVjdGlvbi10aHJlZV9faXRlbS0tbGFyZ2UiPgogICAgICAgICAgICAgICAgPGltZyBjbGFzcz0iY29sbGVjdGlvbi10aHJlZV9faW1hZ2UiIHNyYz0iL3dwLWNvbnRlbnQvdXBsb2Fkcy8yMDI1LzAxL29ic2lkaWFuLWJsYWRlLTEucG5nIj4KICAgICAgICAgICAgICAgIDxpbWcgY2xhc3M9ImNvbGxlY3Rpb24tdGhyZWVfX2ltYWdlIGNvbGxlY3Rpb24tdGhyZWVfX2ltYWdlLS1tb2JpbGUiIHNyYz0iL3dwLWNvbnRlbnQvdXBsb2Fkcy8yMDI1LzAxL29ic2lkaWFuLWJsYWRlLTEtbW9iaWxlLnBuZyI+CiAgICAgICAgICAgIDwvZGl2PgogICAgICAgICAgICAKICAgICAgICAgICAgICAgICAgICAgICAgPGRpdiBjbGFzcz0iY29sbGVjdGlvbi10aHJlZV9faXRlbSI+CiAgICAgICAgICAgICAgICBbcHJvZHVjdF91cmwgaWQ9IjM5MjQiXQogICAgICAgICAgICAgICAgPGltZyBjbGFzcz0iY29sbGVjdGlvbi10aHJlZV9faW1hZ2UiIHNyYz0iL3dwLWNvbnRlbnQvdXBsb2Fkcy8yMDI1LzAxL29ic2lkaWFuLWJsYWRlLTIucG5nIj4KICAgICAgICAgICAgICAgIFsvcHJvZHVjdF91cmxdCiAgICAgICAgICAgICAgICBbcHJvZHVjdF91cmwgaWQ9IjM5MjQiXQogICAgICAgICAgICAgICAgPGltZyBjbGFzcz0iY29sbGVjdGlvbi10aHJlZV9faW1hZ2UgY29sbGVjdGlvbi10aHJlZV9faW1hZ2UtLW1vYmlsZSIgc3JjPSIvd3AtY29udGVudC91cGxvYWRzLzIwMjUvMDEvb2JzaWRpYW4tYmxhZGUtMi1tb2JpbGUucG5nIj4KICAgICAgICAgICAgICAgIFsvcHJvZHVjdF91cmxdCiAgICAgICAgICAgICAgICAgICAgICAgICAgICAgICAgPGRpdiBjbGFzcz0iY29sbGVjdGlvbi10aHJlZV9fYWN0aW9uIj4KICAgICAgICAgICAgICAgICAgICA8aDQ+W3Byb2R1Y3RfdXJsIGlkPSIzOTI0IiBuYW1lPSJDT01NQU5ERVIgT2JzaWRpYW4gQmxhZGUiIC9dPC9oND4KICAgICAgICAgICAgICAgICAgICBbcHJvZHVjdF9wcmljZSBpZD0iMzkyNCIgL10KICAgICAgICAgICAgICAgIDwvZGl2PgogICAgICAgICAgICA8L2Rpdj4KICAgICAgICAgICAgCiAgICAgICAgICAgIAogICAgICAgICAgICA8ZGl2IGNsYXNzPSJjb2xsZWN0aW9uLXRocmVlX19pdGVtIj4KICAgICAgICAgICAgICAgIDxpbWcgY2xhc3M9ImNvbGxlY3Rpb24tdGhyZWVfX2ltYWdlIiBzcmM9Ii93cC1jb250ZW50L3VwbG9hZHMvMjAyNS8wMS9vYnNpZGlhbi1ibGFkZS0zLnBuZyI+CiAgICAgICAgICAgICAgICA8aW1nIGNsYXNzPSJjb2xsZWN0aW9uLXRocmVlX19pbWFnZSBjb2xsZWN0aW9uLXRocmVlX19pbWFnZS0tbW9iaWxlIiBzcmM9Ii93cC1jb250ZW50L3VwbG9hZHMvMjAyNS8wMS9vYnNpZGlhbi1ibGFkZTMtbW9iaWxlLnBuZyI+CiAgICAgICAgICAgIDwvZGl2PgoKICAgICAgICA8L2Rpdj4=[\/vc_raw_html][vc_raw_html css=\u00bb\u00bb]CiAgICA8ZGl2IGNsYXNzPSJjb2xsZWN0aW9uLWluZm8gY29sbGVjdGlvbi1pbmZvLS1yZXZlcnNlIj4KICAgIDxkaXYgY2xhc3M9ImNvbGxlY3Rpb24taW5mb19fY29udGVudCBjb2xsZWN0aW9uLWluZm9fX2xvZ28iPgogICAgICAgICAgICA8aW1nIHNyYz0iL3dwLWNvbnRlbnQvdXBsb2Fkcy8yMDI1LzAxL29jZWFuLWJsdWUuc3ZnIj4KICAgIDwvZGl2PgogICAgICAgIAogICAgICAgIDxpbWcgY2xhc3M9ImNvbGxlY3Rpb24taW5mb19faW1hZ2UgY29sbGVjdGlvbi1pbmZvX19pbWFnZS0tbW9iaWxlIiBzcmM9Ii93cC1jb250ZW50L3VwbG9hZHMvMjAyNS8wMS9vY2Vhbi1ibHVlLW1haW4tbW9iaWxlLnBuZyI+CiAgICAKICAgICAgICA8ZGl2IGNsYXNzPSJjb2xsZWN0aW9uLWluZm9fX2NvbnRlbnQiPgogICAgICAgICAgICA8aDI+Q29uZm9ydCBhIGVzY2FsYSDDqXBpY2E8L2gyPgogICAgICAgICAgICA8cD5DYWRhIGRldGFsbGUgbW9kZWxhZG8gY29tbyB1biBibG9ja2J1c3Rlci4gRGVzZGUgbGEgc2lsdWV0YSBkaXN0aW50aXZhIGhhc3RhIGxvcyBtYXRlcmlhbGVzIHByZW1pdW0sIENvbW1hbmRlciBhcG9ydGEgdW4gdG9xdWUgY2luZW1hdG9ncsOhZmljbyBhIHR1IGVzcGFjaW8gZ2FtaW5nLiBQb3JxdWUgY2FkYSBoaXN0b3JpYSDDqXBpY2EgbmVjZXNpdGEgZWwgZXNjZW5hcmlvIHBlcmZlY3RvLiAgPC9wPgpbcHJvZHVjdF91cmwgaWQ9IjM5MjkiIG5hbWU9Ik3DoXMgaW5mb3JtYWNpw7NuIiBjbGFzcz0iY29sbGVjdGlvbi1pbmZvX19hY3Rpb24iIC9dCiAgICAgICAgPC9kaXY+CgogICAgICAgCiAgICAgICAgPGltZyBjbGFzcz0iY29sbGVjdGlvbi1pbmZvX19pbWFnZSIgc3JjPSJodHRwczovL3BhcmFkb3gyNC5jb20vd3AtY29udGVudC91cGxvYWRzLzIwMjUvMDEvb2NlYW4tYmx1ZS5wbmciPgogICAgPC9kaXY+CiAgICA=[\/vc_raw_html][vc_raw_html css=\u00bb\u00bb]ICAgICAgICA8ZGl2IGNsYXNzPSJjb2xsZWN0aW9uLXRocmVlIj4KICAgICAgICAgICAgCiAgICAgICAgICAgICAgICAgICAgICAgIAogICAgICAgICAgICAgICAgICAgICAgICA8ZGl2IGNsYXNzPSJjb2xsZWN0aW9uLXRocmVlX19pdGVtIj4KICAgICAgICAgICAgICAgIFtwcm9kdWN0X3VybCBpZD0iMzkyOSJdCiAgICAgICAgICAgICAgICA8aW1nIGNsYXNzPSJjb2xsZWN0aW9uLXRocmVlX19pbWFnZSIgc3JjPSIvd3AtY29udGVudC91cGxvYWRzLzIwMjUvMDEvb2NlYW4tYmx1ZS0xLnBuZyI+CiAgICAgICAgICAgICAgICBbL3Byb2R1Y3RfdXJsXQogICAgICAgICAgICAgICAgW3Byb2R1Y3RfdXJsIGlkPSIzOTI5Il0KICAgICAgICAgICAgICAgIDxpbWcgY2xhc3M9ImNvbGxlY3Rpb24tdGhyZWVfX2ltYWdlIGNvbGxlY3Rpb24tdGhyZWVfX2ltYWdlLS1tb2JpbGUiIHNyYz0iL3dwLWNvbnRlbnQvdXBsb2Fkcy8yMDI1LzAxL29jZWFuLWJsdWUtMS1tb2JpbGUucG5nIj4KICAgICAgICAgICAgICAgIFsvcHJvZHVjdF91cmxdCiAgICAgICAgICAgICAgICAgICAgICAgICAgICAgICAgPGRpdiBjbGFzcz0iY29sbGVjdGlvbi10aHJlZV9fYWN0aW9uIj4KICAgICAgICAgICAgICAgICAgICA8aDQ+W3Byb2R1Y3RfdXJsIGlkPSIzOTI5IiBuYW1lPSJDT01NQU5ERVIgT2NlYW4gQmx1ZSIgL108L2g0PgogICAgICAgICAgICAgICAgICAgIFtwcm9kdWN0X3ByaWNlIGlkPSIzOTI5IiAvXQogICAgICAgICAgICAgICAgPC9kaXY+CiAgICAgICAgICAgIDwvZGl2PgogICAgICAgICAgICAKICAgICAgICAgICAgICAgICAgICAgICAgPGRpdiBjbGFzcz0iY29sbGVjdGlvbi10aHJlZV9faXRlbSBjb2xsZWN0aW9uLXRocmVlX19pdGVtLS1sYXJnZSI+CiAgICAgICAgICAgICAgICA8aW1nIGNsYXNzPSJjb2xsZWN0aW9uLXRocmVlX19pbWFnZSIgc3JjPSIvd3AtY29udGVudC91cGxvYWRzLzIwMjUvMDEvb2NlYW4tYmx1ZS0yLnBuZyI+CiAgICAgICAgICAgICAgICA8aW1nIGNsYXNzPSJjb2xsZWN0aW9uLXRocmVlX19pbWFnZSBjb2xsZWN0aW9uLXRocmVlX19pbWFnZS0tbW9iaWxlIiBzcmM9Ii93cC1jb250ZW50L3VwbG9hZHMvMjAyNS8wMS9vY2Vhbi1ibHVlLTItbW9iaWxlLnBuZyI+CiAgICAgICAgICAgIDwvZGl2PgogICAgICAgICAgICAKICAgICAgICAgICAgCiAgICAgICAgICAgIDxkaXYgY2xhc3M9ImNvbGxlY3Rpb24tdGhyZWVfX2l0ZW0iPgogICAgICAgICAgICAgICAgPGltZyBjbGFzcz0iY29sbGVjdGlvbi10aHJlZV9faW1hZ2UiIHNyYz0iL3dwLWNvbnRlbnQvdXBsb2Fkcy8yMDI1LzAxL29jZWFuLWJsdWUtMy5wbmciPgogICAgICAgICAgICAgICAgPGltZyBjbGFzcz0iY29sbGVjdGlvbi10aHJlZV9faW1hZ2UgY29sbGVjdGlvbi10aHJlZV9faW1hZ2UtLW1vYmlsZSIgc3JjPSIvd3AtY29udGVudC91cGxvYWRzLzIwMjUvMDEvb2NlYW4tYmx1ZS0zLW1vYmlsZS5wbmciPgogICAgICAgICAgICA8L2Rpdj4KCiAgICAgICAgPC9kaXY+[\/vc_raw_html][vc_raw_html css=\u00bb\u00bb]CiAgICA8ZGl2IGNsYXNzPSJjb2xsZWN0aW9uLWluZm8iPgogICAgPGRpdiBjbGFzcz0iY29sbGVjdGlvbi1pbmZvX19jb250ZW50IGNvbGxlY3Rpb24taW5mb19fbG9nbyI+CiAgICAgICAgICAgIDxpbWcgc3JjPSIvd3AtY29udGVudC91cGxvYWRzLzIwMjUvMDEvc2FuZC1zdG9ybS5zdmciPgogICAgPC9kaXY+CiAgICAgICAgCiAgICAgICAgPGltZyBjbGFzcz0iY29sbGVjdGlvbi1pbmZvX19pbWFnZSBjb2xsZWN0aW9uLWluZm9fX2ltYWdlLS1tb2JpbGUiIHNyYz0iL3dwLWNvbnRlbnQvdXBsb2Fkcy8yMDI1LzAxL3NhbmQtc3Rvcm0tbWFpbi1tb2JpbGUucG5nIj4KICAgIAogICAgICAgIDxkaXYgY2xhc3M9ImNvbGxlY3Rpb24taW5mb19fY29udGVudCI+CiAgICAgICAgICAgIDxoMj5DYWRhIGp1ZWdvLCBjYWRhIGfDqW5lcm88L2gyPgogICAgICAgICAgICA8cD5ZYSBzZWEgcXVlIGVzdMOpcyBsaWRlcmFuZG8gdW5hIGZsb3RhIGVzcGFjaWFsLCBkb21pbmFuZG8gdW5hIHNhZ2EgUlBHIG8gZGVzdGFjYW5kbyBlbiBlbCBqdWVnbyBjb21wZXRpdGl2bywgQ29tbWFuZGVyIHNlIGFkYXB0YSBhIHR1IHVuaXZlcnNvIGdhbWluZy4gQ29uZm9ydCBwcmVtaXVtIGRpc2XDsWFkbyBwYXJhIGNhZGEgZXN0aWxvIGRlIGp1ZWdvLCBjYWRhIHRpcG8gZGUgYXZlbnR1cmEuIDwvcD4KW3Byb2R1Y3RfdXJsIGlkPSIzOTMwIiBuYW1lPSJNw6FzIGluZm9ybWFjacOzbiIgY2xhc3M9ImNvbGxlY3Rpb24taW5mb19fYWN0aW9uIiAvXQogICAgICAgIDwvZGl2PgoKICAgICAgIAogICAgICAgIDxpbWcgY2xhc3M9ImNvbGxlY3Rpb24taW5mb19faW1hZ2UiIHNyYz0iL3dwLWNvbnRlbnQvdXBsb2Fkcy8yMDI1LzAxL3NhbmQtc3Rvcm0tbWFpbi5wbmciPgogICAgPC9kaXY+CiAgICA=[\/vc_raw_html][vc_raw_html css=\u00bb\u00bb]ICAgICAgICA8ZGl2IGNsYXNzPSJjb2xsZWN0aW9uLXRocmVlIj4KICAgICAgICAgICAgCiAgICAgICAgICAgIAogICAgICAgICAgICAgICAgICAgICAgICA8ZGl2IGNsYXNzPSJjb2xsZWN0aW9uLXRocmVlX19pdGVtIj4KICAgICAgICAgICAgICAgIFtwcm9kdWN0X3VybCBpZD0iMzkzMCJdCiAgICAgICAgICAgICAgICA8aW1nIGNsYXNzPSJjb2xsZWN0aW9uLXRocmVlX19pbWFnZSIgc3JjPSIvd3AtY29udGVudC91cGxvYWRzLzIwMjUvMDEvc2FuZC1zdG9ybS0xLnBuZyI+CiAgICAgICAgICAgICAgICBbL3Byb2R1Y3RfdXJsXQogICAgICAgICAgICAgICAgW3Byb2R1Y3RfdXJsIGlkPSIzOTMwIl0KICAgICAgICAgICAgICAgIDxpbWcgY2xhc3M9ImNvbGxlY3Rpb24tdGhyZWVfX2ltYWdlIGNvbGxlY3Rpb24tdGhyZWVfX2ltYWdlLS1tb2JpbGUiIHNyYz0iL3dwLWNvbnRlbnQvdXBsb2Fkcy8yMDI1LzAxL3NhbmQtc3Rvcm0tMS1tb2JpbGUucG5nIj4KICAgICAgICAgICAgICAgIFsvcHJvZHVjdF91cmxdCiAgICAgICAgICAgICAgICAgICAgICAgICAgICAgICAgPGRpdiBjbGFzcz0iY29sbGVjdGlvbi10aHJlZV9fYWN0aW9uIj4KICAgICAgICAgICAgICAgICAgICA8aDQ+W3Byb2R1Y3RfdXJsIGlkPSIzOTMwIiBuYW1lPSJDT01NQU5ERVIgU2FuZCBTdG9ybSIgL108L2g0PgogICAgICAgICAgICAgICAgICAgIFtwcm9kdWN0X3ByaWNlIGlkPSIzOTMwIiAvXQogICAgICAgICAgICAgICAgPC9kaXY+CiAgICAgICAgICAgIDwvZGl2PgogICAgICAgICAgICAKICAgICAgICAgICAgICAgICAgICAgICAgICAgICAgICAgICAgPGRpdiBjbGFzcz0iY29sbGVjdGlvbi10aHJlZV9faXRlbSI+CiAgICAgICAgICAgICAgICA8aW1nIGNsYXNzPSJjb2xsZWN0aW9uLXRocmVlX19pbWFnZSIgc3JjPSIvd3AtY29udGVudC91cGxvYWRzLzIwMjUvMDEvc2FuZC1zdG9ybS0yLnBuZyI+CiAgICAgICAgICAgICAgICA8aW1nIGNsYXNzPSJjb2xsZWN0aW9uLXRocmVlX19pbWFnZSBjb2xsZWN0aW9uLXRocmVlX19pbWFnZS0tbW9iaWxlIiBzcmM9Ii93cC1jb250ZW50L3VwbG9hZHMvMjAyNS8wMS9zYW5kLXN0b3JtLTItbW9iaWxlLnBuZyI+CiAgICAgICAgICAgIDwvZGl2PgogICAgICAgICAgICAKICAgICAgICAgICAgCiAgICAgICAgICAgIDxkaXYgY2xhc3M9ImNvbGxlY3Rpb24tdGhyZWVfX2l0ZW0gY29sbGVjdGlvbi10aHJlZV9faXRlbS0tbGFyZ2UiPgogICAgICAgICAgICAgICAgPGltZyBjbGFzcz0iY29sbGVjdGlvbi10aHJlZV9faW1hZ2UiIHNyYz0iL3dwLWNvbnRlbnQvdXBsb2Fkcy8yMDI1LzAxL3NhbmQtc3Rvcm0tMy5wbmciPgogICAgICAgICAgICAgICAgPGltZyBjbGFzcz0iY29sbGVjdGlvbi10aHJlZV9faW1hZ2UgY29sbGVjdGlvbi10aHJlZV9faW1hZ2UtLW1vYmlsZSIgc3JjPSIvd3AtY29udGVudC91cGxvYWRzLzIwMjUvMDEvc2FuZC1zdG9ybS0zLW1vYmlsZS5wbmciPgogICAgICAgICAgICA8L2Rpdj4KCiAgICAgICAgPC9kaXY+[\/vc_raw_html][vc_raw_html css=\u00bb\u00bb]CiAgICA8ZGl2IGNsYXNzPSJjb2xsZWN0aW9uLWluZm8gY29sbGVjdGlvbi1pbmZvLS1yZXZlcnNlIj4KICAgIDxkaXYgY2xhc3M9ImNvbGxlY3Rpb24taW5mb19fY29udGVudCBjb2xsZWN0aW9uLWluZm9fX2xvZ28iPgogICAgICAgICAgICA8aW1nIHNyYz0iL3dwLWNvbnRlbnQvdXBsb2Fkcy8yMDI1LzAxL3N1bnJpc2UtaGVyby5zdmciPgogICAgPC9kaXY+CiAgICAgICAgCiAgICAgICAgPGltZyBjbGFzcz0iY29sbGVjdGlvbi1pbmZvX19pbWFnZSBjb2xsZWN0aW9uLWluZm9fX2ltYWdlLS1tb2JpbGUiIHNyYz0iL3dwLWNvbnRlbnQvdXBsb2Fkcy8yMDI1LzAxL3N1bnJpc2UtaGVyby1tYWluLW1vYmlsZS5wbmciPgogICAgCiAgICAgICAgPGRpdiBjbGFzcz0iY29sbGVjdGlvbi1pbmZvX19jb250ZW50Ij4KICAgICAgICAgICAgPGgyPlJlc3BpcmEsIG11w6l2ZXRlLCBjb25xdWlzdGE8L2gyPgogICAgICAgICAgICA8cD5FbCBlY28tY3Vlcm8gVGVjaFJYIElJIHByZW1pdW0gc2UgZW5jdWVudHJhIGNvbiBlbCBkaXNlw7FvIGlubm92YWRvci4gQ2FkYSBkZXRhbGxlIGVzdMOhIGRpc2XDsWFkbyBwYXJhIG1hbnRlbmVydGUgZW4gbGEgem9uYSwgaG9yYSB0cmFzIGhvcmEuIDwvcD4KW3Byb2R1Y3RfdXJsIGlkPSIzOTI4IiBuYW1lPSJNw6FzIGluZm9ybWFjacOzbiIgY2xhc3M9ImNvbGxlY3Rpb24taW5mb19fYWN0aW9uIiAvXQogICAgICAgIDwvZGl2PgoKICAgICAgIAogICAgICAgIDxpbWcgY2xhc3M9ImNvbGxlY3Rpb24taW5mb19faW1hZ2UiIHNyYz0iL3dwLWNvbnRlbnQvdXBsb2Fkcy8yMDI1LzAxL3N1bnJpc2UtaGVyby1tYWluLnBuZyI+CiAgICA8L2Rpdj4KICAgIA==[\/vc_raw_html][vc_raw_html css=\u00bb\u00bb]ICAgICAgICA8ZGl2IGNsYXNzPSJjb2xsZWN0aW9uLXRocmVlIj4KICAgICAgICAgICAgCiAgICAgICAgICAgICAgICAgICAgICAgIDxkaXYgY2xhc3M9ImNvbGxlY3Rpb24tdGhyZWVfX2l0ZW0gY29sbGVjdGlvbi10aHJlZV9faXRlbS0tbGFyZ2UiPgogICAgICAgICAgICAgICAgPGltZyBjbGFzcz0iY29sbGVjdGlvbi10aHJlZV9faW1hZ2UiIHNyYz0iL3dwLWNvbnRlbnQvdXBsb2Fkcy8yMDI1LzAxL3N1bnJpc2UtaGVyby0xLnBuZyI+CiAgICAgICAgICAgICAgICA8aW1nIGNsYXNzPSJjb2xsZWN0aW9uLXRocmVlX19pbWFnZSBjb2xsZWN0aW9uLXRocmVlX19pbWFnZS0tbW9iaWxlIiBzcmM9Ii93cC1jb250ZW50L3VwbG9hZHMvMjAyNS8wMS9zdW5yaXNlLWhlcm8tMy1tb2JpbGUucG5nIj4KICAgICAgICAgICAgPC9kaXY+CiAgICAgICAgICAgIAogICAgICAgICAgICAgICAgICAgICAgICA8ZGl2IGNsYXNzPSJjb2xsZWN0aW9uLXRocmVlX19pdGVtIj4KICAgICAgICAgICAgICAgIFtwcm9kdWN0X3VybCBpZD0iMzkyOCJdCiAgICAgICAgICAgICAgICA8aW1nIGNsYXNzPSJjb2xsZWN0aW9uLXRocmVlX19pbWFnZSIgc3JjPSIvd3AtY29udGVudC91cGxvYWRzLzIwMjUvMDEvc3VucmlzZS1oZXJvLTIucG5nIj4KICAgICAgICAgICAgICAgIFsvcHJvZHVjdF91cmxdCiAgICAgICAgICAgICAgICBbcHJvZHVjdF91cmwgaWQ9IjM5MjgiXQogICAgICAgICAgICAgICAgPGltZyBjbGFzcz0iY29sbGVjdGlvbi10aHJlZV9faW1hZ2UgY29sbGVjdGlvbi10aHJlZV9faW1hZ2UtLW1vYmlsZSIgc3JjPSIvd3AtY29udGVudC91cGxvYWRzLzIwMjUvMDEvc3VucmlzZS1oZXJvLTItbW9iaWxlLnBuZyI+CiAgICAgICAgICAgICAgICBbL3Byb2R1Y3RfdXJsXQogICAgICAgICAgICAgICAgICAgICAgICAgICAgICAgIDxkaXYgY2xhc3M9ImNvbGxlY3Rpb24tdGhyZWVfX2FjdGlvbiI+CiAgICAgICAgICAgICAgICAgICAgPGg0Pltwcm9kdWN0X3VybCBpZD0iMzkyOCIgbmFtZT0iQ09NTUFOREVSIFN1bnJpc2UgSGVybyIgL108L2g0PgogICAgICAgICAgICAgICAgICAgIFtwcm9kdWN0X3ByaWNlIGlkPSIzOTI4IiAvXQogICAgICAgICAgICAgICAgPC9kaXY+CiAgICAgICAgICAgIDwvZGl2PgogICAgICAgICAgICAKICAgICAgICAgICAgCiAgICAgICAgICAgIDxkaXYgY2xhc3M9ImNvbGxlY3Rpb24tdGhyZWVfX2l0ZW0iPgogICAgICAgICAgICAgICAgPGltZyBjbGFzcz0iY29sbGVjdGlvbi10aHJlZV9faW1hZ2UiIHNyYz0iL3dwLWNvbnRlbnQvdXBsb2Fkcy8yMDI1LzAxL3N1bnJpc2UtaGVyby0zLnBuZyI+CiAgICAgICAgICAgICAgICA8aW1nIGNsYXNzPSJjb2xsZWN0aW9uLXRocmVlX19pbWFnZSBjb2xsZWN0aW9uLXRocmVlX19pbWFnZS0tbW9iaWxlIiBzcmM9Ii93cC1jb250ZW50L3VwbG9hZHMvMjAyNS8wMS9zdW5yaXNlLWhlcm8tMS1tb2JpbGUucG5nIj4KICAgICAgICAgICAgPC9kaXY+CgogICAgICAgIDwvZGl2Pg==[\/vc_raw_html][\/vc_column][\/vc_row]<\/p>\n<\/div>","protected":false},"excerpt":{"rendered":"<p>Colecci\u00f3n Paradox Commander \u2014 silla gaming vers\u00e1til para jugadores cotidianos. Tapizado en eco-cuero, almohada lumbar ajustable, reposapi\u00e9s retr\u00e1ctil, bloqueo de inclinaci\u00f3n. Disponible en 6 colores. Devoluciones 100 d\u00edas, env\u00edo gratis UE.<\/p>\n","protected":false},"author":1,"featured_media":0,"parent":0,"menu_order":0,"comment_status":"closed","ping_status":"closed","template":"template-fullwidth.php","meta":{"footnotes":""},"class_list":["post-10741","page","type-page","status-publish","hentry","no-thumb"],"_links":{"self":[{"href":"https:\/\/paradox24.com\/es\/wp-json\/wp\/v2\/pages\/10741","targetHints":{"allow":["GET"]}}],"collection":[{"href":"https:\/\/paradox24.com\/es\/wp-json\/wp\/v2\/pages"}],"about":[{"href":"https:\/\/paradox24.com\/es\/wp-json\/wp\/v2\/types\/page"}],"author":[{"embeddable":true,"href":"https:\/\/paradox24.com\/es\/wp-json\/wp\/v2\/users\/1"}],"replies":[{"embeddable":true,"href":"https:\/\/paradox24.com\/es\/wp-json\/wp\/v2\/comments?post=10741"}],"version-history":[{"count":1,"href":"https:\/\/paradox24.com\/es\/wp-json\/wp\/v2\/pages\/10741\/revisions"}],"predecessor-version":[{"id":30889,"href":"https:\/\/paradox24.com\/es\/wp-json\/wp\/v2\/pages\/10741\/revisions\/30889"}],"wp:attachment":[{"href":"https:\/\/paradox24.com\/es\/wp-json\/wp\/v2\/media?parent=10741"}],"curies":[{"name":"wp","href":"https:\/\/api.w.org\/{rel}","templated":true}]}}