{"id":8379,"date":"2024-10-21T12:30:36","date_gmt":"2024-10-21T11:30:36","guid":{"rendered":"https:\/\/paradox24.com\/product\/paradox-ultimate-lunar-trace\/"},"modified":"2026-04-30T11:32:10","modified_gmt":"2026-04-30T10:32:10","slug":"paradox-ultimate-lunar-trace","status":"publish","type":"product","link":"https:\/\/paradox24.com\/de\/produkt\/paradox-ultimate-lunar-trace\/","title":{"rendered":"Gaming Stuhl Paradox Ultimate Lunar Trace"},"content":{"rendered":"<div class=\"wpb-content-wrapper\"><p>[vc_row full_width=&#8220;stretch_row_content_no_spaces&#8220;][vc_column][product_info text_color=&#8220;product-info&#8211;white&#8220; text_position=&#8220;product-info__content&#8211;left&#8220; header=&#8220;Paradox Ultimate&#8220; text_1=&#8220;Essentials f\u00fcr Profis&#8220; main_image=&#8220;16368&#8243; mobile_image=&#8220;16512&#8243;][\/product_info][product_element position=&#8220;left&#8220; header=&#8220;Qualit\u00e4t auf ganzer Linie&#8220; images=&#8220;16503&#8243;]Das hochwertige NextGen \u00d6ko-Leder vereint Langlebigkeit mit angenehmem Griff &#8211; und das umweltbewusst.<br \/>Alcantara-Akzente vermitteln dieses besondere Sportgef\u00fchl. Genau wie die markanten Kontrastn\u00e4hte, die an Rennwagen und hochwertige Mode-Accessoires erinnern. <\/p>\n<p class=\"whitespace-normal break-words\"><strong>Kaltschaum hoher Dichte<\/strong> \u2014 die gleiche Produktionstechnik, die in Autositzen und Premium-M\u00f6beln verwendet wird. Im Gegensatz zu Standard-Schaum beh\u00e4lt Kaltschaum seine Form und Elastizit\u00e4t \u00fcber Tausende von Stunden der Nutzung. Kombiniert mit den Memory-Foam-Lenden- und Kopfst\u00fctzenkissen bietet er langanhaltenden Komfort.<\/p>\n<p>[\/product_element][product_element header=&#8220;Eingebautes LumbarPro&#8220; images=&#8220;16494&#8243;]Die Paradox Ultimate Serie verf\u00fcgt \u00fcber LumbarPro, ein zweidimensional verstellbares St\u00fctzsystem, das deine Wirbels\u00e4ule ausrichtet und Verspannungen im unteren R\u00fccken l\u00f6st. Dezent in die R\u00fcckenlehne integriert, verbindet es Eleganz mit ergonomischer Exzellenz. [\/product_element][product_info main_image=&#8220;16485&#8243; mobile_image=&#8220;16476&#8243;][\/product_info][product_element position=&#8220;left&#8220; header=&#8220;H\u00f6henverstellbar&#8220; images=&#8220;16467&#8243;]Perfekt anpassbar f\u00fcr K\u00f6rpergr\u00f6\u00dfen von 165 bis 185 cm. Der fortschrittliche Pneumatikmechanismus macht die H\u00f6henverstellung zum Kinderspiel &#8211; einfach den Hebel ziehen und leicht anheben zum Erh\u00f6hen, oder sich hinsetzen zum Absenken.  Die ideale ergonomische Position ist ganz einfach: Knie und Ellbogen sollten einen 90-Grad-Winkel bilden, wenn deine Arme auf dem Schreibtisch ruhen. Achte besonders auf die Position deiner Ellbogen &#8211; der Schl\u00fcssel zu komfortablem und effektivem Arbeiten. [\/product_element][product_element header=&#8220;Verstellbare R\u00fcckenlehne \u2013 vom Arbeiten bis zum Entspannen&#8220; images=&#8220;16458&#8243;]Stelle die R\u00fcckenlehne in vier Positionen ein und verriegele sie nach deinen Bed\u00fcrfnissen. Ob du spielst, arbeitest oder eine Pause machst \u2013 die Anpassung des R\u00fcckenlehnen-Winkels hilft dabei, Verspannungen zu reduzieren, die Haltung zu verbessern und deine Muskeln den ganzen Tag \u00fcber entspannt zu halten. Du kannst den Neigungswiderstand der R\u00fcckenlehne basierend auf deinem K\u00f6rpergewicht und deinen Vorlieben anpassen. Drehe einfach den Knopf unter deinem Sitz nach links oder rechts!   [\/product_element][product_element position=&#8220;left&#8220; header=&#8220;Kopfst\u00fctze mit starkem Magnet&#8220; images=&#8220;16449&#8243;]Das intelligente Kopfkissen erf\u00fcllt eine doppelte Funktion \u2013 es bietet Ihnen perfekte Unterst\u00fctzung und verleiht Ihrem Stuhl gleichzeitig Stil. Dank starker eingebauter Magnete k\u00f6nnen Sie es jederzeit einfach an- oder abschnappen. [\/product_element][product_info main_image=&#8220;16440&#8243; mobile_image=&#8220;16431&#8243;][\/product_info][product_element header=&#8220;FlexMotion 4D-Armlehnen&#8220; images=&#8220;16422&#8243;]Stelle sie nach oben und unten ein, um die perfekte H\u00f6he zu erreichen, schiebe sie vor und zur\u00fcck f\u00fcr optimale Reichweite, verschiebe sie seitlich f\u00fcr die ideale seitliche Position und drehe sie, um den besten Winkel f\u00fcr deine Arme und Handgelenke zu finden[\/product_element]. [product_element position=&#8220;left&#8220; header=&#8220;TitanCore Basis&#8220; images=&#8220;16413&#8243;]Gebaut, um bis zu 135 Kilogramm zu tragen, garantiert dieser Stuhl langanhaltende Zuverl\u00e4ssigkeit und Sicherheit und macht ihn zu einer ausgezeichneten Wahl sowohl f\u00fcr professionelle als auch pers\u00f6nliche Nutzung[\/product_element]. [product_element header=&#8220;QuickSpin 360\u00b0 Casters&#8220; images=&#8220;16404&#8243;]Die 360-Grad-Drehfunktion erm\u00f6glicht es dir, m\u00fchelos in jede Richtung zu drehen und bietet maximale Flexibilit\u00e4t und einfachen Zugang zu allen Bereichen deines Schreibtisches und der Umgebung\u2014alles in Stille.[\/product_element][product_element position=&#8220;left&#8220; header=&#8220;Einfache Montage&#8220; images=&#8220;16395&#8243;]Klare visuelle Anleitungen erm\u00f6glichen es Ihnen, den Stuhl in unter 20 Minuten zusammenzubauen. Ob Sie die Arbeit allein oder mit einem Freund machen \u2013 wir haben sichergestellt, dass es einfach ist. [\/product_element][product_images images=&#8220;17382&#8243;][product_action header=&#8220;Verbessern Sie noch heute Ihr Sitzerlebnis!&#8220; text=&#8220;Revolutionieren Sie Ihren Arbeitsplatz und Ihre Gaming-Ausstattung mit unserem Ultimate Chair. Erleben Sie unvergleichlichen Komfort und professionelle Exzellenz.&#8220; button_text=&#8220;Add ULTIMATE Lunar Trace to cart&#8220; main_image=&#8220;16386&#8243; mobile_image=&#8220;16377&#8243;][\/vc_column][\/vc_row]<\/p>\n<\/div>","protected":false},"excerpt":{"rendered":"<p><span style=\"font-weight: 400\">Minimalistisches und dennoch markantes Design, hochwertigste Materialien und Komfort, der dir hilft, deine Ziele zu erreichen. <\/span><\/p>\n<ul>\n<li style=\"font-weight: 400\"><b>F\u00fcr alle, die dezente Exzellenz sch\u00e4tzen:<\/b> <span style=\"font-weight: 400\">Perfekt f\u00fcr Profis und leidenschaftliche Gamer, die in Luxus und Raffinesse investieren m\u00f6chten.<\/span><\/li>\n<li style=\"font-weight: 400\"><b>Minimalistisches, zeitloses Design<\/b>: <span style=\"font-weight: 400\">Elegant und zur\u00fcckhaltend &#8211; f\u00fcgt sich nahtlos in jedes professionelle oder High-End-Gaming-Setup ein.<\/span><\/li>\n<li style=\"font-weight: 400\"><b>Hochwertigste Materialien durchgehend::<\/b><span style=\"font-weight: 400\"> Aus feinsten Materialien gefertigt f\u00fcr langlebigen Premium-Komfort.<br \/><\/span><\/li>\n<li><b>Kaltschaum hoher Dichte:<\/b> \u00dcberlegene Sitzpolsterung, die ihre Form jahrelang h\u00e4lt \u2014 kein Durchh\u00e4ngen, keine flachen Stellen.<\/li>\n<li style=\"font-weight: 400\"><b>\u00dcberlegene Mechanismen f\u00fcr perfekte Ergonomie<\/b> <span style=\"font-weight: 400\">Advanced adjustability for a highly personalized experience.<\/span><\/li>\n<\/ul>\n","protected":false},"featured_media":5530,"template":"","meta":[],"product_cat":[52,104],"product_tag":[],"class_list":{"0":"post-8379","1":"product","2":"type-product","3":"status-publish","4":"has-post-thumbnail","6":"product_cat-gaming-chairs","7":"product_cat-ultimate-collection","8":"","10":"first","11":"instock","12":"taxable","13":"shipping-taxable","14":"purchasable","15":"product-type-simple"},"_links":{"self":[{"href":"https:\/\/paradox24.com\/de\/wp-json\/wp\/v2\/product\/8379","targetHints":{"allow":["GET"]}}],"collection":[{"href":"https:\/\/paradox24.com\/de\/wp-json\/wp\/v2\/product"}],"about":[{"href":"https:\/\/paradox24.com\/de\/wp-json\/wp\/v2\/types\/product"}],"wp:featuredmedia":[{"embeddable":true,"href":"https:\/\/paradox24.com\/de\/wp-json\/wp\/v2\/media\/5530"}],"wp:attachment":[{"href":"https:\/\/paradox24.com\/de\/wp-json\/wp\/v2\/media?parent=8379"}],"wp:term":[{"taxonomy":"product_cat","embeddable":true,"href":"https:\/\/paradox24.com\/de\/wp-json\/wp\/v2\/product_cat?post=8379"},{"taxonomy":"product_tag","embeddable":true,"href":"https:\/\/paradox24.com\/de\/wp-json\/wp\/v2\/product_tag?post=8379"}],"curies":[{"name":"wp","href":"https:\/\/api.w.org\/{rel}","templated":true}]}}