{"id":8375,"date":"2024-10-21T12:30:37","date_gmt":"2024-10-21T11:30:37","guid":{"rendered":"https:\/\/paradox24.com\/product\/paradox-vanguard-red-runiq-black-w-red-stich\/"},"modified":"2026-04-30T11:38:52","modified_gmt":"2026-04-30T10:38:52","slug":"paradox-vanguard-red-runiq-black-w-red-stich","status":"publish","type":"product","link":"https:\/\/paradox24.com\/de\/produkt\/paradox-vanguard-red-runiq-black-w-red-stich\/","title":{"rendered":"Gaming Stuhl Paradox Vanguard Rot Runiq"},"content":{"rendered":"<div class=\"wpb-content-wrapper\"><p>[vc_row full_width=&#8220;stretch_row_content_no_spaces&#8220;][vc_column][product_info text_color=&#8220;product-info&#8211;white&#8220; text_position=&#8220;product-info__content&#8211;left&#8220; header=&#8220;Paradox Vanguard&#8220; text_1=&#8220;Die Performance-Wahl&#8220; main_image=&#8220;17972&#8243; mobile_image=&#8220;18116&#8243;][\/product_info][product_element position=&#8220;left&#8220; header=&#8220;Qualit\u00e4t auf ganzer Linie&#8220; images=&#8220;18107&#8243;]Das hochwertige TechRX II \u00d6ko-Leder ist langlebig, glatt und umweltfreundlich. Samtakzente sorgen f\u00fcr dieses Performance-Gef\u00fchl. Ebenso die markanten Kontrast-N\u00e4hte, die an Rennwagen oder hochwertige Mode-Accessoires erinnern.[\/product_element][product_element header=&#8220;Lendenwirbelst\u00fctze&#8220; images=&#8220;18098&#8243;]Die Vanguard Serie verf\u00fcgt \u00fcber ein Lendenkissen, das deine Wirbels\u00e4ule ausrichtet und Verspannungen im unteren R\u00fccken l\u00f6st. Hergestellt aus reaktivem Memory-Schaum und bezogen mit farblich abgestimmtem Samt, verbindet es ergonomische Unterst\u00fctzung mit \u00e4sthetischer Raffinesse. [\/product_element][product_info main_image=&#8220;18089&#8243; mobile_image=&#8220;18080&#8243;][\/product_info][product_element position=&#8220;left&#8220; header=&#8220;H\u00f6henverstellbarer Sitz&#8220; images=&#8220;18071&#8243;]Perfekt abgestimmt f\u00fcr Personen zwischen 165 und 185 cm. Der fortschrittliche TitanCore Pneumatikmechanismus macht die H\u00f6henverstellung zum Kinderspiel: Einfach den Hebel ziehen und leicht anheben zum Erh\u00f6hen, oder im Sitzen nach unten dr\u00fccken zum Absenken.<br \/>Die ideale ergonomische Position ist leicht zu finden &#8211; Knie und Ellbogen sollten einen 90-Grad-Winkel bilden, wenn deine Arme auf dem Schreibtisch ruhen. Konzentriere dich besonders auf die Position deiner Ellbogen f\u00fcr optimalen Komfort und Produktivit\u00e4t.   [\/product_element][product_element header=&#8220;Anpassbare R\u00fcckenlehnen-Positionen bis zur flachen Lage&#8220; images=&#8220;18062&#8243;]Verstellen und arretieren Sie die R\u00fcckenlehne in vier Positionen \u2013 von aufrechter Konzentration bis zu entspannter Neigung. \u00c4ndern Sie Ihre Position frei w\u00e4hrend des Tages, um Ihre Muskeln entspannt zu halten, w\u00e4hrend die Seitenpolster Sie sicher an Ort und Stelle halten. Justieren Sie den Neigungswiderstand fein, um ihn an Ihr Gewicht und Ihre Komfortpr\u00e4ferenz anzupassen, mit einer einfachen Drehung eines Knopfes.  [\/product_element][product_element position=&#8220;left&#8220; header=&#8220;Kopfst\u00fctzen-Kissen&#8220; images=&#8220;18053&#8243;]Das intelligente Kopfkissen erf\u00fcllt eine doppelte Funktion \u2013 es bietet Ihnen perfekte Unterst\u00fctzung und verleiht Ihrem Stuhl gleichzeitig Stil. Dank starker eingebauter Magnete k\u00f6nnen Sie es jederzeit einfach an- oder abschnappen. [\/product_element][product_info main_image=&#8220;18044&#8243; mobile_image=&#8220;18035&#8243;][\/product_info][product_element header=&#8220;FlexMotion 2D Armlehnen&#8220; images=&#8220;18026&#8243;]Verstellen Sie sie nach oben und unten, um die perfekte H\u00f6he zu erreichen und den besten Winkel f\u00fcr Ihre Arme und Handgelenke zu finden[\/product_element]. [product_element position=&#8220;left&#8220; header=&#8220;TitanCore Basis&#8220; images=&#8220;18017&#8243;]Gebaut, um bis zu 135 Kilogramm zu tragen, garantiert dieser Stuhl langanhaltende Zuverl\u00e4ssigkeit und Sicherheit und macht ihn zu einer ausgezeichneten Wahl sowohl f\u00fcr professionelle als auch pers\u00f6nliche Nutzung[\/product_element]. [product_element header=&#8220;QuickSpin 360\u00b0 Rollen&#8220; images=&#8220;18008&#8243;]Die 360-Grad-Drehfunktion erm\u00f6glicht es Ihnen, sich m\u00fchelos in jede Richtung zu drehen und bietet maximale Flexibilit\u00e4t und einfachen Zugang zu allen Bereichen Ihres Schreibtisches und der Umgebung \u2013 alles in Stille.[\/product_element][product_element position=&#8220;left&#8220; header=&#8220;Einfache Montage&#8220; images=&#8220;17999&#8243;]Klare visuelle Anleitungen erm\u00f6glichen es Ihnen, den Stuhl in unter 20 Minuten zusammenzubauen. Ob Sie die Arbeit allein oder mit einem Freund machen \u2013 wir haben sichergestellt, dass es einfach ist. [\/product_element][product_images images=&#8220;19104&#8243;][product_action header=&#8220;Verbessere dein Sitzerlebnis noch heute!&#8220; text=&#8220;Revolutioniere deinen Arbeitsplatz und dein Gaming-Setup mit unserem Vanguard-Stuhl. Erlebe unvergleichlichen Komfort und Premium-Qualit\u00e4t.&#8220; button_text=&#8220;Add VANGUARD Red Runiq Leather to cart&#8220; main_image=&#8220;17990&#8243; mobile_image=&#8220;17981&#8243;][\/vc_column][\/vc_row]<\/p>\n<\/div>","protected":false},"excerpt":{"rendered":"<ul>\n<li style=\"font-weight: 400;\" aria-level=\"1\"><b>F\u00fcr Gamer, die Premium-Qualit\u00e4t ohne Kompromisse suchen<\/b>: <span style=\"font-weight: 400;\">Ideal f\u00fcr alle, die zuverl\u00e4ssigen, stilvollen Komfort zu einem vern\u00fcnftigen Preis sch\u00e4tzen.<\/span><\/li>\n<li style=\"font-weight: 400;\" aria-level=\"1\"><b>Perfekte Balance aus Stil und Funktionalit\u00e4t<\/b>: <span style=\"font-weight: 400;\">Bietet ein ausdrucksstarkes Design, ohne bei der Qualit\u00e4t Abstriche zu machen.<\/span><\/li>\n<li style=\"font-weight: 400;\" aria-level=\"1\"><b>Hochwertige Materialien zum smarten Preis<\/b>: <span style=\"font-weight: 400;\">aut mit langlebigen Materialien f\u00fcr Komfort und Unterst\u00fctzung.<\/span><\/li>\n<\/ul>\n<p><b>Versatile Aesthetic Options:<\/b><span style=\"font-weight: 400;\"> Ranges from minimalist to more elaborate designs, catering to diverse tastes.<\/span><\/p>\n","protected":false},"featured_media":6059,"template":"","meta":[],"product_cat":[125,127],"product_tag":[],"class_list":{"0":"post-8375","1":"product","2":"type-product","3":"status-publish","4":"has-post-thumbnail","6":"product_cat-gaming-stuhle","7":"product_cat-vanguard-kollektion","8":"","10":"first","11":"instock","12":"sale","13":"taxable","14":"shipping-taxable","15":"purchasable","16":"product-type-simple"},"_links":{"self":[{"href":"https:\/\/paradox24.com\/de\/wp-json\/wp\/v2\/product\/8375","targetHints":{"allow":["GET"]}}],"collection":[{"href":"https:\/\/paradox24.com\/de\/wp-json\/wp\/v2\/product"}],"about":[{"href":"https:\/\/paradox24.com\/de\/wp-json\/wp\/v2\/types\/product"}],"wp:featuredmedia":[{"embeddable":true,"href":"https:\/\/paradox24.com\/de\/wp-json\/wp\/v2\/media\/6059"}],"wp:attachment":[{"href":"https:\/\/paradox24.com\/de\/wp-json\/wp\/v2\/media?parent=8375"}],"wp:term":[{"taxonomy":"product_cat","embeddable":true,"href":"https:\/\/paradox24.com\/de\/wp-json\/wp\/v2\/product_cat?post=8375"},{"taxonomy":"product_tag","embeddable":true,"href":"https:\/\/paradox24.com\/de\/wp-json\/wp\/v2\/product_tag?post=8375"}],"curies":[{"name":"wp","href":"https:\/\/api.w.org\/{rel}","templated":true}]}}