{"id":8371,"date":"2024-10-21T12:30:39","date_gmt":"2024-10-21T11:30:39","guid":{"rendered":"https:\/\/paradox24.com\/product\/paradox-commander-grey-eminence\/"},"modified":"2026-04-30T11:38:56","modified_gmt":"2026-04-30T10:38:56","slug":"paradox-commander-grey-eminence","status":"publish","type":"product","link":"https:\/\/paradox24.com\/de\/produkt\/paradox-commander-grey-eminence\/","title":{"rendered":"Paradox Commander Grey Eminence"},"content":{"rendered":"<div class=\"wpb-content-wrapper\"><p>[vc_row full_width=&#8220;stretch_row_content_no_spaces&#8220;][vc_column][product_info text_color=&#8220;product-info&#8211;white&#8220; text_position=&#8220;product-info__content&#8211;left&#8220; header=&#8220;Paradox Commander&#8220; text_1=&#8220;der Kommandantenstuhl&#8220; main_image=&#8220;16831&#8243; mobile_image=&#8220;16957&#8243;][\/product_info][product_element position=&#8220;left&#8220; header=&#8220;Qualit\u00e4t auf ganzer Linie&#8220; images=&#8220;16948&#8243;]Das hochwertige NextGen \u00d6ko-Leder vereint Langlebigkeit mit angenehmem Griff &#8211; und das alles umweltbewusst. Samt-Akzente und pr\u00e4zise Kontrastn\u00e4hte erinnern an Rennwagen und hochwertige Mode-Accessoires, f\u00fcr einen echten Sport-Look. [\/product_element][product_element header=&#8220;Lendenwirbelst\u00fctze&#8220; images=&#8220;16966&#8243;]Die Commander-Serie verf\u00fcgt \u00fcber ein Lendenkissen, das deine Wirbels\u00e4ule ausrichtet und den unteren R\u00fccken entlastet. Hergestellt aus reaktivem Memory-Schaum und bezogen mit farblich passendem Samt, verbindet es ergonomische Unterst\u00fctzung mit \u00e4sthetischer Raffinesse. [\/product_element][product_element position=&#8220;left&#8220; header=&#8220;H\u00f6henverstellbarer Sitz&#8220; images=&#8220;16930&#8243;]Perfekt anpassbar f\u00fcr K\u00f6rpergr\u00f6\u00dfen von 165 bis 185 cm. Der fortschrittliche Pneumatikmechanismus macht die H\u00f6henverstellung zum Kinderspiel &#8211; einfach den Hebel ziehen und leicht anheben zum Erh\u00f6hen, oder sich hinsetzen zum Absenken.  Die ideale ergonomische Position ist ganz einfach: Knie und Ellbogen sollten einen 90-Grad-Winkel bilden, wenn deine Arme auf dem Schreibtisch ruhen. Achte besonders auf die Position deiner Ellbogen &#8211; der Schl\u00fcssel zu komfortablem und effektivem Arbeiten. [\/product_element][product_element header=&#8220;Anpassbare R\u00fcckenlehnen-Positionen bis zur flachen Lage&#8220; images=&#8220;16921&#8243;]Stelle die R\u00fcckenlehne in vier Positionen ein und verriegele sie nach deinen Bed\u00fcrfnissen. Ob du spielst, arbeitest oder eine Pause machst \u2013 die Anpassung des R\u00fcckenlehnen-Winkels hilft dabei, Verspannungen zu reduzieren, die Haltung zu verbessern und deine Muskeln den ganzen Tag \u00fcber entspannt zu halten. Du kannst den Neigungswiderstand der R\u00fcckenlehne basierend auf deinem K\u00f6rpergewicht und deinen Vorlieben anpassen. Drehe einfach den Knopf unter deinem Sitz nach links oder rechts!   [\/product_element][product_element position=&#8220;left&#8220; header=&#8220;Kopfst\u00fctzen-Kissen&#8220; images=&#8220;16912&#8243;]Das intelligente Kopfkissen erf\u00fcllt eine doppelte Funktion \u2013 es bietet Ihnen perfekte Unterst\u00fctzung und verleiht Ihrem Stuhl gleichzeitig Stil. Dank starker eingebauter Magnete k\u00f6nnen Sie es jederzeit einfach an- oder abschnappen. [\/product_element][product_info main_image=&#8220;16903&#8243; mobile_image=&#8220;16840&#8243;][\/product_info][product_element header=&#8220;FlexMotion 4D Armlehnen&#8220; images=&#8220;16894&#8243;]Stelle sie nach oben und unten ein, um die perfekte H\u00f6he zu erreichen, schiebe sie vor und zur\u00fcck f\u00fcr optimale Reichweite, verschiebe sie seitlich f\u00fcr die ideale seitliche Position und drehe sie, um den besten Winkel f\u00fcr deine Arme und Handgelenke zu finden[\/product_element]. [product_element position=&#8220;left&#8220; header=&#8220;TitanCore Basis&#8220; images=&#8220;16885&#8243;]Gebaut, um bis zu 135 Kilogramm zu tragen, garantiert dieser Stuhl langanhaltende Zuverl\u00e4ssigkeit und Sicherheit und macht ihn zu einer ausgezeichneten Wahl sowohl f\u00fcr professionelle als auch pers\u00f6nliche Nutzung[\/product_element]. [product_element header=&#8220;QuickSpin 360\u00b0 Rollen&#8220; images=&#8220;16876&#8243;]Die 360-Grad-Drehfunktion erm\u00f6glicht es dir, m\u00fchelos in jede Richtung zu drehen und bietet maximale Flexibilit\u00e4t und einfachen Zugang zu allen Bereichen deines Schreibtisches und der Umgebung\u2014alles in Stille.[\/product_element][product_element position=&#8220;left&#8220; header=&#8220;Einfache Montage&#8220; images=&#8220;16867&#8243;]Klare visuelle Anleitungen erm\u00f6glichen es Ihnen, den Stuhl in unter 20 Minuten zusammenzubauen. Ob Sie die Arbeit allein oder mit einem Freund machen \u2013 wir haben sichergestellt, dass es einfach ist. [\/product_element][product_images images=&#8220;19117&#8243;][product_action header=&#8220;Verbessere dein Sitzerlebnis noch heute!&#8220; text=&#8220;Revolutioniere deinen Arbeitsplatz und dein Gaming-Setup mit unserem Commander-Stuhl. Erlebe unvergleichlichen Komfort und \u00fcberlegenes Design.&#8220; button_text=&#8220;Add COMMANDER Grey to cart&#8220; main_image=&#8220;16858&#8243; mobile_image=&#8220;16849&#8243;][\/vc_column][\/vc_row]<\/p>\n<\/div>","protected":false},"excerpt":{"rendered":"<p><span style=\"font-weight: 400;\">Lass das Abenteuer beginnen! <\/span><\/p>\n<ul>\n<li style=\"font-weight: 400;\" aria-level=\"1\"><b>Sci-Fi-inspiriertes Raumschiff-Design<\/b>: <span style=\"font-weight: 400;\">K\u00fchn und mitrei\u00dfend &#8211; wie gemacht f\u00fcr dein einzigartiges Gaming-Setup.<\/span><\/li>\n<li style=\"font-weight: 400;\" aria-level=\"1\"><b>Erdt\u00f6ne f\u00fcr anspruchsvolle Setups:<\/b><span style=\"font-weight: 400;\"> Eine dynamische Silhouette trifft auf eine raffinierte, erdige Farbpalette.<br \/><\/span><\/li>\n<li style=\"font-weight: 400;\" aria-level=\"1\"><b>Ergonomischer Komfort mit Charakter:<\/b><span style=\"font-weight: 400;\"> Gebaut f\u00fcr alle, die Stil und Funktion gleicherma\u00dfen sch\u00e4tzen.<\/span><\/li>\n<\/ul>\n<p><b>F\u00fcr Spieler mit Sinn f\u00fcr einzigartigen Charakter:<\/b><span style=\"font-weight: 400;\"> Die perfekte Balance aus ausdrucksstarkem Design und Qualit\u00e4t, ohne den Premium-Preisbereich zu erreichen.<\/span><\/p>\n","protected":false},"featured_media":6487,"template":"","meta":[],"product_cat":[126,125],"product_tag":[],"class_list":{"0":"post-8371","1":"product","2":"type-product","3":"status-publish","4":"has-post-thumbnail","6":"product_cat-commander-sammlung","7":"product_cat-gaming-stuhle","8":"","10":"first","11":"instock","12":"sale","13":"taxable","14":"shipping-taxable","15":"purchasable","16":"product-type-simple"},"_links":{"self":[{"href":"https:\/\/paradox24.com\/de\/wp-json\/wp\/v2\/product\/8371","targetHints":{"allow":["GET"]}}],"collection":[{"href":"https:\/\/paradox24.com\/de\/wp-json\/wp\/v2\/product"}],"about":[{"href":"https:\/\/paradox24.com\/de\/wp-json\/wp\/v2\/types\/product"}],"wp:featuredmedia":[{"embeddable":true,"href":"https:\/\/paradox24.com\/de\/wp-json\/wp\/v2\/media\/6487"}],"wp:attachment":[{"href":"https:\/\/paradox24.com\/de\/wp-json\/wp\/v2\/media?parent=8371"}],"wp:term":[{"taxonomy":"product_cat","embeddable":true,"href":"https:\/\/paradox24.com\/de\/wp-json\/wp\/v2\/product_cat?post=8371"},{"taxonomy":"product_tag","embeddable":true,"href":"https:\/\/paradox24.com\/de\/wp-json\/wp\/v2\/product_tag?post=8371"}],"curies":[{"name":"wp","href":"https:\/\/api.w.org\/{rel}","templated":true}]}}