{"id":5328,"date":"2024-10-23T13:10:57","date_gmt":"2024-10-23T11:10:57","guid":{"rendered":"https:\/\/paradox24.com\/product\/paradox-thermobecher-von-fellow-schwarz\/"},"modified":"2024-11-26T20:29:35","modified_gmt":"2024-11-26T18:29:35","slug":"paradox-thermobecher-von-fellow-schwarz","status":"publish","type":"product","link":"https:\/\/paradox24.com\/de\/produkt\/paradox-thermobecher-von-fellow-schwarz\/","title":{"rendered":"Paradox Thermobecher von Fellow \u2013 Schwarz"},"content":{"rendered":"","protected":false},"excerpt":{"rendered":"<p><span data-sheets-root=\"1\">Paradox von Fellow \u2013 weil das Leben ein Spiel ist und jeder Spieler einen Power-Up verdient. Entwickelt f\u00fcr mutige Z\u00fcge und unvergessliche Momente, erm\u00f6glicht dir dieser elegante, spritzwassergesch\u00fctzte Becher, den vollen Geschmack deines Kaffees unterwegs zu genie\u00dfen. Spiel hart, trink stark und meistere den Tag wie ein wahrer Champion!  <\/span><\/p>\n","protected":false},"featured_media":5190,"template":"","meta":[],"product_cat":[100],"product_tag":[],"class_list":{"0":"post-5328","1":"product","2":"type-product","3":"status-publish","4":"has-post-thumbnail","6":"product_cat-thermal-mugs","7":"","9":"first","10":"instock","11":"taxable","12":"shipping-taxable","13":"purchasable","14":"product-type-simple"},"_links":{"self":[{"href":"https:\/\/paradox24.com\/de\/wp-json\/wp\/v2\/product\/5328","targetHints":{"allow":["GET"]}}],"collection":[{"href":"https:\/\/paradox24.com\/de\/wp-json\/wp\/v2\/product"}],"about":[{"href":"https:\/\/paradox24.com\/de\/wp-json\/wp\/v2\/types\/product"}],"wp:featuredmedia":[{"embeddable":true,"href":"https:\/\/paradox24.com\/de\/wp-json\/wp\/v2\/media\/5190"}],"wp:attachment":[{"href":"https:\/\/paradox24.com\/de\/wp-json\/wp\/v2\/media?parent=5328"}],"wp:term":[{"taxonomy":"product_cat","embeddable":true,"href":"https:\/\/paradox24.com\/de\/wp-json\/wp\/v2\/product_cat?post=5328"},{"taxonomy":"product_tag","embeddable":true,"href":"https:\/\/paradox24.com\/de\/wp-json\/wp\/v2\/product_tag?post=5328"}],"curies":[{"name":"wp","href":"https:\/\/api.w.org\/{rel}","templated":true}]}}