{"id":9348,"date":"2025-01-17T01:27:07","date_gmt":"2025-01-17T00:27:07","guid":{"rendered":"https:\/\/paradox24.com\/commander-collection\/"},"modified":"2026-02-23T23:00:05","modified_gmt":"2026-02-23T22:00:05","slug":"commander-kollektion","status":"publish","type":"page","link":"https:\/\/paradox24.com\/de\/commander-kollektion\/","title":{"rendered":"Commander-Kollektion"},"content":{"rendered":"<div class=\"wpb-content-wrapper\"><p>[vc_row full_width=&#8220;stretch_row_content_no_spaces&#8220;][vc_column][vc_raw_html css=&#8220;&#8220;]ICAgIDxkaXYgY2xhc3M9Im1haW4tbGFuZGluZyI+CiAgICAgICAgPGRpdiBjbGFzcz0ibWFpbi1sYW5kaW5nX19jb250ZW50IG1haW4tbGFuZGluZ19fY29udGVudC0tYmxhY2siPgogICAgICAgICAgICA8aDI+RGVyIEtvbW1hbmRhbnRlbnNpdHo8L2gyPgogICAgICAgICAgICA8cD4tPC9wPgogICAgICAgICAgICA8aW1nIHNyYz0iL3dwLWNvbnRlbnQvdXBsb2Fkcy8yMDI1LzAxL2NvbW1hbmRlci1jb2xsZWN0aW9uLnN2ZyI+CiAgICAgICAgPC9kaXY+CiAgICAgICAgPGltZyBjbGFzcz0ibWFpbi1sYW5kaW5nX19iYWNrZ3JvdW5kIiBzcmM9Ii93cC1jb250ZW50L3VwbG9hZHMvMjAyNS8wMS8yNDA3MDJQYXJhZG94X1Nlc2phTEYxNzgzLTEtMi1taW4ucG5nIj4KICAgICAgICA8aW1nIGNsYXNzPSJtYWluLWxhbmRpbmdfX2JhY2tncm91bmQgbWFpbi1sYW5kaW5nX19iYWNrZ3JvdW5kLS1tb2JpbGUiIHNyYz0iL3dwLWNvbnRlbnQvdXBsb2Fkcy8yMDI1LzAxL01hc2stZ3JvdXAtMzQtMS5wbmciPgogICAgPC9kaXY+Cg==[\/vc_raw_html][\/vc_column][\/vc_row][vc_row full_width=&#8220;stretch_row_content_no_spaces&#8220; el_class=&#8220;collection-container collection-container&#8211;white&#8220;][vc_column][vc_raw_html css=&#8220;&#8220;]PGRpdiBjbGFzcz0iY29sbGVjdGlvbi1zbG9nYW4gY29sbGVjdGlvbi1zbG9nYW4tLWJsYWNrIj4KICAgPGgxPlBhcmFkb3ggQ29tbWFuZGVyIEtvbGxla3Rpb248L2gxPgogICA8cD5XaXIgZW50d2lja2VsbiBIb2NobGVpc3R1bmdzc2l0emUsIGRhbWl0IGR1IGRlaW4gUG90ZW56aWFsIHZvbGwgZW50ZmFsdGVuIGthbm5zdCAtIGJlaW0gQXJiZWl0ZW4gdW5kIGJlaW0gU3BpZWxlbi48L3A+CiAgIDxwPkJlcmVpdCBmw7xyIEFjdGlvbjwvcD4KICAgPHAgY2xhc3M9ImNvbGxlY3Rpb24tc2xvZ2FuLS1zbWFsbCI+UHJlbWl1bS1NYXRlcmlhbGllbiB1bmQgZXJnb25vbWlzY2hlIFVudGVyc3TDvHR6dW5nIGdlYmVuIGRpciB2b2xsZSBLb250cm9sbGUgYmVpIGplZGVyIE1pc3Npb24uIERlbm4gZWNodGUgQ29tbWFuZGVyIHdpc3NlbjogS29tZm9ydCBpc3QgZGVyIFNjaGzDvHNzZWwgenVtIFNpZWcuIEF1c2dlc3RhdHRldCBtaXQgUXVpY2tMaWZ0LUjDtmhlbnZlcnN0ZWxsdW5nLCBjaGFyYWt0ZXJpc3Rpc2NoZW4gRmxleE1vdGlvbi1Bcm1sZWhuZW4gdW5kIGVpbmVtIE5laWd1bmdzbWVjaGFuaXNtdXMgbWl0IDMtUG9zaXRpb25lbi1BcnJldGllcnVuZy4gIDwvcD4KPC9kaXY+[\/vc_raw_html][vc_raw_html css=&#8220;&#8220;]CiAgICA8ZGl2IGNsYXNzPSJjb2xsZWN0aW9uLWluZm8iPgogICAgICAgIAogICAgICAgIDxkaXYgY2xhc3M9ImNvbGxlY3Rpb24taW5mb19fY29udGVudCBjb2xsZWN0aW9uLWluZm9fX2xvZ28iPgogICAgICAgICAgICA8aW1nIHNyYz0iL3dwLWNvbnRlbnQvdXBsb2Fkcy8yMDI1LzAxL2J1cmd1bmR5LWJlaWdlLnN2ZyI+CiAgICAgICAgPC9kaXY+CiAgICAgICAgCiAgICAgICAgPGltZyBjbGFzcz0iY29sbGVjdGlvbi1pbmZvX19pbWFnZSBjb2xsZWN0aW9uLWluZm9fX2ltYWdlLS1tb2JpbGUiIHNyYz0iL3dwLWNvbnRlbnQvdXBsb2Fkcy8yMDI1LzAxL0VzY2VuYXJpby1SZWQtUnVuaXEtMi0xLnBuZyI+CiAgICAKICAgICAgICA8ZGl2IGNsYXNzPSJjb2xsZWN0aW9uLWluZm9fX2NvbnRlbnQiPgogICAgICAgICAgICA8aDI+w5xiZXJuaW1tIGRhcyBLb21tYW5kbzwvaDI+CiAgICAgICAgICAgIDxwPlNjaS1GaS3DhHN0aGV0aWsgdHJpZmZ0IGF1ZiBhbnNwcnVjaHN2b2xsZXMgR2FtaW5nLiBNaXQgVGVjaFJYIElJIMOWa28tTGVkZXIgdW5kIG1hcmthbnRlbiwgdm9uIFJlbm5jb2NrcGl0cyBpbnNwaXJpZXJ0ZW4gS29udHJhc3RzdGVwcHVuZ2VuLiBEaWUgQ29tbWFuZGVyIFNlcmllIHZlcmxlaWh0IGRlaW5lbSBTZXR1cCBlaW5lIHNwZWt0YWt1bMOkcmUgUHLDpHNlbnogb2huZSBkZW4gcHJvZmVzc2lvbmVsbGVuIFRvdWNoIHp1IHZlcmxpZXJlbi4gIDwvcD4KICAgICAgICAgICAgIFtwcm9kdWt0X3VybCBpZD0iMzkyNyIgbmFtZT0iTWVociBlcmZhaHJlbiIgY2xhc3M9ImNvbGxlY3Rpb24taW5mb19fYWN0aW9uIiAvXQogICAgICAgIDwvZGl2PgoKICAgICAgIAogICAgICAgIDxpbWcgY2xhc3M9ImNvbGxlY3Rpb24taW5mb19faW1hZ2UiIHNyYz0iL3dwLWNvbnRlbnQvdXBsb2Fkcy8yMDI1LzAxL0VzY2VuYXJpby1SZWQtUnVuaXEtMS0xLTIucG5nIj4KICAgIDwvZGl2PgogICAg[\/vc_raw_html][vc_raw_html css=&#8220;&#8220;]ICAgICAgICA8ZGl2IGNsYXNzPSJjb2xsZWN0aW9uLXRocmVlIj4KCiAgICAgICAgICAgIDxkaXYgY2xhc3M9ImNvbGxlY3Rpb24tdGhyZWVfX2l0ZW0iPgogICAgICAgICAgICAgICAgW3Byb2R1a3RfdXJsIGlkPSIzOTI3Il0KICAgICAgICAgICAgICAgIDxpbWcgY2xhc3M9ImNvbGxlY3Rpb24tdGhyZWVfX2ltYWdlIiBzcmM9Ii93cC1jb250ZW50L3VwbG9hZHMvMjAyNS8wMS9Hcm91cC0xOTQtMS0xLnBuZyI+CiAgICAgICAgICAgICAgICBbL3Byb2R1a3RfdXJsXQogICAgICAgICAgICAgICAgW3Byb2R1a3RfdXJsIGlkPSIzOTI3Il0KICAgICAgICAgICAgICAgIDxpbWcgY2xhc3M9ImNvbGxlY3Rpb24tdGhyZWVfX2ltYWdlIGNvbGxlY3Rpb24tdGhyZWVfX2ltYWdlLS1tb2JpbGUiIHNyYz0iL3dwLWNvbnRlbnQvdXBsb2Fkcy8yMDI1LzAxL0dyb3VwLTE5NC0zLTEucG5nIj4KICAgICAgICAgICAgICAgIFsvcHJvZHVrdF91cmxdCiAgICAgICAgICAgICAgICA8ZGl2IGNsYXNzPSJjb2xsZWN0aW9uLXRocmVlX19hY3Rpb24iPgogICAgICAgICAgICAgICAgICAgIDxoND5bcHJvZHVrdF91cmwgaWQ9IjM5MjciIG5hbWU9IkNPTU1BTkRFUiBCdXJndW5keSBCZWlnZSIgL108L2g0PgogICAgICAgICAgICAgICAgICAgIFtwcm9kdWN0X3ByaWNlIGlkPSIzOTI3IiAvXQogICAgICAgICAgICAgICAgPC9kaXY+CiAgICAgICAgICAgIDwvZGl2PgoKICAgICAgICAgICAgPGRpdiBjbGFzcz0iY29sbGVjdGlvbi10aHJlZV9faXRlbSI+CiAgICAgICAgICAgICAgICA8aW1nIGNsYXNzPSJjb2xsZWN0aW9uLXRocmVlX19pbWFnZSIgc3JjPSIvd3AtY29udGVudC91cGxvYWRzLzIwMjUvMDEvTWFzay1ncm91cC0zOC0xLnBuZyI+CiAgICAgICAgICAgICAgICA8aW1nIGNsYXNzPSJjb2xsZWN0aW9uLXRocmVlX19pbWFnZSBjb2xsZWN0aW9uLXRocmVlX19pbWFnZS0tbW9iaWxlIiBzcmM9Ii93cC1jb250ZW50L3VwbG9hZHMvMjAyNS8wMS9NYXNrLWdyb3VwLTM3LnBuZyI+CiAgICAgICAgICAgIDwvZGl2PgoKICAgICAgICAgICAgICAgICAgICAgICAgPGRpdiBjbGFzcz0iY29sbGVjdGlvbi10aHJlZV9faXRlbSBjb2xsZWN0aW9uLXRocmVlX19pdGVtLS1sYXJnZSI+CiAgICAgICAgICAgICAgICA8aW1nIGNsYXNzPSJjb2xsZWN0aW9uLXRocmVlX19pbWFnZSIgc3JjPSIvd3AtY29udGVudC91cGxvYWRzLzIwMjUvMDEvTWFzay1ncm91cC0zNS5wbmciPgogICAgICAgICAgICAgICAgPGltZyBjbGFzcz0iY29sbGVjdGlvbi10aHJlZV9faW1hZ2UgY29sbGVjdGlvbi10aHJlZV9faW1hZ2UtLW1vYmlsZSIgc3JjPSIvd3AtY29udGVudC91cGxvYWRzLzIwMjUvMDEvTWFzay1ncm91cC0zNi0xLnBuZyI+CiAgICAgICAgICAgIDwvZGl2PgoKICAgICAgICA8L2Rpdj4=[\/vc_raw_html][vc_raw_html css=&#8220;&#8220;]CiAgICA8ZGl2IGNsYXNzPSJjb2xsZWN0aW9uLWluZm8gY29sbGVjdGlvbi1pbmZvLS1yZXZlcnNlIj4KICAgICAgICAKICAgICAgICA8ZGl2IGNsYXNzPSJjb2xsZWN0aW9uLWluZm9fX2NvbnRlbnQgY29sbGVjdGlvbi1pbmZvX19sb2dvIj4KICAgICAgICAgICAgPGltZyBzcmM9Ii93cC1jb250ZW50L3VwbG9hZHMvMjAyNS8wMS9jb21tYW5kZXItZ3JleS5zdmciPgogICAgICAgIDwvZGl2PgogICAgICAgIAogICAgICAgIDxpbWcgY2xhc3M9ImNvbGxlY3Rpb24taW5mb19faW1hZ2UgY29sbGVjdGlvbi1pbmZvX19pbWFnZS0tbW9iaWxlIiBzcmM9Ii93cC1jb250ZW50L3VwbG9hZHMvMjAyNS8wMS9jb21tYW5kZXItcmVhZHktdG8tYWN0aW9uLW1vYmlsZS5wbmciPgogICAgCiAgICAgICAgPGRpdiBjbGFzcz0iY29sbGVjdGlvbi1pbmZvX19jb250ZW50Ij4KICAgICAgICAgICAgPGgyPkJlcmVpdCBmw7xyIEFjdGlvbjwvaDI+CiAgICAgICAgICAgIDxwPlByZW1pdW0tTWF0ZXJpYWxpZW4gdW5kIGVyZ29ub21pc2NoZSBVbnRlcnN0w7x0enVuZyBnZWJlbiBkaXIgdm9sbGUgS29udHJvbGxlIGJlaSBqZWRlciBNaXNzaW9uLiBEZW5uIGVjaHRlIENvbW1hbmRlciB3aXNzZW46IEtvbWZvcnQgaXN0IGRlciBTY2hsw7xzc2VsIHp1bSBTaWVnLiBBdXNnZXN0YXR0ZXQgbWl0IFF1aWNrTGlmdC1Iw7ZoZW52ZXJzdGVsbHVuZywgY2hhcmFrdGVyaXN0aXNjaGVuIEZsZXhNb3Rpb24tQXJtbGVobmVuIHVuZCBlaW5lbSBOZWlndW5nc21lY2hhbmlzbXVzIG1pdCAzLVBvc2l0aW9uZW4tQXJyZXRpZXJ1bmcuICA8L3A+Cltwcm9kdWt0X3VybCBpZD0iMzkyNiIgbmFtZT0iTWVociBlcmZhaHJlbiIgY2xhc3M9ImNvbGxlY3Rpb24taW5mb19fYWN0aW9uIiAvXQogICAgICAgIDwvZGl2PgoKICAgICAgIAogICAgICAgIDxpbWcgY2xhc3M9ImNvbGxlY3Rpb24taW5mb19faW1hZ2UiIHNyYz0iL3dwLWNvbnRlbnQvdXBsb2Fkcy8yMDI1LzAxL2NvbW1hbmRlci1yZWFkeS10by1hY3Rpb24ucG5nIj4KICAgIDwvZGl2PgogICAg[\/vc_raw_html][vc_raw_html css=&#8220;&#8220;]ICAgICAgICA8ZGl2IGNsYXNzPSJjb2xsZWN0aW9uLXRocmVlIj4KICAgICAgICAgICAgCiAgICAgICAgICAgICAgICAgICAgICAgIDxkaXYgY2xhc3M9ImNvbGxlY3Rpb24tdGhyZWVfX2l0ZW0gY29sbGVjdGlvbi10aHJlZV9faXRlbS0tbGFyZ2UiPgogICAgICAgICAgICAgICAgPGltZyBjbGFzcz0iY29sbGVjdGlvbi10aHJlZV9faW1hZ2UiIHNyYz0iL3dwLWNvbnRlbnQvdXBsb2Fkcy8yMDI1LzAxLzI0MTEyNl9wYXJhZG94TEY5NTI3LnBuZyI+CiAgICAgICAgICAgICAgICA8aW1nIGNsYXNzPSJjb2xsZWN0aW9uLXRocmVlX19pbWFnZSBjb2xsZWN0aW9uLXRocmVlX19pbWFnZS0tbW9iaWxlIiBzcmM9Ii93cC1jb250ZW50L3VwbG9hZHMvMjAyNS8wMS8yNDExMjZfcGFyYWRveExGOTUyN19tb2JpbGUucG5nIj4KICAgICAgICAgICAgPC9kaXY+CiAgICAgICAgICAgIAogICAgICAgICAgICAgICAgICAgICAgICA8ZGl2IGNsYXNzPSJjb2xsZWN0aW9uLXRocmVlX19pdGVtIj4KICAgICAgICAgICAgICAgIFtwcm9kdWt0X3VybCBpZD0iMzkyNiJdCiAgICAgICAgICAgICAgICA8aW1nIGNsYXNzPSJjb2xsZWN0aW9uLXRocmVlX19pbWFnZSIgc3JjPSIvd3AtY29udGVudC91cGxvYWRzLzIwMjUvMDEvY29tbWFuZGVyLWdyZXlfaV8xLnBuZyI+CiAgICAgICAgICAgICAgICBbL3Byb2R1a3RfdXJsXQogICAgICAgICAgICAgICAgW3Byb2R1a3RfdXJsIGlkPSIzOTI2Il0KICAgICAgICAgICAgICAgIDxpbWcgY2xhc3M9ImNvbGxlY3Rpb24tdGhyZWVfX2ltYWdlIGNvbGxlY3Rpb24tdGhyZWVfX2ltYWdlLS1tb2JpbGUiIHNyYz0iL3dwLWNvbnRlbnQvdXBsb2Fkcy8yMDI1LzAxL2NvbW1hbmRlci1ncmV5X2lfMV9tb2JpbGUucG5nIj4KICAgICAgICAgICAgICAgIFsvcHJvZHVrdF91cmxdCiAgICAgICAgICAgICAgICA8ZGl2IGNsYXNzPSJjb2xsZWN0aW9uLXRocmVlX19hY3Rpb24iPgogICAgICAgICAgICAgICAgICAgIDxoND5bcHJvZHVrdF91cmwgaWQ9IjM5MjYiIG5hbWU9IkNPTU1BTkRFUiBHcmV5IiAvXTwvaDQ+CiAgICAgICAgICAgICAgICAgICAgW3Byb2R1Y3RfcHJpY2UgaWQ9IjM5MjYiIC9dCiAgICAgICAgICAgICAgICA8L2Rpdj4KICAgICAgICAgICAgPC9kaXY+CiAgICAgICAgICAgIAogICAgICAgICAgICAgICAgICAgICAgICAgICAgICAgICAgICA8ZGl2IGNsYXNzPSJjb2xsZWN0aW9uLXRocmVlX19pdGVtIj4KICAgICAgICAgICAgICAgIDxpbWcgY2xhc3M9ImNvbGxlY3Rpb24tdGhyZWVfX2ltYWdlIiBzcmM9Ii93cC1jb250ZW50L3VwbG9hZHMvMjAyNS8wMS9jb21tYW5kZXItZ3JleV9pXzIucG5nIj4KICAgICAgICAgICAgICAgIDxpbWcgY2xhc3M9ImNvbGxlY3Rpb24tdGhyZWVfX2ltYWdlIGNvbGxlY3Rpb24tdGhyZWVfX2ltYWdlLS1tb2JpbGUiIHNyYz0iL3dwLWNvbnRlbnQvdXBsb2Fkcy8yMDI1LzAxL2NvbW1hbmRlci1ncmV5X2lfMl9tb2JpbGUucG5nIj4KICAgICAgICAgICAgPC9kaXY+CiAgICAgICAgICAgIAogICAgICAgIDwvZGl2Pg==[\/vc_raw_html][vc_raw_html css=&#8220;&#8220;]CiAgICA8ZGl2IGNsYXNzPSJjb2xsZWN0aW9uLWluZm8iPgogICAgICAgIAogICAgPGRpdiBjbGFzcz0iY29sbGVjdGlvbi1pbmZvX19jb250ZW50IGNvbGxlY3Rpb24taW5mb19fbG9nbyI+CiAgICAgICAgICAgIDxpbWcgc3JjPSIvd3AtY29udGVudC91cGxvYWRzLzIwMjUvMDEvbWlsaXRhcnktZ3JlZW4uc3ZnIj4KICAgICAgICA8L2Rpdj4KICAgICAgICAKICAgICAgICA8aW1nIGNsYXNzPSJjb2xsZWN0aW9uLWluZm9fX2ltYWdlIGNvbGxlY3Rpb24taW5mb19faW1hZ2UtLW1vYmlsZSIgc3JjPSIvd3AtY29udGVudC91cGxvYWRzLzIwMjUvMDEvbWlsaXRhcnlfZ3JlZW5fbWFpbl9tb2JpbGUucG5nIj4KICAgIAogICAgICAgIDxkaXYgY2xhc3M9ImNvbGxlY3Rpb24taW5mb19fY29udGVudCI+CiAgICAgICAgICAgIDxoMj5DaGFyYWt0ZXIgbWl0IEtvbnRyb2xsZTwvaDI+CiAgICAgICAgICAgIDxwPkR5bmFtaXNjaGUgU2lsaG91ZXR0ZSwgYXVzYmFsYW5jaWVydCBtaXQgZWRsZW4gRXJkdMO2bmVuLiBFbmRsaWNoIGVpbiBTdHVobCwgZGVyIGRlaW5lIEdhbWluZy1MZWlkZW5zY2hhZnQgbWl0IHN0aWx2b2xsZXIgUmVpZmUgdmVyYmluZGV0LiA8L3A+Cltwcm9kdWt0X3VybCBpZD0iMzkyNSIgbmFtZT0iTWVociBlcmZhaHJlbiIgY2xhc3M9ImNvbGxlY3Rpb24taW5mb19fYWN0aW9uIiAvXQogICAgICAgIDwvZGl2PgoKICAgICAgIAogICAgICAgIDxpbWcgY2xhc3M9ImNvbGxlY3Rpb24taW5mb19faW1hZ2UiIHNyYz0iL3dwLWNvbnRlbnQvdXBsb2Fkcy8yMDI1LzAxL21pbGl0YXJ5X2dyZWVuX21haW4ucG5nIj4KICAgIDwvZGl2PgogICAg[\/vc_raw_html][vc_raw_html css=&#8220;&#8220;]ICAgICAgICA8ZGl2IGNsYXNzPSJjb2xsZWN0aW9uLXRocmVlIj4KCiAgICAgICAgICAgIDxkaXYgY2xhc3M9ImNvbGxlY3Rpb24tdGhyZWVfX2l0ZW0iPgogICAgICAgICAgICAgICAgPGltZyBjbGFzcz0iY29sbGVjdGlvbi10aHJlZV9faW1hZ2UiIHNyYz0iL3dwLWNvbnRlbnQvdXBsb2Fkcy8yMDI1LzAxL21pbGl0YXJ5X2dyZWVuXzEucG5nIj4KICAgICAgICAgICAgICAgIDxpbWcgY2xhc3M9ImNvbGxlY3Rpb24tdGhyZWVfX2ltYWdlIGNvbGxlY3Rpb24tdGhyZWVfX2ltYWdlLS1tb2JpbGUiIHNyYz0iL3dwLWNvbnRlbnQvdXBsb2Fkcy8yMDI1LzAxL21pbGl0YXJ5X2dyZWVuXzFfbW9iaWxlLnBuZyI+CiAgICAgICAgICAgIDwvZGl2PgoKICAgICAgICAgICAgPGRpdiBjbGFzcz0iY29sbGVjdGlvbi10aHJlZV9faXRlbSI+CiAgICAgICAgICAgICAgICBbcHJvZHVrdF91cmwgaWQ9IjM5MjUiXQogICAgICAgICAgICAgICAgPGltZyBjbGFzcz0iY29sbGVjdGlvbi10aHJlZV9faW1hZ2UiIHNyYz0iL3dwLWNvbnRlbnQvdXBsb2Fkcy8yMDI1LzAxL21pbGl0YXJ5X2dyZWVuXzIucG5nIj4KICAgICAgICAgICAgICAgIFsvcHJvZHVrdF91cmxdCiAgICAgICAgICAgICAgICBbcHJvZHVrdF91cmwgaWQ9IjM5MjUiXQogICAgICAgICAgICAgICAgPGltZyBjbGFzcz0iY29sbGVjdGlvbi10aHJlZV9faW1hZ2UgY29sbGVjdGlvbi10aHJlZV9faW1hZ2UtLW1vYmlsZSIgc3JjPSIvd3AtY29udGVudC91cGxvYWRzLzIwMjUvMDEvbWlsaXRhcnlfZ3JlZW5fMl9tb2JpbGUucG5nIj4KICAgICAgICAgICAgICAgIFsvcHJvZHVrdF91cmxdCiAgICAgICAgICAgICAgICA8ZGl2IGNsYXNzPSJjb2xsZWN0aW9uLXRocmVlX19hY3Rpb24iPgogICAgICAgICAgICAgICAgICAgIDxoND5bcHJvZHVrdF91cmwgaWQ9IjM5MjUiIG5hbWU9IkNPTU1BTkRFUiBNaWxpdGFyeSBHcmVlbiIgL108L2g0PgogICAgICAgICAgICAgICAgICAgIFtwcm9kdWN0X3ByaWNlIGlkPSIzOTI1IiAvXQogICAgICAgICAgICAgICAgPC9kaXY+CiAgICAgICAgICAgIDwvZGl2PgoKICAgICAgICAgICAgPGRpdiBjbGFzcz0iY29sbGVjdGlvbi10aHJlZV9faXRlbSBjb2xsZWN0aW9uLXRocmVlX19pdGVtLS1sYXJnZSI+CiAgICAgICAgICAgICAgICA8aW1nIGNsYXNzPSJjb2xsZWN0aW9uLXRocmVlX19pbWFnZSIgc3JjPSIvd3AtY29udGVudC91cGxvYWRzLzIwMjUvMDEvbWlsaXRhcnlfZ3JlZW5fMy5wbmciPgogICAgICAgICAgICAgICAgPGltZyBjbGFzcz0iY29sbGVjdGlvbi10aHJlZV9faW1hZ2UgY29sbGVjdGlvbi10aHJlZV9faW1hZ2UtLW1vYmlsZSIgc3JjPSIvd3AtY29udGVudC91cGxvYWRzLzIwMjUvMDEvbWlsaXRhcnlfZ3JlZW5fM19tb2JpbGUucG5nIj4KICAgICAgICAgICAgPC9kaXY+CgoKICAgICAgICA8L2Rpdj4=[\/vc_raw_html][vc_raw_html css=&#8220;&#8220;]CiAgICA8ZGl2IGNsYXNzPSJjb2xsZWN0aW9uLWluZm8gY29sbGVjdGlvbi1pbmZvLS1yZXZlcnNlIj4KICAgIDxkaXYgY2xhc3M9ImNvbGxlY3Rpb24taW5mb19fY29udGVudCBjb2xsZWN0aW9uLWluZm9fX2xvZ28iPgogICAgICAgICAgICA8aW1nIHNyYz0iL3dwLWNvbnRlbnQvdXBsb2Fkcy8yMDI1LzAxL2NvbW1hbmRlci1vYnNpZGlhbi1ibGFkZS5zdmciPgogICAgPC9kaXY+CiAgICAgICAgCiAgICAgICAgPGltZyBjbGFzcz0iY29sbGVjdGlvbi1pbmZvX19pbWFnZSBjb2xsZWN0aW9uLWluZm9fX2ltYWdlLS1tb2JpbGUiIHNyYz0iL3dwLWNvbnRlbnQvdXBsb2Fkcy8yMDI1LzAxL29ic2lkaWFuLWJsYWRlLW1haW4tbW9iaWxlLnBuZyI+CiAgICAKICAgICAgICA8ZGl2IGNsYXNzPSJjb2xsZWN0aW9uLWluZm9fX2NvbnRlbnQiPgogICAgICAgICAgICA8aDI+RGVpbmUgQnLDvGNrZSwgZGVpbmUgUmVnZWxuPC9oMj4KICAgICAgICAgICAgPHA+TWVocmZhY2gtVmVyc3RlbGxiYXJrZWl0IHVuZCA0RC1Bcm1sZWhuZW4gcGFzc2VuIHNpY2ggZGVpbmVtIEtvbW1hbmRvc3RpbCBhbi4gRGVubiBqZWRlciBLYXBpdMOkbiBicmF1Y2h0IGVpbmVuIFNpdHosIGRlciBzZWluZXIgQXV0b3JpdMOkdCBnZXJlY2h0IHdpcmQuIDwvcD4KW3Byb2R1a3RfdXJsIGlkPSIzOTI0IiBuYW1lPSJNZWhyIGVyZmFocmVuIiBjbGFzcz0iY29sbGVjdGlvbi1pbmZvX19hY3Rpb24iIC9dCiAgICAgICAgPC9kaXY+CgogICAgICAgCiAgICAgICAgPGltZyBjbGFzcz0iY29sbGVjdGlvbi1pbmZvX19pbWFnZSIgc3JjPSIvd3AtY29udGVudC91cGxvYWRzLzIwMjUvMDEvb2JzaWRpYW4tYmxhZGUtbWFpbi5wbmciPgogICAgPC9kaXY+CiAgICA=[\/vc_raw_html][vc_raw_html css=&#8220;&#8220;]ICAgICAgICA8ZGl2IGNsYXNzPSJjb2xsZWN0aW9uLXRocmVlIj4KICAgICAgICAgICAgCiAgICAgICAgICAgICAgICAgICAgICAgIDxkaXYgY2xhc3M9ImNvbGxlY3Rpb24tdGhyZWVfX2l0ZW0gY29sbGVjdGlvbi10aHJlZV9faXRlbS0tbGFyZ2UiPgogICAgICAgICAgICAgICAgPGltZyBjbGFzcz0iY29sbGVjdGlvbi10aHJlZV9faW1hZ2UiIHNyYz0iL3dwLWNvbnRlbnQvdXBsb2Fkcy8yMDI1LzAxL29ic2lkaWFuLWJsYWRlLTEucG5nIj4KICAgICAgICAgICAgICAgIDxpbWcgY2xhc3M9ImNvbGxlY3Rpb24tdGhyZWVfX2ltYWdlIGNvbGxlY3Rpb24tdGhyZWVfX2ltYWdlLS1tb2JpbGUiIHNyYz0iL3dwLWNvbnRlbnQvdXBsb2Fkcy8yMDI1LzAxL29ic2lkaWFuLWJsYWRlLTEtbW9iaWxlLnBuZyI+CiAgICAgICAgICAgIDwvZGl2PgogICAgICAgICAgICAKICAgICAgICAgICAgICAgICAgICAgICAgPGRpdiBjbGFzcz0iY29sbGVjdGlvbi10aHJlZV9faXRlbSI+CiAgICAgICAgICAgICAgICBbcHJvZHVrdF91cmwgaWQ9IjM5MjQiXQogICAgICAgICAgICAgICAgPGltZyBjbGFzcz0iY29sbGVjdGlvbi10aHJlZV9faW1hZ2UiIHNyYz0iL3dwLWNvbnRlbnQvdXBsb2Fkcy8yMDI1LzAxL29ic2lkaWFuLWJsYWRlLTIucG5nIj4KICAgICAgICAgICAgICAgIFsvcHJvZHVrdF91cmxdCiAgICAgICAgICAgICAgICBbcHJvZHVrdF91cmwgaWQ9IjM5MjQiXQogICAgICAgICAgICAgICAgPGltZyBjbGFzcz0iY29sbGVjdGlvbi10aHJlZV9faW1hZ2UgY29sbGVjdGlvbi10aHJlZV9faW1hZ2UtLW1vYmlsZSIgc3JjPSIvd3AtY29udGVudC91cGxvYWRzLzIwMjUvMDEvb2JzaWRpYW4tYmxhZGUtMi1tb2JpbGUucG5nIj4KICAgICAgICAgICAgICAgIFsvcHJvZHVrdF91cmxdCiAgICAgICAgICAgICAgICAgICAgICAgICAgICAgICAgPGRpdiBjbGFzcz0iY29sbGVjdGlvbi10aHJlZV9fYWN0aW9uIj4KICAgICAgICAgICAgICAgICAgICA8aDQ+W3Byb2R1a3RfdXJsIGlkPSIzOTI0IiBuYW1lPSJDT01NQU5ERVIgT2JzaWRpYW4gQmxhZGUiIC9dPC9oND4KICAgICAgICAgICAgICAgICAgICBbcHJvZHVjdF9wcmljZSBpZD0iMzkyNCIgL10KICAgICAgICAgICAgICAgIDwvZGl2PgogICAgICAgICAgICA8L2Rpdj4KICAgICAgICAgICAgCiAgICAgICAgICAgIAogICAgICAgICAgICA8ZGl2IGNsYXNzPSJjb2xsZWN0aW9uLXRocmVlX19pdGVtIj4KICAgICAgICAgICAgICAgIDxpbWcgY2xhc3M9ImNvbGxlY3Rpb24tdGhyZWVfX2ltYWdlIiBzcmM9Ii93cC1jb250ZW50L3VwbG9hZHMvMjAyNS8wMS9vYnNpZGlhbi1ibGFkZS0zLnBuZyI+CiAgICAgICAgICAgICAgICA8aW1nIGNsYXNzPSJjb2xsZWN0aW9uLXRocmVlX19pbWFnZSBjb2xsZWN0aW9uLXRocmVlX19pbWFnZS0tbW9iaWxlIiBzcmM9Ii93cC1jb250ZW50L3VwbG9hZHMvMjAyNS8wMS9vYnNpZGlhbi1ibGFkZTMtbW9iaWxlLnBuZyI+CiAgICAgICAgICAgIDwvZGl2PgoKICAgICAgICA8L2Rpdj4=[\/vc_raw_html][vc_raw_html css=&#8220;&#8220;]CiAgICA8ZGl2IGNsYXNzPSJjb2xsZWN0aW9uLWluZm8gY29sbGVjdGlvbi1pbmZvLS1yZXZlcnNlIj4KICAgIDxkaXYgY2xhc3M9ImNvbGxlY3Rpb24taW5mb19fY29udGVudCBjb2xsZWN0aW9uLWluZm9fX2xvZ28iPgogICAgICAgICAgICA8aW1nIHNyYz0iL3dwLWNvbnRlbnQvdXBsb2Fkcy8yMDI1LzAxL29jZWFuLWJsdWUuc3ZnIj4KICAgIDwvZGl2PgogICAgICAgIAogICAgICAgIDxpbWcgY2xhc3M9ImNvbGxlY3Rpb24taW5mb19faW1hZ2UgY29sbGVjdGlvbi1pbmZvX19pbWFnZS0tbW9iaWxlIiBzcmM9Ii93cC1jb250ZW50L3VwbG9hZHMvMjAyNS8wMS9vY2Vhbi1ibHVlLW1haW4tbW9iaWxlLnBuZyI+CiAgICAKICAgICAgICA8ZGl2IGNsYXNzPSJjb2xsZWN0aW9uLWluZm9fX2NvbnRlbnQiPgogICAgICAgICAgICA8aDI+S29tZm9ydCBpbiBlcGlzY2hlciBEaW1lbnNpb248L2gyPgogICAgICAgICAgICA8cD5KZWRlcyBEZXRhaWwgd2llIGF1cyBlaW5lbSBCbG9ja2J1c3Rlci4gVm9uIGRlciBtYXJrYW50ZW4gU2lsaG91ZXR0ZSBiaXMgenUgZGVuIFByZW1pdW0tTWF0ZXJpYWxpZW4gYnJpbmd0IENvbW1hbmRlciBjaW5lbWF0aXNjaGVzIEZsYWlyIGluIGRlaW5lbiBHYW1pbmctQmVyZWljaC4gRGVubiBqZWRlIGVwaXNjaGUgR2VzY2hpY2h0ZSBicmF1Y2h0IGRhcyBwZXJmZWt0ZSBTZXR0aW5nLiAgPC9wPgpbcHJvZHVrdF91cmwgaWQ9IjM5MjkiIG5hbWU9Ik1laHIgZXJmYWhyZW4iIGNsYXNzPSJjb2xsZWN0aW9uLWluZm9fX2FjdGlvbiIgL10KICAgICAgICA8L2Rpdj4KCiAgICAgICAKICAgICAgICA8aW1nIGNsYXNzPSJjb2xsZWN0aW9uLWluZm9fX2ltYWdlIiBzcmM9Imh0dHBzOi8vcGFyYWRveDI0LmNvbS93cC1jb250ZW50L3VwbG9hZHMvMjAyNS8wMS9vY2Vhbi1ibHVlLnBuZyI+CiAgICA8L2Rpdj4KICAgIA==[\/vc_raw_html][vc_raw_html css=&#8220;&#8220;]ICAgICAgICA8ZGl2IGNsYXNzPSJjb2xsZWN0aW9uLXRocmVlIj4KICAgICAgICAgICAgCiAgICAgICAgICAgICAgICAgICAgICAgIAogICAgICAgICAgICAgICAgICAgICAgICA8ZGl2IGNsYXNzPSJjb2xsZWN0aW9uLXRocmVlX19pdGVtIj4KICAgICAgICAgICAgICAgIFtwcm9kdWt0X3VybCBpZD0iMzkyOSJdCiAgICAgICAgICAgICAgICA8aW1nIGNsYXNzPSJjb2xsZWN0aW9uLXRocmVlX19pbWFnZSIgc3JjPSIvd3AtY29udGVudC91cGxvYWRzLzIwMjUvMDEvb2NlYW4tYmx1ZS0xLnBuZyI+CiAgICAgICAgICAgICAgICBbL3Byb2R1a3RfdXJsXQogICAgICAgICAgICAgICAgW3Byb2R1a3RfdXJsIGlkPSIzOTI5Il0KICAgICAgICAgICAgICAgIDxpbWcgY2xhc3M9ImNvbGxlY3Rpb24tdGhyZWVfX2ltYWdlIGNvbGxlY3Rpb24tdGhyZWVfX2ltYWdlLS1tb2JpbGUiIHNyYz0iL3dwLWNvbnRlbnQvdXBsb2Fkcy8yMDI1LzAxL29jZWFuLWJsdWUtMS1tb2JpbGUucG5nIj4KICAgICAgICAgICAgICAgIFsvcHJvZHVrdF91cmxdCiAgICAgICAgICAgICAgICAgICAgICAgICAgICAgICAgPGRpdiBjbGFzcz0iY29sbGVjdGlvbi10aHJlZV9fYWN0aW9uIj4KICAgICAgICAgICAgICAgICAgICA8aDQ+W3Byb2R1a3RfdXJsIGlkPSIzOTI5IiBuYW1lPSJDT01NQU5ERVIgT2NlYW4gQmx1ZSIgL108L2g0PgogICAgICAgICAgICAgICAgICAgIFtwcm9kdWN0X3ByaWNlIGlkPSIzOTI5IiAvXQogICAgICAgICAgICAgICAgPC9kaXY+CiAgICAgICAgICAgIDwvZGl2PgogICAgICAgICAgICAKICAgICAgICAgICAgICAgICAgICAgICAgPGRpdiBjbGFzcz0iY29sbGVjdGlvbi10aHJlZV9faXRlbSBjb2xsZWN0aW9uLXRocmVlX19pdGVtLS1sYXJnZSI+CiAgICAgICAgICAgICAgICA8aW1nIGNsYXNzPSJjb2xsZWN0aW9uLXRocmVlX19pbWFnZSIgc3JjPSIvd3AtY29udGVudC91cGxvYWRzLzIwMjUvMDEvb2NlYW4tYmx1ZS0yLnBuZyI+CiAgICAgICAgICAgICAgICA8aW1nIGNsYXNzPSJjb2xsZWN0aW9uLXRocmVlX19pbWFnZSBjb2xsZWN0aW9uLXRocmVlX19pbWFnZS0tbW9iaWxlIiBzcmM9Ii93cC1jb250ZW50L3VwbG9hZHMvMjAyNS8wMS9vY2Vhbi1ibHVlLTItbW9iaWxlLnBuZyI+CiAgICAgICAgICAgIDwvZGl2PgogICAgICAgICAgICAKICAgICAgICAgICAgCiAgICAgICAgICAgIDxkaXYgY2xhc3M9ImNvbGxlY3Rpb24tdGhyZWVfX2l0ZW0iPgogICAgICAgICAgICAgICAgPGltZyBjbGFzcz0iY29sbGVjdGlvbi10aHJlZV9faW1hZ2UiIHNyYz0iL3dwLWNvbnRlbnQvdXBsb2Fkcy8yMDI1LzAxL29jZWFuLWJsdWUtMy5wbmciPgogICAgICAgICAgICAgICAgPGltZyBjbGFzcz0iY29sbGVjdGlvbi10aHJlZV9faW1hZ2UgY29sbGVjdGlvbi10aHJlZV9faW1hZ2UtLW1vYmlsZSIgc3JjPSIvd3AtY29udGVudC91cGxvYWRzLzIwMjUvMDEvb2NlYW4tYmx1ZS0zLW1vYmlsZS5wbmciPgogICAgICAgICAgICA8L2Rpdj4KCiAgICAgICAgPC9kaXY+[\/vc_raw_html][vc_raw_html css=&#8220;&#8220;]CiAgICA8ZGl2IGNsYXNzPSJjb2xsZWN0aW9uLWluZm8iPgogICAgPGRpdiBjbGFzcz0iY29sbGVjdGlvbi1pbmZvX19jb250ZW50IGNvbGxlY3Rpb24taW5mb19fbG9nbyI+CiAgICAgICAgICAgIDxpbWcgc3JjPSIvd3AtY29udGVudC91cGxvYWRzLzIwMjUvMDEvc2FuZC1zdG9ybS5zdmciPgogICAgPC9kaXY+CiAgICAgICAgCiAgICAgICAgPGltZyBjbGFzcz0iY29sbGVjdGlvbi1pbmZvX19pbWFnZSBjb2xsZWN0aW9uLWluZm9fX2ltYWdlLS1tb2JpbGUiIHNyYz0iL3dwLWNvbnRlbnQvdXBsb2Fkcy8yMDI1LzAxL3NhbmQtc3Rvcm0tbWFpbi1tb2JpbGUucG5nIj4KICAgIAogICAgICAgIDxkaXYgY2xhc3M9ImNvbGxlY3Rpb24taW5mb19fY29udGVudCI+CiAgICAgICAgICAgIDxoMj5KZWRlcyBTcGllbCwgamVkZXMgR2VucmU8L2gyPgogICAgICAgICAgICA8cD5PYiBkdSBlaW5lIFdlbHRyYXVtZmxvdHRlIGbDvGhyc3QsIGVpbmUgUlBHLVNhZ2EgbWVpc3RlcnN0IG9kZXIgaW0gV2V0dGthbXBmIGRvbWluaWVyc3QgLSBDb21tYW5kZXIgcGFzc3Qgc2ljaCBkZWluZW0gR2FtaW5nLVVuaXZlcnN1bSBhbi4gUHJlbWl1bS1Lb21mb3J0LCBlbnR3aWNrZWx0IGbDvHIgamVkZW4gU3BpZWxzdGlsIHVuZCBqZWRlcyBBYmVudGV1ZXIuIDwvcD4KW3Byb2R1a3RfdXJsIGlkPSIzOTMwIiBuYW1lPSJNZWhyIGVyZmFocmVuIiBjbGFzcz0iY29sbGVjdGlvbi1pbmZvX19hY3Rpb24iIC9dCiAgICAgICAgPC9kaXY+CgogICAgICAgCiAgICAgICAgPGltZyBjbGFzcz0iY29sbGVjdGlvbi1pbmZvX19pbWFnZSIgc3JjPSIvd3AtY29udGVudC91cGxvYWRzLzIwMjUvMDEvc2FuZC1zdG9ybS1tYWluLnBuZyI+CiAgICA8L2Rpdj4KICAgIA==[\/vc_raw_html][vc_raw_html css=&#8220;&#8220;]ICAgICAgICA8ZGl2IGNsYXNzPSJjb2xsZWN0aW9uLXRocmVlIj4KICAgICAgICAgICAgCiAgICAgICAgICAgIAogICAgICAgICAgICAgICAgICAgICAgICA8ZGl2IGNsYXNzPSJjb2xsZWN0aW9uLXRocmVlX19pdGVtIj4KICAgICAgICAgICAgICAgIFtwcm9kdWt0X3VybCBpZD0iMzkzMCJdCiAgICAgICAgICAgICAgICA8aW1nIGNsYXNzPSJjb2xsZWN0aW9uLXRocmVlX19pbWFnZSIgc3JjPSIvd3AtY29udGVudC91cGxvYWRzLzIwMjUvMDEvc2FuZC1zdG9ybS0xLnBuZyI+CiAgICAgICAgICAgICAgICBbL3Byb2R1a3RfdXJsXQogICAgICAgICAgICAgICAgW3Byb2R1a3RfdXJsIGlkPSIzOTMwIl0KICAgICAgICAgICAgICAgIDxpbWcgY2xhc3M9ImNvbGxlY3Rpb24tdGhyZWVfX2ltYWdlIGNvbGxlY3Rpb24tdGhyZWVfX2ltYWdlLS1tb2JpbGUiIHNyYz0iL3dwLWNvbnRlbnQvdXBsb2Fkcy8yMDI1LzAxL3NhbmQtc3Rvcm0tMS1tb2JpbGUucG5nIj4KICAgICAgICAgICAgICAgIFsvcHJvZHVrdF91cmxdCiAgICAgICAgICAgICAgICAgICAgICAgICAgICAgICAgPGRpdiBjbGFzcz0iY29sbGVjdGlvbi10aHJlZV9fYWN0aW9uIj4KICAgICAgICAgICAgICAgICAgICA8aDQ+W3Byb2R1a3RfdXJsIGlkPSIzOTMwIiBuYW1lPSJDT01NQU5ERVIgU2FuZCBTdG9ybSIgL108L2g0PgogICAgICAgICAgICAgICAgICAgIFtwcm9kdWN0X3ByaWNlIGlkPSIzOTMwIiAvXQogICAgICAgICAgICAgICAgPC9kaXY+CiAgICAgICAgICAgIDwvZGl2PgogICAgICAgICAgICAKICAgICAgICAgICAgICAgICAgICAgICAgICAgICAgICAgICAgPGRpdiBjbGFzcz0iY29sbGVjdGlvbi10aHJlZV9faXRlbSI+CiAgICAgICAgICAgICAgICA8aW1nIGNsYXNzPSJjb2xsZWN0aW9uLXRocmVlX19pbWFnZSIgc3JjPSIvd3AtY29udGVudC91cGxvYWRzLzIwMjUvMDEvc2FuZC1zdG9ybS0yLnBuZyI+CiAgICAgICAgICAgICAgICA8aW1nIGNsYXNzPSJjb2xsZWN0aW9uLXRocmVlX19pbWFnZSBjb2xsZWN0aW9uLXRocmVlX19pbWFnZS0tbW9iaWxlIiBzcmM9Ii93cC1jb250ZW50L3VwbG9hZHMvMjAyNS8wMS9zYW5kLXN0b3JtLTItbW9iaWxlLnBuZyI+CiAgICAgICAgICAgIDwvZGl2PgogICAgICAgICAgICAKICAgICAgICAgICAgCiAgICAgICAgICAgIDxkaXYgY2xhc3M9ImNvbGxlY3Rpb24tdGhyZWVfX2l0ZW0gY29sbGVjdGlvbi10aHJlZV9faXRlbS0tbGFyZ2UiPgogICAgICAgICAgICAgICAgPGltZyBjbGFzcz0iY29sbGVjdGlvbi10aHJlZV9faW1hZ2UiIHNyYz0iL3dwLWNvbnRlbnQvdXBsb2Fkcy8yMDI1LzAxL3NhbmQtc3Rvcm0tMy5wbmciPgogICAgICAgICAgICAgICAgPGltZyBjbGFzcz0iY29sbGVjdGlvbi10aHJlZV9faW1hZ2UgY29sbGVjdGlvbi10aHJlZV9faW1hZ2UtLW1vYmlsZSIgc3JjPSIvd3AtY29udGVudC91cGxvYWRzLzIwMjUvMDEvc2FuZC1zdG9ybS0zLW1vYmlsZS5wbmciPgogICAgICAgICAgICA8L2Rpdj4KCiAgICAgICAgPC9kaXY+[\/vc_raw_html][vc_raw_html css=&#8220;&#8220;]CiAgICA8ZGl2IGNsYXNzPSJjb2xsZWN0aW9uLWluZm8gY29sbGVjdGlvbi1pbmZvLS1yZXZlcnNlIj4KICAgIDxkaXYgY2xhc3M9ImNvbGxlY3Rpb24taW5mb19fY29udGVudCBjb2xsZWN0aW9uLWluZm9fX2xvZ28iPgogICAgICAgICAgICA8aW1nIHNyYz0iL3dwLWNvbnRlbnQvdXBsb2Fkcy8yMDI1LzAxL3N1bnJpc2UtaGVyby5zdmciPgogICAgPC9kaXY+CiAgICAgICAgCiAgICAgICAgPGltZyBjbGFzcz0iY29sbGVjdGlvbi1pbmZvX19pbWFnZSBjb2xsZWN0aW9uLWluZm9fX2ltYWdlLS1tb2JpbGUiIHNyYz0iL3dwLWNvbnRlbnQvdXBsb2Fkcy8yMDI1LzAxL3N1bnJpc2UtaGVyby1tYWluLW1vYmlsZS5wbmciPgogICAgCiAgICAgICAgPGRpdiBjbGFzcz0iY29sbGVjdGlvbi1pbmZvX19jb250ZW50Ij4KICAgICAgICAgICAgPGgyPkF0bWVuLCBiZXdlZ2VuLCBlcm9iZXJuPC9oMj4KICAgICAgICAgICAgPHA+UHJlbWl1bSBUZWNoUlggSUkgw5Zrby1MZWRlciB0cmlmZnQgYXVmIGlubm92YXRpdmVzIERlc2lnbi4gSmVkZXMgRGV0YWlsIGVudHdpY2tlbHQsIHVtIGRpY2ggU3R1bmRlIGbDvHIgU3R1bmRlIGluIGRlciBab25lIHp1IGhhbHRlbi4gPC9wPgpbcHJvZHVrdF91cmwgaWQ9IjM5MjgiIG5hbWU9Ik1laHIgZXJmYWhyZW4iIGNsYXNzPSJjb2xsZWN0aW9uLWluZm9fX2FjdGlvbiIgL10KICAgICAgICA8L2Rpdj4KCiAgICAgICAKICAgICAgICA8aW1nIGNsYXNzPSJjb2xsZWN0aW9uLWluZm9fX2ltYWdlIiBzcmM9Ii93cC1jb250ZW50L3VwbG9hZHMvMjAyNS8wMS9zdW5yaXNlLWhlcm8tbWFpbi5wbmciPgogICAgPC9kaXY+CiAgICA=[\/vc_raw_html][vc_raw_html css=&#8220;&#8220;]ICAgICAgICA8ZGl2IGNsYXNzPSJjb2xsZWN0aW9uLXRocmVlIj4KICAgICAgICAgICAgCiAgICAgICAgICAgICAgICAgICAgICAgIDxkaXYgY2xhc3M9ImNvbGxlY3Rpb24tdGhyZWVfX2l0ZW0gY29sbGVjdGlvbi10aHJlZV9faXRlbS0tbGFyZ2UiPgogICAgICAgICAgICAgICAgPGltZyBjbGFzcz0iY29sbGVjdGlvbi10aHJlZV9faW1hZ2UiIHNyYz0iL3dwLWNvbnRlbnQvdXBsb2Fkcy8yMDI1LzAxL3N1bnJpc2UtaGVyby0xLnBuZyI+CiAgICAgICAgICAgICAgICA8aW1nIGNsYXNzPSJjb2xsZWN0aW9uLXRocmVlX19pbWFnZSBjb2xsZWN0aW9uLXRocmVlX19pbWFnZS0tbW9iaWxlIiBzcmM9Ii93cC1jb250ZW50L3VwbG9hZHMvMjAyNS8wMS9zdW5yaXNlLWhlcm8tMy1tb2JpbGUucG5nIj4KICAgICAgICAgICAgPC9kaXY+CiAgICAgICAgICAgIAogICAgICAgICAgICAgICAgICAgICAgICA8ZGl2IGNsYXNzPSJjb2xsZWN0aW9uLXRocmVlX19pdGVtIj4KICAgICAgICAgICAgICAgIFtwcm9kdWt0X3VybCBpZD0iMzkyOCJdCiAgICAgICAgICAgICAgICA8aW1nIGNsYXNzPSJjb2xsZWN0aW9uLXRocmVlX19pbWFnZSIgc3JjPSIvd3AtY29udGVudC91cGxvYWRzLzIwMjUvMDEvc3VucmlzZS1oZXJvLTIucG5nIj4KICAgICAgICAgICAgICAgIFsvcHJvZHVrdF91cmxdCiAgICAgICAgICAgICAgICBbcHJvZHVrdF91cmwgaWQ9IjM5MjgiXQogICAgICAgICAgICAgICAgPGltZyBjbGFzcz0iY29sbGVjdGlvbi10aHJlZV9faW1hZ2UgY29sbGVjdGlvbi10aHJlZV9faW1hZ2UtLW1vYmlsZSIgc3JjPSIvd3AtY29udGVudC91cGxvYWRzLzIwMjUvMDEvc3VucmlzZS1oZXJvLTItbW9iaWxlLnBuZyI+CiAgICAgICAgICAgICAgICBbL3Byb2R1a3RfdXJsXQogICAgICAgICAgICAgICAgICAgICAgICAgICAgICAgIDxkaXYgY2xhc3M9ImNvbGxlY3Rpb24tdGhyZWVfX2FjdGlvbiI+CiAgICAgICAgICAgICAgICAgICAgPGg0Pltwcm9kdWt0X3VybCBpZD0iMzkyOCIgbmFtZT0iQ09NTUFOREVSIFN1bnJpc2UgSGVybyIgL108L2g0PgogICAgICAgICAgICAgICAgICAgIFtwcm9kdWN0X3ByaWNlIGlkPSIzOTI4IiAvXQogICAgICAgICAgICAgICAgPC9kaXY+CiAgICAgICAgICAgIDwvZGl2PgogICAgICAgICAgICAKICAgICAgICAgICAgCiAgICAgICAgICAgIDxkaXYgY2xhc3M9ImNvbGxlY3Rpb24tdGhyZWVfX2l0ZW0iPgogICAgICAgICAgICAgICAgPGltZyBjbGFzcz0iY29sbGVjdGlvbi10aHJlZV9faW1hZ2UiIHNyYz0iL3dwLWNvbnRlbnQvdXBsb2Fkcy8yMDI1LzAxL3N1bnJpc2UtaGVyby0zLnBuZyI+CiAgICAgICAgICAgICAgICA8aW1nIGNsYXNzPSJjb2xsZWN0aW9uLXRocmVlX19pbWFnZSBjb2xsZWN0aW9uLXRocmVlX19pbWFnZS0tbW9iaWxlIiBzcmM9Ii93cC1jb250ZW50L3VwbG9hZHMvMjAyNS8wMS9zdW5yaXNlLWhlcm8tMS1tb2JpbGUucG5nIj4KICAgICAgICAgICAgPC9kaXY+CgogICAgICAgIDwvZGl2Pg==[\/vc_raw_html][\/vc_column][\/vc_row]<\/p>\n<\/div>","protected":false},"excerpt":{"rendered":"<p>Paradox Commander Kollektion \u2014 vielseitiger Gaming-Stuhl f\u00fcr Alltagsgamer. Eco-Leder-Polsterung, verstellbares Lendenkissen, einziehbarer Fu\u00dfst\u00fctze, Neigungsverriegelung. Verf\u00fcgbar in 6 Farben. 100-Tage-R\u00fcckgabe, kostenloser EU-Versand.<\/p>\n","protected":false},"author":1,"featured_media":0,"parent":0,"menu_order":0,"comment_status":"closed","ping_status":"closed","template":"template-fullwidth.php","meta":{"footnotes":""},"class_list":["post-9348","page","type-page","status-publish","hentry","no-thumb"],"_links":{"self":[{"href":"https:\/\/paradox24.com\/de\/wp-json\/wp\/v2\/pages\/9348","targetHints":{"allow":["GET"]}}],"collection":[{"href":"https:\/\/paradox24.com\/de\/wp-json\/wp\/v2\/pages"}],"about":[{"href":"https:\/\/paradox24.com\/de\/wp-json\/wp\/v2\/types\/page"}],"author":[{"embeddable":true,"href":"https:\/\/paradox24.com\/de\/wp-json\/wp\/v2\/users\/1"}],"replies":[{"embeddable":true,"href":"https:\/\/paradox24.com\/de\/wp-json\/wp\/v2\/comments?post=9348"}],"version-history":[{"count":1,"href":"https:\/\/paradox24.com\/de\/wp-json\/wp\/v2\/pages\/9348\/revisions"}],"predecessor-version":[{"id":30887,"href":"https:\/\/paradox24.com\/de\/wp-json\/wp\/v2\/pages\/9348\/revisions\/30887"}],"wp:attachment":[{"href":"https:\/\/paradox24.com\/de\/wp-json\/wp\/v2\/media?parent=9348"}],"curies":[{"name":"wp","href":"https:\/\/api.w.org\/{rel}","templated":true}]}}