{"id":3651,"date":"2024-07-25T08:58:11","date_gmt":"2024-07-25T07:58:11","guid":{"rendered":"https:\/\/paradox24.com\/datenschutzbestimmungen\/"},"modified":"2024-10-13T14:27:15","modified_gmt":"2024-10-13T14:27:15","slug":"datenschutzbestimmungen","status":"publish","type":"page","link":"https:\/\/paradox24.com\/de\/datenschutzbestimmungen\/","title":{"rendered":"Datenschutzbestimmungen"},"content":{"rendered":"<p><\/p><h2 class=\"wp-block-heading\">Lieber Benutzer!<\/h2><p>Wir k\u00fcmmern uns um Ihre Privatsph\u00e4re und m\u00f6chten, dass Sie sich bei der Nutzung unserer Dienste wohl f\u00fchlen. Daher stellen wir Ihnen im Folgenden die wichtigsten Informationen \u00fcber die Politik zur Verarbeitung Ihrer pers\u00f6nlichen Daten und \u00fcber die von unserem Shop verwendeten Cookies zur Verf\u00fcgung. Diese Informationen wurden im Hinblick auf die GDPR, d.h. die allgemeine Datenschutzverordnung, erstellt.  <\/p><h2 class=\"wp-block-heading\">VERANTWORTLICHER F\u00dcR PERSONENBEZOGENE DATEN<\/h2><p>ECO24 SP\u00d3\u0141KA Z OGRANICZON\u0104 ODPOWIEDZIALNO\u015aCI\u0104 mit eingetragenem Sitz in ul. Algierska 17K, 03-977 Warszawa, Polen, eingetragen im Nationalen Gerichtsregister &#8211; Register der Unternehmer von S\u0104D REJONOWY DLA M.ST.WARSZAWY W WARSZAWIE,XIII WYDZIA\u0141 GOSPODARCZY KRAJOWEGO REJESTRU S\u0104DOWEGO, unter der KRS-Nummer 0001061741, der EU-Umsatzsteuer-Identifikationsnummer PL5214039048, der REGON-Nummer 52659871100000, dem Anfangskapital PLN 100000,00. <\/p><p>Wenn Sie uns in Bezug auf die Verarbeitung Ihrer pers\u00f6nlichen Daten kontaktieren m\u00f6chten, senden Sie uns bitte eine E-Mail an: contact@paradox24.com.<\/p><h2 class=\"wp-block-heading\">IHRE RECHTE<\/h2><p>Sie haben das Recht, einen Antrag zu stellen:<\/p><ul class=\"wp-block-list\"><li>Zugang zu Ihren personenbezogenen Daten, einschlie\u00dflich des Erhalts einer Kopie Ihrer Daten (Artikel 15 der DSGVO oder, falls zutreffend, Artikel 13 Abs. 1(f) der GDPR),<\/li>\n\n<li>ihre Berichtigung (Artikel 16 der Datenschutz-Grundverordnung),<\/li>\n\n<li>L\u00f6schung (Artikel 17 der Datenschutz-Grundverordnung),<\/li>\n\n<li>die Einschr\u00e4nkung ihrer Verarbeitung (Artikel 18 der DSGVO),<\/li>\n\n<li>die \u00dcbermittlung von Daten an einen anderen f\u00fcr die Verarbeitung Verantwortlichen (Artikel 20 der DSGVO),<\/li><\/ul><p>und das Recht dazu:<\/p><ul class=\"wp-block-list\"><li>der Verarbeitung Ihrer pers\u00f6nlichen Daten jederzeit widersprechen:<ul class=\"wp-block-list\"><li>aus Gr\u00fcnden, die sich auf Ihre besondere Situation beziehen &#8211; in Bezug auf die Verarbeitung Ihrer personenbezogenen Daten auf der Grundlage von Artikel 6 Abs. 1 Buchst. 1(f) der GDPR (d.h. die von uns verfolgten legitimen Interessen);<\/li>\n\n<li>wenn Ihre personenbezogenen Daten f\u00fcr Zwecke der Direktwerbung verarbeitet werden, soweit die Verarbeitung mit dieser Direktwerbung zusammenh\u00e4ngt (Art. 21 Abs. 2 GDPR).<\/li><\/ul><\/li><\/ul><p>Kontaktieren Sie uns, wenn Sie Ihre Rechte aus\u00fcben m\u00f6chten. Sie k\u00f6nnen unserer Verwendung von Cookies (\u00fcber die Sie weiter unten lesen werden) widersprechen, indem Sie die entsprechenden Einstellungen in Ihrem Browser vornehmen. <\/p><p>Wenn Sie der Meinung sind, dass Ihre Daten unrechtm\u00e4\u00dfig verarbeitet werden, k\u00f6nnen Sie eine Beschwerde bei der zust\u00e4ndigen Datenschutzbeh\u00f6rde einreichen.<\/p><h2 class=\"wp-block-heading\">PERS\u00d6NLICHE DATEN UND DATENSCHUTZ<\/h2><p>Ihre Daten werden von uns zu Zwecken verarbeitet, die mit dem Betrieb des Shops und der Bereitstellung der darin angebotenen Dienstleistungen zusammenh\u00e4ngen. Im Folgenden finden Sie detaillierte Informationen \u00fcber die Verarbeitung Ihrer Daten in Abh\u00e4ngigkeit von Ihren Aktivit\u00e4ten. <\/p><h3 class=\"wp-block-heading\">1. Eine Bestellung im Shop aufgeben &#8211; Teil 1<\/h3><figure class=\"wp-block-table\"><table class=\"has-fixed-layout\"><tbody><tr><th>Zu welchem Zweck verarbeiten wir Ihre Daten?<\/th><\/tr><tr><td>um Ihre Bestellung zu bearbeiten<\/td><\/tr><tr><th>Auf welcher Grundlage verarbeiten wir Ihre Daten?<\/th><\/tr><tr><td>einen Kaufvertrag (Artikel 6 Abs. 1(b) der GDPR)<\/td><td>eine rechtliche Verpflichtung im Zusammenhang mit der Buchhaltung, die uns zur Verarbeitung Ihrer personenbezogenen Daten verpflichtet (Artikel 6 Abs. 1(c) 1(c) der GDPR)<\/td><\/tr><tr><th>Wie lange werden wir Ihre Daten verarbeiten?<\/th><\/tr><tr><td>f\u00fcr die Dauer des oben genannten Vertrags<\/td><td>bis zum Ablauf unserer gesetzlichen Verpflichtungen im Zusammenhang mit der Rechnungslegung<\/td><\/tr><tr><td>Dar\u00fcber hinaus werden Ihre Daten bis zum Ablauf des Zeitraums verarbeitet, in dem Anspr\u00fcche geltend gemacht werden k\u00f6nnen &#8211; entweder von Ihnen oder von uns<br\/>(weitere Informationen finden Sie in der letzten Tabelle in diesem Teil)<\/td><\/tr><tr><th>Was passiert, wenn Sie die Daten nicht bereitstellen?<\/th><\/tr><tr><td>Sie werden keine Bestellung aufgeben k\u00f6nnen<\/td><\/tr><\/tbody><\/table><\/figure><h3 class=\"wp-block-heading\">2. Eine Bestellung im Shop aufgeben &#8211; Teil 2<\/h3><figure class=\"wp-block-table\"><table class=\"has-fixed-layout\"><tbody><tr><th>Zu welchem Zweck verarbeiten wir Ihre Daten?<\/th><\/tr><tr><td>Verbesserung der Qualit\u00e4t unserer Dienstleistungen dank des Feedbacks, das uns die Nutzer \u00fcber den Zufriedenheitsumfrage-Service geben<\/td><\/tr><tr><th>Auf welcher Grundlage verarbeiten wir Ihre Daten?<\/th><\/tr><tr><td>unser berechtigtes Interesse an der Verarbeitung Ihrer Daten zum Zwecke der Durchf\u00fchrung von Umfragen zu Ihrer Zufriedenheit mit unseren Dienstleistungen (Artikel 6 Abs. 1(f) GDPR) 1(f) der GDPR)<\/td><\/tr><tr><th>Wie lange werden wir Ihre Daten verarbeiten?<\/th><\/tr><tr><td>wenn Sie keine R\u00fcckmeldung geben, f\u00fcr einen Zeitraum von 30 Tagen ab Ihrem Kauf oder bis wir Ihren Widerspruch gegen die Verarbeitung ber\u00fccksichtigen; und wenn Sie eine R\u00fcckmeldung geben &#8211; bis diese gel\u00f6scht wird oder bis wir Ihren Widerspruch gegen die Verarbeitung ber\u00fccksichtigen*<\/td><\/tr><tr><td>Dar\u00fcber hinaus werden Ihre Daten bis zum Ablauf des Zeitraums verarbeitet, in dem Anspr\u00fcche geltend gemacht werden k\u00f6nnen &#8211; entweder von Ihnen oder von uns<br\/>(weitere Informationen finden Sie in der letzten Tabelle in diesem Teil)<\/td><\/tr><tr><th>Was passiert, wenn Sie die Daten nicht bereitstellen?<\/th><\/tr><tr><td>wir werden Ihre Meinung zu unseren Dienstleistungen bei der Weiterentwicklung unserer Dienstleistungen nicht ber\u00fccksichtigen<\/td><\/tr><\/tbody><\/table><\/figure><p>* je nachdem, was in einem bestimmten Fall anwendbar ist<\/p><h3 class=\"wp-block-heading\">3. Ein Konto im Shop erstellen<\/h3><figure class=\"wp-block-table\"><table class=\"has-fixed-layout\"><tbody><tr><th>Zu welchem Zweck verarbeiten wir Ihre Daten?<\/th><\/tr><tr><td>einen Vertrag \u00fcber die Bereitstellung eines Kontos im Shop abzuschlie\u00dfen<\/td><\/tr><tr><th>Auf welcher Grundlage verarbeiten wir Ihre Daten?<\/th><\/tr><tr><td>einen Vertrag \u00fcber die Erbringung von Dienstleistungen (Artikel 6 Abs. 1 Buchst. 1(b) der GDPR)<\/td><\/tr><tr><th>Wie lange werden wir Ihre Daten verarbeiten?<\/th><\/tr><tr><td>f\u00fcr die Dauer des oben genannten Vertrags<\/td><\/tr><tr><td>Dar\u00fcber hinaus werden Ihre Daten bis zum Ablauf des Zeitraums verarbeitet, in dem Anspr\u00fcche geltend gemacht werden k\u00f6nnen &#8211; entweder von Ihnen oder von uns<br\/>(weitere Informationen finden Sie in der letzten Tabelle in diesem Teil)<\/td><\/tr><tr><th>Was passiert, wenn Sie die Daten nicht bereitstellen?<\/th><\/tr><tr><td>Sie k\u00f6nnen kein Konto erstellen und dessen Funktionen nicht nutzen, wie z.B. die Anzeige Ihrer Bestellhistorie oder die \u00dcberpr\u00fcfung Ihres Bestellstatus<\/td><\/tr><\/tbody><\/table><\/figure><h3 class=\"wp-block-heading\">4. Kontaktieren Sie uns (z.B. um eine Frage zu stellen)<\/h3><figure class=\"wp-block-table\"><table class=\"has-fixed-layout\"><tbody><tr><th>Zu welchem Zweck verarbeiten wir Ihre Daten?<\/th><\/tr><tr><td>um auf Ihre Anfragen oder W\u00fcnsche zu reagieren<\/td><\/tr><tr><th>Auf welcher Grundlage verarbeiten wir Ihre Daten?<\/th><\/tr><tr><td>einen Vertrag oder Ma\u00dfnahmen, die auf Ihren Wunsch hin vor Abschluss eines Vertrages ergriffen werden (Artikel 6 Abs. 1(b) der DSGVO) &#8211; wenn sich Ihre Anfrage oder Ihr Antrag auf einen Vertrag bezieht, an dem wir beteiligt sind oder beteiligt sein k\u00f6nnten<\/td><td>unser berechtigtes Interesse an der Verarbeitung Ihrer Daten zum Zwecke der Kommunikation mit Ihnen (Artikel 6 Abs. 1(f) der GDPR) &#8211; wenn Ihre Anfrage oder Ihr Antrag nicht mit einem Vertrag verbunden ist<\/td><\/tr><tr><th>Wie lange werden wir Ihre Daten verarbeiten?<\/th><\/tr><tr><td>f\u00fcr die Dauer des Vertrags, der uns bindet, oder &#8211; falls kein Vertrag geschlossen wird &#8211; bis zum Ablauf der Anspruchsfrist &#8211; siehe die letzte Tabelle dieses Teils<\/td><td>bis zum Ablauf der Anspruchsfrist &#8211; siehe die letzte Tabelle in diesem Teil oder bis wir Ihren Widerspruch gegen die Verarbeitung ber\u00fccksichtigt haben*.<\/td><\/tr><tr><td>Dar\u00fcber hinaus werden Ihre Daten bis zum Ablauf des Zeitraums verarbeitet, in dem Anspr\u00fcche geltend gemacht werden k\u00f6nnen &#8211; entweder von Ihnen oder von uns<br\/>(weitere Informationen finden Sie in der letzten Tabelle in diesem Teil)<\/td><\/tr><tr><th>Was passiert, wenn Sie die Daten nicht bereitstellen?<\/th><\/tr><tr><td>wir nicht in der Lage sind, Ihre Anfrage oder Ihren Antrag zu beantworten<\/td><\/tr><\/tbody><\/table><\/figure><p>* je nachdem, was in einem bestimmten Fall anwendbar ist<br\/><\/p><h3 class=\"wp-block-heading\">5. Browser-Einstellungen oder andere \u00e4hnliche Ma\u00dfnahmen, die analytische Aktivit\u00e4ten erm\u00f6glichen<\/h3><figure class=\"wp-block-table\"><table class=\"has-fixed-layout\"><tbody><tr><th>Zu welchem Zweck verarbeiten wir Ihre Daten?<\/th><\/tr><tr><td>um zu analysieren, wie Sie den Shop nutzen und durch ihn navigieren, um seine Funktionalit\u00e4t zu verbessern<br\/>(lesen Sie mehr in den Abschnitten &#8222;Analytics&#8220; und &#8222;Cookies&#8220; unserer Datenschutzrichtlinie)<\/td><\/tr><tr><th>Auf welcher Grundlage verarbeiten wir Ihre Daten?<\/th><\/tr><tr><td>unser berechtigtes Interesse an der Verarbeitung der Daten zu dem oben genannten Zweck<br\/>(Art. 6 Abs. 1 Buchst. 1(f) der GDPR)<\/td><\/tr><tr><th>Wie lange werden wir Ihre Daten verarbeiten?<\/th><\/tr><tr><td>bis die f\u00fcr analytische Zwecke verwendeten Cookies ablaufen oder von Ihnen gel\u00f6scht werden*.<\/td><\/tr><tr><th>Was passiert, wenn Sie die Daten nicht bereitstellen?<\/th><\/tr><tr><td>wir bei der Entwicklung des Shops nicht ber\u00fccksichtigen, wie Sie ihn nutzen und durch ihn navigieren<\/td><\/tr><\/tbody><\/table><\/figure><p>* je nachdem, was in einem bestimmten Fall anwendbar ist<br\/><\/p><h3 class=\"wp-block-heading\">6. Ihre Zustimmung zum Erhalt von Marketing-Inhalten von uns (z.B. Informationen \u00fcber Sonderangebote)<\/h3><figure class=\"wp-block-table\"><table class=\"has-fixed-layout\"><tbody><tr><th>Zu welchem Zweck verarbeiten wir Ihre Daten?<\/th><\/tr><tr><td>um Marketinginformationen, insbesondere Sonderangebote, zu versenden<\/td><td>die Effektivit\u00e4t der von uns versendeten Nachrichten zu analysieren, um allgemeine Grunds\u00e4tze f\u00fcr eine effektive Nachrichten\u00fcbermittlung in unserer Gesch\u00e4ftst\u00e4tigkeit<br\/> aufzustellen (lesen Sie mehr im Abschnitt &#8222;Analytische Aktivit\u00e4ten&#8220; der Datenschutzrichtlinie)<\/td><\/tr><tr><th>Auf welcher Grundlage verarbeiten wir Ihre Daten?<\/th><\/tr><tr><td>Ihre Zustimmung zu unseren Marketingaktivit\u00e4ten (Artikel 6 Abs. 1 Buchst. 1(a) der GDPR)<\/td><td>unser berechtigtes Interesse an der Verarbeitung der Daten zu dem oben genannten Zweck<br\/>(Art. 6 Abs. 1 Buchst. 1(f) der GDPR)<\/td><\/tr><tr><th>Wie lange werden wir Ihre Daten verarbeiten?<\/th><\/tr><tr><td>bis Sie Ihre Einwilligung widerrufen &#8211; denken Sie daran, dass Sie Ihre Einwilligung jederzeit widerrufen k\u00f6nnen. Der Widerruf der Einwilligung ber\u00fchrt nicht die Rechtm\u00e4\u00dfigkeit der Verarbeitung, die auf der Einwilligung vor deren Widerruf beruht. <\/td><td>bis wir Ihren Einspruch gegen die Verarbeitung ber\u00fccksichtigt haben<\/td><\/tr><tr><td>Dar\u00fcber hinaus werden Ihre Daten bis zum Ablauf des Zeitraums verarbeitet, in dem Anspr\u00fcche geltend gemacht werden k\u00f6nnen &#8211; entweder von Ihnen oder von uns<br\/>(weitere Informationen finden Sie in der letzten Tabelle in diesem Teil)<\/td><\/tr><tr><th>Was passiert, wenn Sie die Daten nicht bereitstellen?<\/th><\/tr><tr><td>Sie erhalten unsere Marketingmaterialien, einschlie\u00dflich Informationen \u00fcber unsere Sonderangebote, nicht.<\/td><\/tr><\/tbody><\/table><\/figure><h3 class=\"wp-block-heading\">7. Anmeldung f\u00fcr den Newsletter<\/h3><figure class=\"wp-block-table\"><table class=\"has-fixed-layout\"><tbody><tr><th>Zu welchem Zweck verarbeiten wir Ihre Daten?<\/th><\/tr><tr><td>um Ihnen unseren Newsletter zu schicken<\/td><td>die Effektivit\u00e4t der von uns versendeten Nachrichten zu analysieren, um allgemeine Grunds\u00e4tze f\u00fcr eine effektive Nachrichten\u00fcbermittlung in unserer Gesch\u00e4ftst\u00e4tigkeit<br\/> aufzustellen (lesen Sie mehr im Abschnitt &#8222;Analytische Aktivit\u00e4ten&#8220; der Datenschutzrichtlinie)<\/td><\/tr><tr><th>Auf welcher Grundlage verarbeiten wir Ihre Daten?<\/th><\/tr><tr><td>einen Vertrag \u00fcber Dienstleistungen zur Versendung eines Newsletters (Artikel 6 Abs. 1 Buchst. 1(b) der GDPR)<\/td><td>unser berechtigtes Interesse an der Verarbeitung der Daten zu dem oben genannten Zweck<br\/>(Art. 6 Abs. 1 Buchst. 1(f) der GDPR)<\/td><\/tr><tr><th>Wie lange werden wir Ihre Daten verarbeiten?<\/th><\/tr><tr><td>bis Sie sich von unserem Newsletter abmelden<\/td><td>bis wir Ihren Einspruch gegen die Verarbeitung ber\u00fccksichtigt haben<\/td><\/tr><tr><td>Dar\u00fcber hinaus werden Ihre Daten bis zum Ablauf des Zeitraums verarbeitet, in dem Anspr\u00fcche geltend gemacht werden k\u00f6nnen &#8211; entweder von Ihnen oder von uns<br\/>(weitere Informationen finden Sie in der letzten Tabelle in diesem Teil)<\/td><\/tr><tr><th>Was passiert, wenn Sie die Daten nicht bereitstellen?<\/th><\/tr><tr><td>Sie k\u00f6nnen keine Informationen \u00fcber den Shop und unsere Dienstleistungen erhalten<\/td><\/tr><\/tbody><\/table><\/figure><h3 class=\"wp-block-heading\">8. Jede Handlung oder Unterlassung, die zu einem Anspruch in Bezug auf den Shop oder unsere Dienstleistungen f\u00fchren kann<\/h3><figure class=\"wp-block-table\"><table class=\"has-fixed-layout\"><tbody><tr><th>Zu welchem Zweck verarbeiten wir Ihre Daten?<\/th><\/tr><tr><td>zur Feststellung, Geltendmachung oder Abwehr m\u00f6glicher Anspr\u00fcche im Zusammenhang mit dem abgeschlossenen Vertrag oder den erbrachten Dienstleistungen<\/td><\/tr><tr><th>Auf welcher Grundlage verarbeiten wir Ihre Daten?<\/th><\/tr><tr><td>unser berechtigtes Interesse, Ihre personenbezogenen Daten f\u00fcr den oben genannten Zweck zu verarbeiten (Artikel 6 Abs. 1(f) der GDPR)<\/td><\/tr><tr><th>Wie lange werden wir Ihre Daten verarbeiten?<\/th><\/tr><tr><td>bis zum Ablauf der Anspruchsfrist oder bis wir Ihren Widerspruch gegen die Datenverarbeitung ber\u00fccksichtigen*.<\/td><\/tr><tr><th>Was passiert, wenn Sie die Daten nicht bereitstellen?<\/th><\/tr><tr><td>Unf\u00e4higkeit, Anspr\u00fcche zu begr\u00fcnden, geltend zu machen oder zu verteidigen<\/td><\/tr><\/tbody><\/table><\/figure><p>* je nachdem, was in einem bestimmten Fall anwendbar ist<br\/><\/p><h2 class=\"wp-block-heading\">VER\u00d6FFENTLICHUNG VON DATEN<\/h2><p>Wenn Sie einen Kommentar hinterlassen, ist dieser, ebenso wie Ihr Nickname, f\u00fcr andere Shop-Benutzer sichtbar.<\/p><p>Wir geben Ihre E-Mail-Adresse nicht an andere Benutzer weiter &#8211; es sei denn, Sie tun dies selbst.<\/p><h2 class=\"wp-block-heading\">ANALYTISCHE AKTIVIT\u00c4TEN<\/h2><p>Im Rahmen der Website des Shops f\u00fchren wir analytische Aktivit\u00e4ten durch, um sie intuitiver und zug\u00e4nglicher zu machen &#8211; wenn Sie dies zulassen. Im Rahmen der Analyse ber\u00fccksichtigen wir die Art und Weise, wie Sie im Shop navigieren, z.B. wie viel Zeit Sie auf einer bestimmten Unterseite verbringen oder wohin Sie im Shop klicken. Auf diese Weise k\u00f6nnen wir das Layout, das Aussehen und den Inhalt des Shops optimieren, w\u00e4hrend wir an seiner Weiterentwicklung arbeiten, um seine Funktionalit\u00e4t zu verbessern.  <\/p><p>Wenn Sie Marketingnachrichten oder Newsletter von uns erhalten m\u00f6chten, k\u00f6nnen wir au\u00dferdem die Wirksamkeit des von uns durchgef\u00fchrten Mailings analysieren. Wir k\u00f6nnen zum Beispiel \u00fcberpr\u00fcfen, ob und wie es die Aktivit\u00e4t in unserem Shop beeinflusst hat. Solche Aktivit\u00e4ten helfen uns, allgemeine Regeln f\u00fcr den Versand solcher Nachrichten aufzustellen &#8211; zum Beispiel in Bezug auf die optimalen Sendezeiten oder die Formulierung effektiver Inhalte.  <\/p><h2 class=\"wp-block-heading\">DATENSICHERHEIT<\/h2><p>Bei der Verarbeitung Ihrer personenbezogenen Daten verwenden wir organisatorische und technische Mittel in \u00dcbereinstimmung mit dem geltenden Recht, einschlie\u00dflich der Verschl\u00fcsselung der Verbindung mit dem SSL\/TLS-Protokoll.<\/p><h2 class=\"wp-block-heading\">COOKIES<\/h2><p>Unser Shop verwendet, wie die meisten Websites, die sogenannten Cookies. Diese Cookies: <\/p><ul class=\"wp-block-list\"><li>werden im Speicher Ihres Ger\u00e4ts (Computer, Telefon usw.) gespeichert;<\/li>\n\n<li>\u00e4ndern Sie die Einstellungen Ihres Ger\u00e4ts nicht.<\/li><\/ul><p>In unserem Shop werden Cookies verwendet f\u00fcr:<\/p><ul class=\"wp-block-list\"><li>f\u00fcr statistische Zwecke,<\/li>\n\n<li>Marketingzwecke,<\/li><\/ul><p>Um zu erfahren, wie Sie Cookies verwalten k\u00f6nnen, einschlie\u00dflich der M\u00f6glichkeit, sie in Ihrem Browser zu deaktivieren, k\u00f6nnen Sie die Hilfedatei Ihres Browsers verwenden. Sie k\u00f6nnen mehr dar\u00fcber erfahren, indem Sie in Ihrem Browser F1 dr\u00fccken. Au\u00dferdem finden Sie auf den folgenden Seiten je nach Browser, den Sie verwenden, entsprechende Tipps:  <\/p><ul class=\"wp-block-list\"><li><a href=\"https:\/\/support.google.com\/chrome\/answer\/95647?hl=en\" target=\"_blank\" rel=\"noreferrer noopener\">Google Chrome<\/a><\/li>\n\n<li><a href=\"https:\/\/help.opera.com\/en\/latest\/web-preferences\/#cookies\" target=\"_blank\" rel=\"noreferrer noopener\">Oper<\/a><\/li>\n\n<li><a href=\"https:\/\/support.apple.com\/en-gb\/guide\/safari\/sfri11471\/mac\" target=\"_blank\" rel=\"noreferrer noopener\">Safari<\/a><\/li>\n\n<li><a href=\"https:\/\/support.mozilla.org\/en-US\/kb\/cookies-information-websites-store-on-your-computer\" target=\"_blank\" rel=\"noreferrer noopener\">Mozilla Firefox<\/a><\/li>\n\n<li><a href=\"https:\/\/support.microsoft.com\/en-gb\/help\/4468242\/microsoft-edge-browsing-data-and-privacy\" target=\"_blank\" rel=\"noreferrer noopener\">Microsoft Edge<\/a><\/li><\/ul><p>Nachstehend finden Sie Informationen zu den Funktionen der von uns verwendeten Cookies und deren G\u00fcltigkeitsdauer.<\/p><figure class=\"wp-block-table\"><table class=\"has-fixed-layout\"><tbody><tr><th>Cookie-Name<\/th><th>G\u00fcltigkeitsdauer des Cookies<\/th><th>Cookie-Funktion<\/th><\/tr><tr><td>&#8222;_ga&#8220;<\/td><td>Sitzungsdauer<\/td><td>Verfolgung der Benutzeraktivit\u00e4ten zu statistischen Zwecken<\/td><\/tr><\/tbody><\/table><\/figure><p>Mit den entsprechenden Optionen Ihres Browsers k\u00f6nnen Sie das jederzeit tun:<\/p><ul class=\"wp-block-list\"><li>Cookies l\u00f6schen,<\/li>\n\n<li>die Verwendung von Cookies in Zukunft blockieren.<\/li><\/ul><p>In solchen F\u00e4llen werden wir sie nicht mehr bearbeiten.<\/p><h2 class=\"wp-block-heading\">EXTERNE DIENSTE \/ DATENEMPF\u00c4NGER<\/h2><p>Wir nutzen externe Dienste, die uns bei unserem Gesch\u00e4ft helfen. Wir beauftragen sie mit der Verarbeitung Ihrer Daten &#8211; diese Auftragsverarbeiter verarbeiten Daten nur auf unsere dokumentierte Anfrage hin. <\/p><p>Nachstehend finden Sie eine Liste der Empf\u00e4nger Ihrer Daten:<\/p><figure class=\"wp-block-table\"><table class=\"has-fixed-layout\"><tbody><tr><th>AKTION<\/th><th>DATENEMPF\u00c4NGER<\/th><th>\u00dcBERMITTLUNG VON PERSONENBEZOGENEN DATEN IN L\u00c4NDER AUSSERHALB DER EUROP\u00c4ISCHEN UNION<\/th><\/tr><tr><th rowspan=\"4\">jede Aktion im Zusammenhang mit dem Shop<\/th><td>Hosting-Anbieter<\/td><td>findet nicht statt<\/td><\/tr><tr><td>Unternehmen, das uns mit technischer\/IT-Unterst\u00fctzung versorgt<\/td><td>findet nicht statt<\/td><\/tr><tr><td>Personen, die mit uns auf der Grundlage von zivilrechtlichen Vertr\u00e4gen zusammenarbeiten und unsere laufenden Aktivit\u00e4ten unterst\u00fctzen<\/td><td>findet nicht statt<\/td><\/tr><tr><td>Anbieter von Vertriebssoftware<\/td><td>findet nicht statt<\/td><\/tr><tr><th>Besuch des Shops mit Einstellungen, die Marketingaktivit\u00e4ten erlauben<\/th><td>Anbieter von Marketingdienstleistungen<\/td><td>findet nicht statt<\/td><\/tr><tr><th>Besuch des Shops mit Einstellungen, die analytische Aktivit\u00e4ten erm\u00f6glichen<\/th><td>Einheit, die analytische Aktivit\u00e4ten im Shop erm\u00f6glicht<\/td><td>findet nicht statt<\/td><\/tr><tr><th rowspan=\"7\">eine Bestellung im Shop aufgeben<\/th><td>Zahlungsabwickler<\/td><td>findet nicht statt<\/td><\/tr><tr><td>Unternehmen, das das Produkt an Sie liefert<\/td><td>findet nicht statt<\/td><\/tr><tr><td>Anbieter der Business Facilitation Software (z.B. Buchhaltungssoftware)<\/td><td>findet nicht statt<\/td><\/tr><tr><td>Anbieter der Standard-B\u00fcrosoftware (einschlie\u00dflich E-Mail-Postf\u00e4cher)<\/td><td>findet nicht statt<\/td><\/tr><tr><td>der Gro\u00dfh\u00e4ndler<\/td><td>findet nicht statt<\/td><\/tr><tr><td>Buchhaltungsb\u00fcro<\/td><td>findet nicht statt<\/td><\/tr><tr><td>Ratenzahlungsdienstleister<\/td><td>findet nicht statt<\/td><\/tr><tr><th>das Abonnieren des Newsletters oder die Zustimmung zum Marketing<\/th><td>Unternehmen, das Newsletter oder Marketing-Nachrichtendienste anbietet<\/td><td>findet nicht statt<\/td><\/tr><tr><th>Nutzung des Online-Chats im Shop<\/th><td>Anbieter des im Shop verf\u00fcgbaren Online-Chats<\/td><td>findet nicht statt<\/td><\/tr><tr><th>Ihre Nutzung von Diensten, die uns im Zusammenhang mit dem Shop \u00fcber Social Media-Plattformen zur Verf\u00fcgung gestellt werden<\/th><td>Social Media-Plattformen<\/td><td>findet nicht statt<\/td><\/tr><tr><th>Teilnahme an einer Zufriedenheitsumfrage zu unseren Dienstleistungen oder Produkten<\/th><td>Einrichtungen, die die Ver\u00f6ffentlichung von Meinungen \u00fcber den Shop oder Produkte und deren Vergleich erm\u00f6glichen<\/td><td>findet nicht statt<\/td><\/tr><tr><th>uns zu kontaktieren (z.B. um eine Frage zu stellen)<\/th><td>Anbieter der Standard-B\u00fcrosoftware (einschlie\u00dflich E-Mail-Postf\u00e4cher)<\/td><td>findet nicht statt<\/td><\/tr><\/tbody><\/table><\/figure><p>Zus\u00e4tzlich:<\/p><p>die zust\u00e4ndigen Beh\u00f6rden, soweit wir verpflichtet sind, ihnen die Daten zur Verf\u00fcgung zu stellen.<\/p>","protected":false},"excerpt":{"rendered":"<p>Lieber Benutzer! Wir k\u00fcmmern uns um Ihre Privatsph\u00e4re und m\u00f6chten, dass Sie sich bei der Nutzung unserer Dienste wohl f\u00fchlen. Daher stellen wir Ihnen im Folgenden die wichtigsten Informationen \u00fcber die Politik zur Verarbeitung Ihrer pers\u00f6nlichen Daten und \u00fcber die von unserem Shop verwendeten Cookies zur Verf\u00fcgung. Diese Informationen wurden im Hinblick auf die GDPR, [&hellip;]<\/p>\n","protected":false},"author":2,"featured_media":0,"parent":0,"menu_order":0,"comment_status":"closed","ping_status":"closed","template":"","meta":{"footnotes":""},"class_list":["post-3651","page","type-page","status-publish","hentry","no-thumb"],"_links":{"self":[{"href":"https:\/\/paradox24.com\/de\/wp-json\/wp\/v2\/pages\/3651","targetHints":{"allow":["GET"]}}],"collection":[{"href":"https:\/\/paradox24.com\/de\/wp-json\/wp\/v2\/pages"}],"about":[{"href":"https:\/\/paradox24.com\/de\/wp-json\/wp\/v2\/types\/page"}],"author":[{"embeddable":true,"href":"https:\/\/paradox24.com\/de\/wp-json\/wp\/v2\/users\/2"}],"replies":[{"embeddable":true,"href":"https:\/\/paradox24.com\/de\/wp-json\/wp\/v2\/comments?post=3651"}],"version-history":[{"count":0,"href":"https:\/\/paradox24.com\/de\/wp-json\/wp\/v2\/pages\/3651\/revisions"}],"wp:attachment":[{"href":"https:\/\/paradox24.com\/de\/wp-json\/wp\/v2\/media?parent=3651"}],"curies":[{"name":"wp","href":"https:\/\/api.w.org\/{rel}","templated":true}]}}