{"id":3585,"date":"2018-06-01T08:19:29","date_gmt":"2018-06-01T07:19:29","guid":{"rendered":"https:\/\/paradox24.com\/ueber\/"},"modified":"2026-02-23T16:45:56","modified_gmt":"2026-02-23T15:45:56","slug":"uber","status":"publish","type":"page","link":"https:\/\/paradox24.com\/de\/uber\/","title":{"rendered":"\u00dcber"},"content":{"rendered":"<div class=\"wpb-content-wrapper\"><p>[vc_row full_width=&#8220;stretch_row_content_no_spaces&#8220; el_class=&#8220;supro-no-padding-left supro-no-padding-right&#8220;][vc_column][vc_column_text css=&#8220;.vc_custom_1729797872336{margin-bottom: 0px !important;}&#8220;]<\/p>\n<div class=\"about-us heading\">\n<div class=\"heading-content\">\n<h2>Hey!<\/h2>\n<p><strong>Wir sind Paradox!<\/strong> Wir entwickeln <strong>hochleistungsf\u00e4hige Sitze<\/strong>, um Ihnen zu helfen, Ihr <strong>Potenzial<\/strong> in Arbeit und Spiel zu <strong>maximieren<\/strong>. Unsere Designs verbinden <strong>ergonomische<\/strong> <strong>Unterst\u00fctzung<\/strong>, <strong>premium<\/strong> <strong>Qualit\u00e4t<\/strong> und <strong>inspirierende<\/strong> <strong>\u00c4sthetik<\/strong>, um jeden Raum aufzuwerten.<\/p>\n<\/div>\n<p><img decoding=\"async\" src=\"https:\/\/paradox24.com\/wp-content\/uploads\/2024\/10\/3-razem_01-1.png\" alt=\"Hintergrundbild\" \/><\/p>\n<\/div>\n<p>[\/vc_column_text][vc_column_text css=&#8220;.vc_custom_1729798099020{margin-bottom: 0px !important;background-color: #222222 !important;}&#8220; el_class=&#8220;.about-us .info .info&#8211;white&#8220;]<\/p>\n<h2>Wer wir sind.<\/h2>\n<p>Bei Paradox Gaming sind wir eine <strong>Gruppe leidenschaftlicher Unternehmer<\/strong> mit insgesamt <strong>250 Jahren<\/strong> Erfahrung in verschiedenen Branchen. Unsere vielf\u00e4ltigen Hintergr\u00fcnde in <strong>Produktentwicklung<\/strong>, <strong>Design<\/strong>, <strong>E-Commerce<\/strong>, Beratung, Werbung, Gastgewerbe, Events, st\u00e4dtischer Architektur, Kosmetik und Konsumg\u00fctern haben uns eine einzigartige Perspektive auf Produktdesign und Kundenbed\u00fcrfnisse gegeben.[\/vc_column_text][vc_column_text css=&#8220;.vc_custom_1729798671318{margin-bottom: 0px !important;background-color: #ffffff !important;}&#8220; el_class=&#8220;.about-us .info&#8220;]<\/p>\n<h3>Lernen Sie das Gr\u00fcnderteam kennen:<\/h3>\n<div class=\"founder\">\n<div class=\"founder-image\"><img loading=\"lazy\" decoding=\"async\" src=\"https:\/\/paradox24.com\/wp-content\/uploads\/2024\/10\/IMG_9627-BW-1.png\" alt=\"Przemek Kowalewski\" width=\"400\" height=\"400\" \/><\/div>\n<div class=\"founder-content\">\n<p><strong>Przemek Kowalewski, CEO<\/strong><\/p>\n<p>Der strategische Vision\u00e4r und E-Commerce-Innovator. Przemek, ehemaliger Manager bei Westwing (E-Commerce f\u00fcr Heim und Dekor), bringt Expertise in Produktentwicklung, Beschaffung und Fertigung sowie E-Commerce und digitales Marketing mit. Ehemaliger McKinsey-Berater mit einem scharfen Blick f\u00fcr Gesch\u00e4ftsstrategie und -betrieb.<\/p>\n<\/div>\n<\/div>\n<div class=\"founder\">\n<div class=\"founder-image\"><img loading=\"lazy\" decoding=\"async\" src=\"https:\/\/paradox24.com\/wp-content\/uploads\/2024\/10\/IMG_9627-BW-1-2.png\" alt=\"Pawe\u0142 Miklaszewski\" width=\"400\" height=\"400\" \/><\/div>\n<div class=\"founder-content\">\n<p><strong>Pawe\u0142 Miklaszewski, Chief Creative Officer<\/strong><\/p>\n<p>Die kreative Kraft bei Paradox. Pawe\u0142 ist auch der Gr\u00fcnder der preisgekr\u00f6nten 360-Agentur &#8222;Walk Group&#8220; und des Design-Boutique &#8222;Walk with David&#8220;, und bringt eine F\u00fclle an Design- und kreativer Expertise zu Paradox. Seine beeindruckende Sammlung von Auszeichnungen, einschlie\u00dflich eines Cannes Lion, mehrerer KTR-Awards, Effies und vielen mehr, zeugt von seinem kundenorientierten Ansatz.<\/p>\n<\/div>\n<\/div>\n<h3>Unser Chief Designer:<\/h3>\n<div class=\"founder\">\n<div class=\"founder-image\"><img loading=\"lazy\" decoding=\"async\" src=\"https:\/\/paradox24.com\/wp-content\/uploads\/2024\/10\/IMG_9627-BW-1-1.png\" alt=\"David Racchi\" width=\"400\" height=\"400\" \/><\/div>\n<div class=\"founder-content\">\n<p><strong>David Racchi, Chief Designer<\/strong><\/p>\n<p>David, ein Australier mit globaler Perspektive, bringt internationalen Flair in seine Arbeit, geformt durch Erfahrungen in Melbourne, Spanien und Argentinien. Seine Designs umfassen Produktdesign, Verpackungsdesign, Branding, Werbung und mehr, wobei jedes St\u00fcck seinen einzigartigen Ansatz widerspiegelt, Einfachheit mit Storytelling zu verbinden. Sein Talent wurde auf globaler B\u00fchne anerkannt, einschlie\u00dflich eines prestigetr\u00e4chtigen Gold Cannes Lion.<\/p>\n<\/div>\n<\/div>\n<p>[\/vc_column_text][vc_column_text css=&#8220;.vc_custom_1729542358975{margin-bottom: 0px !important;background-color: #222222 !important;}&#8220; el_class=&#8220;.about-us .info .info&#8211;white&#8220;]<\/p>\n<h2>Unsere Geschichte.<\/h2>\n<p>Die Geburt von Paradox Gaming war kein Hollywood-Thriller, aber wir denken, es ist eine Geschichte, die es wert ist, erz\u00e4hlt zu werden.<\/p>\n<p>Es begann alles mit einer einfachen Suche: dem perfekten B\u00fcrostuhl zu finden.<br \/>\nW\u00e4hrend wir suchten, erkannten wir, dass der Markt zwei unbefriedigende Extreme bot \u2013 formelle, nicht-ergonomische St\u00fchle<br \/>\noder Gaming-St\u00fchle mit unattraktiven Designs. Diese L\u00fccke im Markt weckte eine Idee.<\/p>\n<p>Unsere Liebe zum Design und zur Schaffung physischer Produkte befeuerte unsere Leidenschaft. Dann, im Sommer 2022,<br \/>\nbot sich eine Gelegenheit. Wir \u00fcbernahmen ein Unternehmen mit einer kleinen Gesch\u00e4ftseinheit, die unmarkierte Gaming-St\u00fchle verkaufte. Diese \u00dcbernahme war der Katalysator, den wir brauchten.<\/p>\n<p>Wir entschieden uns, das Produktportfolio komplett zu \u00fcberarbeiten und eine Marke zu schaffen, die das Konzept von Gaming-St\u00fchlen revolutionieren w\u00fcrde. Und einfach so wurde Paradox geboren.<\/p>\n<p>Seit unserer Gr\u00fcndung im Jahr 2022 haben wir uns vollst\u00e4ndig der Perfektionierung der Paradox-Erfahrung gewidmet!<br \/>\nWir haben \u00fcber 200 einzigartige Stuhl-Designs und \u00fcber 30 Prototypen erstellt, sind \u00fcber drei Kontinente gereist,<br \/>\num 10+ Fertigungsst\u00e4tten zu besuchen und haben mit Hunderten von Nutzern gesprochen.<\/p>\n<p class=\"motto\"><strong>Aber am wichtigsten ist, wir haben St\u00fchle geschaffen, die wir lieben und jeden Tag benutzen.<\/strong><\/p>\n<p>[\/vc_column_text][vc_column_text css=&#8220;.vc_custom_1729542370996{margin-bottom: 0px !important;background-color: #e3e3e3 !important;}&#8220; el_class=&#8220;.about-us .info&#8220;]<\/p>\n<h2>Unsere Philosophie.<\/h2>\n<p>Erinnern Sie sich, als Sneakers nur zum Laufen da waren? Dann kam Nike und sagte: &#8222;Hey, Sie k\u00f6nnen diese Schuhe jeden Tag tragen! Sie sind stilvoll, bequem und langlebig.&#8220;<\/p>\n<p>Wir verfolgen einen \u00e4hnlichen Ansatz bei Gaming-St\u00fchlen. Wir glauben, dass ein gro\u00dfartiger Stuhl f\u00fcr Arbeit und Spiel mehr als nur funktional sein sollte. Er sollte sein:<\/p>\n<ul>\n<li>Ergonomisch und bequem f\u00fcr lange Sitzphasen<\/li>\n<li>Ein Statement-St\u00fcck mit au\u00dfergew\u00f6hnlichem Design<\/li>\n<li>Langlebig und hochwertig, um der Zeit standzuhalten<\/li>\n<\/ul>\n<p class=\"motto\"><strong>Bei Paradox fordern wir die Vorstellung heraus, dass Gaming-St\u00fchle nur f\u00fcr Gamer sind. Wir schaffen St\u00fchle, die Ihren Lebensstil unterst\u00fctzen, ob Sie virtuelle Welten erobern oder Ihren Arbeitstag meistern.<\/strong><\/p>\n<p>[\/vc_column_text][vc_column_text css=&#8220;.vc_custom_1729541822753{margin-bottom: 0px !important;background-color: #ffffff !important;}&#8220; el_class=&#8220;.about-us .info&#8220;]<\/p>\n<h2>Unsere Mission.<\/h2>\n<p>Unsere Mission ist einfach, aber ambitioniert:<\/p>\n<ol>\n<li>Ihnen einen ergonomischen, hochwertigen Stuhl mit au\u00dfergew\u00f6hnlichem Design anzubieten.<\/li>\n<li>Sie w\u00e4hrend langer Sitzstunden zu unterst\u00fctzen und Ihre Leistung zu verbessern.<\/li>\n<li>Ihnen Freude zu bereiten, jedes Mal, wenn Sie Ihren Stuhl betrachten.<\/li>\n<li>Produkte zu schaffen, die der Zeit standhalten.<\/li>\n<\/ol>\n<p><strong>Aber es geht nicht nur um das Endprodukt. Wir sind verpflichtet, Spa\u00df w\u00e4hrend des gesamten Prozesses zu haben \u2013 von Design und Fertigung bis zur Lieferung. Wir glauben, dass, wenn wir genie\u00dfen, was wir tun, sich das in der Qualit\u00e4t unserer Produkte und der Zufriedenheit unserer Kunden widerspiegelt.<\/strong>[\/vc_column_text][vc_column_text css=&#8220;.vc_custom_1729542376551{margin-bottom: 0px !important;background-color: #e3e3e3 !important;}&#8220; el_class=&#8220;.about-us .info&#8220;]<\/p>\n<h2>Unsere Werte.<\/h2>\n<p>Im Kern von Paradox Gaming stehen unsere leitenden Prinzipien:<\/p>\n<ol>\n<li><strong>Innovation<\/strong>: Wir schieben st\u00e4ndig die Grenzen von Stuhl-Design und Funktionalit\u00e4t.<\/li>\n<li><strong>Qualit\u00e4t<\/strong>: Wir kompromittieren nie bei Materialien oder Handwerkskunst unserer Produkte.<\/li>\n<li><strong>Kundenzufriedenheit<\/strong>: Ihr Komfort und Gl\u00fcck sind unsere obersten Priorit\u00e4ten.<\/li>\n<li><strong>Nachhaltigkeit<\/strong>: Wir sind verpflichtet zu umweltverantwortlichen Fertigungspraktiken.<\/li>\n<li><strong>Transparenz<\/strong>: Wir glauben an offene Kommunikation mit unseren Kunden und Partnern.<\/li>\n<\/ol>\n<p class=\"motto\"><strong>Diese Werte leiten jede Entscheidung, die wir treffen, von Designentscheidungen bis zu Kundenservice-Praktiken.<\/strong><\/p>\n<p>[\/vc_column_text][vc_column_text css=&#8220;.vc_custom_1729544085070{margin-bottom: 0px !important;background-color: #ffffff !important;}&#8220; el_class=&#8220;.about-us .info&#8220;]<\/p>\n<h3>Teil der eco24 Group.<\/h3>\n<p>Als Teil der eco24 Group profitiert Paradox von einer breiteren Mission: innovative, nachhaltige und designorientierte Produkte in einer Reihe von Branchen zu schaffen.[\/vc_column_text][vc_column_text css=&#8220;.vc_custom_1729542300549{margin-bottom: 0px !important;background-color: #bf403a !important;}&#8220; el_class=&#8220;.about-us .info .info&#8211;center .info&#8211;white&#8220;]<\/p>\n<h2>Schlie\u00dfen Sie sich der Paradox-Revolution an.<\/h2>\n<p>Bereit, die perfekte Mischung aus Stil, Komfort und Funktionalit\u00e4t zu erleben?<br \/>\nErkunden Sie unser Angebot an Paradox Gaming-St\u00fchlen und finden Sie den, der zu Ihnen spricht.<\/p>\n<p>Haben Sie Fragen oder brauchen Sie Unterst\u00fctzung? Unser Team ist immer da, um zu helfen.<br \/>\nKontaktieren Sie uns heute und lassen Sie uns ein Gespr\u00e4ch \u00fcber Ihren perfekten Stuhl beginnen<br \/>\nunter <a href=\"mailto:hello@paradox24.com\">hello@paradox24.com<\/a><\/p>\n<p class=\"motto\"><strong>Willkommen bei Paradox \u2013 wo Komfort auf Stil trifft und Funktion auf Form!<\/strong><\/p>\n<p>[\/vc_column_text][\/vc_column][\/vc_row]<\/p>\n<\/div>","protected":false},"excerpt":{"rendered":"<p>[vc_row full_width=&#8220;stretch_row_content_no_spaces&#8220; el_class=&#8220;supro-no-padding-left supro-no-padding-right&#8220;][vc_column][vc_column_text css=&#8220;.vc_custom_1729797872336{margin-bottom: 0px !important;}&#8220;] Hey! Wir sind Paradox! Wir entwickeln hochleistungsf\u00e4hige Sitze, um Ihnen zu helfen, Ihr Potenzial in Arbeit und Spiel zu maximieren. Unsere Designs verbinden ergonomische Unterst\u00fctzung, premium Qualit\u00e4t und inspirierende \u00c4sthetik, um jeden Raum aufzuwerten. [\/vc_column_text][vc_column_text css=&#8220;.vc_custom_1729798099020{margin-bottom: 0px !important;background-color: #222222 !important;}&#8220; el_class=&#8220;.about-us .info .info&#8211;white&#8220;] Wer wir sind. Bei Paradox [&hellip;]<\/p>\n","protected":false},"author":2,"featured_media":0,"parent":0,"menu_order":0,"comment_status":"closed","ping_status":"closed","template":"template-fullwidth.php","meta":{"footnotes":""},"class_list":["post-3585","page","type-page","status-publish","hentry","no-thumb"],"_links":{"self":[{"href":"https:\/\/paradox24.com\/de\/wp-json\/wp\/v2\/pages\/3585","targetHints":{"allow":["GET"]}}],"collection":[{"href":"https:\/\/paradox24.com\/de\/wp-json\/wp\/v2\/pages"}],"about":[{"href":"https:\/\/paradox24.com\/de\/wp-json\/wp\/v2\/types\/page"}],"author":[{"embeddable":true,"href":"https:\/\/paradox24.com\/de\/wp-json\/wp\/v2\/users\/2"}],"replies":[{"embeddable":true,"href":"https:\/\/paradox24.com\/de\/wp-json\/wp\/v2\/comments?post=3585"}],"version-history":[{"count":1,"href":"https:\/\/paradox24.com\/de\/wp-json\/wp\/v2\/pages\/3585\/revisions"}],"predecessor-version":[{"id":30745,"href":"https:\/\/paradox24.com\/de\/wp-json\/wp\/v2\/pages\/3585\/revisions\/30745"}],"wp:attachment":[{"href":"https:\/\/paradox24.com\/de\/wp-json\/wp\/v2\/media?parent=3585"}],"curies":[{"name":"wp","href":"https:\/\/api.w.org\/{rel}","templated":true}]}}