{"id":3344,"date":"2024-07-25T08:58:12","date_gmt":"2024-07-25T07:58:12","guid":{"rendered":"https:\/\/paradox24.com\/erstattungspolitik\/"},"modified":"2026-01-12T21:39:55","modified_gmt":"2026-01-12T20:39:55","slug":"erstattungspolitik","status":"publish","type":"page","link":"https:\/\/paradox24.com\/de\/erstattungspolitik\/","title":{"rendered":"Erstattungspolitik"},"content":{"rendered":"<div class=\"wpb-content-wrapper\"><p>[vc_row][vc_column][vc_column_text css=&#8220;&#8220;]<\/p>\n<p>Wir haben eine 100-t\u00e4gige R\u00fcckgaberecht, was bedeutet, dass Sie 100 Tage nach Erhalt der Ware eine R\u00fcckgabe beantragen k\u00f6nnen.<\/p>\n<p>Um die R\u00fccksendung zu veranlassen, k\u00f6nnen Sie uns unter folgender Adresse kontaktieren <a href=\"mailto:hello@paradox24.com\">hello@paradox24.com<\/a>. Bitte beachten Sie, dass R\u00fccksendungen an folgende Adresse zu senden sind: Omnipack Fulfillment Center, Halle DC04 Rampe 55, Aleja Katowicka 66, 05-830 Nadarzyn, Polen<\/p>\n<p>Artikel, die ohne vorherige R\u00fccksendunganfrage an uns zur\u00fcckgeschickt werden, werden nicht angenommen.<\/p>\n<p>F\u00fcr jegliche Fragen bez\u00fcglich R\u00fccksendungen k\u00f6nnen Sie uns jederzeit unter <a href=\"mailto:hello@paradox24.com\">hello@paradox24.com<\/a> kontaktieren.<\/p>\n<p><strong>Schade en problemen<\/strong><br \/>Controleer uw bestelling bij ontvangst en neem onmiddellijk contact met ons op als het artikel defect of beschadigd is, of als u het verkeerde artikel heeft ontvangen, zodat we het probleem kunnen beoordelen en oplossen.<\/p>\n<p><strong>Uitzonderingen \/ niet-retourneerbare artikelen<\/strong><br \/>Bestimmte Arten von Artikeln k\u00f6nnen nicht zur\u00fcckgegeben werden, wie verderbliche Waren (z. B. Lebensmittel, Blumen oder Pflanzen), Sonderanfertigungen (z. B. Sonderbestellungen oder personalisierte Artikel) und K\u00f6rperpflegeprodukte (z. B. Sch\u00f6nheitsprodukte). Wir akzeptieren auch keine R\u00fccksendungen von Gefahrstoffen, brennbaren Fl\u00fcssigkeiten oder Gasen. Bitte kontaktieren Sie uns, wenn Sie Fragen oder Bedenken zu Ihrem spezifischen Artikel haben.<\/p>\n<p><strong>B\u00f6rsen<\/strong><br \/>Der schnellste Weg, um sicherzustellen, dass Sie das Gew\u00fcnschte erhalten, ist, den Artikel zur\u00fcckzusenden und nach Annahme der R\u00fccksendung einen separaten Kauf f\u00fcr den neuen Artikel zu t\u00e4tigen.<\/p>\n<p><strong>14-t\u00e4gige Widerrufsfrist in der Europ\u00e4ischen Union<\/strong><br \/>Ungeachtet des Vorstehenden haben Sie bei Versand der Ware in die Europ\u00e4ische Union das Recht, Ihre Bestellung innerhalb von 14 Tagen ohne Angabe von Gr\u00fcnden zu widerrufen oder zur\u00fcckzusenden.<\/p>\n<p>[\/vc_column_text][\/vc_column][\/vc_row]<\/p>\n<\/div>","protected":false},"excerpt":{"rendered":"<p>[vc_row][vc_column][vc_column_text css=&#8220;&#8220;] Wir haben eine 100-t\u00e4gige R\u00fcckgaberecht, was bedeutet, dass Sie 100 Tage nach Erhalt der Ware eine R\u00fcckgabe beantragen k\u00f6nnen. Um die R\u00fccksendung zu veranlassen, k\u00f6nnen Sie uns unter folgender Adresse kontaktieren hello@paradox24.com. Bitte beachten Sie, dass R\u00fccksendungen an folgende Adresse zu senden sind: Omnipack Fulfillment Center, Halle DC04 Rampe 55, Aleja Katowicka 66, [&hellip;]<\/p>\n","protected":false},"author":2,"featured_media":0,"parent":0,"menu_order":0,"comment_status":"closed","ping_status":"closed","template":"","meta":{"footnotes":""},"class_list":["post-3344","page","type-page","status-publish","hentry","no-thumb"],"_links":{"self":[{"href":"https:\/\/paradox24.com\/de\/wp-json\/wp\/v2\/pages\/3344","targetHints":{"allow":["GET"]}}],"collection":[{"href":"https:\/\/paradox24.com\/de\/wp-json\/wp\/v2\/pages"}],"about":[{"href":"https:\/\/paradox24.com\/de\/wp-json\/wp\/v2\/types\/page"}],"author":[{"embeddable":true,"href":"https:\/\/paradox24.com\/de\/wp-json\/wp\/v2\/users\/2"}],"replies":[{"embeddable":true,"href":"https:\/\/paradox24.com\/de\/wp-json\/wp\/v2\/comments?post=3344"}],"version-history":[{"count":6,"href":"https:\/\/paradox24.com\/de\/wp-json\/wp\/v2\/pages\/3344\/revisions"}],"predecessor-version":[{"id":26988,"href":"https:\/\/paradox24.com\/de\/wp-json\/wp\/v2\/pages\/3344\/revisions\/26988"}],"wp:attachment":[{"href":"https:\/\/paradox24.com\/de\/wp-json\/wp\/v2\/media?parent=3344"}],"curies":[{"name":"wp","href":"https:\/\/api.w.org\/{rel}","templated":true}]}}