{"id":13282,"date":"2025-02-04T23:41:39","date_gmt":"2025-02-04T22:41:39","guid":{"rendered":"https:\/\/paradox24.com\/paradox-testimonials\/"},"modified":"2026-02-23T23:05:00","modified_gmt":"2026-02-23T22:05:00","slug":"paradox-bewertungen","status":"publish","type":"page","link":"https:\/\/paradox24.com\/de\/paradox-bewertungen\/","title":{"rendered":"Erfahrungsberichte"},"content":{"rendered":"<div class=\"wpb-content-wrapper\"><p>[vc_row full_width=&#8220;stretch_row_content_no_spaces&#8220; el_class=&#8220;supro-container&#8220;][vc_column][vc_raw_html css=&#8220;&#8220;]PGRpdiBjbGFzcz0iaGV5LXBhcmFkb3giPgo8aDE+PHNwYW4+QXV0aGVudGlzY2hlIEVyZmFocnVuZ3NiZXJpY2h0ZSB2b24gcmVhbGVuIE51dHplcm48L3NwYW4+PC9oMT4KCjxwPldhcnVtIEdhbWVyIHVuZCBQcm9maXMgUGFyYWRveCBhbHMgaWhyZW4gdWx0aW1hdGl2ZW4gU2l0eiB3w6RobGVuPzwvcD4KPC9kaXY+[\/vc_raw_html][\/vc_column][\/vc_row][vc_row full_width=&#8220;stretch_row_content_no_spaces&#8220; el_class=&#8220;supro-container&#8220;][vc_column width=&#8220;1\/2&#8243;][vc_raw_html css=&#8220;&#8220;]PGRpdiBjbGFzcz0idGVzdGltb250aWFsIj4KICAgIDxkaXYgY2xhc3M9InRlc3RpbW9udGlhbF9fcGVyc29uIj4KICAgICAgICA8ZGl2IGNsYXNzPSJ0ZXN0aW1vbnRpYWxfX2F2YXRhciI+CiAgICAgICAgICAgIDxpbWcgc3JjPSJodHRwczovL3BhcmFkb3gyNC5jb20vd3AtY29udGVudC91cGxvYWRzLzIwMjUvMDIvZmFjZV8xLnBuZyI+CiAgICAgICAgPC9kaXY+CgogICAgICAgIDxkaXYgY2xhc3M9InRlc3RpbW9udGlhbF9fZGF0YSI+CiAgICAgICAgICAgIDxoND5NaWNoYWwgS2F6aW1pZXJjemFrPC9oND4KICAgICAgICAgICAgPHA+R2VzY2jDpGZ0c2bDvGhyZXIsIEhlYXJ0IGFuZCBCcmFpbiBXZXJiZWFnZW50dXI8L3A+CiAgICAgICAgICAgIDxkaXYgY2xhc3M9InRlc3RpbW9udGlhbF9fbGlua3MiPgogICAgICAgICAgICAgICAgICAgICAgICAgICAgICAgIDxhIGhyZWY9Imh0dHBzOi8vd3d3LmxpbmtlZGluLmNvbS9pbi9taWNoYWxrYXppbWllcmN6YWsvIiByZWw9Im5vZm9sbG93IG5vcmVmZXJyZXIgbm9vcGVuZXIiPjxpbWcgc3JjPSIvd3AtY29udGVudC91cGxvYWRzLzIwMjUvMDIvc29jaWFsX2xpbmtlZGluLnN2ZyI+PC9hPgogICAgICAgICAgICA8L2Rpdj4KICAgICAgICAgICAgPGRpdiBjbGFzcz0idGVzdGltb250aWFsX19zdGFycyI+CiAgICAgICAgICAgICAgICA8aW1nIHNyYz0iL3dwLWNvbnRlbnQvdXBsb2Fkcy8yMDI1LzAyL3Rlc3RpbW9udGlhbF9zdGFyLnN2ZyI+CiAgICAgICAgICAgICAgICAgICAgICAgICAgICAgICAgPGltZyBzcmM9Ii93cC1jb250ZW50L3VwbG9hZHMvMjAyNS8wMi90ZXN0aW1vbnRpYWxfc3Rhci5zdmciPgogICAgICAgICAgICAgICAgICAgICAgICAgICAgICAgICAgICAgICAgICAgICAgICA8aW1nIHNyYz0iL3dwLWNvbnRlbnQvdXBsb2Fkcy8yMDI1LzAyL3Rlc3RpbW9udGlhbF9zdGFyLnN2ZyI+CiAgICAgICAgICAgICAgICAgICAgICAgICAgICAgICAgICAgICAgICAgICAgICAgICAgICAgICAgICAgICAgICA8aW1nIHNyYz0iL3dwLWNvbnRlbnQvdXBsb2Fkcy8yMDI1LzAyL3Rlc3RpbW9udGlhbF9zdGFyLnN2ZyI+CiAgICAgICAgICAgICAgICAgICAgICAgICAgICAgICAgICAgICAgICAgICAgICAgICAgICAgICAgICAgICAgICAgICAgICAgICAgICAgICAgPGltZyBzcmM9Ii93cC1jb250ZW50L3VwbG9hZHMvMjAyNS8wMi90ZXN0aW1vbnRpYWxfc3Rhci5zdmciPgogICAgICAgICAgICA8L2Rpdj4KICAgICAgICA8L2Rpdj4KICAgIDwvZGl2PgogICAgPGRpdiBjbGFzcz0idGVzdGltb250aWFsX19jb250ZW50Ij4KQWxzIGplbWFuZCwgZGVyIGd1dGVzIERlc2lnbiB6dSBzY2jDpHR6ZW4gd2Vpw58sIGhhdCBtaWNoIGRpZSDDhHN0aGV0aWsgdm9uIFBhcmFkb3ggc29mb3J0IGFuZ2VzcHJvY2hlbi4gRGVyIFN0dWhsIGbDvGd0IHNpY2ggbmFodGxvcyBpbiBtZWluIELDvHJvIGVpbiB1bmQgYmlldGV0IGRhYmVpIGF1w59lcmdld8O2aG5saWNoZW4gS29tZm9ydC4gRXMgaXN0IHdpcmtsaWNoIGVyZnJpc2NoZW5kLCBlaW5lbiBHYW1pbmctU3R1aGwgenUgc2VoZW4sIGRlciB3ZWRlciBiZWltIFN0aWwgbm9jaCBiZWkgZGVyIFByb2Zlc3Npb25hbGl0w6R0IEtvbXByb21pc3NlIGVpbmdlaHQuICAKICAgIDwvZGl2Pgo8L2Rpdj4=[\/vc_raw_html][\/vc_column][vc_column width=&#8220;1\/2&#8243;][vc_raw_html css=&#8220;&#8220;]PGRpdiBjbGFzcz0idGVzdGltb250aWFsIj4KICAgIDxkaXYgY2xhc3M9InRlc3RpbW9udGlhbF9fcGVyc29uIj4KICAgICAgICA8ZGl2IGNsYXNzPSJ0ZXN0aW1vbnRpYWxfX2F2YXRhciI+CiAgICAgICAgICAgIDxpbWcgc3JjPSJodHRwczovL3BhcmFkb3gyNC5jb20vd3AtY29udGVudC91cGxvYWRzLzIwMjUvMDIvZmFjZV8yLnBuZyI+CiAgICAgICAgPC9kaXY+CgogICAgICAgIDxkaXYgY2xhc3M9InRlc3RpbW9udGlhbF9fZGF0YSI+CiAgICAgICAgICAgIDxoND5QcnplbXlzxYJhdyBHb8WCb8WbPC9oND4KICAgICAgICAgICAgPHA+Q29udGVudCBDcmVhdG9yIGJlaSBMYXRhasSFY3kgVGF0YSAmYW1wOyBGQUktV2VsdHJla29yZGhhbHRlcjwvcD4KICAgICAgICAgICAgPGRpdiBjbGFzcz0idGVzdGltb250aWFsX19saW5rcyI+CiAgICAgICAgICAgICAgICAgICAgICAgICAgICAgICAgICAgICAgICAgICAgICAgICAgICAgICAgICAgICAgICA8YSBocmVmPSJodHRwczovL3d3dy5mYWNlYm9vay5jb20vd3d3LnBvbGF0YWpteS5pbmZvIiByZWw9Im5vZm9sbG93IG5vcmVmZXJyZXIgbm9vcGVuZXIiPjxpbWcgc3JjPSIvd3AtY29udGVudC91cGxvYWRzLzIwMjUvMDIvc29jaWFsX2ZhY2Vib29rLnN2ZyI+PC9hPgogICAgICAgICAgICAgICAgICAgICAgICAgICAgICAgIDxhIGhyZWY9Imh0dHBzOi8vd3d3Lmluc3RhZ3JhbS5jb20vbGF0YWphY3l0YXRhIiByZWw9Im5vZm9sbG93IG5vcmVmZXJyZXIgbm9vcGVuZXIiPjxpbWcgc3JjPSIvd3AtY29udGVudC91cGxvYWRzLzIwMjUvMDIvc29jaWFsX2luc3RhLnN2ZyI+PC9hPiAKICAgICAgICAgICAgICAgICAgICAgICAgICAgICAgICAKICAgICAgICAgICAgPC9kaXY+CiAgICAgICAgICAgIDxkaXYgY2xhc3M9InRlc3RpbW9udGlhbF9fc3RhcnMiPgogICAgICAgICAgICAgICAgPGltZyBzcmM9Ii93cC1jb250ZW50L3VwbG9hZHMvMjAyNS8wMi90ZXN0aW1vbnRpYWxfc3Rhci5zdmciPgogICAgICAgICAgICAgICAgICAgICAgICAgICAgICAgIDxpbWcgc3JjPSIvd3AtY29udGVudC91cGxvYWRzLzIwMjUvMDIvdGVzdGltb250aWFsX3N0YXIuc3ZnIj4KICAgICAgICAgICAgICAgICAgICAgICAgICAgICAgICAgICAgICAgICAgICAgICAgPGltZyBzcmM9Ii93cC1jb250ZW50L3VwbG9hZHMvMjAyNS8wMi90ZXN0aW1vbnRpYWxfc3Rhci5zdmciPgogICAgICAgICAgICAgICAgICAgICAgICAgICAgICAgICAgICAgICAgICAgICAgICAgICAgICAgICAgICAgICAgPGltZyBzcmM9Ii93cC1jb250ZW50L3VwbG9hZHMvMjAyNS8wMi90ZXN0aW1vbnRpYWxfc3Rhci5zdmciPgogICAgICAgICAgICAgICAgICAgICAgICAgICAgICAgICAgICAgICAgICAgICAgICAgICAgICAgICAgICAgICAgICAgICAgICAgICAgICAgIDxpbWcgc3JjPSIvd3AtY29udGVudC91cGxvYWRzLzIwMjUvMDIvdGVzdGltb250aWFsX3N0YXIuc3ZnIj4KICAgICAgICAgICAgPC9kaXY+CiAgICAgICAgPC9kaXY+CiAgICA8L2Rpdj4KICAgIDxkaXYgY2xhc3M9InRlc3RpbW9udGlhbF9fY29udGVudCI+Clp3aXNjaGVuIFRyYWluaW5nc2VpbmhlaXRlbiwgV2V0dGvDpG1wZmVuIHVuZCBkZXIgUGxhbnVuZyBtZWluZXIgbsOkY2hzdGVuIEZsw7xnZSB2ZXJicmluZ2UgaWNoIHZpZWxlIFN0dW5kZW4gYW4gbWVpbmVtIFNjaHJlaWJ0aXNjaC4gRGllIExlaXN0dW5nIG1laW5lcyBQYXJhZG94LVN0dWhscyBpc3QgYmVlaW5kcnVja2VuZCDigJMgZGllIGVyZ29ub21pc2NoZSBVbnRlcnN0w7x0enVuZyB1bmQgRmxleGliaWxpdMOkdCBzb3JnZW4gZsO8ciBLb21mb3J0IHVuZCBLb256ZW50cmF0aW9uLCBlZ2FsIG9iIGljaCBXZXR0ZXJiZWRpbmd1bmdlbiBhbmFseXNpZXJlLCBGbHVnc3RyYXRlZ2llbiBhdXNhcmJlaXRlIG9kZXIgYmlzIHNww6R0IGluIGRpZSBOYWNodCBhbSBGbHVnc2ltdWxhdG9yIMO8YmUuIAogICAgPC9kaXY+CjwvZGl2Pg==[\/vc_raw_html][\/vc_column][\/vc_row][vc_row full_width=&#8220;stretch_row_content_no_spaces&#8220; el_class=&#8220;supro-container&#8220;][vc_column width=&#8220;1\/2&#8243;][vc_raw_html css=&#8220;&#8220;]PGRpdiBjbGFzcz0idGVzdGltb250aWFsIj4KICAgIDxkaXYgY2xhc3M9InRlc3RpbW9udGlhbF9fcGVyc29uIj4KICAgICAgICA8ZGl2IGNsYXNzPSJ0ZXN0aW1vbnRpYWxfX2F2YXRhciI+CiAgICAgICAgICAgIDxpbWcgc3JjPSJodHRwczovL3BhcmFkb3gyNC5jb20vd3AtY29udGVudC91cGxvYWRzLzIwMjUvMDIvZmFjZV8zLnBuZyI+CiAgICAgICAgPC9kaXY+CgogICAgICAgIDxkaXYgY2xhc3M9InRlc3RpbW9udGlhbF9fZGF0YSI+CiAgICAgICAgICAgIDxoND5JdmFuIEthYmlzaGV2PC9oND4KICAgICAgICAgICAgPHA+RnVua3Rpb25hbC0gdW5kIEtldHRsZWJlbGwtVHJhaW5lciAvIFBlcnNvbmFsIFRyYWluZXIsIElLTUYgS2V0dGxlYmVsbCBIYWxibWFyYXRob24gTmF0aW9uYWxlciBNZWlzdGVyIDwvcD4KICAgICAgICAgICAgPGRpdiBjbGFzcz0idGVzdGltb250aWFsX19saW5rcyI+CiAgICAgICAgICAgICAgICAgPGEgaHJlZj0iaHR0cHM6Ly93d3cuaW5zdGFncmFtLmNvbS9rYWJpc2hldl92YW5pYS8\/aGw9cGwiIHJlbD0ibm9mb2xsb3cgbm9yZWZlcnJlciBub29wZW5lciI+PGltZyBzcmM9Ii93cC1jb250ZW50L3VwbG9hZHMvMjAyNS8wMi9zb2NpYWxfaW5zdGEuc3ZnIj48L2E+IAogICAgICAgICAgICAgICAgICAgICAgICAgICAgICAgIDxhIHJlbD0ibm9mb2xsb3cgbm9yZWZlcnJlciBub29wZW5lciIgaHJlZj0iaHR0cHM6Ly93d3cuZmFjZWJvb2suY29tL3Byb2ZpbGUucGhwP2lkPTEwMDAxMTQ0MTU4MTUzOCI+PGltZyBzcmM9Ii93cC1jb250ZW50L3VwbG9hZHMvMjAyNS8wMi9zb2NpYWxfZmFjZWJvb2suc3ZnIj48L2E+CiAgICAgICAgICAgIDwvZGl2PgogICAgICAgICAgICA8ZGl2IGNsYXNzPSJ0ZXN0aW1vbnRpYWxfX3N0YXJzIj4KICAgICAgICAgICAgICAgIDxpbWcgc3JjPSIvd3AtY29udGVudC91cGxvYWRzLzIwMjUvMDIvdGVzdGltb250aWFsX3N0YXIuc3ZnIj4KICAgICAgICAgICAgICAgICAgICAgICAgICAgICAgICA8aW1nIHNyYz0iL3dwLWNvbnRlbnQvdXBsb2Fkcy8yMDI1LzAyL3Rlc3RpbW9udGlhbF9zdGFyLnN2ZyI+CiAgICAgICAgICAgICAgICAgICAgICAgICAgICAgICAgICAgICAgICAgICAgICAgIDxpbWcgc3JjPSIvd3AtY29udGVudC91cGxvYWRzLzIwMjUvMDIvdGVzdGltb250aWFsX3N0YXIuc3ZnIj4KICAgICAgICAgICAgICAgICAgICAgICAgICAgICAgICAgICAgICAgICAgICAgICAgICAgICAgICAgICAgICAgIDxpbWcgc3JjPSIvd3AtY29udGVudC91cGxvYWRzLzIwMjUvMDIvdGVzdGltb250aWFsX3N0YXIuc3ZnIj4KICAgICAgICAgICAgICAgICAgICAgICAgICAgICAgICAgICAgICAgICAgICAgICAgICAgICAgICAgICAgICAgICAgICAgICAgICAgICAgICA8aW1nIHNyYz0iL3dwLWNvbnRlbnQvdXBsb2Fkcy8yMDI1LzAyL3Rlc3RpbW9udGlhbF9zdGFyLnN2ZyI+CiAgICAgICAgICAgIDwvZGl2PgogICAgICAgIDwvZGl2PgogICAgPC9kaXY+CiAgICA8ZGl2IGNsYXNzPSJ0ZXN0aW1vbnRpYWxfX2NvbnRlbnQiPgpBbHMgUGVyc29uYWwgVHJhaW5lciB3ZWnDnyBpY2gsIHdpZSB3aWNodGlnIGVpbmUga29ycmVrdGUgS8O2cnBlcmhhbHR1bmcgdW5kIFLDvGNrZW51bnRlcnN0w7x0enVuZyBzaW5kLiBEYXMgZXJnb25vbWlzY2hlIERlc2lnbiBkZXMgUGFyYWRveC1TdHVobHMgaXN0IGF1w59lcmdld8O2aG5saWNoIOKAkyBlcyBow6RsdCBkaWUgV2lyYmVsc8OkdWxlIGF1Y2ggYmVpIGxhbmdlbiBHYW1pbmctU2Vzc2lvbnMgb2RlciBBcmJlaXRzc3R1bmRlbiBpbiBwZXJmZWt0ZXIgQXVzcmljaHR1bmcuIEVuZGxpY2ggZWluIEdhbWluZy1TdHVobCwgZGVyIHdpcmtsaWNoIGRhcyBrw7ZycGVybGljaGUgV29obGJlZmluZGVuIGluIGRlbiBWb3JkZXJncnVuZCBzdGVsbHQuICAKICAgIDwvZGl2Pgo8L2Rpdj4=[\/vc_raw_html][\/vc_column][vc_column width=&#8220;1\/2&#8243;][vc_raw_html css=&#8220;&#8220;]PGRpdiBjbGFzcz0idGVzdGltb250aWFsIj4KICAgIDxkaXYgY2xhc3M9InRlc3RpbW9udGlhbF9fcGVyc29uIj4KICAgICAgICA8ZGl2IGNsYXNzPSJ0ZXN0aW1vbnRpYWxfX2F2YXRhciI+CiAgICAgICAgICAgIDxpbWcgc3JjPSJodHRwczovL3BhcmFkb3gyNC5jb20vd3AtY29udGVudC91cGxvYWRzLzIwMjUvMDIvZmFjZV80LnBuZyI+CiAgICAgICAgPC9kaXY+CgogICAgICAgIDxkaXYgY2xhc3M9InRlc3RpbW9udGlhbF9fZGF0YSI+CiAgICAgICAgICAgIDxoND5NaWtvxYJhaiBPdmNhcmljPC9oND4KICAgICAgICAgICAgPHA+SW5zdXJ0ZWNoLVVudGVybmVobWVyLCBHcsO8bmRlciB2b24gTW92Y2FyLmFwcDwvcD4KICAgICAgICAgICAgPGRpdiBjbGFzcz0idGVzdGltb250aWFsX19saW5rcyI+CiAgICAgICAgICAgICAgICAgICAgICAgICAgICAgICAgPGEgcmVsPSJub2ZvbGxvdyBub3JlZmVycmVyIG5vb3BlbmVyIiBocmVmPSJodHRwczovL3d3dy5saW5rZWRpbi5jb20vaW4vbWlrb2xham92Y2FyaWMvIj48aW1nIHNyYz0iL3dwLWNvbnRlbnQvdXBsb2Fkcy8yMDI1LzAyL3NvY2lhbF9saW5rZWRpbi5zdmciPjwvYT4KICAgICAgICAgICAgPC9kaXY+CiAgICAgICAgICAgIDxkaXYgY2xhc3M9InRlc3RpbW9udGlhbF9fc3RhcnMiPgogICAgICAgICAgICAgICAgPGltZyBzcmM9Ii93cC1jb250ZW50L3VwbG9hZHMvMjAyNS8wMi90ZXN0aW1vbnRpYWxfc3Rhci5zdmciPgogICAgICAgICAgICAgICAgICAgICAgICAgICAgICAgIDxpbWcgc3JjPSIvd3AtY29udGVudC91cGxvYWRzLzIwMjUvMDIvdGVzdGltb250aWFsX3N0YXIuc3ZnIj4KICAgICAgICAgICAgICAgICAgICAgICAgICAgICAgICAgICAgICAgICAgICAgICAgPGltZyBzcmM9Ii93cC1jb250ZW50L3VwbG9hZHMvMjAyNS8wMi90ZXN0aW1vbnRpYWxfc3Rhci5zdmciPgogICAgICAgICAgICAgICAgICAgICAgICAgICAgICAgICAgICAgICAgICAgICAgICAgICAgICAgICAgICAgICAgPGltZyBzcmM9Ii93cC1jb250ZW50L3VwbG9hZHMvMjAyNS8wMi90ZXN0aW1vbnRpYWxfc3Rhci5zdmciPgogICAgICAgICAgICAgICAgICAgICAgICAgICAgICAgICAgICAgICAgICAgICAgICAgICAgICAgICAgICAgICAgICAgICAgICAgICAgICAgIDxpbWcgc3JjPSIvd3AtY29udGVudC91cGxvYWRzLzIwMjUvMDIvdGVzdGltb250aWFsX3N0YXIuc3ZnIj4KICAgICAgICAgICAgPC9kaXY+CiAgICAgICAgPC9kaXY+CiAgICA8L2Rpdj4KICAgIDxkaXYgY2xhc3M9InRlc3RpbW9udGlhbF9fY29udGVudCI+CkRhIGljaCBzb3dvaGwgaW4gUG9sZW4gYWxzIGF1Y2ggaW4gUnVtw6RuaWVuIHTDpHRpZyBiaW4sIHZlcmJyaW5nZSBpY2ggdmllbGUgU3R1bmRlbiBhbiBtZWluZW0gU2NocmVpYnRpc2NoLiBEZXIgUGFyYWRveC1TdHVobCB2ZXJiaW5kZXQgS29tZm9ydCBtaXQgRWxlZ2FueiDigJMgcGVyZmVrdCBmw7xyIGludGVuc2l2ZSBBcmJlaXRzc2Vzc2lvbnMgdW5kIHByb2Zlc3Npb25lbGxlIFZpZGVva29uZmVyZW56ZW4uIERpZSBWZXJhcmJlaXR1bmdzcXVhbGl0w6R0IGlzdCBiZWVpbmRydWNrZW5kLCB1bmQgZGllIEVpbnN0ZWxsbcO2Z2xpY2hrZWl0ZW4gc2luZCBnZW5hdSBkYXMsIHdhcyBpY2ggYnJhdWNodGUuICAKICAgIDwvZGl2Pgo8L2Rpdj4=[\/vc_raw_html][\/vc_column][\/vc_row][vc_row full_width=&#8220;stretch_row_content_no_spaces&#8220; el_class=&#8220;supro-container&#8220;][vc_column width=&#8220;1\/2&#8243;][vc_raw_html css=&#8220;&#8220;]PGRpdiBjbGFzcz0idGVzdGltb250aWFsIj4KICAgIDxkaXYgY2xhc3M9InRlc3RpbW9udGlhbF9fcGVyc29uIj4KICAgICAgICA8ZGl2IGNsYXNzPSJ0ZXN0aW1vbnRpYWxfX2F2YXRhciI+CiAgICAgICAgICAgIDxpbWcgc3JjPSJodHRwczovL3BhcmFkb3gyNC5jb20vd3AtY29udGVudC91cGxvYWRzLzIwMjUvMDIvZmFjZV81LnBuZyI+CiAgICAgICAgPC9kaXY+CgogICAgICAgIDxkaXYgY2xhc3M9InRlc3RpbW9udGlhbF9fZGF0YSI+CiAgICAgICAgICAgIDxoND5Sb2JlcnQgWmllbWJhPC9oND4KICAgICAgICAgICAgPHA+RmluYW56ZGlyZWt0b3IsIFdhbGsgQ29tbXVuaWNhdGlvbiBBZ2VuY3k8L3A+CiAgICAgICAgICAgIDxkaXYgY2xhc3M9InRlc3RpbW9udGlhbF9fbGlua3MiPgogICAgICAgICAgICAgICAgICAgICAgICAgICAgICAgIDxhIHJlbD0ibm9mb2xsb3cgbm9yZWZlcnJlciBub29wZW5lciIgaHJlZj0iaHR0cHM6Ly93d3cubGlua2VkaW4uY29tL2luL3JvYmVydC16aWVtYmEtOTcwMzBhLyI+PGltZyBzcmM9Ii93cC1jb250ZW50L3VwbG9hZHMvMjAyNS8wMi9zb2NpYWxfbGlua2VkaW4uc3ZnIj48L2E+CiAgICAgICAgICAgIDwvZGl2PgogICAgICAgICAgICA8ZGl2IGNsYXNzPSJ0ZXN0aW1vbnRpYWxfX3N0YXJzIj4KICAgICAgICAgICAgICAgIDxpbWcgc3JjPSIvd3AtY29udGVudC91cGxvYWRzLzIwMjUvMDIvdGVzdGltb250aWFsX3N0YXIuc3ZnIj4KICAgICAgICAgICAgICAgICAgICAgICAgICAgICAgICA8aW1nIHNyYz0iL3dwLWNvbnRlbnQvdXBsb2Fkcy8yMDI1LzAyL3Rlc3RpbW9udGlhbF9zdGFyLnN2ZyI+CiAgICAgICAgICAgICAgICAgICAgICAgICAgICAgICAgICAgICAgICAgICAgICAgIDxpbWcgc3JjPSIvd3AtY29udGVudC91cGxvYWRzLzIwMjUvMDIvdGVzdGltb250aWFsX3N0YXIuc3ZnIj4KICAgICAgICAgICAgICAgICAgICAgICAgICAgICAgICAgICAgICAgICAgICAgICAgICAgICAgICAgICAgICAgIDxpbWcgc3JjPSIvd3AtY29udGVudC91cGxvYWRzLzIwMjUvMDIvdGVzdGltb250aWFsX3N0YXIuc3ZnIj4KICAgICAgICAgICAgICAgICAgICAgICAgICAgICAgICAgICAgICAgICAgICAgICAgICAgICAgICAgICAgICAgICAgICAgICAgICAgICAgICA8aW1nIHNyYz0iL3dwLWNvbnRlbnQvdXBsb2Fkcy8yMDI1LzAyL3Rlc3RpbW9udGlhbF9zdGFyLnN2ZyI+CiAgICAgICAgICAgIDwvZGl2PgogICAgICAgIDwvZGl2PgogICAgPC9kaXY+CiAgICA8ZGl2IGNsYXNzPSJ0ZXN0aW1vbnRpYWxfX2NvbnRlbnQiPgpJbSBGaW5hbnp3ZXNlbiBpc3QgTGllYmUgenVtIERldGFpbCBlbnRzY2hlaWRlbmQuIEljaCBzY2jDpHR6ZSwgd2llIFBhcmFkb3ggZGllc2UgR2VuYXVpZ2tlaXQgaW4gc2VpbmUgU3TDvGhsZSDDvGJlcnRyw6RndC4gRGllIGhvY2h3ZXJ0aWdlbiBNYXRlcmlhbGllbiB1bmQgZGFzIGR1cmNoZGFjaHRlIERlc2lnbiBtYWNoZW4gaWhuIHp1IGVpbmVyIGxvaG5lbmRlbiBBbnNjaGFmZnVuZy4gU293b2hsIG1laW5lIFNwaWVsZXJmYWhydW5nIGFscyBhdWNoIG1laW5lIEFyYmVpdHNwcm9kdWt0aXZpdMOkdCBoYWJlbiBzaWNoIGRhZHVyY2ggdmVyYmVzc2VydC4gICAKICAgIDwvZGl2Pgo8L2Rpdj4=[\/vc_raw_html][\/vc_column][vc_column width=&#8220;1\/2&#8243;][vc_raw_html css=&#8220;&#8220;]PGRpdiBjbGFzcz0idGVzdGltb250aWFsIj4KICAgIDxkaXYgY2xhc3M9InRlc3RpbW9udGlhbF9fcGVyc29uIj4KICAgICAgICA8ZGl2IGNsYXNzPSJ0ZXN0aW1vbnRpYWxfX2F2YXRhciI+CiAgICAgICAgICAgIDxpbWcgc3JjPSJodHRwczovL3BhcmFkb3gyNC5jb20vd3AtY29udGVudC91cGxvYWRzLzIwMjUvMDIvZmFjZV82LnBuZyI+CiAgICAgICAgPC9kaXY+CgogICAgICAgIDxkaXYgY2xhc3M9InRlc3RpbW9udGlhbF9fZGF0YSI+CiAgICAgICAgICAgIDxoND5XaWVzxYJhdyBNYWNoZXJ6ecWEc2tpPC9oND4KICAgICAgICAgICAgPHA+VW50ZXJuZWhtZXIsIE1pdGluaGFiZXIgdm9uIExhYkZhcm0gdW5kIEdyYW50U3BvdDwvcD4KICAgICAgICAgICAgPGRpdiBjbGFzcz0idGVzdGltb250aWFsX19saW5rcyI+CiAgICAgICAgICAgICAgICAgICAgICAgICAgICAgICAgPGEgcmVsPSJub2ZvbGxvdyBub3JlZmVycmVyIG5vb3BlbmVyIiBocmVmPSJodHRwczovL3d3dy5saW5rZWRpbi5jb20vaW4vd2llc2xhdy1tYWNoZXJ6eW5za2ktMTIwNzQ1YTQvIj48aW1nIHNyYz0iL3dwLWNvbnRlbnQvdXBsb2Fkcy8yMDI1LzAyL3NvY2lhbF9saW5rZWRpbi5zdmciPjwvYT4KICAgICAgICAgICAgPC9kaXY+CiAgICAgICAgICAgIDxkaXYgY2xhc3M9InRlc3RpbW9udGlhbF9fc3RhcnMiPgogICAgICAgICAgICAgICAgPGltZyBzcmM9Ii93cC1jb250ZW50L3VwbG9hZHMvMjAyNS8wMi90ZXN0aW1vbnRpYWxfc3Rhci5zdmciPgogICAgICAgICAgICAgICAgICAgICAgICAgICAgICAgIDxpbWcgc3JjPSIvd3AtY29udGVudC91cGxvYWRzLzIwMjUvMDIvdGVzdGltb250aWFsX3N0YXIuc3ZnIj4KICAgICAgICAgICAgICAgICAgICAgICAgICAgICAgICAgICAgICAgICAgICAgICAgPGltZyBzcmM9Ii93cC1jb250ZW50L3VwbG9hZHMvMjAyNS8wMi90ZXN0aW1vbnRpYWxfc3Rhci5zdmciPgogICAgICAgICAgICAgICAgICAgICAgICAgICAgICAgICAgICAgICAgICAgICAgICAgICAgICAgICAgICAgICAgPGltZyBzcmM9Ii93cC1jb250ZW50L3VwbG9hZHMvMjAyNS8wMi90ZXN0aW1vbnRpYWxfc3Rhci5zdmciPgogICAgICAgICAgICAgICAgICAgICAgICAgICAgICAgICAgICAgICAgICAgICAgICAgICAgICAgICAgICAgICAgICAgICAgICAgICAgICAgIDxpbWcgc3JjPSIvd3AtY29udGVudC91cGxvYWRzLzIwMjUvMDIvdGVzdGltb250aWFsX3N0YXIuc3ZnIj4KICAgICAgICAgICAgPC9kaXY+CiAgICAgICAgPC9kaXY+CiAgICA8L2Rpdj4KICAgIDxkaXYgY2xhc3M9InRlc3RpbW9udGlhbF9fY29udGVudCI+Ck1laHJlcmUgVW50ZXJuZWhtZW4genUgZsO8aHJlbiBiZWRldXRldCB1bnrDpGhsaWdlIFN0dW5kZW4gbWl0IHN0cmF0ZWdpc2NoZXIgUGxhbnVuZyB1bmQgdmlydHVlbGxlbiBNZWV0aW5ncy4gRGVyIFBhcmFkb3gtU3R1aGwgZmluZGV0IGRpZSBwZXJmZWt0ZSBCYWxhbmNlIHp3aXNjaGVuIHByb2Zlc3Npb25lbGxlciBPcHRpayB1bmQgYXXDn2VyZ2V3w7ZobmxpY2hlbSBLb21mb3J0IOKAkyBzZWluZSBmb3J0c2Nocml0dGxpY2hlbiBlcmdvbm9taXNjaGVuIE1lcmttYWxlIHVudGVyc3TDvHR6ZW4gbWljaCBpbiBsYW5nZW4gRW50c2NoZWlkdW5nc3J1bmRlbiBnZW5hdXNvIHdpZSBpbiBpbnRlbnNpdmVuIEdhbWluZy1QYXVzZW4uIEVyIGlzdCBlaW4gZWNodGVyIEFsbGVza8O2bm5lciwgb2huZSBLb21wcm9taXNzZSBiZWkgU3RpbCwgRnVua3Rpb25hbGl0w6R0IG9kZXIgVmllbHNlaXRpZ2tlaXQuICAKICAgIDwvZGl2Pgo8L2Rpdj4=[\/vc_raw_html][\/vc_column][\/vc_row][vc_row full_width=&#8220;stretch_row_content_no_spaces&#8220; el_class=&#8220;supro-container&#8220; css=&#8220;.vc_custom_1758227177793{margin-bottom: 25px !important;}&#8220;][vc_column][vc_raw_html css=&#8220;&#8220;]PGgyIGNsYXNzPSJjb250ZW50LWhlYWRlciI+UmV2aWV3cyAmYW1wOyBQcmVzcyBIdWI8L2gyPg==[\/vc_raw_html][testimontial_review review=&#8220;\u201eComo fan\u00e1tico del dise\u00f1o pr\u00e1ctico, me sorprendi\u00f3 gratamente la calidad de la silla para juegos Paradox Ulitimate. Se adapta perfectamente a mi espacio de trabajo y ofrece un gran apoyo durante largas horas de uso. Es agradable encontrar una silla para juegos asequible que combine comodidad y un aspecto elegante.\u201d  &#8220; author=&#8220;Alexis Prieto&#8220; stats=&#8220;191 K subscribers&#8220; header=&#8220;Sieh dir das \u201eUltimate Lunar Trace\u201c-Review von Alexis Prieto auf YouTube an (auf Spanisch).&#8220; action_name=&#8220;Watch the video&#8220; action_url=&#8220;https:\/\/www.youtube.com\/watch?v=yQZF2XwK89c&#8220; author_image=&#8220;19944&#8243; stars_image=&#8220;19908&#8243; background_image=&#8220;19917&#8243; play_image=&#8220;19926&#8243; flag_image=&#8220;19935&#8243;][testimontial_review review=&#8220;\u201eJako mi\u0142o\u015bnik praktycznego designu, by\u0142em bardzo zaskoczony jako\u015bci\u0105 krzes\u0142a gamingowego Paradox Ultimate Black Raven. Idealnie pasuje do mojego biura i zapewnia doskona\u0142e wsparcie podczas d\u0142ugich godzin pracy. Mi\u0142o jest znale\u017a\u0107 przyst\u0119pne cenowo krzes\u0142o gamingowe, kt\u00f3re \u0142\u0105czy komfort z eleganckim wygl\u0105dem.\u201d  &#8220; author=&#8220;CHIP Polska&#8220; stats=&#8220;12,1 K subscribers&#8220; header=&#8220;Sieh dir das \u201eUltimate Black Raven\u201c-Review des CHIP-Teams auf YouTube an (auf Polnisch).&#8220; action_name=&#8220;Watch the video&#8220; action_url=&#8220;https:\/\/www.youtube.com\/watch?v=WTlwHwej9C0&#8243; author_image=&#8220;20087&#8243; stars_image=&#8220;19908&#8243; background_image=&#8220;20033&#8243; play_image=&#8220;19926&#8243; flag_image=&#8220;20105&#8243;][testimontial_review review=&#8220;\u201cRynek foteli gamingowych przypomina dzi\u015b wielkie targowisko pe\u0142ne krzykliwych szyld\u00f3w, neonowych kolor\u00f3w i obietnic rodem z katalog\u00f3w marze\u0144 ka\u017cdego gracza. W teorii mamy wszystko \u2014 agresywny design, podparcia, regulacje, ba, nawet czasem pojawi si\u0119 pod\u015bwietlenie RGB, jakby to ono mia\u0142o odci\u0105\u017cy\u0107 kr\u0119gos\u0142up.\u201d&#8220; header=&#8220;Read the Ultimate Black Raven review on the CHIP Polska website&#8220; action_name=&#8220;Read the full review&#8220; action_url=&#8220;https:\/\/www.chip.pl\/2025\/05\/paradox-ultimate-black-raven-recenzja&#8220; author_image=&#8220;20087&#8243; stars_image=&#8220;19908&#8243; background_image=&#8220;20024&#8243; play_image=&#8220;20117&#8243; flag_image=&#8220;20105&#8243;][testimontial_review review=&#8220;\u201cMuchas veces os hemos hablado de que la silla se ha convertido en un perif\u00e9rico m\u00e1s en el ecosistema del PC, y adem\u00e1s es uno de la mayor importancia porque al fin y al cabo pasamos muchas horas sentados, y el tener una buena silla es esencial para no tener luego dolores y molestias. Hoy os presentamos el an\u00e1lisis de la Paradox Ultimate en su modelo Black Raven (tienen varios dise\u00f1os muy chulos para elegir), una silla que presume de proporcionar la m\u00e1s alta calidad y una gran ergonom\u00eda con un dise\u00f1o minimalista y sobrio..\u201d&#8220; header=&#8220;The Ultimate Black Raven review on the Hard Zone website&#8220; action_name=&#8220;Read the full review&#8220; action_url=&#8220;https:\/\/hardzone.es\/reviews\/perifericos\/paradox-ultimate-black-raven\/&#8220; author_image=&#8220;20127&#8243; stars_image=&#8220;19908&#8243; background_image=&#8220;20015&#8243; play_image=&#8220;20117&#8243; flag_image=&#8220;19935&#8243;][testimontial_review review=&#8220;\u201cParadox Commander Sunrise Hero ha un\u2019estetica ispirata alla fantascienza, design audace e immersivo ispirato a una poltrona da comandante. Combina una silhouette drammatica con una palette di colori terrosi e raffinata. Dotata di un comfort Ergonomico con un carattere unico e un equilibrio tra estetica audace e qualit\u00e0.\u201d&#8220; header=&#8220;The opinion on\u2028Commander Sunrise Hero&#8220; action_name=&#8220;Read the full review&#8220; action_url=&#8220;https:\/\/www.nextplayer.it\/paradox-sedia-gaming-serie-commander-recensione\/&#8220; author_image=&#8220;20078&#8243; stars_image=&#8220;19908&#8243; background_image=&#8220;20006&#8243; play_image=&#8220;20117&#8243; flag_image=&#8220;20096&#8243;][testimontial_review review=&#8220;\u201cRanking foteli gamingowych przedstawi Ci najwygodniejsze i najtrwalsze modele. Na ka\u017cdym z nich przesiedzisz wiele godzin bez poczucia dyskomfortu, mog\u0105c uzyskiwa\u0107 lepsze wyniki w grach. Zobacz moj\u0105 aktualizowan\u0105 klasyfikacj\u0119 z opiniami i wybierz co\u015b dla siebie!\u201d&#8220; header=&#8220;Three of our chairs in within the best gaming chair of 2025 according to Prorankingi.pl&#8220; action_name=&#8220;Read the full review&#8220; action_url=&#8220;https:\/\/www.prorankingi.pl\/rankingi\/dla-graczy\/fotele-dla-graczy\/&#8220; author_image=&#8220;20069&#8243; stars_image=&#8220;19908&#8243; background_image=&#8220;20139&#8243; play_image=&#8220;20117&#8243; flag_image=&#8220;20105&#8243;][testimontial_review review=&#8220;\u201cWiele foteli gameingowych czy ergonomicznych pewnie jest wygodnych, ale prezentuj\u0105 si\u0119, wed\u0142ug mojej opinii, albo tandetnie, albo zbyt futurystycznie. Nie s\u0105 w moim gu\u015bcie. Paradox Ultimate Black Raven jest wywa\u017cony. Zar\u00f3wno elegancki, jak i praktyczny. Nie sprawia wra\u017cenia zabawki w pokoju nastolatka.\u201d&#8220; header=&#8220;What they think\u2028about Ultimate Black Raven in Programista&#8220; action_name=&#8220;Read the full review&#8220; action_url=&#8220;https:\/\/programistamag.pl\/fotel-paradox-ultimate-black-raven-opinia-pisana-na-siedzaco\/&#8220; author_image=&#8220;20060&#8243; stars_image=&#8220;19908&#8243; background_image=&#8220;19988&#8243; play_image=&#8220;20117&#8243; flag_image=&#8220;20105&#8243;][testimontial_review review=&#8220;\u201cParadox Ultimate Black Raven to ciekawa pozycja na rynku ergonomicznych foteli &#8211; nie tylko dla graczy. Model prezentuje si\u0119 bardzo elegancko, a przy tym zapewnia dost\u0119p do wielu opcji pozwalaj\u0105cych na jego regulacj\u0119. Jak jednak wypada on w praktyce? Wszystkiego dowiemy si\u0119 z tego materia\u0142u.\u201d&#8220; header=&#8220;The Ultimate Black Raven review in Pure PC&#8220; action_name=&#8220;Read the full review&#8220; action_url=&#8220;https:\/\/www.purepc.pl\/recenzja-paradox-ultimate-black-raven-elegancki-ergonomiczny-fotel-o-naprawde-duzych-mozliwosciach-sprawdz-co-oferuje&#8220; author_image=&#8220;20051&#8243; stars_image=&#8220;19908&#8243; background_image=&#8220;19979&#8243; play_image=&#8220;20117&#8243; flag_image=&#8220;20105&#8243;][testimontial_review review=&#8220;\u201cParadox Commander Obsidian Blade to fotel, kt\u00f3ry \u0142\u0105czy \u015bwietny wygl\u0105d, funkcjonalno\u015b\u0107 i bardzo solidne wykonanie. Nie jest to tylko mebel do grania \u2013 spokojnie sprawdzi si\u0119 te\u017c jako fotel do pracy czy nauki, szczeg\u00f3lnie dla os\u00f3b, kt\u00f3re sp\u0119dzaj\u0105 wiele godzin przy biurku.\u201d&#8220; header=&#8220;Commander Obsidian Blade reviewed by ChairPC&#8220; action_name=&#8220;Read the full review&#8220; action_url=&#8220;https:\/\/chairpc.pl\/recenzje\/recenzja-paradox-commander-obsidian-blade\/&#8220; author_image=&#8220;20042&#8243; stars_image=&#8220;19908&#8243; background_image=&#8220;19970&#8243; play_image=&#8220;20117&#8243; flag_image=&#8220;20105&#8243;][\/vc_column][\/vc_row][vc_row full_width=&#8220;stretch_row_content_no_spaces&#8220; el_class=&#8220;supro-container&#8220; css=&#8220;.vc_custom_1739055726667{background-color: #6461FC !important;}&#8220;][vc_column][vc_raw_html css=&#8220;&#8220;]PGgyIGNsYXNzPSJjb250ZW50LWhlYWRlciBjb250ZW50LWhlYWRlci0td2hpdGUiPkhpbnRlciBkZW4gS3VsaXNzZW48L2gyPjxkaXYgY2xhc3M9ImNvbnRlbnQtdmlkZW8iPjx2aWRlbyB3aWR0aD0iNDA1IiBoZWlnaHQ9IjcyMCIgY29udHJvbHM9IiIgYXV0b3BsYXk9IiIgbG9vcD0iIiBtdXRlZD0iIj4KPHNvdXJjZSB0eXBlPSJ2aWRlby9tcDQiIHNyYz0iL3dwLWNvbnRlbnQvdXBsb2Fkcy8yMDI1LzAyL2JlaGluZF9zY2Vucy5tcDQiPgpJaHIgQnJvd3NlciB1bnRlcnN0w7x0enQgZGFzIFZpZGVvLVRhZyBuaWNodC48L3NvdXJjZT48L3ZpZGVvPjwvZGl2Pg==[\/vc_raw_html][\/vc_column][\/vc_row][vc_row full_width=&#8220;stretch_row_content_no_spaces&#8220; el_class=&#8220;supro-container&#8220;][vc_column][vc_raw_html css=&#8220;&#8220;]PGRpdiBjbGFzcz0idHJ1c3RlZHNob3BzIj4KICAgIDxkaXYgY2xhc3M9InRydXN0ZWRzaG9wc19fY29udGVudCI+CiAgICAgICAgPGltZyBzcmM9Imh0dHBzOi8vcGFyYWRveDI0LmNvbS93cC1jb250ZW50L3VwbG9hZHMvMjAyNS8wMi9leUp3WVhSb0lqb2lkSEoxYzNSbFpDMXphRzl3YzF3dlptbHNaVnd2T1VWTlkyMHlia2huYWxSdWFXdFhhSGg1WkVzdWNHNW5JbjBfdHJ1c3RlZC1zaG9wc19TS1p5WkJJYlVjc1c1UDV2cGM5SW9aSVA0dHRRaWJ6X0Jncm9KaDNmSFVjLTEucG5nIj4KICAgICAgICA8aDM+WmVydGlmaXppZXJ0IHZvbiBUcnVzdGVkIFNob3BzPC9oMz4KICAgICAgICA8cD5JaHIgRWlua2F1ZiB3aXJkIGR1cmNoIDxzdHJvbmc+RXVyb3BhcyBmw7xocmVuZGVzIFZlcnRyYXVlbnNzaWVnZWw8L3N0cm9uZz4gZ2VzY2jDvHR6dDwvcD4KICAgIDwvZGl2PgogICAgCiAgICAgICAgPGRpdiBjbGFzcz0idHJ1c3RlZHNob3BzX19jb250ZW50Ij4KICAgICAgICA8aW1nIHNyYz0iaHR0cHM6Ly9wYXJhZG94MjQuY29tL3dwLWNvbnRlbnQvdXBsb2Fkcy8yMDI1LzAyL2V5SndZWFJvSWpvaWRISjFjM1JsWkMxemFHOXdjMXd2Wm1sc1pWd3ZPVVZOWTIweWJraG5hbFJ1YVd0WGFIaDVaRXN1Y0c1bkluMF90cnVzdGVkLXNob3BzX1NLWnlaQkliVWNzVzVQNXZwYzlJb1pJUDR0dFFpYnpfQmdyb0poM2ZIVWMtMS5wbmciPgogICAgICAgIDxoMz5Lw6R1ZmVyc2NodXR6IGJpcyB6dSAyMC4wMDAg4oKsPC9oMz4KICAgICAgICA8cD5JaHIgRWlua2F1ZiB3aXJkIGR1cmNoIGRpZSA8c3Ryb25nPiZndDtUcnVzdGVkIFNob3BzIEdhcmFudGllPC9zdHJvbmc+IGdlc2Now7x0enQ8L3A+CiAgICA8L2Rpdj4KICAgIAogICAgICAgIDxkaXYgY2xhc3M9InRydXN0ZWRzaG9wc19fY29udGVudCI+CiAgICAgICAgPGltZyBzcmM9Imh0dHBzOi8vcGFyYWRveDI0LmNvbS93cC1jb250ZW50L3VwbG9hZHMvMjAyNS8wMi9leUp3WVhSb0lqb2lkSEoxYzNSbFpDMXphRzl3YzF3dlptbHNaVnd2T1VWTlkyMHlia2huYWxSdWFXdFhhSGg1WkVzdWNHNW5JbjBfdHJ1c3RlZC1zaG9wc19TS1p5WkJJYlVjc1c1UDV2cGM5SW9aSVA0dHRRaWJ6X0Jncm9KaDNmSFVjLTEucG5nIj4KICAgICAgICA8aDM+VmVyaWZpemllcnRlIEJld2VydHVuZ2VuPC9oMz4KICAgICAgICA8cD5BbGxlIEJld2VydHVuZ2VuIHN0YW1tZW4gdm9uIHZlcmlmaXppZXJ0ZW4gS8OkdWZlbiwgdW0gYXV0aGVudGlzY2hlcyBGZWVkYmFjayB6dSBnZXfDpGhybGVpc3Rlbi48L3A+CiAgICA8L2Rpdj4KPC9kaXY+[\/vc_raw_html][\/vc_column][\/vc_row]<\/p>\n<\/div>","protected":false},"excerpt":{"rendered":"<p>Paradox24 Kundenbewertungen &#038; Testimonials. Lesen Sie, was Kunden \u00fcber unsere ergonomischen und Gaming-St\u00fchle sagen. TrustedShops-verifizierte Bewertungen. Sehen Sie echte Fotos und Erfahrungen von Paradox-Stuhl-Besitzern in ganz Europa.<\/p>\n","protected":false},"author":1,"featured_media":0,"parent":0,"menu_order":0,"comment_status":"closed","ping_status":"closed","template":"template-fullwidth.php","meta":{"footnotes":""},"class_list":["post-13282","page","type-page","status-publish","hentry","no-thumb"],"_links":{"self":[{"href":"https:\/\/paradox24.com\/de\/wp-json\/wp\/v2\/pages\/13282","targetHints":{"allow":["GET"]}}],"collection":[{"href":"https:\/\/paradox24.com\/de\/wp-json\/wp\/v2\/pages"}],"about":[{"href":"https:\/\/paradox24.com\/de\/wp-json\/wp\/v2\/types\/page"}],"author":[{"embeddable":true,"href":"https:\/\/paradox24.com\/de\/wp-json\/wp\/v2\/users\/1"}],"replies":[{"embeddable":true,"href":"https:\/\/paradox24.com\/de\/wp-json\/wp\/v2\/comments?post=13282"}],"version-history":[{"count":9,"href":"https:\/\/paradox24.com\/de\/wp-json\/wp\/v2\/pages\/13282\/revisions"}],"predecessor-version":[{"id":30916,"href":"https:\/\/paradox24.com\/de\/wp-json\/wp\/v2\/pages\/13282\/revisions\/30916"}],"wp:attachment":[{"href":"https:\/\/paradox24.com\/de\/wp-json\/wp\/v2\/media?parent=13282"}],"curies":[{"name":"wp","href":"https:\/\/api.w.org\/{rel}","templated":true}]}}