{"id":11943,"date":"2025-01-29T23:06:01","date_gmt":"2025-01-29T21:06:01","guid":{"rendered":"https:\/\/paradox24.com\/?page_id=11943"},"modified":"2025-01-29T23:06:26","modified_gmt":"2025-01-29T21:06:26","slug":"impressum","status":"publish","type":"page","link":"https:\/\/paradox24.com\/de\/impressum\/","title":{"rendered":"Impressum"},"content":{"rendered":"<div class=\"wpb-content-wrapper\"><p>[vc_row][vc_column width=&#8220;1\/2&#8243;][vc_column_text css=&#8220;&#8220;]eco24 sp. z o.o.<br \/>\nAlgierska 17k<br \/>\n03-977 Warschau<br \/>\nPolen<br \/>\nVAT PL5214039048<br \/>\nTel. +48 731 851 100<br \/>\nE-mail: <a href=\"mailto:hello@paradox24.com\">hello@paradox24.com<\/a><br \/>\nREGON &#8211; 526598711<br \/>\nKRS &#8211; 0001061741[\/vc_column_text][\/vc_column][vc_column width=&#8220;1\/2&#8243;][vc_column_text css=&#8220;&#8220;]<\/p>\n<h4>EU Plattform zur Online Streitbeiteilung<\/h4>\n<p style=\"text-align: left;\">Hinweis gem\u00e4\u00df Verbraucherstreitbeilegungsgesetz (VSBG):<br \/>\nDie Europ\u00e4ische Kommission stellt eine Plattform zur Online-Streitbeilegung (OS) bereit, die Sie unter <a href=\"https:\/\/ec.europa.eu\/consumers\/odr\/\">https:\/\/ec.europa.eu\/consumers\/odr\/<\/a> finden.<\/p>\n<p>[\/vc_column_text][\/vc_column][\/vc_row]<\/p>\n<\/div>","protected":false},"excerpt":{"rendered":"<p>[vc_row][vc_column width=&#8220;1\/2&#8243;][vc_column_text css=&#8220;&#8220;]eco24 sp. z o.o. Algierska 17k 03-977 Warschau Polen VAT PL5214039048 Tel. +48 731 851 100 E-mail: hello@paradox24.com REGON &#8211; 526598711 KRS &#8211; 0001061741[\/vc_column_text][\/vc_column][vc_column width=&#8220;1\/2&#8243;][vc_column_text css=&#8220;&#8220;] EU Plattform zur Online Streitbeiteilung Hinweis gem\u00e4\u00df Verbraucherstreitbeilegungsgesetz (VSBG): Die Europ\u00e4ische Kommission stellt eine Plattform zur Online-Streitbeilegung (OS) bereit, die Sie unter https:\/\/ec.europa.eu\/consumers\/odr\/ finden. [\/vc_column_text][\/vc_column][\/vc_row]<\/p>\n","protected":false},"author":1,"featured_media":0,"parent":0,"menu_order":0,"comment_status":"closed","ping_status":"closed","template":"","meta":{"footnotes":""},"class_list":["post-11943","page","type-page","status-publish","hentry","no-thumb"],"_links":{"self":[{"href":"https:\/\/paradox24.com\/de\/wp-json\/wp\/v2\/pages\/11943","targetHints":{"allow":["GET"]}}],"collection":[{"href":"https:\/\/paradox24.com\/de\/wp-json\/wp\/v2\/pages"}],"about":[{"href":"https:\/\/paradox24.com\/de\/wp-json\/wp\/v2\/types\/page"}],"author":[{"embeddable":true,"href":"https:\/\/paradox24.com\/de\/wp-json\/wp\/v2\/users\/1"}],"replies":[{"embeddable":true,"href":"https:\/\/paradox24.com\/de\/wp-json\/wp\/v2\/comments?post=11943"}],"version-history":[{"count":0,"href":"https:\/\/paradox24.com\/de\/wp-json\/wp\/v2\/pages\/11943\/revisions"}],"wp:attachment":[{"href":"https:\/\/paradox24.com\/de\/wp-json\/wp\/v2\/media?parent=11943"}],"curies":[{"name":"wp","href":"https:\/\/api.w.org\/{rel}","templated":true}]}}