{"id":26190,"date":"2024-10-21T12:30:38","date_gmt":"2024-10-21T11:30:38","guid":{"rendered":"https:\/\/paradox24.com\/product\/paradox-commander-obsidian-blade\/"},"modified":"2026-04-30T11:38:34","modified_gmt":"2026-04-30T10:38:34","slug":"paradox-commander-obsidian-blade","status":"publish","type":"product","link":"https:\/\/paradox24.com\/da\/vare\/paradox-commander-obsidian-blade\/","title":{"rendered":"Gamingstol Paradox Commander Obsidian Blade"},"content":{"rendered":"<div class=\"wpb-content-wrapper\"><p>[vc_row full_width=&#8221;stretch_row_content_no_spaces&#8221;][vc_column][product_info text_color=&#8221;product-info&#8211;white&#8221; text_position=&#8221;product-info__content&#8211;left&#8221; header=&#8221;Paradox Commander&#8221; text_1=&#8221;kommand\u00f8rstolen&#8221; main_image=&#8221;17111&#8243; mobile_image=&#8221;17238&#8243;][\/product_info][product_element position=&#8221;left&#8221; header=&#8221;Kvalitet hele vejen&#8221; images=&#8221;17229&#8243;]N\u00e6ste generations eco-l\u00e6der kombinerer holdbarhed med et luksuri\u00f8st touch, alt imens milj\u00f8v\u00e6rdier respekteres. Raffinerede fl\u00f8jlsdetaljer og pr\u00e6cisionskontrastsyninger fremkalder h\u00e5ndv\u00e6rket fra high-end racerbiler og luksusmode, hvilket skaber en sofistikeret performance-\u00e6stetik.[\/product_element][product_element header=&#8221;L\u00e6ndepudest\u00f8tte&#8221; images=&#8221;17220&#8243;]Paradox Commander-serien har en l\u00e6ndepude, der justerer din rygs\u00f8jle og lindrer sp\u00e6ndinger i l\u00e6nden. Den er fremstillet af responsiv memoryskum og indpakket i farvematchende fl\u00f8jl, og den blander problemfrit ergonomisk st\u00f8tte med \u00e6stetisk forfining.[\/product_element][product_element position=&#8221;left&#8221; header=&#8221;H\u00f8jdejusterbart s\u00e6de&#8221; images=&#8221;17211&#8243;]Vores fuldt justerbare s\u00e6de er perfekt skr\u00e6ddersyet til personer mellem 165 og 185 cm og sikrer en tilpasset pasform. Den avancerede pneumatiske mekanisme giver mulighed for ubesv\u00e6ret h\u00f8jdejustering: Tr\u00e6k blot i h\u00e5ndtaget og l\u00f8ft let for at h\u00e6ve s\u00e6det, eller tryk ned, mens du sidder, for at s\u00e6nke det.  Opn\u00e5 den ideelle ergonomiske position med lethed \u2013 dine kn\u00e6 skal danne en 90-graders vinkel, og dine albuer skal hvile komfortabelt i en 90-graders vinkel p\u00e5 dit skrivebord. Prioriter placeringen af dine albuer for at optimere b\u00e5de komfort og produktivitet.[\/product_element][product_element header=&#8221;Tilpasningsdygtige rygl\u00e6nspositioner op til flad&#8221; images=&#8221;17202&#8243;]Juster og l\u00e5s rygl\u00e6net i fire positioner, s\u00e5 det passer til dine behov. Uanset om du spiller, arbejder eller holder en pause, hj\u00e6lper \u00e6ndring af rygl\u00e6nets vinkel med at reducere belastning, forbedre kropsholdningen og holde dine muskler afslappede hele dagen. Du kan justere rygl\u00e6nets h\u00e6ldningsmodstand baseret p\u00e5 din kropsv\u00e6gt og dine pr\u00e6ferencer. Drej blot knappen under dit s\u00e6de til venstre eller h\u00f8jre![\/product_element][product_element position=&#8221;left&#8221; header=&#8221;Hovedpude&#8221; images=&#8221;17193&#8243;]Den smarte hovedpude g\u00f8r dobbelt tjeneste \u2013 den giver dig perfekt st\u00f8tte, samtidig med at den tilf\u00f8jer stil til din stol. Du kan nemt klikke den af og p\u00e5, n\u00e5r du vil.[\/product_element][product_info main_image=&#8221;17184&#8243; mobile_image=&#8221;17166&#8243;][\/product_info][product_element header=&#8221;FlexMotion 4D-arml\u00e6n&#8221; images=&#8221;17175&#8243;]Juster dem op og ned for at opn\u00e5 den perfekte h\u00f8jde, skub dem frem og tilbage for optimal r\u00e6kkevidde, flyt dem fra side til side for den ideelle laterale position, og drej dem for at finde den bedste vinkel til dine arme og h\u00e5ndled.[\/product_element][product_element position=&#8221;left&#8221; header=&#8221;TitanCore-base&#8221; images=&#8221;17157&#8243;]Denne stol er bygget til at underst\u00f8tte op til 135 kg og garanterer langvarig p\u00e5lidelighed og sikkerhed, hvilket g\u00f8r den til et fremragende valg til b\u00e5de professionel og personlig brug.[\/product_element][product_element header=&#8221;QuickSpin 360\u00b0 hjul&#8221; images=&#8221;17148&#8243;]360-graders drejefunktionen giver dig mulighed for at rotere ubesv\u00e6ret i enhver retning, hvilket giver maksimal fleksibilitet og nem adgang til alle omr\u00e5der af dit skrivebord og omgivelser \u2013 alt sammen i stilhed.[\/product_element][product_element position=&#8221;left&#8221; header=&#8221;Nem montering&#8221; images=&#8221;17139&#8243;]Klar visuel vejledning giver dig mulighed for at samle stolen p\u00e5 under 20 minutter. Uanset om du g\u00f8r det selv eller med en ven \u2013 vi har s\u00f8rget for, at det er nemt.[\/product_element][vc_raw_html css=&#8221;&#8221;]ICAgIDxkaXYgY2xhc3M9ImRldGFpbGVkLXJldmlldyI+CiAgICAgICAgPGgyPkzDpnMgZGV0YWxqZXJlZGUgYW5tZWxkZWxzZXIgaTwvaDI+CiAgICAgICAgPGRpdiBjbGFzcz0iZGV0YWlsZWQtcmV2aWV3X19jb250ZW50Ij4KICAgICAgICAgICAgPGRpdiBjbGFzcz0iZGV0YWlsZWQtcmV2aWV3X19pbWFnZSI+CiAgICAgICAgICAgICAgICA8YSBocmVmPSJodHRwczovL3BhcmFkb3gyNC5jb20vZGEvcGFyYWRveC10ZXN0aW1vbmlhbHMvIj48aW1nIHNyYz0iL3dwLWNvbnRlbnQvdXBsb2Fkcy8yMDI1LzA5L0hhcmRab25lLTEucG5nIiBhbHQ9IkhhcmRab25lIj48L2E+CiAgICAgICAgICAgIDwvZGl2PgogICAgICAgICAgICA8ZGl2IGNsYXNzPSJkZXRhaWxlZC1yZXZpZXdfX2ltYWdlIj4KICAgICAgICAgICAgICAgIDxhIGhyZWY9Imh0dHBzOi8vcGFyYWRveDI0LmNvbS9kYS9wYXJhZG94LXRlc3RpbW9uaWFscy8iPjxpbWcgc3JjPSIvd3AtY29udGVudC91cGxvYWRzLzIwMjUvMDkvR3JvdXAtNzQ3LnBuZyIgYWx0PSJDSElQIj48L2E+CiAgICAgICAgICAgIDwvZGl2PgogICAgICAgICAgICA8ZGl2IGNsYXNzPSJkZXRhaWxlZC1yZXZpZXdfX2ltYWdlIj4KICAgICAgICAgICAgICAgIDxhIGhyZWY9Imh0dHBzOi8vcGFyYWRveDI0LmNvbS9kYS9wYXJhZG94LXRlc3RpbW9uaWFscy8iPjxpbWcgc3JjPSIvd3AtY29udGVudC91cGxvYWRzLzIwMjUvMDkvTmV4dFBsYXllci5pdC0xLnBuZyIgYWx0PSJOZXh0UGxheWVyIj48L2E+CiAgICAgICAgICAgIDwvZGl2PgogICAgICAgICAgICA8ZGl2IGNsYXNzPSJkZXRhaWxlZC1yZXZpZXdfX2ltYWdlIj4KICAgICAgICAgICAgICAgIDxhIGhyZWY9Imh0dHBzOi8vcGFyYWRveDI0LmNvbS9kYS9wYXJhZG94LXRlc3RpbW9uaWFscy8iPjxpbWcgc3JjPSIvd3AtY29udGVudC91cGxvYWRzLzIwMjUvMDkvQ2hhaXJQQy0xLnBuZyIgYWx0PSJDaGFpciBQQyI+PC9hPgogICAgICAgICAgICA8L2Rpdj4KICAgICAgICA8L2Rpdj4KCiAgICA8L2Rpdj4K[\/vc_raw_html][product_images images=&#8221;19117&#8243;][product_action header=&#8221;Opgrader din siddeoplevelse i dag!&#8221; text=&#8221;Revolution\u00e9r dit arbejdsomr\u00e5de og gaming-setup med vores Commander-stol. Oplev uovertruffen komfort og overlegent design.&#8221; button_text=&#8221;L\u00e6g COMMANDER Obsidian Blade i kurv&#8221; main_image=&#8221;17130&#8243; mobile_image=&#8221;17121&#8243;][testimontial_review_list header=&#8221;Anmeldelser &amp; Presse&#8221; review_0=&#8221;Se Ultimate Lunar Trace-anmeldelsen af Alexis Prieto p\u00e5 Youtube&#8221; background_image_0=&#8221;19917&#8243; play_image_0=&#8221;19926&#8243; flag_image_0=&#8221;19935&#8243; link_0=&#8221;https:\/\/www.youtube.com\/watch?v=yQZF2XwK89c&#8221; review_1=&#8221;Ultimate Black Raven anmeldt af CHIP Team p\u00e5 Youtube&#8221; background_image_1=&#8221;20033&#8243; play_image_1=&#8221;19926&#8243; flag_image_1=&#8221;20105&#8243; link_1=&#8221;https:\/\/www.youtube.com\/watch?v=WTlwHwej9C0&#8243; review_2=&#8221;Udtalelsen om Commander Sunrise Hero af NextPlayer.it&#8221; background_image_2=&#8221;20006&#8243; play_image_2=&#8221;20117&#8243; flag_image_2=&#8221;20096&#8243; link_2=&#8221;https:\/\/www.nextplayer.it\/paradox-sedia-gaming-serie-commander-recensione\/&#8221;][\/vc_column][\/vc_row]<\/p>\n<\/div>","protected":false},"excerpt":{"rendered":"<p><span style=\"font-weight: 400;\">Lad eventyret begynde! <\/span><\/p>\n<ul>\n<li style=\"font-weight: 400;\" aria-level=\"1\"><b>Sci-Fi Inspireret Rumskibs-Commander \u00c6stetik:<\/b><span style=\"font-weight: 400;\">Dristigt, medrivende design inspireret af et commanders\u00e6de, perfekt til unikke ops\u00e6tninger.<\/span><\/li>\n<li style=\"font-weight: 400;\" aria-level=\"1\"><b>Jordfarver til Sofistikerede Gaming Ops\u00e6tninger:<\/b><span style=\"font-weight: 400;\">Kombinerer en dramatisk silhuet med en jordn\u00e6r, raffineret farvepalet.<\/span><\/li>\n<li style=\"font-weight: 400;\" aria-level=\"1\"><b>Ergonomisk Komfort med Karakter:<\/b><span style=\"font-weight: 400;\">Bygget til dem, der \u00f8nsker stil og funktion i lige m\u00e5l.<\/span><\/li>\n<\/ul>\n<p><b>Til Spillere, der S\u00f8ger Unik Karakter med Modenhed:<\/b><span style=\"font-weight: 400;\">En balance mellem dristig \u00e6stetik og kvalitet uden at n\u00e5 det h\u00f8je prisniveau.<\/span><\/p>\n","protected":false},"featured_media":26192,"template":"","meta":[],"product_cat":[254,253],"product_tag":[],"class_list":{"0":"post-26190","1":"product","2":"type-product","3":"status-publish","4":"has-post-thumbnail","6":"product_cat-commander-samling","7":"product_cat-gamingstole","8":"","10":"first","11":"instock","12":"sale","13":"taxable","14":"shipping-taxable","15":"purchasable","16":"product-type-simple"},"_links":{"self":[{"href":"https:\/\/paradox24.com\/da\/wp-json\/wp\/v2\/product\/26190","targetHints":{"allow":["GET"]}}],"collection":[{"href":"https:\/\/paradox24.com\/da\/wp-json\/wp\/v2\/product"}],"about":[{"href":"https:\/\/paradox24.com\/da\/wp-json\/wp\/v2\/types\/product"}],"wp:featuredmedia":[{"embeddable":true,"href":"https:\/\/paradox24.com\/da\/wp-json\/wp\/v2\/media\/26192"}],"wp:attachment":[{"href":"https:\/\/paradox24.com\/da\/wp-json\/wp\/v2\/media?parent=26190"}],"wp:term":[{"taxonomy":"product_cat","embeddable":true,"href":"https:\/\/paradox24.com\/da\/wp-json\/wp\/v2\/product_cat?post=26190"},{"taxonomy":"product_tag","embeddable":true,"href":"https:\/\/paradox24.com\/da\/wp-json\/wp\/v2\/product_tag?post=26190"}],"curies":[{"name":"wp","href":"https:\/\/api.w.org\/{rel}","templated":true}]}}