{"id":26155,"date":"2024-10-21T12:30:38","date_gmt":"2024-10-21T11:30:38","guid":{"rendered":"https:\/\/paradox24.com\/product\/paradox-vanguard-space-comms-fabric\/"},"modified":"2026-04-30T11:38:43","modified_gmt":"2026-04-30T10:38:43","slug":"paradox-vanguard-space-comms-fabric","status":"publish","type":"product","link":"https:\/\/paradox24.com\/da\/vare\/paradox-vanguard-space-comms-fabric\/","title":{"rendered":"Gamingstol Paradox Vanguard Space Comms-stof"},"content":{"rendered":"<div class=\"wpb-content-wrapper\"><p>[vc_row full_width=&#8221;stretch_row_content_no_spaces&#8221;][vc_column][product_info text_color=&#8221;product-info&#8211;white&#8221; text_position=&#8221;product-info__content&#8211;left&#8221; header=&#8221;Paradox Vanguard&#8221; text_1=&#8221;Det sikre valg&#8221; main_image=&#8221;18577&#8243; mobile_image=&#8221;18568&#8243;][\/product_info][product_element position=&#8221;left&#8221; header=&#8221;Kvalitet hele vejen&#8221; images=&#8221;18559&#8243;]<span style=\"font-weight: 400\">AeroDur\u2122-stof er et perfekt materiale til en gamingstol. Det er meget slidst\u00e6rkt (Martindale-test over 50.000 cyklusser), giver ekstra \u00e5ndbarhed og ser elegant ud. Fl\u00f8jlsdetaljer sikrer en fornemmelse af h\u00f8j ydeevne. Det samme g\u00f8r de markante kontrastsyninger, der minder om racerbiler eller eksklusivt modetilbeh\u00f8r.   <\/span>[\/product_element][product_element header=&#8221;L\u00e6ndepudest\u00f8tte&#8221; images=&#8221;18550&#8243;]Vanguard-serien har en l\u00e6ndepude, der justerer din rygs\u00f8jle og lindrer sp\u00e6ndinger i l\u00e6nden. Den er fremstillet af responsiv memoryskum og betrukket med farvematchende velour, og den kombinerer problemfrit ergonomisk st\u00f8tte med \u00e6stetisk raffinement.[\/product_element][product_info main_image=&#8221;18541&#8243; mobile_image=&#8221;18532&#8243;][\/product_info][product_element position=&#8221;left&#8221; header=&#8221;H\u00f8jdejusterbart s\u00e6de&#8221; images=&#8221;18523&#8243;]Vores fuldt justerbare s\u00e6de er perfekt skr\u00e6ddersyet til personer mellem 165 og 185 cm og sikrer en tilpasset pasform. Den avancerede pneumatiske mekanisme TitanCore giver mulighed for ubesv\u00e6ret h\u00f8jdejustering: Tr\u00e6k blot i h\u00e5ndtaget og l\u00f8ft let for at h\u00e6ve s\u00e6det, eller tryk ned, mens du sidder, for at s\u00e6nke det. Opn\u00e5 den ideelle ergonomiske position med lethed \u2013 dine kn\u00e6 skal danne en 90-graders vinkel, og dine albuer skal hvile komfortabelt i en 90-graders vinkel p\u00e5 dit skrivebord. Prioriter placeringen af dine albuer for at optimere b\u00e5de komfort og produktivitet.[\/product_element][product_element header=&#8221;Justerbare rygl\u00e6nspositioner op til vandret&#8221; images=&#8221;18514&#8243;]Juster og l\u00e5s rygl\u00e6net i fire positioner \u2013 fra opretst\u00e5ende fokus til afslappet tilbagel\u00e6ning. Skift din position frit i l\u00f8bet af dagen for at holde dine muskler afslappede, mens sidepuder holder dig sikkert p\u00e5 plads. Finjuster vippemodstanden, s\u00e5 den passer til din v\u00e6gt og komfortpr\u00e6ference med en simpel drejning p\u00e5 en knap.[\/product_element][product_element position=&#8221;left&#8221; header=&#8221;Hovedpudepude&#8221; images=&#8221;18505&#8243;]Den smarte hovedpude har dobbelt funktion \u2013 den giver dig perfekt st\u00f8tte og tilf\u00f8jer stil til din stol. Takket v\u00e6re st\u00e6rke indbyggede magneter kan du nemt klikke den af og p\u00e5, n\u00e5r du vil.[\/product_element][product_info main_image=&#8221;18396&#8243; mobile_image=&#8221;18387&#8243;][\/product_info][product_element header=&#8221;FlexMotion 2D-arml\u00e6n&#8221; images=&#8221;18478&#8243;]Juster dem op og ned for at opn\u00e5 den perfekte h\u00f8jde for at finde den bedste vinkel til dine arme og h\u00e5ndled.[\/product_element][product_element position=&#8221;left&#8221; header=&#8221;TitanCore-base&#8221; images=&#8221;18469&#8243;]Denne stol er bygget til at underst\u00f8tte op til 135 kg og garanterer langvarig p\u00e5lidelighed og sikkerhed, hvilket g\u00f8r den til et fremragende valg til b\u00e5de professionel og personlig brug.[\/product_element][product_element header=&#8221;QuickSpin 360\u00b0 hjul&#8221; images=&#8221;18460&#8243;]360-graders drejefunktionen giver dig mulighed for at rotere ubesv\u00e6ret i enhver retning, hvilket giver maksimal fleksibilitet og nem adgang til alle omr\u00e5der af dit skrivebord og omgivelser \u2013 alt sammen i stilhed.[\/product_element][product_element position=&#8221;left&#8221; header=&#8221;Nem montering&#8221; images=&#8221;18451&#8243;]Klar visuel vejledning giver dig mulighed for at samle stolen p\u00e5 under 20 minutter. Uanset om du g\u00f8r det selv eller med en ven \u2013 vi har s\u00f8rget for, at det er nemt.[\/product_element][vc_raw_html css=&#8221;&#8221;]ICAgIDxkaXYgY2xhc3M9ImRldGFpbGVkLXJldmlldyI+CiAgICAgICAgPGgyPkzDpnMgZGV0YWxqZXJlZGUgYW5tZWxkZWxzZXIgaTwvaDI+CiAgICAgICAgPGRpdiBjbGFzcz0iZGV0YWlsZWQtcmV2aWV3X19jb250ZW50Ij4KICAgICAgICAgICAgPGRpdiBjbGFzcz0iZGV0YWlsZWQtcmV2aWV3X19pbWFnZSI+CiAgICAgICAgICAgICAgICA8YSBocmVmPSJodHRwczovL3BhcmFkb3gyNC5jb20vZGEvcGFyYWRveC10ZXN0aW1vbmlhbHMvIj48aW1nIHNyYz0iL3dwLWNvbnRlbnQvdXBsb2Fkcy8yMDI1LzA5L0hhcmRab25lLTEucG5nIiBhbHQ9IkhhcmRab25lIj48L2E+CiAgICAgICAgICAgIDwvZGl2PgogICAgICAgICAgICA8ZGl2IGNsYXNzPSJkZXRhaWxlZC1yZXZpZXdfX2ltYWdlIj4KICAgICAgICAgICAgICAgIDxhIGhyZWY9Imh0dHBzOi8vcGFyYWRveDI0LmNvbS9kYS9wYXJhZG94LXRlc3RpbW9uaWFscy8iPjxpbWcgc3JjPSIvd3AtY29udGVudC91cGxvYWRzLzIwMjUvMDkvR3JvdXAtNzQ3LnBuZyIgYWx0PSJDSElQIj48L2E+CiAgICAgICAgICAgIDwvZGl2PgogICAgICAgICAgICA8ZGl2IGNsYXNzPSJkZXRhaWxlZC1yZXZpZXdfX2ltYWdlIj4KICAgICAgICAgICAgICAgIDxhIGhyZWY9Imh0dHBzOi8vcGFyYWRveDI0LmNvbS9kYS9wYXJhZG94LXRlc3RpbW9uaWFscy8iPjxpbWcgc3JjPSIvd3AtY29udGVudC91cGxvYWRzLzIwMjUvMDkvTmV4dFBsYXllci5pdC0xLnBuZyIgYWx0PSJOZXh0UGxheWVyIj48L2E+CiAgICAgICAgICAgIDwvZGl2PgogICAgICAgICAgICA8ZGl2IGNsYXNzPSJkZXRhaWxlZC1yZXZpZXdfX2ltYWdlIj4KICAgICAgICAgICAgICAgIDxhIGhyZWY9Imh0dHBzOi8vcGFyYWRveDI0LmNvbS9kYS9wYXJhZG94LXRlc3RpbW9uaWFscy8iPjxpbWcgc3JjPSIvd3AtY29udGVudC91cGxvYWRzLzIwMjUvMDkvQ2hhaXJQQy0xLnBuZyIgYWx0PSJDaGFpciBQQyI+PC9hPgogICAgICAgICAgICA8L2Rpdj4KICAgICAgICA8L2Rpdj4KCiAgICA8L2Rpdj4K[\/vc_raw_html][product_images images=&#8221;19104&#8243;][product_action header=&#8221;Opgrader din siddeoplevelse i dag!&#8221; text=&#8221;Revolutioner dit arbejdsomr\u00e5de og gaming-setup med vores Vanguard-stol. Oplev uovertruffen komfort og f\u00f8rsteklasses kvalitet.&#8221; button_text=&#8221;L\u00e6g VANGUARD Space Comms-stof i kurv&#8221; main_image=&#8221;18442&#8243; mobile_image=&#8221;18433&#8243;][testimontial_review_list header=&#8221;Anmeldelser &amp; Presse&#8221; review_0=&#8221;Se Ultimate Lunar Trace-anmeldelsen af Alexis Prieto p\u00e5 Youtube&#8221; background_image_0=&#8221;19917&#8243; play_image_0=&#8221;19926&#8243; flag_image_0=&#8221;19935&#8243; link_0=&#8221;https:\/\/www.youtube.com\/watch?v=yQZF2XwK89c&#8221; review_1=&#8221;Ultimate Black Raven anmeldt af CHIP Team p\u00e5 Youtube&#8221; background_image_1=&#8221;20033&#8243; play_image_1=&#8221;19926&#8243; flag_image_1=&#8221;20105&#8243; link_1=&#8221;https:\/\/www.youtube.com\/watch?v=WTlwHwej9C0&#8243; review_2=&#8221;Udtalelsen om Commander Sunrise Hero af NextPlayer.it&#8221; background_image_2=&#8221;20006&#8243; play_image_2=&#8221;20117&#8243; flag_image_2=&#8221;20096&#8243; link_2=&#8221;https:\/\/www.nextplayer.it\/paradox-sedia-gaming-serie-commander-recensione\/&#8221;][\/vc_column][\/vc_row]<\/p>\n<\/div>","protected":false},"excerpt":{"rendered":"<ul>\n<li style=\"font-weight: 400;\" aria-level=\"1\"><b>Til gamere, der vil have f\u00f8rsteklasses kvalitet uden kompromis:<\/b><span style=\"font-weight: 400;\"> Ideel til dem, der s\u00f8ger p\u00e5lidelig, stilfuld komfort til en overkommelig pris<\/span><\/li>\n<li style=\"font-weight: 400;\" aria-level=\"1\"><b>Perfekt balance mellem stil og funktionalitet: <\/b><span style=\"font-weight: 400;\">Tilbyder et dristigt design til at udtrykke personlighed uden at ofre kvalitet.<\/span><\/li>\n<li style=\"font-weight: 400;\" aria-level=\"1\"><b>Materialer af h\u00f8j kvalitet til en god pris: <\/b><span style=\"font-weight: 400;\">Bygget med slidst\u00e6rke materialer for komfort og st\u00f8tte.<\/span><\/li>\n<li style=\"font-weight: 400;\" aria-level=\"1\"><b>Alsidige \u00e6stetiske muligheder:<\/b><span style=\"font-weight: 400;\"> Sp\u00e6nder fra minimalistisk til mere detaljerede designs, der im\u00f8dekommer forskellige smag.<\/span><\/li>\n<\/ul>\n","protected":false},"featured_media":26156,"template":"","meta":[],"product_cat":[385,253],"product_tag":[],"class_list":{"0":"post-26155","1":"product","2":"type-product","3":"status-publish","4":"has-post-thumbnail","6":"product_cat-vanguard-kollektionen","7":"product_cat-gamingstole","8":"","10":"first","11":"instock","12":"taxable","13":"shipping-taxable","14":"purchasable","15":"product-type-simple"},"_links":{"self":[{"href":"https:\/\/paradox24.com\/da\/wp-json\/wp\/v2\/product\/26155","targetHints":{"allow":["GET"]}}],"collection":[{"href":"https:\/\/paradox24.com\/da\/wp-json\/wp\/v2\/product"}],"about":[{"href":"https:\/\/paradox24.com\/da\/wp-json\/wp\/v2\/types\/product"}],"wp:featuredmedia":[{"embeddable":true,"href":"https:\/\/paradox24.com\/da\/wp-json\/wp\/v2\/media\/26156"}],"wp:attachment":[{"href":"https:\/\/paradox24.com\/da\/wp-json\/wp\/v2\/media?parent=26155"}],"wp:term":[{"taxonomy":"product_cat","embeddable":true,"href":"https:\/\/paradox24.com\/da\/wp-json\/wp\/v2\/product_cat?post=26155"},{"taxonomy":"product_tag","embeddable":true,"href":"https:\/\/paradox24.com\/da\/wp-json\/wp\/v2\/product_tag?post=26155"}],"curies":[{"name":"wp","href":"https:\/\/api.w.org\/{rel}","templated":true}]}}