{"id":25446,"date":"2024-10-21T12:30:36","date_gmt":"2024-10-21T11:30:36","guid":{"rendered":"https:\/\/paradox24.com\/product\/paradox-ultimate-black-raven\/"},"modified":"2026-02-27T12:47:52","modified_gmt":"2026-02-27T11:47:52","slug":"paradox-ultimate-black-raven","status":"publish","type":"product","link":"https:\/\/paradox24.com\/da\/vare\/paradox-ultimate-black-raven\/","title":{"rendered":"Gaming Chair Paradox Ultimate Black Raven"},"content":{"rendered":"<div class=\"wpb-content-wrapper\"><p>[vc_row full_width=&#8221;stretch_row_content_no_spaces&#8221;][vc_column][product_info text_color=&#8221;product-info&#8211;white&#8221; text_position=&#8221;product-info__content&#8211;left&#8221; header=&#8221;Paradox Ultimate&#8221; text_1=&#8221;De professionelles musthave&#8221; main_image=&#8221;16820&#8243; mobile_image=&#8221;16811&#8243;][\/product_info][product_element position=&#8221;left&#8221; header=&#8221;Kvalitet hele vejen&#8221; images=&#8221;16802&#8243;]Cordura is a fabric originally designed for military and outdoor applications, now refined for your working space. It\u2019s prized for its abrasion resistance, strength, and long-lasting durability. Alcantara accents give you this sporty performance feel. So does the distinctive contrast stitching reminiscent of racing cars or high end fashion accessories.<\/p>\n<p class=\"whitespace-normal break-words\"><strong>Cold-molded high-density foam<\/strong> \u2014 the same production technique used in automotive seats and premium furniture. Unlike standard foam, cold-molded foam retains its shape and resilience over thousands of hours of use. Combined with the memory-foam lumbar and headrest pillows, it delivers comfort that lasts.<\/p>\n<p>[\/product_element][product_element header=&#8221;Indbygget LumbarPro&#8221; images=&#8221;16793&#8243;]Paradox Ultimate-serien har LumbarPro, et justerbart todimensionelt st\u00f8ttesystem designet til at justere din rygs\u00f8jle og lindre sp\u00e6ndinger i l\u00e6nden. Diskret indbygget i rygl\u00e6net kombinerer det elegance med ergonomisk ekspertise.[\/product_element][product_info main_image=&#8221;16784&#8243; mobile_image=&#8221;16775&#8243;][\/product_info][product_element position=&#8221;left&#8221; header=&#8221;H\u00f8jdejusterbart s\u00e6de&#8221; images=&#8221;16766&#8243;]Vores fuldt justerbare s\u00e6de er perfekt skr\u00e6ddersyet til personer mellem 165 og 185 cm og sikrer en tilpasset pasform. Den avancerede pneumatiske mekanisme giver mulighed for ubesv\u00e6ret h\u00f8jdejustering: Tr\u00e6k blot i h\u00e5ndtaget og l\u00f8ft let for at h\u00e6ve s\u00e6det, eller tryk ned, mens du sidder, for at s\u00e6nke det.  Opn\u00e5 den ideelle ergonomiske position med lethed \u2013 dine kn\u00e6 skal danne en 90-graders vinkel, og dine albuer skal hvile komfortabelt i en 90-graders vinkel p\u00e5 dit skrivebord. Prioriter placeringen af dine albuer for at optimere b\u00e5de komfort og produktivitet.[\/product_element][product_element header=&#8221;Justerbare rygl\u00e6nspositioner op til vandret&#8221; images=&#8221;16757&#8243;]Juster og l\u00e5s rygl\u00e6net i fire positioner, s\u00e5 det passer til dine behov. Uanset om du spiller, arbejder eller holder en pause, hj\u00e6lper \u00e6ndring af rygl\u00e6nets vinkel med at reducere belastning, forbedre kropsholdningen og holde dine muskler afslappede hele dagen. Du kan justere rygl\u00e6nets h\u00e6ldningsmodstand baseret p\u00e5 din kropsv\u00e6gt og dine pr\u00e6ferencer. Drej blot knappen under dit s\u00e6de til venstre eller h\u00f8jre![\/product_element][product_element position=&#8221;left&#8221; header=&#8221;Nakkepude med st\u00e6rk magnet&#8221; images=&#8221;16748&#8243;]Den smarte hovedpude har dobbelt funktion \u2013 den giver dig perfekt st\u00f8tte og tilf\u00f8jer stil til din stol. Takket v\u00e6re st\u00e6rke indbyggede magneter kan du nemt klikke den af og p\u00e5, n\u00e5r du vil.[\/product_element][product_info main_image=&#8221;16739&#8243; mobile_image=&#8221;16730&#8243;][\/product_info][product_element header=&#8221;FlexMotion 4D-arml\u00e6n&#8221; images=&#8221;16721&#8243;]Juster dem op og ned for at opn\u00e5 den perfekte h\u00f8jde, skub dem frem og tilbage for optimal r\u00e6kkevidde, flyt dem fra side til side for den ideelle laterale position, og drej dem for at finde den bedste vinkel til dine arme og h\u00e5ndled.[\/product_element][product_element position=&#8221;left&#8221; header=&#8221;TitanCore-base&#8221; images=&#8221;16712&#8243;]Denne stol er bygget til at underst\u00f8tte op til 135 kg og garanterer langvarig p\u00e5lidelighed og sikkerhed, hvilket g\u00f8r den til et fremragende valg til b\u00e5de professionel og personlig brug.[\/product_element][product_element header=&#8221;QuickSpin 360\u00b0 hjul&#8221; images=&#8221;16703&#8243;]360-graders drejefunktionen giver dig mulighed for at rotere ubesv\u00e6ret i enhver retning, hvilket giver maksimal fleksibilitet og nem adgang til alle omr\u00e5der af dit skrivebord og omgivelser \u2013 alt sammen i stilhed.[\/product_element][product_element position=&#8221;left&#8221; header=&#8221;Nem montering&#8221; images=&#8221;16694&#8243;]Klar visuel vejledning giver dig mulighed for at samle stolen p\u00e5 under 20 minutter. Uanset om du g\u00f8r det selv eller med en ven \u2013 vi har s\u00f8rget for, at det er nemt.[\/product_element][vc_raw_html css=&#8221;&#8221;]ICAgIDxkaXYgY2xhc3M9ImRldGFpbGVkLXJldmlldyI+CiAgICAgICAgPGgyPkzDpnMgZGV0YWxqZXJlZGUgYW5tZWxkZWxzZXIgaTwvaDI+CiAgICAgICAgPGRpdiBjbGFzcz0iZGV0YWlsZWQtcmV2aWV3X19jb250ZW50Ij4KICAgICAgICAgICAgPGRpdiBjbGFzcz0iZGV0YWlsZWQtcmV2aWV3X19pbWFnZSI+CiAgICAgICAgICAgICAgICA8YSBocmVmPSJodHRwczovL3BhcmFkb3gyNC5jb20vZGEvcGFyYWRveC10ZXN0aW1vbmlhbHMvIj48aW1nIHNyYz0iL3dwLWNvbnRlbnQvdXBsb2Fkcy8yMDI1LzA5L0hhcmRab25lLTEucG5nIiBhbHQ9IkhhcmRab25lIj48L2E+CiAgICAgICAgICAgIDwvZGl2PgogICAgICAgICAgICA8ZGl2IGNsYXNzPSJkZXRhaWxlZC1yZXZpZXdfX2ltYWdlIj4KICAgICAgICAgICAgICAgIDxhIGhyZWY9Imh0dHBzOi8vcGFyYWRveDI0LmNvbS9kYS9wYXJhZG94LXRlc3RpbW9uaWFscy8iPjxpbWcgc3JjPSIvd3AtY29udGVudC91cGxvYWRzLzIwMjUvMDkvR3JvdXAtNzQ3LnBuZyIgYWx0PSJDSElQIj48L2E+CiAgICAgICAgICAgIDwvZGl2PgogICAgICAgICAgICA8ZGl2IGNsYXNzPSJkZXRhaWxlZC1yZXZpZXdfX2ltYWdlIj4KICAgICAgICAgICAgICAgIDxhIGhyZWY9Imh0dHBzOi8vcGFyYWRveDI0LmNvbS9kYS9wYXJhZG94LXRlc3RpbW9uaWFscy8iPjxpbWcgc3JjPSIvd3AtY29udGVudC91cGxvYWRzLzIwMjUvMDkvTmV4dFBsYXllci5pdC0xLnBuZyIgYWx0PSJOZXh0UGxheWVyIj48L2E+CiAgICAgICAgICAgIDwvZGl2PgogICAgICAgICAgICA8ZGl2IGNsYXNzPSJkZXRhaWxlZC1yZXZpZXdfX2ltYWdlIj4KICAgICAgICAgICAgICAgIDxhIGhyZWY9Imh0dHBzOi8vcGFyYWRveDI0LmNvbS9kYS9wYXJhZG94LXRlc3RpbW9uaWFscy8iPjxpbWcgc3JjPSIvd3AtY29udGVudC91cGxvYWRzLzIwMjUvMDkvQ2hhaXJQQy0xLnBuZyIgYWx0PSJTdG9sIFBDIj48L2E+CiAgICAgICAgICAgIDwvZGl2PgogICAgICAgIDwvZGl2PgoKICAgIDwvZGl2Pgo=[\/vc_raw_html][product_images images=&#8221;17382&#8243;][product_action header=&#8221;Opgrader din siddeoplevelse i dag!&#8221; text=&#8221;Revolution\u00e9r dit arbejdsomr\u00e5de og gaming-ops\u00e6tning med vores Ultimate Chair. Oplev uovertruffen komfort og professionel ekspertise.&#8221; button_text=&#8221;L\u00e6g ULTIMATE Black Raven i kurven&#8221; main_image=&#8221;16685&#8243; mobile_image=&#8221;16676&#8243;][testimontial_review_list header=&#8221;Anmeldelser &amp; Presse&#8221; review_0=&#8221;Se Ultimate Lunar Trace-anmeldelsen af Alexis Prieto p\u00e5 Youtube&#8221; background_image_0=&#8221;19917&#8243; play_image_0=&#8221;19926&#8243; flag_image_0=&#8221;19935&#8243; link_0=&#8221;https:\/\/www.youtube.com\/watch?v=yQZF2XwK89c&#8221; review_1=&#8221;Ultimate Black Raven anmeldt af CHIP Team p\u00e5 Youtube&#8221; background_image_1=&#8221;20033&#8243; play_image_1=&#8221;19926&#8243; flag_image_1=&#8221;20105&#8243; link_1=&#8221;https:\/\/www.youtube.com\/watch?v=WTlwHwej9C0&#8243; review_2=&#8221;Udtalelsen om Commander Sunrise Hero af NextPlayer.it&#8221; background_image_2=&#8221;20006&#8243; play_image_2=&#8221;20117&#8243; flag_image_2=&#8221;20096&#8243; link_2=&#8221;https:\/\/www.nextplayer.it\/paradox-sedia-gaming-serie-commander-recensione\/&#8221;][\/vc_column][\/vc_row]<\/p>\n<\/div>","protected":false},"excerpt":{"rendered":"<p>Minimalistisk, men alligevel markant design, materialer af h\u00f8j kvalitet og komfort, der hj\u00e6lper dig med at n\u00e5 dine m\u00e5l.<\/p>\n<ul>\n<li><b>Til dem, der kr\u00e6ver diskret elegance:<\/b> Perfekt til professionelle og ivrige gamere, der \u00f8nsker at investere i luksus og raffinement.<\/li>\n<li><b>Minimalistisk, tidl\u00f8st design:<\/b> Elegant og diskret, passer ubesv\u00e6ret ind i enhver professionel eller avanceret gaming-ops\u00e6tning.<\/li>\n<li><b>Materialer af h\u00f8jeste kvalitet overalt:<\/b> Fremstillet af de fineste materialer for lang levetid og f\u00f8rsteklasses komfort.<\/li>\n<li><b>Overlegne mekanismer for perfekt ergonomi:<\/b> Avanceret justerbarhed for en meget personlig oplevelse.<\/li>\n<li><b>Koldst\u00f8bt h\u00f8jdensitetsskum:<\/b> Overlegen s\u00e6depolstring, der holder formen i \u00e5revis \u2014 ingen h\u00e6ngen, ingen flade pletter.<\/li>\n<\/ul>\n","protected":false},"featured_media":25447,"template":"","meta":[],"product_cat":[386,253],"product_tag":[],"class_list":{"0":"post-25446","1":"product","2":"type-product","3":"status-publish","4":"has-post-thumbnail","6":"product_cat-ultimate-kollektionen","7":"product_cat-gamingstole","8":"","10":"first","11":"outofstock","12":"sale","13":"taxable","14":"shipping-taxable","15":"purchasable","16":"product-type-simple"},"_links":{"self":[{"href":"https:\/\/paradox24.com\/da\/wp-json\/wp\/v2\/product\/25446","targetHints":{"allow":["GET"]}}],"collection":[{"href":"https:\/\/paradox24.com\/da\/wp-json\/wp\/v2\/product"}],"about":[{"href":"https:\/\/paradox24.com\/da\/wp-json\/wp\/v2\/types\/product"}],"wp:featuredmedia":[{"embeddable":true,"href":"https:\/\/paradox24.com\/da\/wp-json\/wp\/v2\/media\/25447"}],"wp:attachment":[{"href":"https:\/\/paradox24.com\/da\/wp-json\/wp\/v2\/media?parent=25446"}],"wp:term":[{"taxonomy":"product_cat","embeddable":true,"href":"https:\/\/paradox24.com\/da\/wp-json\/wp\/v2\/product_cat?post=25446"},{"taxonomy":"product_tag","embeddable":true,"href":"https:\/\/paradox24.com\/da\/wp-json\/wp\/v2\/product_tag?post=25446"}],"curies":[{"name":"wp","href":"https:\/\/api.w.org\/{rel}","templated":true}]}}