{"id":30764,"date":"2024-07-25T08:58:12","date_gmt":"2024-07-25T07:58:12","guid":{"rendered":"https:\/\/paradox24.com\/refund-policy\/"},"modified":"2026-02-23T16:47:38","modified_gmt":"2026-02-23T15:47:38","slug":"refund-policy","status":"publish","type":"page","link":"https:\/\/paradox24.com\/da\/refund-policy\/","title":{"rendered":"Refusionspolitik"},"content":{"rendered":"<div class=\"wpb-content-wrapper\"><p>[vc_row][vc_column][vc_column_text css=&#8221;&#8221;]<\/p>\n<p>Vi har en 100-dages returpolitik, hvilket betyder, at du har 100 dage efter modtagelsen af din vare til at anmode om en retur.<\/p>\n<p>For at starte en retur kan du kontakte os p\u00e5 <a href=\"mailto:hello@paradox24.com\">hello@paradox24.com<\/a>. Bem\u00e6rk venligst, at returneringer skal sendes til f\u00f8lgende adresse: Omnipack Fulfillment Center, hall DC04 rampe 55, Aleja Katowicka 66, 05-830 Nadarzyn, Polen<\/p>\n<p>Varer, der sendes tilbage til os uden f\u00f8rst at anmode om retur, vil ikke blive accepteret.<\/p>\n<p>Du kan altid kontakte os for sp\u00f8rgsm\u00e5l om retur p\u00e5 <a href=\"mailto:hello@paradox24.com\">hello@paradox24.com<\/a>.<\/p>\n<p><strong>Skader og problemer<\/strong><br \/>Venligst inspicer din ordre ved modtagelse og kontakt os straks, hvis varen er defekt, beskadiget eller hvis du modtager den forkerte vare, s\u00e5 vi kan vurdere problemet og rette op p\u00e5 det.<\/p>\n<p><strong>Undtagelser \/ ikke-returnerbare varer<\/strong><br \/>Visse typer varer kan ikke returneres, s\u00e5som letford\u00e6rvelige varer (s\u00e5som mad, blomster eller planter), specialprodukter (s\u00e5som specialbestillinger eller personlige varer) og personlige plejevarer (s\u00e5som sk\u00f8nhedsprodukter). Vi accepterer heller ikke returneringer for farlige materialer, brandfarlige v\u00e6sker eller gasser. Kontakt os venligst, hvis du har sp\u00f8rgsm\u00e5l eller bekymringer om dit specifikke produkt.<\/p>\n<p><strong>B\u00f8rser<\/strong><br \/>Den hurtigste m\u00e5de at sikre, at du f\u00e5r det, du \u00f8nsker, er at returnere den vare, du har, og n\u00e5r returneringen er accepteret, foretage et separat k\u00f8b af den nye vare.<\/p>\n<p><strong>Den Europ\u00e6iske Unions 14-dages afk\u00f8lingsperiode<\/strong><br \/>Uanset ovenst\u00e5ende har du ret til at annullere eller returnere din ordre inden for 14 dage, uanset \u00e5rsag og uden begrundelse, hvis varen sendes ind i EU.<\/p>\n<p>[\/vc_column_text][\/vc_column][\/vc_row]<\/p>\n<\/div>","protected":false},"excerpt":{"rendered":"<p>[vc_row][vc_column][vc_column_text css=&#8221;&#8221;] Vi har en 100-dages returpolitik, hvilket betyder, at du har 100 dage efter modtagelsen af din vare til at anmode om en retur. For at starte en retur kan du kontakte os p\u00e5 hello@paradox24.com. Bem\u00e6rk venligst, at returneringer skal sendes til f\u00f8lgende adresse: Omnipack Fulfillment Center, hall DC04 rampe 55, Aleja Katowicka 66, [&hellip;]<\/p>\n","protected":false},"author":2,"featured_media":0,"parent":0,"menu_order":0,"comment_status":"closed","ping_status":"closed","template":"","meta":{"footnotes":""},"class_list":["post-30764","page","type-page","status-publish","hentry","no-thumb"],"_links":{"self":[{"href":"https:\/\/paradox24.com\/da\/wp-json\/wp\/v2\/pages\/30764","targetHints":{"allow":["GET"]}}],"collection":[{"href":"https:\/\/paradox24.com\/da\/wp-json\/wp\/v2\/pages"}],"about":[{"href":"https:\/\/paradox24.com\/da\/wp-json\/wp\/v2\/types\/page"}],"author":[{"embeddable":true,"href":"https:\/\/paradox24.com\/da\/wp-json\/wp\/v2\/users\/2"}],"replies":[{"embeddable":true,"href":"https:\/\/paradox24.com\/da\/wp-json\/wp\/v2\/comments?post=30764"}],"version-history":[{"count":2,"href":"https:\/\/paradox24.com\/da\/wp-json\/wp\/v2\/pages\/30764\/revisions"}],"predecessor-version":[{"id":30770,"href":"https:\/\/paradox24.com\/da\/wp-json\/wp\/v2\/pages\/30764\/revisions\/30770"}],"wp:attachment":[{"href":"https:\/\/paradox24.com\/da\/wp-json\/wp\/v2\/media?parent=30764"}],"curies":[{"name":"wp","href":"https:\/\/api.w.org\/{rel}","templated":true}]}}