{"id":30550,"date":"2018-06-01T08:19:29","date_gmt":"2018-06-01T07:19:29","guid":{"rendered":"https:\/\/paradox24.com\/about\/"},"modified":"2026-02-23T16:53:23","modified_gmt":"2026-02-23T15:53:23","slug":"about","status":"publish","type":"page","link":"https:\/\/paradox24.com\/da\/about\/","title":{"rendered":"Om"},"content":{"rendered":"<div class=\"wpb-content-wrapper\"><p>[vc_row full_width=&#8221;stretch_row_content_no_spaces&#8221; el_class=&#8221;supro-no-padding-left supro-no-padding-right&#8221;][vc_column][vc_column_text css=&#8221;.vc_custom_1729797872336{margin-bottom: 0px !important;}&#8221;]<\/p>\n<div class=\"about-us heading\">\n<div class=\"heading-content\">\n<h2>Hej!<\/h2>\n<p><strong>Vi er Paradox!<\/strong> Vi laver <strong>h\u00f8jtydende s\u00e6der<\/strong> for at hj\u00e6lpe dig med at <strong>maksimere dit potentiale<\/strong> i b\u00e5de arbejde og spil. Vores designs blander <strong>ergonomisk st\u00f8tte<\/strong>, <strong>premium kvalitet<\/strong> og <strong>inspirerende \u00e6stetik<\/strong> for at l\u00f8fte ethvert rum.<\/p>\n<\/div>\n<p><img decoding=\"async\" src=\"https:\/\/paradox24.com\/wp-content\/uploads\/2024\/10\/3-razem_01-1.png\" alt=\"Baggrundsbillede\" \/><\/p>\n<\/div>\n<p>[\/vc_column_text][vc_column_text css=&#8221;.vc_custom_1729798099020{margin-bottom: 0px !important;background-color: #222222 !important;}&#8221; el_class=&#8221;.about-us .info .info&#8211;white&#8221;]<\/p>\n<h2>Hvem vi er.<\/h2>\n<p>Hos Paradox Gaming er vi en <strong>gruppe passionerede iv\u00e6rks\u00e6ttere<\/strong> med i alt <strong>250 \u00e5r<\/strong> erfaring p\u00e5 tv\u00e6rs af forskellige industrier. Vores mangfoldige baggrunde i <strong>produktudvikling<\/strong>, <strong>design<\/strong>, <strong>e-commerce<\/strong>, r\u00e5dgivning, reklame, g\u00e6stfrihed, events, urban arkitektur, kosmetik og forbrugsvarer har givet os et unikt perspektiv p\u00e5 produktdesign og kundens behov.[\/vc_column_text][vc_column_text css=&#8221;.vc_custom_1729798671318{margin-bottom: 0px !important;background-color: #ffffff !important;}&#8221; el_class=&#8221;.about-us .info&#8221;]<\/p>\n<h3>M\u00f8d grundl\u00e6ggerteamet:<\/h3>\n<div class=\"founder\">\n<div class=\"founder-image\"><img loading=\"lazy\" decoding=\"async\" src=\"https:\/\/paradox24.com\/wp-content\/uploads\/2024\/10\/IMG_9627-BW-1.png\" alt=\"Przemek Kowalewski\" width=\"400\" height=\"400\" \/><\/div>\n<div class=\"founder-content\">\n<p><strong>Przemek Kowalewski, CEO<\/strong><\/p>\n<p>Den strategiske vision\u00e6r og e-commerce innovator. Przemek, tidligere leder hos Westwing (e-commerce for hjem og indretning), bringer ekspertise i produktudvikling, indk\u00f8b og produktion samt e-commerce og digital markedsf\u00f8ring. Tidligere McKinsey-konsulent med et skarpt \u00f8je for forretningsstrategi og drift.<\/p>\n<\/div>\n<\/div>\n<div class=\"founder\">\n<div class=\"founder-image\"><img loading=\"lazy\" decoding=\"async\" src=\"https:\/\/paradox24.com\/wp-content\/uploads\/2024\/10\/IMG_9627-BW-1-2.png\" alt=\"Pawe\u0142 Miklaszewski\" width=\"400\" height=\"400\" \/><\/div>\n<div class=\"founder-content\">\n<p><strong>Pawe\u0142 Miklaszewski, Chief Creative Officer<\/strong><\/p>\n<p>Den kreative kraft hos Paradox. Pawe\u0142 er ogs\u00e5 grundl\u00e6gger af det prisvindende 360-bureau &#8220;Walk Group&#8221; og designbutikken &#8220;Walk with David&#8221;, og bringer en rigdom af design- og kreativ ekspertise til Paradox. Hans imponerende samling af priser, inklusive en Cannes Lion, flere KTR Awards, Effies og mange flere, vidner om hans forbrugerfokuserede tilgang.<\/p>\n<\/div>\n<\/div>\n<h3>Vores Chief Designer:<\/h3>\n<div class=\"founder\">\n<div class=\"founder-image\"><img loading=\"lazy\" decoding=\"async\" src=\"https:\/\/paradox24.com\/wp-content\/uploads\/2024\/10\/IMG_9627-BW-1-1.png\" alt=\"David Racchi\" width=\"400\" height=\"400\" \/><\/div>\n<div class=\"founder-content\">\n<p><strong>David Racchi, Chief Designer<\/strong><\/p>\n<p>David, en australier med globalt perspektiv, bringer international flair til sit arbejde, formet af erfaringer i Melbourne, Spanien og Argentina. Hans designs sp\u00e6nder over produktdesign, emballagedesign, branding, reklame og mere, hvert stykke afspejler hans unikke tilgang til at gifte enkelhed med storytelling. Hans talent er anerkendt p\u00e5 den globale scene, inklusive med en prestigefyldt Gold Cannes Lion.<\/p>\n<\/div>\n<\/div>\n<p>[\/vc_column_text][vc_column_text css=&#8221;.vc_custom_1729542358975{margin-bottom: 0px !important;background-color: #222222 !important;}&#8221; el_class=&#8221;.about-us .info .info&#8211;white&#8221;]<\/p>\n<h2>Vores historie.<\/h2>\n<p>F\u00f8dslen af Paradox Gaming var ikke en Hollywood-thriller, men vi synes det er en historie v\u00e6rd at fort\u00e6lle.<\/p>\n<p>Det hele begyndte med en simpel jagt: at finde den perfekte kontorstol.<br \/>\nMens vi s\u00f8gte, inds\u00e5 vi, at markedet tilb\u00f8d to utilfredsstillende ekstremer \u2013 formelle, ikke-ergonomiske stole<br \/>\neller gaming-stole med uappelerende designs. Denne kl\u00f8ft p\u00e5 markedet t\u00e6ndte en id\u00e9.<\/p>\n<p>Vores k\u00e6rlighed til design og skabelse af fysiske produkter drev vores passion. S\u00e5, i sommeren 2022,<br \/>\npr\u00e6senterede en mulighed sig. Vi overtog et firma med en lille forretningsenhed, der solgte um\u00e6rkede gaming-stole. Denne overtagelse var katalysatoren, vi havde brug for.<\/p>\n<p>Vi besluttede at overh\u00e6ve produktportef\u00f8ljen fuldst\u00e6ndigt og skabe et brand, der ville revolutionere konceptet med gaming-stole. Og lige s\u00e5dan blev Paradox f\u00f8dt.<\/p>\n<p>Siden vores grundl\u00e6ggelse i 2022 har vi dedikeret os fuldt ud til at perfektionere Paradox-oplevelsen!<br \/>\nVi har skabt over 200 unikke stol-designs og over 30 prototyper, rejst over tre kontinenter<br \/>\nfor at bes\u00f8ge 10+ produktionsfaciliteter og talt med hundredvis af brugere.<\/p>\n<p class=\"motto\"><strong>Men vigtigst af alt, vi skabte stole, som vi elsker og bruger hver dag.<\/strong><\/p>\n<p>[\/vc_column_text][vc_column_text css=&#8221;.vc_custom_1729542370996{margin-bottom: 0px !important;background-color: #e3e3e3 !important;}&#8221; el_class=&#8221;.about-us .info&#8221;]<\/p>\n<h2>Vores filosofi.<\/h2>\n<p>Husker du, da sneakers kun var til l\u00f8b? S\u00e5 kom Nike og sagde: &#8220;Hey, du kan b\u00e6re disse sko hver dag! De er stilfulde, komfortable og holdbare.&#8221;<\/p>\n<p>Vi tager en lignende tilgang til gaming-stole. Vi tror, at en fantastisk stol til arbejde og spil skal v\u00e6re mere end bare funktionel. Den skal v\u00e6re:<\/p>\n<ul>\n<li>Ergonomisk og komfortabel til de lange sidde-sessioner<\/li>\n<li>Et statement-stykke med ekstraordin\u00e6rt design<\/li>\n<li>Holdbar og af h\u00f8j kvalitet til at modst\u00e5 tidens tand<\/li>\n<\/ul>\n<p class=\"motto\"><strong>Hos Paradox udfordrer vi forestillingen om, at gaming-stole kun er til gamere. Vi skaber stole, der st\u00f8tter din livsstil, uanset om du erobrer virtuelle verdener eller din arbejdsdag.<\/strong><\/p>\n<p>[\/vc_column_text][vc_column_text css=&#8221;.vc_custom_1729541822753{margin-bottom: 0px !important;background-color: #ffffff !important;}&#8221; el_class=&#8221;.about-us .info&#8221;]<\/p>\n<h2>Vores mission.<\/h2>\n<p>Vores mission er simpel men ambiti\u00f8s:<\/p>\n<ol>\n<li>At tilbyde dig en ergonomisk, h\u00f8j kvalitet stol med exceptionelt design.<\/li>\n<li>At st\u00f8tte dig under lange sidde-timer og forbedre din pr\u00e6station.<\/li>\n<li>At bringe dig gl\u00e6de hver gang du ser p\u00e5 din stol.<\/li>\n<li>At skabe produkter, der modst\u00e5r tidens tand.<\/li>\n<\/ol>\n<p><strong>Men det handler ikke kun om slutproduktet. Vi er forpligtede til at have det sjovt gennem hele processen &#8211; fra design og fremstilling til levering. Vi tror, at n\u00e5r vi nyder det, vi g\u00f8r, afspejles det i kvaliteten af vores produkter og vores kunders tilfredshed.<\/strong>[\/vc_column_text][vc_column_text css=&#8221;.vc_custom_1729542376551{margin-bottom: 0px !important;background-color: #e3e3e3 !important;}&#8221; el_class=&#8221;.about-us .info&#8221;]<\/p>\n<h2>Vores v\u00e6rdier.<\/h2>\n<p>I kernen af Paradox Gaming er vores vejledende principper:<\/p>\n<ol>\n<li><strong>Innovation<\/strong>: Vi skubber konstant gr\u00e6nserne for stol-design og funktionalitet.<\/li>\n<li><strong>Kvalitet<\/strong>: Vi g\u00e5r aldrig p\u00e5 kompromis med materialer eller h\u00e5ndv\u00e6rk i vores produkter.<\/li>\n<li><strong>Kundetilfredshed<\/strong>: Din komfort og lykke er vores h\u00f8jeste prioriteringer.<\/li>\n<li><strong>B\u00e6redygtighed<\/strong>: Vi er forpligtede til milj\u00f8ansvarlige fremstillingspraksisser.<\/li>\n<li><strong>Transparency<\/strong>: Vi tror p\u00e5 \u00e5ben kommunikation med vores kunder og partnere.<\/li>\n<\/ol>\n<p class=\"motto\"><strong>Disse v\u00e6rdier informerer enhver beslutning, vi tager, fra designvalg til kundeservicepraksisser.<\/strong><\/p>\n<p>[\/vc_column_text][vc_column_text css=&#8221;.vc_custom_1729544085070{margin-bottom: 0px !important;background-color: #ffffff !important;}&#8221; el_class=&#8221;.about-us .info&#8221;]<\/p>\n<h3>Del af eco24 Group.<\/h3>\n<p>Som del af eco24 Group nyder Paradox godt af en bredere mission: at skabe innovative, b\u00e6redygtige og designorienterede produkter p\u00e5 tv\u00e6rs af en r\u00e6kke industrier.[\/vc_column_text][vc_column_text css=&#8221;.vc_custom_1729542300549{margin-bottom: 0px !important;background-color: #bf403a !important;}&#8221; el_class=&#8221;.about-us .info .info&#8211;center .info&#8211;white&#8221;]<\/p>\n<h2>Slut dig til Paradox-revolutionen.<\/h2>\n<p>Klar til at opleve den perfekte blanding af stil, komfort og funktionalitet?<br \/>\nUdforsk vores udvalg af Paradox gaming-stole og find den, der taler til dig.<\/p>\n<p>Har du sp\u00f8rgsm\u00e5l eller brug for assistance? Vores team er altid her for at hj\u00e6lpe.<br \/>\nKontakt os i dag og lad os starte en samtale om din perfekte stol<br \/>\np\u00e5 <a href=\"mailto:hello@paradox24.com\">hello@paradox24.com<\/a><\/p>\n<p class=\"motto\"><strong>Velkommen til Paradox \u2013 hvor komfort m\u00f8der stil, og funktion m\u00f8der form!<\/strong><\/p>\n<p>[\/vc_column_text][\/vc_column][\/vc_row]<\/p>\n<\/div>","protected":false},"excerpt":{"rendered":"<p>[vc_row full_width=&#8221;stretch_row_content_no_spaces&#8221; el_class=&#8221;supro-no-padding-left supro-no-padding-right&#8221;][vc_column][vc_column_text css=&#8221;.vc_custom_1729797872336{margin-bottom: 0px !important;}&#8221;] Hej! Vi er Paradox! Vi laver h\u00f8jtydende s\u00e6der for at hj\u00e6lpe dig med at maksimere dit potentiale i b\u00e5de arbejde og spil. Vores designs blander ergonomisk st\u00f8tte, premium kvalitet og inspirerende \u00e6stetik for at l\u00f8fte ethvert rum. [\/vc_column_text][vc_column_text css=&#8221;.vc_custom_1729798099020{margin-bottom: 0px !important;background-color: #222222 !important;}&#8221; el_class=&#8221;.about-us .info .info&#8211;white&#8221;] Hvem vi [&hellip;]<\/p>\n","protected":false},"author":2,"featured_media":0,"parent":0,"menu_order":0,"comment_status":"closed","ping_status":"closed","template":"template-fullwidth.php","meta":{"footnotes":""},"class_list":["post-30550","page","type-page","status-publish","hentry","no-thumb"],"_links":{"self":[{"href":"https:\/\/paradox24.com\/da\/wp-json\/wp\/v2\/pages\/30550","targetHints":{"allow":["GET"]}}],"collection":[{"href":"https:\/\/paradox24.com\/da\/wp-json\/wp\/v2\/pages"}],"about":[{"href":"https:\/\/paradox24.com\/da\/wp-json\/wp\/v2\/types\/page"}],"author":[{"embeddable":true,"href":"https:\/\/paradox24.com\/da\/wp-json\/wp\/v2\/users\/2"}],"replies":[{"embeddable":true,"href":"https:\/\/paradox24.com\/da\/wp-json\/wp\/v2\/comments?post=30550"}],"version-history":[{"count":3,"href":"https:\/\/paradox24.com\/da\/wp-json\/wp\/v2\/pages\/30550\/revisions"}],"predecessor-version":[{"id":30803,"href":"https:\/\/paradox24.com\/da\/wp-json\/wp\/v2\/pages\/30550\/revisions\/30803"}],"wp:attachment":[{"href":"https:\/\/paradox24.com\/da\/wp-json\/wp\/v2\/media?parent=30550"}],"curies":[{"name":"wp","href":"https:\/\/api.w.org\/{rel}","templated":true}]}}