{"id":30548,"date":"2024-07-25T08:58:11","date_gmt":"2024-07-25T07:58:11","guid":{"rendered":"https:\/\/paradox24.com\/privacy-policy\/"},"modified":"2026-02-23T16:38:14","modified_gmt":"2026-02-23T15:38:14","slug":"privacy-policy","status":"publish","type":"page","link":"https:\/\/paradox24.com\/da\/privacy-policy\/","title":{"rendered":"Privatlivspolitik"},"content":{"rendered":"<p><\/p><h2 class=\"wp-block-heading\">K\u00e6re bruger!<\/h2><p>Vi g\u00e5r op i dit privatliv og \u00f8nsker, at du skal f\u00f8le dig tryg ved at bruge vores tjenester. Derfor pr\u00e6senterer vi nedenfor de vigtigste oplysninger om politikken for behandling af dine personlige data og om cookies, som vores butik bruger. Disse oplysninger er udarbejdet i forhold til GDPR, dvs. den generelle databeskyttelsesforordning.  <\/p><h2 class=\"wp-block-heading\">PERSONDATAANSVARLIG<\/h2><p>ECO24 SP\u00d3\u0141KA Z OGRANICZON\u0104 ODPOWIEDZIALNO\u015aCI\u0104 med sit registrerede s\u00e6de ul. Algierska 17K, 03-977 Warszawa, Polen, optaget i det nationale retsregister &#8211; Register over entrepren\u00f8rer af S\u0104D REJONOWY DLA M.ST. WARSZAWY W WARSZAWIE, XIII WYDZIA\u0141 GOSPODARCZY KRAJOWEGO REJESTRU S\u0104DOWEGO, under KRS (National Court Register) nummer 0001061741, EU&#8217;s moms-identifikationsnummer PL5214039048, REGON (National Official Business Register-nummer) 52659871100000, startkapital PLN 100000,00. <\/p><p>Hvis du \u00f8nsker at kontakte os i forbindelse med vores behandling af dine personlige oplysninger, bedes du sende os en e-mail til: contact@paradox24.com.<\/p><h2 class=\"wp-block-heading\">DINE RETTIGHEDER<\/h2><p>Du har ret til at anmode om:<\/p><ul class=\"wp-block-list\"><li>adgang til dine persondata, herunder at f\u00e5 en kopi af dine data (artikel 15 i GDPR eller, hvis relevant, artikel 13 \u00a7 1(f) i GDPR),<\/li>\n\n<li>deres rettelse (artikel 16 i GDPR),<\/li>\n\n<li>sletning (artikel 17 i GDPR),<\/li>\n\n<li>begr\u00e6nsning af deres behandling (artikel 18 i GDPR),<\/li>\n\n<li>overf\u00f8rsel af data til en anden ansvarlig (artikel 20 i GDPR),<\/li><\/ul><p>og retten til:<\/p><ul class=\"wp-block-list\"><li>Modsigelse mod behandling af dine personlige data n\u00e5r som helst:<ul class=\"wp-block-list\"><li>p\u00e5 grundlag af din s\u00e6rlige situation \u2013 med hensyn til behandlingen af dine persondata baseret p\u00e5 artikel 6, stk. 1(f) i GDPR (dvs. de legitime interesser, vi forf\u00f8lger);<\/li>\n\n<li>hvis dine personoplysninger behandles med henblik p\u00e5 direkte markedsf\u00f8ring, i det omfang s\u00e5dan behandling er relateret til s\u00e5dan direkte markedsf\u00f8ring (art. 21, afsnit 2 i GDPR).<\/li><\/ul><\/li><\/ul><p>Kontakt os, hvis du \u00f8nsker at ud\u00f8ve dine rettigheder. Du kan is\u00e6r g\u00f8re indsigelse mod vores brug af cookies (som du vil l\u00e6se om nedenfor) ved at bruge de relevante indstillinger i din browser. <\/p><p>Hvis du mener, at dine data bliver behandlet ulovligt, kan du indgive en klage til den kompetente databeskyttelsesmyndighed.<\/p><h2 class=\"wp-block-heading\">PERSONDATA OG PRIVATLIV<\/h2><p>Dine data behandles af os til form\u00e5l relateret til driften af butikken og leveringen af de tjenester, der tilbydes der. Nedenfor finder du detaljerede oplysninger om behandlingen af dine data afh\u00e6ngigt af dine aktiviteter. <\/p><h3 class=\"wp-block-heading\">1. Afgivelse af en ordre i butikken &#8211; Del 1<\/h3><figure class=\"wp-block-table\"><table class=\"has-fixed-layout\"><tbody><tr><th>Med hvilket form\u00e5l behandler vi dine data?<\/th><\/tr><tr><td>for at behandle din ordre<\/td><\/tr><tr><th>P\u00e5 hvilket grundlag behandler vi dine data?<\/th><\/tr><tr><td>en k\u00f8bskontrakt (artikel 6 \u00a7 1(b) i GDPR)<\/td><td>juridisk forpligtelse, relateret til regnskab, som forpligter os til at behandle dine personoplysninger (artikel 6, stk. 1(c) i GDPR)<\/td><\/tr><tr><th>Hvor l\u00e6nge vil vi behandle dine data?<\/th><\/tr><tr><td>for varigheden af den n\u00e6vnte kontrakt<\/td><td>indtil udl\u00f8bet af vores juridiske forpligtelser vedr\u00f8rende regnskab<\/td><\/tr><tr><td>Derudover vil dine data blive behandlet indtil udl\u00f8bet af den periode, hvor krav kan freml\u00e6gges \u2013 enten af dig eller af os<br\/>(se den sidste tabel i denne del for mere information)<\/td><\/tr><tr><th>Hvad sker der, hvis du ikke leverer dataene?<\/th><\/tr><tr><td>Du vil ikke kunne afgive en ordre<\/td><\/tr><\/tbody><\/table><\/figure><h3 class=\"wp-block-heading\">2. Afgivelse af en ordre i butikken &#8211; Del 2<\/h3><figure class=\"wp-block-table\"><table class=\"has-fixed-layout\"><tbody><tr><th>Med hvilket form\u00e5l behandler vi dine data?<\/th><\/tr><tr><td>forbedring af kvaliteten af vores tjenester takket v\u00e6re feedback fra brugerne gennem tilfredshedsunders\u00f8gelsestjenesten<\/td><\/tr><tr><th>P\u00e5 hvilket grundlag behandler vi dine data?<\/th><\/tr><tr><td>vores legitime interesse i at behandle dine data med henblik p\u00e5 at gennemf\u00f8re unders\u00f8gelser af din tilfredshed med vores tjenester (artikel 6, stk. 1(f) i GDPR)<\/td><\/tr><tr><th>Hvor l\u00e6nge vil vi behandle dine data?<\/th><\/tr><tr><td>Hvis du ikke giver feedback, i en periode p\u00e5 30 dage fra dit k\u00f8b eller indtil vi tager hensyn til din indsigelse mod behandlingen; og hvis du giver feedback \u2013 indtil den slettes, eller indtil vi tager hensyn til din indsigelse mod behandlingen*<\/td><\/tr><tr><td>Derudover vil dine data blive behandlet indtil udl\u00f8bet af den periode, hvor krav kan freml\u00e6gges \u2013 enten af dig eller af os<br\/>(se den sidste tabel i denne del for mere information)<\/td><\/tr><tr><th>Hvad sker der, hvis du ikke leverer dataene?<\/th><\/tr><tr><td>Vi vil ikke tage din mening om vores tjenester i betragtning i den videre udvikling af vores tjenester<\/td><\/tr><\/tbody><\/table><\/figure><p>*alt efter hvad der er relevant i et bestemt tilf\u00e6lde<\/p><h3 class=\"wp-block-heading\">3. Opret en konto i butikken<\/h3><figure class=\"wp-block-table\"><table class=\"has-fixed-layout\"><tbody><tr><th>Med hvilket form\u00e5l behandler vi dine data?<\/th><\/tr><tr><td>at indg\u00e5 en kontrakt om oprettelse af en konto i butikken<\/td><\/tr><tr><th>P\u00e5 hvilket grundlag behandler vi dine data?<\/th><\/tr><tr><td>en kontrakt om levering af tjenesteydelser (artikel 6, stk. 1(b) i GDPR)<\/td><\/tr><tr><th>Hvor l\u00e6nge vil vi behandle dine data?<\/th><\/tr><tr><td>for varigheden af den n\u00e6vnte kontrakt<\/td><\/tr><tr><td>Derudover vil dine data blive behandlet indtil udl\u00f8bet af den periode, hvor krav kan freml\u00e6gges \u2013 enten af dig eller af os<br\/>(se den sidste tabel i denne del for mere information)<\/td><\/tr><tr><th>Hvad sker der, hvis du ikke leverer dataene?<\/th><\/tr><tr><td>Du vil ikke kunne oprette en konto og bruge dens funktioner, s\u00e5som at se din ordrehistorik eller tjekke din ordrestatus<\/td><\/tr><\/tbody><\/table><\/figure><h3 class=\"wp-block-heading\">4. Kontakt os (f.eks. for at stille et sp\u00f8rgsm\u00e5l)<\/h3><figure class=\"wp-block-table\"><table class=\"has-fixed-layout\"><tbody><tr><th>Med hvilket form\u00e5l behandler vi dine data?<\/th><\/tr><tr><td>for at besvare dine henvendelser eller anmodninger<\/td><\/tr><tr><th>P\u00e5 hvilket grundlag behandler vi dine data?<\/th><\/tr><tr><td>en kontrakt eller handlinger foretaget p\u00e5 din anmodning f\u00f8r indg\u00e5else af en kontrakt (artikel 6, stk. 1(b) i GDPR) \u2013 hvis din foresp\u00f8rgsel eller anmodning vedr\u00f8rer en kontrakt, som vi er eller kan v\u00e6re part i<\/td><td>vores legitime interesse i at behandle dine data med henblik p\u00e5 kommunikation med dig (artikel 6, stk. 1(f) i GDPR) \u2013 hvis din foresp\u00f8rgsel eller anmodning ikke vedr\u00f8rer en kontrakt<\/td><\/tr><tr><th>Hvor l\u00e6nge vil vi behandle dine data?<\/th><\/tr><tr><td>For kontraktens varighed eller hvis der ikke indg\u00e5s nogen kontrakt \u2013 indtil kravets udl\u00f8b \u2013 se den sidste tabel i denne del<\/td><td>indtil kravperioden udl\u00f8ber \u2013 se den sidste tabel i denne del eller indtil vi har taget hensyn til din indsigelse mod behandlingen*<\/td><\/tr><tr><td>Derudover vil dine data blive behandlet indtil udl\u00f8bet af den periode, hvor krav kan freml\u00e6gges \u2013 enten af dig eller af os<br\/>(se den sidste tabel i denne del for mere information)<\/td><\/tr><tr><th>Hvad sker der, hvis du ikke leverer dataene?<\/th><\/tr><tr><td>Vi kan ikke besvare din foresp\u00f8rgsel eller anmodning<\/td><\/tr><\/tbody><\/table><\/figure><p>*alt efter hvad der er relevant i et bestemt tilf\u00e6lde<br\/><\/p><h3 class=\"wp-block-heading\">5. Browserindstillinger eller anden lignende handling, der tillader analytiske aktiviteter<\/h3><figure class=\"wp-block-table\"><table class=\"has-fixed-layout\"><tbody><tr><th>Med hvilket form\u00e5l behandler vi dine data?<\/th><\/tr><tr><td>for at analysere, hvordan du bruger og navigerer i butikken for at forbedre dens funktionalitet<br\/>(l\u00e6s mere i afsnittene &#8220;Analytics&#8221; og &#8220;Cookies&#8221; i vores privatlivspolitik)<\/td><\/tr><tr><th>P\u00e5 hvilket grundlag behandler vi dine data?<\/th><\/tr><tr><td>Vores legitime interesse i at behandle dataene til det ovenfor n\u00e6vnte form\u00e5l<br\/>(Artikel 6, stk. 1(f) i GDPR)<\/td><\/tr><tr><th>Hvor l\u00e6nge vil vi behandle dine data?<\/th><\/tr><tr><td>indtil de cookies, der bruges til analytiske form\u00e5l, udl\u00f8ber eller slettes af dig*<\/td><\/tr><tr><th>Hvad sker der, hvis du ikke leverer dataene?<\/th><\/tr><tr><td>vi tager ikke h\u00f8jde for, hvordan du bruger og navigerer i butikken, n\u00e5r du arbejder p\u00e5 dens udvikling<\/td><\/tr><\/tbody><\/table><\/figure><p>*alt efter hvad der er relevant i et bestemt tilf\u00e6lde<br\/><\/p><h3 class=\"wp-block-heading\">6. Dit samtykke til at modtage markedsf\u00f8ringsindhold fra os (f.eks. information om s\u00e6rlige tilbud)<\/h3><figure class=\"wp-block-table\"><table class=\"has-fixed-layout\"><tbody><tr><th>Med hvilket form\u00e5l behandler vi dine data?<\/th><\/tr><tr><td>at sende markedsf\u00f8ringsinformation, is\u00e6r s\u00e6rlige tilbud<\/td><td>at analysere effektiviteten af de budskaber, vi sender, for at fastl\u00e6gge generelle principper for effektiv budskabskommunikation i vores forretningsaktiviteter<br\/>(l\u00e6s mere i delen &#8220;Analytiske aktiviteter&#8221; i privatlivspolitikken)<\/td><\/tr><tr><th>P\u00e5 hvilket grundlag behandler vi dine data?<\/th><\/tr><tr><td>dit samtykke til vores markedsf\u00f8ringsaktiviteter (artikel 6, stk. 1(a) i GDPR)<\/td><td>Vores legitime interesse i at behandle dataene til det ovenfor n\u00e6vnte form\u00e5l<br\/>(Artikel 6, stk. 1(f) i GDPR)<\/td><\/tr><tr><th>Hvor l\u00e6nge vil vi behandle dine data?<\/th><\/tr><tr><td>Indtil du tr\u00e6kker dit samtykke tilbage \u2013 husk, du kan tr\u00e6kke dit samtykke tilbage n\u00e5r som helst. Tilbagetr\u00e6kning af samtykke p\u00e5virker ikke lovligheden af behandlingen baseret p\u00e5 samtykket f\u00f8r tilbagetr\u00e6kning. <\/td><td>indtil vi har taget hensyn til din indsigelse mod behandlingen<\/td><\/tr><tr><td>Derudover vil dine data blive behandlet indtil udl\u00f8bet af den periode, hvor krav kan freml\u00e6gges \u2013 enten af dig eller af os<br\/>(se den sidste tabel i denne del for mere information)<\/td><\/tr><tr><th>Hvad sker der, hvis du ikke leverer dataene?<\/th><\/tr><tr><td>Du vil ikke modtage vores markedsf\u00f8ringsmaterialer, herunder information om vores s\u00e6rlige tilbud.<\/td><\/tr><\/tbody><\/table><\/figure><h3 class=\"wp-block-heading\">7. Tilmelding til nyhedsbrevet<\/h3><figure class=\"wp-block-table\"><table class=\"has-fixed-layout\"><tbody><tr><th>Med hvilket form\u00e5l behandler vi dine data?<\/th><\/tr><tr><td>For at sende dig vores nyhedsbrev<\/td><td>at analysere effektiviteten af de budskaber, vi sender, for at fastl\u00e6gge generelle principper for effektiv budskabskommunikation i vores forretningsaktiviteter<br\/>(l\u00e6s mere i delen &#8220;Analytiske aktiviteter&#8221; i privatlivspolitikken)<\/td><\/tr><tr><th>P\u00e5 hvilket grundlag behandler vi dine data?<\/th><\/tr><tr><td>en kontrakt for tjenester til udsendelse af et nyhedsbrev (artikel 6, stk. 1(b) i GDPR)<\/td><td>Vores legitime interesse i at behandle dataene til det ovenfor n\u00e6vnte form\u00e5l<br\/>(Artikel 6, stk. 1(f) i GDPR)<\/td><\/tr><tr><th>Hvor l\u00e6nge vil vi behandle dine data?<\/th><\/tr><tr><td>indtil du afmelder dig fra vores nyhedsbrev<\/td><td>indtil vi har taget hensyn til din indsigelse mod behandlingen<\/td><\/tr><tr><td>Derudover vil dine data blive behandlet indtil udl\u00f8bet af den periode, hvor krav kan freml\u00e6gges \u2013 enten af dig eller af os<br\/>(se den sidste tabel i denne del for mere information)<\/td><\/tr><tr><th>Hvad sker der, hvis du ikke leverer dataene?<\/th><\/tr><tr><td>Du vil ikke kunne modtage information om butikken og vores tjenester<\/td><\/tr><\/tbody><\/table><\/figure><h3 class=\"wp-block-heading\">8. Enhver handling eller undladelse, der kan give anledning til et krav vedr\u00f8rende butikken eller vores tjenester<\/h3><figure class=\"wp-block-table\"><table class=\"has-fixed-layout\"><tbody><tr><th>Med hvilket form\u00e5l behandler vi dine data?<\/th><\/tr><tr><td>at fastsl\u00e5, frems\u00e6tte eller forsvare mulige krav vedr\u00f8rende den indg\u00e5ede kontrakt eller de leverede tjenester<\/td><\/tr><tr><th>P\u00e5 hvilket grundlag behandler vi dine data?<\/th><\/tr><tr><td>vores legitime interesse i at behandle dine personoplysninger til det ovenfor n\u00e6vnte form\u00e5l (artikel 6, stk. 1(f) i GDPR)<\/td><\/tr><tr><th>Hvor l\u00e6nge vil vi behandle dine data?<\/th><\/tr><tr><td>indtil kravperioden udl\u00f8ber, eller indtil vi tager hensyn til din indsigelse mod databehandlingen*<\/td><\/tr><tr><th>Hvad sker der, hvis du ikke leverer dataene?<\/th><\/tr><tr><td>manglende evne til at etablere, frems\u00e6tte eller forsvare krav<\/td><\/tr><\/tbody><\/table><\/figure><p>*alt efter hvad der er relevant i et bestemt tilf\u00e6lde<br\/><\/p><h2 class=\"wp-block-heading\">OFFENTLIGG\u00d8RELSE AF DATA<\/h2><p>Hvis du v\u00e6lger at efterlade en kommentar, vil den v\u00e6re synlig, ligesom dit k\u00e6lenavn, for andre Shop-brugere.<\/p><p>Vi videregiver ikke din e-mailadresse til andre brugere \u2013 medmindre du selv g\u00f8r det.<\/p><h2 class=\"wp-block-heading\">ANALYTISKE AKTIVITETER<\/h2><p>Som en del af butikkens hjemmeside udf\u00f8rer vi analytiske aktiviteter for at g\u00f8re den mere intuitiv og tilg\u00e6ngelig \u2013 det g\u00f8r vi, hvis du tillader s\u00e5danne aktiviteter. Som en del af analysen tager vi h\u00f8jde for, hvordan du navigerer i Shoppen, for eksempel hvor meget tid du bruger p\u00e5 en bestemt underside, eller hvor i Shop du klikker. Dette g\u00f8r det muligt for os at optimere Shop&#8217;ens layout, udseende og indhold, mens vi arbejder p\u00e5 dens udvikling, for at forbedre dens funktionalitet.  <\/p><p>Derudover, hvis du \u00f8nsker at modtage markedsf\u00f8ringsbeskeder eller nyhedsbrev fra os, kan vi analysere effektiviteten af den forsendelse, vi har gennemf\u00f8rt. For eksempel kan vi tjekke, om og hvordan det p\u00e5virkede aktiviteten i vores butik. S\u00e5danne aktiviteter vil hj\u00e6lpe os med at etablere generelle regler for at sende s\u00e5danne beskeder \u2013 for eksempel i forhold til optimale sendetider eller hvordan man formulerer effektivt indhold.  <\/p><h2 class=\"wp-block-heading\">DATASIKKERHED<\/h2><p>N\u00e5r vi behandler dine personlige data, anvender vi organisatoriske og tekniske midler i overensstemmelse med g\u00e6ldende lovgivning, herunder kryptering af forbindelsen ved hj\u00e6lp af SSL\/TLS-protokollen.<\/p><h2 class=\"wp-block-heading\">COOKIES<\/h2><p>Vores butik, ligesom de fleste hjemmesider, bruger de s\u00e5kaldte cookies. Disse sm\u00e5kager: <\/p><ul class=\"wp-block-list\"><li>gemmes i hukommelsen p\u00e5 din enhed (computer, telefon osv.);<\/li>\n\n<li>\u00c6ndr ikke indstillingerne p\u00e5 din enhed.<\/li><\/ul><p>I vores butik bruges cookies til:<\/p><ul class=\"wp-block-list\"><li>Statistiske form\u00e5l,<\/li>\n\n<li>markedsf\u00f8ringsform\u00e5l,<\/li><\/ul><p>For at l\u00e6re at administrere cookies, herunder hvordan du sl\u00e5r dem fra i din browser, kan du bruge hj\u00e6lpefilen i din browser. Du kan finde ud af mere om dette ved at trykke F1 i din browser. Derudover kan passende tips findes p\u00e5 f\u00f8lgende sider, afh\u00e6ngigt af hvilken browser du bruger:  <\/p><ul class=\"wp-block-list\"><li><a href=\"https:\/\/support.google.com\/chrome\/answer\/95647?hl=en\" target=\"_blank\" rel=\"noreferrer noopener\">Google Chrome<\/a><\/li>\n\n<li><a href=\"https:\/\/help.opera.com\/en\/latest\/web-preferences\/#cookies\" target=\"_blank\" rel=\"noreferrer noopener\">Opera<\/a><\/li>\n\n<li><a href=\"https:\/\/support.apple.com\/en-gb\/guide\/safari\/sfri11471\/mac\" target=\"_blank\" rel=\"noreferrer noopener\">Safari<\/a><\/li>\n\n<li><a href=\"https:\/\/support.mozilla.org\/en-US\/kb\/cookies-information-websites-store-on-your-computer\" target=\"_blank\" rel=\"noreferrer noopener\">Mozilla Firefox<\/a><\/li>\n\n<li><a href=\"https:\/\/support.microsoft.com\/en-gb\/help\/4468242\/microsoft-edge-browsing-data-and-privacy\" target=\"_blank\" rel=\"noreferrer noopener\">Microsoft Edge<\/a><\/li><\/ul><p>Nedenfor kan du finde information om funktionerne af de cookies, vi behandler, og deres gyldighedsperiode.<\/p><figure class=\"wp-block-table\"><table class=\"has-fixed-layout\"><tbody><tr><th>Cookie-navn<\/th><th>Cookiens gyldighedstid<\/th><th>Cookie-funktion<\/th><\/tr><tr><td>&#8220;_ga&#8221;<\/td><td>Sessionens varighed<\/td><td>Sporing af brugeraktivitet til statistiske form\u00e5l<\/td><\/tr><\/tbody><\/table><\/figure><p>Ved at bruge de relevante indstillinger i din browser kan du n\u00e5r som helst:<\/p><ul class=\"wp-block-list\"><li>Slet cookies,<\/li>\n\n<li>Bloker brugen af cookies i fremtiden.<\/li><\/ul><p>I s\u00e5danne tilf\u00e6lde vil vi ikke l\u00e6ngere behandle dem.<\/p><h2 class=\"wp-block-heading\">EKSTERNE TJENESTER \/ DATAMODTAGERE<\/h2><p>Vi bruger eksterne tjenester til at hj\u00e6lpe os i vores forretning. Vi betror dem behandlingen af dine data \u2013 disse processorer behandler kun data efter vores dokumenterede anmodning. <\/p><p>Nedenfor finder du en liste over modtagerne af dine data:<\/p><figure class=\"wp-block-table\"><table class=\"has-fixed-layout\"><tbody><tr><th>AKTION<\/th><th>DATAMODTAGERE<\/th><th>OVERF\u00d8RSEL AF PERSONDATA TIL LANDE UDEN FOR DEN EUROP\u00c6ISKE UNION<\/th><\/tr><tr><th rowspan=\"4\">enhver handling relateret til butikken<\/th><td>Hostingudbyder<\/td><td>finder ikke sted<\/td><\/tr><tr><td>enhed, der yder os teknisk\/IT-support<\/td><td>finder ikke sted<\/td><\/tr><tr><td>personer, der samarbejder med os p\u00e5 grundlag af civilretlige kontrakter, som st\u00f8tter vores nuv\u00e6rende aktiviteter<\/td><td>finder ikke sted<\/td><\/tr><tr><td>Leverand\u00f8r af salgssoftware<\/td><td>finder ikke sted<\/td><\/tr><tr><th>bes\u00f8ge butikken med indstillinger, der tillader markedsf\u00f8ringsaktiviteter<\/th><td>Udbyder af markedsf\u00f8ringstjenester<\/td><td>finder ikke sted<\/td><\/tr><tr><th>bes\u00f8ge butikken med indstillinger, der tillader analytiske aktiviteter<\/th><td>enhed, der muligg\u00f8r analytiske aktiviteter i butikken<\/td><td>finder ikke sted<\/td><\/tr><tr><th rowspan=\"7\">afgiver en ordre i butikken<\/th><td>Betalingsformidler<\/td><td>finder ikke sted<\/td><\/tr><tr><td>en enhed, der leverer produktet til dig<\/td><td>finder ikke sted<\/td><\/tr><tr><td>Leverand\u00f8r af forretningsfaciliteringssoftware (f.eks. regnskabssoftware)<\/td><td>finder ikke sted<\/td><\/tr><tr><td>Leverand\u00f8r af standard kontorsoftware (inklusive e-mailbokse)<\/td><td>finder ikke sted<\/td><\/tr><tr><td>Grossisten<\/td><td>finder ikke sted<\/td><\/tr><tr><td>Regnskabskontor<\/td><td>finder ikke sted<\/td><\/tr><tr><td>Afbetalingstjenesteudbyder<\/td><td>finder ikke sted<\/td><\/tr><tr><th>Abonnement p\u00e5 nyhedsbrevet eller samtykke til markedsf\u00f8ring<\/th><td>enhed, der leverer nyhedsbrev eller markedsf\u00f8ringsbeskeder<\/td><td>finder ikke sted<\/td><\/tr><tr><th>brug af den online chat, der er tilg\u00e6ngelig i butikken<\/th><td>udbyder af online chat, der er tilg\u00e6ngelig i butikken<\/td><td>finder ikke sted<\/td><\/tr><tr><th>din brug af tjenester, der leveres til os i forbindelse med butikken via sociale medieplatforme<\/th><td>Sociale medieplatforme<\/td><td>finder ikke sted<\/td><\/tr><tr><th>Deltagelse i en tilfredshedsunders\u00f8gelse af vores tjenester eller produkter<\/th><td>enheder, der muligg\u00f8r offentligg\u00f8relse af meninger om Butikken eller produkterne og deres sammenligning<\/td><td>finder ikke sted<\/td><\/tr><tr><th>Kontakt os (f.eks. for at stille et sp\u00f8rgsm\u00e5l)<\/th><td>Leverand\u00f8r af standard kontorsoftware (inklusive e-mailbokse)<\/td><td>finder ikke sted<\/td><\/tr><\/tbody><\/table><\/figure><p>Derudover:<\/p><p>relevante offentlige myndigheder i det omfang, vi er forpligtet til at levere dem dataene.<\/p>","protected":false},"excerpt":{"rendered":"<p>K\u00e6re bruger! Vi g\u00e5r op i dit privatliv og \u00f8nsker, at du skal f\u00f8le dig tryg ved at bruge vores tjenester. Derfor pr\u00e6senterer vi nedenfor de vigtigste oplysninger om politikken for behandling af dine personlige data og om cookies, som vores butik bruger. Disse oplysninger er udarbejdet i forhold til GDPR, dvs. den generelle databeskyttelsesforordning. [&hellip;]<\/p>\n","protected":false},"author":2,"featured_media":0,"parent":0,"menu_order":0,"comment_status":"closed","ping_status":"closed","template":"","meta":{"footnotes":""},"class_list":["post-30548","page","type-page","status-publish","hentry","no-thumb"],"_links":{"self":[{"href":"https:\/\/paradox24.com\/da\/wp-json\/wp\/v2\/pages\/30548","targetHints":{"allow":["GET"]}}],"collection":[{"href":"https:\/\/paradox24.com\/da\/wp-json\/wp\/v2\/pages"}],"about":[{"href":"https:\/\/paradox24.com\/da\/wp-json\/wp\/v2\/types\/page"}],"author":[{"embeddable":true,"href":"https:\/\/paradox24.com\/da\/wp-json\/wp\/v2\/users\/2"}],"replies":[{"embeddable":true,"href":"https:\/\/paradox24.com\/da\/wp-json\/wp\/v2\/comments?post=30548"}],"version-history":[{"count":1,"href":"https:\/\/paradox24.com\/da\/wp-json\/wp\/v2\/pages\/30548\/revisions"}],"predecessor-version":[{"id":30549,"href":"https:\/\/paradox24.com\/da\/wp-json\/wp\/v2\/pages\/30548\/revisions\/30549"}],"wp:attachment":[{"href":"https:\/\/paradox24.com\/da\/wp-json\/wp\/v2\/media?parent=30548"}],"curies":[{"name":"wp","href":"https:\/\/api.w.org\/{rel}","templated":true}]}}