{"id":21764,"date":"2024-10-21T12:30:37","date_gmt":"2024-10-21T11:30:37","guid":{"rendered":"https:\/\/paradox24.com\/product\/paradox-vanguard-red-tuxs\/"},"modified":"2026-03-19T14:30:39","modified_gmt":"2026-03-19T13:30:39","slug":"paradox-vanguard-red-tuxs","status":"publish","type":"product","link":"https:\/\/paradox24.com\/cs\/produkt\/paradox-vanguard-red-tuxs\/","title":{"rendered":"Hern\u00ed \u017eidle Paradox Vanguard Red Tuxs"},"content":{"rendered":"<div class=\"wpb-content-wrapper\"><p>[vc_row full_width=&#8220;stretch_row_content_no_spaces&#8220;][vc_column][product_info text_color=&#8220;product-info&#8211;white&#8220; text_position=&#8220;product-info__content&#8211;left&#8220; header=&#8220;Paradox Vanguard&#8220; text_1=&#8220;Volba v\u00fdkonu&#8220; main_image=&#8220;16196&#8243; mobile_image=&#8220;16205&#8243;][\/product_info][product_element position=&#8220;left&#8220; header=&#8220;Kvalita a\u017e do konce&#8220; images=&#8220;16341&#8243;]Vysoce kvalitn\u00ed TechRX II eko-k\u016f\u017ee je odoln\u00e1, hladk\u00e1 a ekologick\u00e1. Sametov\u00e9 akcenty zaji\u0161\u0165uj\u00ed tento v\u00fdkonn\u00fd pocit. Stejn\u011b tak charakteristick\u00e9 kontrastn\u00ed \u0161it\u00ed p\u0159ipom\u00ednaj\u00edc\u00ed z\u00e1vodn\u00ed automobily nebo luxusn\u00ed m\u00f3dn\u00ed dopl\u0148ky.[\/product_element][product_element header=&#8220;Podpora bedern\u00edho pol\u0161t\u00e1\u0159e&#8220; images=&#8220;16332&#8243;]S\u00e9rie Vanguard obsahuje bedern\u00ed pol\u0161t\u00e1\u0159, kter\u00fd zarovn\u00e1v\u00e1 p\u00e1te\u0159 a zm\u00edr\u0148uje nap\u011bt\u00ed doln\u00ed \u010d\u00e1sti zad. Vyroben\u00fd z pru\u017en\u00e9 pam\u011b\u0165ov\u00e9 p\u011bny a zabalen\u00fd do barevn\u011b slad\u011bn\u00e9ho sametu, bezprobl\u00e9mov\u011b spojuje ergonomickou podporu s estetick\u00fdm vylad\u011bn\u00edm.[\/product_element][product_info main_image=&#8220;16323&#8243; mobile_image=&#8220;16350&#8243;][\/product_info][product_element position=&#8220;left&#8220; header=&#8220;V\u00fd\u0161kov\u011b nastaviteln\u00e9 sedadlo&#8220; images=&#8220;16314&#8243;]Dokonale p\u0159izp\u016fsobeno pro osoby mezi 165 a 185 cm, na\u0161e pln\u011b nastaviteln\u00e9 sedadlo zaji\u0161\u0165uje p\u0159izp\u016fsoben\u00e9 posazen\u00ed. Pokro\u010dil\u00fd pneumatick\u00fd mechanismus TitanCore umo\u017e\u0148uje snadnou regulaci v\u00fd\u0161ky: jednodu\u0161e zat\u00e1hn\u011bte p\u00e1\u010dkou a lehce nadzdvihn\u011bte pro zv\u00fd\u0161en\u00ed sedadla, nebo zatla\u010dte dol\u016f p\u0159i sezen\u00ed pro sn\u00ed\u017een\u00ed. Dos\u00e1hn\u011bte ide\u00e1ln\u00ed ergonomick\u00e9 pozice snadno\u2014va\u0161e kolena by m\u011bla tvo\u0159it \u00fahel 90 stup\u0148\u016f a va\u0161e lokty by m\u011bly pohodln\u011b spo\u010d\u00edvat v \u00fahlu 90 stup\u0148\u016f na va\u0161em stole. Up\u0159ednostn\u011bte um\u00edst\u011bn\u00ed va\u0161ich lokt\u016f pro optimalizaci jak pohodl\u00ed, tak produktivity.[\/product_element][product_element header=&#8220;P\u0159izp\u016fsobiteln\u00e9 pozice op\u011bradla a\u017e do vodorovn\u00e9 polohy&#8220; images=&#8220;16305&#8243;]Nastavte a uzamkn\u011bte op\u011bradlo ve \u010dty\u0159ech pozic\u00edch \u2013 od vzp\u0159\u00edmen\u00e9 pozornosti po uvoln\u011bn\u00e9 sklon\u011bn\u00ed. M\u011b\u0148te svou pozici voln\u011b b\u011bhem dne, abyste udr\u017eeli sv\u00e9 svaly uvoln\u011bn\u00e9, zat\u00edmco bo\u010dn\u00ed op\u011bry v\u00e1s bezpe\u010dn\u011b dr\u017e\u00ed na m\u00edst\u011b. Jemn\u011b dola\u010fte odpor n\u00e1klonu tak, aby odpov\u00eddal va\u0161\u00ed hmotnosti a preferenci pohodl\u00ed jednoduch\u00fdm oto\u010den\u00edm knofl\u00edku.[\/product_element][product_element position=&#8220;left&#8220; header=&#8220;Pol\u0161t\u00e1\u0159 hlavy&#8220; images=&#8220;16296&#8243;]Chytr\u00fd pol\u0161t\u00e1\u0159 hlavy pln\u00ed dvoj\u00ed funkci \u2013 poskytuje v\u00e1m dokonalou podporu a z\u00e1rove\u0148 dod\u00e1v\u00e1 styl va\u0161\u00ed \u017eidli. D\u00edky siln\u00fdm vestav\u011bn\u00fdm magnet\u016fm jej m\u016f\u017eete snadno p\u0159ipnout nebo odepnout, kdykoli chcete.[\/product_element][product_info main_image=&#8220;16287&#8243; mobile_image=&#8220;16223&#8243;][\/product_info][product_element header=&#8220;FlexMotion 2D podru\u010dky&#8220; images=&#8220;16278&#8243;]Nastavte je nahoru a dol\u016f, abyste dos\u00e1hli ide\u00e1ln\u00ed v\u00fd\u0161ky a na\u0161li nejlep\u0161\u00ed \u00fahel pro sv\u00e9 pa\u017ee a z\u00e1p\u011bst\u00ed.[\/product_element][product_element position=&#8220;left&#8220; header=&#8220;TitanCore z\u00e1kladna&#8220; images=&#8220;16269&#8243;]Tato \u017eidle je konstruov\u00e1na tak, aby unesla a\u017e 135 kilogram\u016f, a zaru\u010duje dlouhodobou spolehlivost a bezpe\u010dnost, tak\u017ee je vynikaj\u00edc\u00ed volbou pro profesion\u00e1ln\u00ed i osobn\u00ed pou\u017eit\u00ed.[\/product_element][product_element header=&#8220;QuickSpin 360\u00b0 kole\u010dka&#8220; images=&#8220;16260&#8243;]Funkce ot\u00e1\u010den\u00ed o 360 stup\u0148\u016f umo\u017e\u0148uje bezprobl\u00e9mov\u00e9 ot\u00e1\u010den\u00ed v jak\u00e9mkoli sm\u011bru, co\u017e poskytuje maxim\u00e1ln\u00ed flexibilitu a snadn\u00fd p\u0159\u00edstup ke v\u0161em oblastem stolu a okol\u00ed &#8211; a to v\u0161e v tichosti.[\/product_element][product_element position=&#8220;left&#8220; header=&#8220;Snadn\u00e9 sestaven\u00ed&#8220; images=&#8220;16251&#8243;]Jasn\u00e9 vizu\u00e1ln\u00ed instrukce v\u00e1m umo\u017en\u00ed sestavit \u017eidli za m\u00e9n\u011b ne\u017e 20 minut. A\u0165 u\u017e pr\u00e1ci ud\u011bl\u00e1te sami nebo s p\u0159\u00edtelem \u2013 ujistili jsme se, \u017ee je to snadn\u00e9.[\/product_element][vc_raw_html css=&#8220;&#8220;]JTIwJTIwJTIwJTIwJTNDZGl2JTIwY2xhc3MlM0QlMjJkZXRhaWxlZC1yZXZpZXclMjIlM0UlMEElMjAlMjAlMjAlMjAlMjAlMjAlMjAlMjAlM0NoMiUzRVJlYWQlMjBkZXRhaWxlZCUyMHJldmlld3MlMjBpbiUzQyUyRmgyJTNFJTBBJTIwJTIwJTIwJTIwJTIwJTIwJTIwJTIwJTNDZGl2JTIwY2xhc3MlM0QlMjJkZXRhaWxlZC1yZXZpZXdfX2NvbnRlbnQlMjIlM0UlMEElMjAlMjAlMjAlMjAlMjAlMjAlMjAlMjAlMjAlMjAlMjAlMjAlM0NkaXYlMjBjbGFzcyUzRCUyMmRldGFpbGVkLXJldmlld19faW1hZ2UlMjIlM0UlMEElMjAlMjAlMjAlMjAlMjAlMjAlMjAlMjAlMjAlMjAlMjAlMjAlMjAlMjAlMjAlMjAlM0NhJTIwaHJlZiUzRCUyMiUyRnBhcmFkb3gtdGVzdGltb25pYWxzJTJGJTIyJTNFJTNDaW1nJTIwc3JjJTNEJTIyJTJGd3AtY29udGVudCUyRnVwbG9hZHMlMkYyMDI1JTJGMDklMkZIYXJkWm9uZS0xLnBuZyUyMiUyMGFsdCUzRCUyMkhhcmRab25lJTIyJTIwJTJGJTNFJTNDJTJGYSUzRSUwQSUyMCUyMCUyMCUyMCUyMCUyMCUyMCUyMCUyMCUyMCUyMCUyMCUzQyUyRmRpdiUzRSUwQSUyMCUyMCUyMCUyMCUyMCUyMCUyMCUyMCUyMCUyMCUyMCUyMCUzQ2RpdiUyMGNsYXNzJTNEJTIyZGV0YWlsZWQtcmV2aWV3X19pbWFnZSUyMiUzRSUwQSUyMCUyMCUyMCUyMCUyMCUyMCUyMCUyMCUyMCUyMCUyMCUyMCUyMCUyMCUyMCUyMCUzQ2ElMjBocmVmJTNEJTIyJTJGcGFyYWRveC10ZXN0aW1vbmlhbHMlMkYlMjIlM0UlM0NpbWclMjBzcmMlM0QlMjIlMkZ3cC1jb250ZW50JTJGdXBsb2FkcyUyRjIwMjUlMkYwOSUyRkdyb3VwLTc0Ny5wbmclMjIlMjBhbHQlM0QlMjJDSElQJTIyJTIwJTJGJTNFJTNDJTJGYSUzRSUwQSUyMCUyMCUyMCUyMCUyMCUyMCUyMCUyMCUyMCUyMCUyMCUyMCUzQyUyRmRpdiUzRSUwQSUyMCUyMCUyMCUyMCUyMCUyMCUyMCUyMCUyMCUyMCUyMCUyMCUzQ2RpdiUyMGNsYXNzJTNEJTIyZGV0YWlsZWQtcmV2aWV3X19pbWFnZSUyMiUzRSUwQSUyMCUyMCUyMCUyMCUyMCUyMCUyMCUyMCUyMCUyMCUyMCUyMCUyMCUyMCUyMCUyMCUzQ2ElMjBocmVmJTNEJTIyJTJGcGFyYWRveC10ZXN0aW1vbmlhbHMlMkYlMjIlM0UlM0NpbWclMjBzcmMlM0QlMjIlMkZ3cC1jb250ZW50JTJGdXBsb2FkcyUyRjIwMjUlMkYwOSUyRk5leHRQbGF5ZXIuaXQtMS5wbmclMjIlMjBhbHQlM0QlMjJOZXh0UGxheWVyJTIyJTIwJTJGJTNFJTNDJTJGYSUzRSUwQSUyMCUyMCUyMCUyMCUyMCUyMCUyMCUyMCUyMCUyMCUyMCUyMCUzQyUyRmRpdiUzRSUwQSUyMCUyMCUyMCUyMCUyMCUyMCUyMCUyMCUyMCUyMCUyMCUyMCUzQ2RpdiUyMGNsYXNzJTNEJTIyZGV0YWlsZWQtcmV2aWV3X19pbWFnZSUyMiUzRSUwQSUyMCUyMCUyMCUyMCUyMCUyMCUyMCUyMCUyMCUyMCUyMCUyMCUyMCUyMCUyMCUyMCUzQ2ElMjBocmVmJTNEJTIyJTJGcGFyYWRveC10ZXN0aW1vbmlhbHMlMkYlMjIlM0UlM0NpbWclMjBzcmMlM0QlMjIlMkZ3cC1jb250ZW50JTJGdXBsb2FkcyUyRjIwMjUlMkYwOSUyRkNoYWlyUEMtMS5wbmclMjIlMjBhbHQlM0QlMjJDaGFpciUyMFBDJTIyJTIwJTJGJTNFJTNDJTJGYSUzRSUwQSUyMCUyMCUyMCUyMCUyMCUyMCUyMCUyMCUyMCUyMCUyMCUyMCUzQyUyRmRpdiUzRSUwQSUyMCUyMCUyMCUyMCUyMCUyMCUyMCUyMCUzQyUyRmRpdiUzRSUwQSUwQSUyMCUyMCUyMCUyMCUzQyUyRmRpdiUzRSUwQQ==[\/vc_raw_html][product_images images=&#8220;19104&#8243;][product_action header=&#8220;Vylep\u0161ete si z\u00e1\u017eitek ze sezen\u00ed je\u0161t\u011b dnes!&#8220; text=&#8220;S na\u0161\u00ed \u017eidl\u00ed Vanguard zm\u011bn\u00edte sv\u016fj pracovn\u00ed prostor a hern\u00ed sestavu. Za\u017eijte nep\u0159ekonateln\u00e9 pohodl\u00ed a prvot\u0159\u00eddn\u00ed kvalitu.&#8220; button_text=&#8220;P\u0159idat VANGUARD Red Tuxs do ko\u0161\u00edku&#8220; main_image=&#8220;16242&#8243; mobile_image=&#8220;16233&#8243;][testimontial_review_list header=&#8220;Recenze a tisk&#8220; review_0=&#8220;Sledujte recenzi Ultimate Lunar Trace od Alexise Prieta na Youtube&#8220; background_image_0=&#8220;19917&#8243; play_image_0=&#8220;19926&#8243; flag_image_0=&#8220;19935&#8243; link_0=&#8220;https:\/\/www.youtube.com\/watch?v=yQZF2XwK89c&#8220; review_1=&#8220;Ultimate Black Raven recenzov\u00e1no t\u00fdmem CHIP na Youtube&#8220; background_image_1=&#8220;20033&#8243; play_image_1=&#8220;19926&#8243; flag_image_1=&#8220;20105&#8243; link_1=&#8220;https:\/\/www.youtube.com\/watch?v=WTlwHwej9C0&#8243; review_2=&#8220;N\u00e1zor na Commander Sunrise Hero od NextPlayer.it&#8220; background_image_2=&#8220;20006&#8243; play_image_2=&#8220;20117&#8243; flag_image_2=&#8220;20096&#8243; link_2=&#8220;https:\/\/www.nextplayer.it\/paradox-sedia-gaming-serie-commander-recensione\/&#8220;][\/vc_column][\/vc_row]<\/p>\n<\/div>","protected":false},"excerpt":{"rendered":"<ul>\n<li style=\"font-weight: 400;\" aria-level=\"1\"><b>Pro hr\u00e1\u010de, kte\u0159\u00ed cht\u011bj\u00ed pr\u00e9miovou kvalitu bez kompromis\u016f<\/b>: <span style=\"font-weight: 400;\">Ide\u00e1ln\u00ed pro ty, kte\u0159\u00ed hledaj\u00ed spolehliv\u00e9, stylov\u00e9 pohodl\u00ed v rozpo\u010dtu <\/span><\/li>\n<li style=\"font-weight: 400;\" aria-level=\"1\"><b>Dokonal\u00e1 rovnov\u00e1ha stylu a funk\u010dnosti<\/b>: <span style=\"font-weight: 400;\">Nab\u00edz\u00ed odv\u00e1\u017en\u00fd design pro vyj\u00e1d\u0159en\u00ed osobnosti bez ob\u011btov\u00e1n\u00ed kvality.<\/span><\/li>\n<li style=\"font-weight: 400;\" aria-level=\"1\"><b>Vysoce kvalitn\u00ed materi\u00e1ly za chytrou cenu<\/b>: <span style=\"font-weight: 400;\">Postavena z odoln\u00fdch materi\u00e1l\u016f pro pohodl\u00ed a podporu. <\/span><\/li>\n<\/ul>\n<p><b>Univerz\u00e1ln\u00ed estetick\u00e9 mo\u017enosti:<\/b><span style=\"font-weight: 400;\"> Sah\u00e1 od minimalistick\u00fdch a\u017e po v\u00edce propracovan\u00e9 designy, vyhovuje rozmanit\u00fdm vkus\u016fm. <\/span><\/p>\n","protected":false},"featured_media":21765,"template":"","meta":[],"product_cat":[248,251],"product_tag":[],"class_list":{"0":"post-21764","1":"product","2":"type-product","3":"status-publish","4":"has-post-thumbnail","6":"product_cat-herni-kresla","7":"product_cat-kolekce-vanguard","8":"","10":"first","11":"instock","12":"sale","13":"taxable","14":"shipping-taxable","15":"purchasable","16":"product-type-simple"},"_links":{"self":[{"href":"https:\/\/paradox24.com\/cs\/wp-json\/wp\/v2\/product\/21764","targetHints":{"allow":["GET"]}}],"collection":[{"href":"https:\/\/paradox24.com\/cs\/wp-json\/wp\/v2\/product"}],"about":[{"href":"https:\/\/paradox24.com\/cs\/wp-json\/wp\/v2\/types\/product"}],"wp:featuredmedia":[{"embeddable":true,"href":"https:\/\/paradox24.com\/cs\/wp-json\/wp\/v2\/media\/21765"}],"wp:attachment":[{"href":"https:\/\/paradox24.com\/cs\/wp-json\/wp\/v2\/media?parent=21764"}],"wp:term":[{"taxonomy":"product_cat","embeddable":true,"href":"https:\/\/paradox24.com\/cs\/wp-json\/wp\/v2\/product_cat?post=21764"},{"taxonomy":"product_tag","embeddable":true,"href":"https:\/\/paradox24.com\/cs\/wp-json\/wp\/v2\/product_tag?post=21764"}],"curies":[{"name":"wp","href":"https:\/\/api.w.org\/{rel}","templated":true}]}}