{"id":21416,"date":"2024-10-21T12:30:36","date_gmt":"2024-10-21T11:30:36","guid":{"rendered":"https:\/\/paradox24.com\/product\/paradox-ultimate-black-raven\/"},"modified":"2026-04-30T11:39:18","modified_gmt":"2026-04-30T10:39:18","slug":"paradox-ultimate-black-raven","status":"publish","type":"product","link":"https:\/\/paradox24.com\/cs\/produkt\/paradox-ultimate-black-raven\/","title":{"rendered":"Hern\u00ed \u017eidle Paradox Ultimate Black Raven"},"content":{"rendered":"<div class=\"wpb-content-wrapper\"><p>[vc_row full_width=&#8220;stretch_row_content_no_spaces&#8220;][vc_column][product_info text_color=&#8220;product-info&#8211;white&#8220; text_position=&#8220;product-info__content&#8211;left&#8220; header=&#8220;Paradox Ultimate&#8220; text_1=&#8220;Nezbytnosti profesion\u00e1l\u016f&#8220; main_image=&#8220;16820&#8243; mobile_image=&#8220;16811&#8243;][\/product_info][product_element position=&#8220;left&#8220; header=&#8220;Kvalita po celou cestu&#8220; images=&#8220;16802&#8243;]Cordura je l\u00e1tka p\u016fvodn\u011b navr\u017een\u00e1 pro vojensk\u00e9 a outdoorov\u00e9 aplikace, nyn\u00ed zdokonalen\u00e1 pro v\u00e1\u0161 pracovn\u00ed prostor. Je cen\u011bna pro svou odolnost proti od\u011bru, pevnost a dlouhodobou trvanlivost. Alcantara akcenty v\u00e1m dod\u00e1vaj\u00ed tento sportovn\u00ed v\u00fdkonn\u00fd pocit. Stejn\u011b tak charakteristick\u00e9 kontrastn\u00ed \u0161it\u00ed p\u0159ipom\u00ednaj\u00edc\u00ed z\u00e1vodn\u00ed automobily nebo luxusn\u00ed m\u00f3dn\u00ed dopl\u0148ky   <\/p>\n<p class=\"whitespace-normal break-words\"><strong>Lisovan\u00e1 p\u011bna vysok\u00e9 hustoty za studena<\/strong> \u2014 stejn\u00e1 v\u00fdrobn\u00ed technika pou\u017e\u00edvan\u00e1 v automobilov\u00fdch sedadlech a pr\u00e9miov\u00e9m n\u00e1bytku. Na rozd\u00edl od standardn\u00ed p\u011bny si lisovan\u00e1 p\u011bna za studena zachov\u00e1v\u00e1 tvar a pru\u017enost b\u011bhem tis\u00edc\u016f hodin pou\u017e\u00edv\u00e1n\u00ed. V kombinaci s pam\u011b\u0165ov\u00fdmi p\u011bnov\u00fdmi lumb\u00e1ln\u00edmi a hlavov\u00fdmi pol\u0161t\u00e1\u0159i poskytuje trval\u00fd komfort.<\/p>\n<p>[\/product_element][product_element header=&#8220;Vestav\u011bn\u00e1 bedern\u00ed podpora pro&#8220; images=&#8220;16793&#8243;]S\u00e9rie Paradox Ultimate obsahuje LumbarPro, nastaviteln\u00fd dvourozm\u011brn\u00fd podp\u016frn\u00fd syst\u00e9m navr\u017een\u00fd k zarovn\u00e1n\u00ed p\u00e1te\u0159e a zm\u00edrn\u011bn\u00ed nap\u011bt\u00ed doln\u00ed \u010d\u00e1sti zad. Diskr\u00e9tn\u011b zabudovan\u00fd do op\u011bradla kombinuje eleganci s ergonomickou dokonalost\u00ed. [\/product_element][product_info main_image=&#8220;16784&#8243; mobile_image=&#8220;16775&#8243;][\/product_info][product_element position=&#8220;left&#8220; header=&#8220;V\u00fd\u0161kov\u011b nastaviteln\u00e9 sedadlo&#8220; images=&#8220;16766&#8243;]Dokonale p\u0159izp\u016fsobeno pro osoby mezi 165 a 185 cm, na\u0161e pln\u011b nastaviteln\u00e9 sedadlo zaji\u0161\u0165uje p\u0159izp\u016fsoben\u00e9 posazen\u00ed. Pokro\u010dil\u00fd pneumatick\u00fd mechanismus umo\u017e\u0148uje snadnou regulaci v\u00fd\u0161ky: jednodu\u0161e zat\u00e1hn\u011bte p\u00e1\u010dkou a lehce nadzdvihn\u011bte pro zv\u00fd\u0161en\u00ed sedadla, nebo zatla\u010dte dol\u016f p\u0159i sezen\u00ed pro sn\u00ed\u017een\u00ed.  Dos\u00e1hn\u011bte ide\u00e1ln\u00ed ergonomick\u00e9 pozice snadno\u2014va\u0161e kolena by m\u011bla tvo\u0159it \u00fahel 90 stup\u0148\u016f a va\u0161e lokty by m\u011bly pohodln\u011b spo\u010d\u00edvat v \u00fahlu 90 stup\u0148\u016f na va\u0161em stole. Up\u0159ednostn\u011bte um\u00edst\u011bn\u00ed va\u0161ich lokt\u016f pro optimalizaci jak pohodl\u00ed, tak produktivity. [\/product_element][product_element header=&#8220;P\u0159izp\u016fsobiteln\u00e9 pozice op\u011bradla a\u017e do vodorovn\u00e9 polohy&#8220; images=&#8220;16757&#8243;]Nastavte a uzamkn\u011bte op\u011bradlo ve \u010dty\u0159ech pozic\u00edch podle va\u0161ich pot\u0159eb. A\u0165 u\u017e hrajete, pracujete nebo si d\u011bl\u00e1te p\u0159est\u00e1vku, zm\u011bna \u00fahlu op\u011bradla pom\u00e1h\u00e1 sn\u00ed\u017eit nam\u00e1h\u00e1n\u00ed, zlep\u0161it posturu a udr\u017eovat va\u0161e svaly uvoln\u011bn\u00e9 b\u011bhem cel\u00e9ho dne. M\u016f\u017eete upravit odpor n\u00e1klonu op\u011bradla podle va\u0161\u00ed t\u011blesn\u00e9 hmotnosti a preferenc\u00ed. Jednodu\u0161e oto\u010dte knofl\u00edk pod va\u0161\u00edm sedadlem doleva nebo doprava!   [\/product_element][product_element position=&#8220;left&#8220; header=&#8220;Pol\u0161t\u00e1\u0159 hlavy se siln\u00fdm magnetem&#8220; images=&#8220;16748&#8243;]Chytr\u00fd pol\u0161t\u00e1\u0159 hlavy pln\u00ed dvoj\u00ed funkci \u2013 poskytuje v\u00e1m dokonalou podporu a z\u00e1rove\u0148 dod\u00e1v\u00e1 styl va\u0161\u00ed \u017eidli. D\u00edky siln\u00fdm vestav\u011bn\u00fdm magnet\u016fm jej m\u016f\u017eete snadno p\u0159ipnout nebo odepnout, kdykoli chcete. [\/product_element][product_info main_image=&#8220;16739&#8243; mobile_image=&#8220;16730&#8243;][\/product_info][product_element header=&#8220;FlexMotion 4D podru\u010dky&#8220; images=&#8220;16721&#8243;]Nastavte je nahoru a dol\u016f pro dosa\u017een\u00ed dokonal\u00e9 v\u00fd\u0161ky, posu\u0148te je dop\u0159edu a dozadu pro optim\u00e1ln\u00ed dosah, posu\u0148te je ze strany na stranu pro ide\u00e1ln\u00ed bo\u010dn\u00ed pozici a oto\u010dte je pro nalezen\u00ed nejlep\u0161\u00edho \u00fahlu pro va\u0161e pa\u017ee a z\u00e1p\u011bst\u00ed[\/product_element]. [product_element position=&#8220;left&#8220; header=&#8220;TitanCore z\u00e1kladna&#8220; images=&#8220;16712&#8243;]Postavena tak, aby vydr\u017eela a\u017e 135 kilogram\u016f, tato \u017eidle zaru\u010duje dlouhodobou spolehlivost a bezpe\u010dnost, co\u017e z n\u00ed \u010din\u00ed vynikaj\u00edc\u00ed volbu jak pro profesion\u00e1ln\u00ed, tak osobn\u00ed pou\u017eit\u00ed[\/product_element]. [product_element header=&#8220;QuickSpin 360\u00b0 kole\u010dka&#8220; images=&#8220;16703&#8243;]Funkce 360stup\u0148ov\u00e9ho oto\u010den\u00ed v\u00e1m umo\u017e\u0148uje ot\u00e1\u010det se bez n\u00e1mahy v jak\u00e9mkoli sm\u011bru, poskytuje maxim\u00e1ln\u00ed flexibilitu a snadn\u00fd p\u0159\u00edstup ke v\u0161em oblastem va\u0161eho stolu a okol\u00ed\u2014v\u0161e v tichosti.[\/product_element][product_element position=&#8220;left&#8220; header=&#8220;Snadn\u00e9 sestaven\u00ed&#8220; images=&#8220;16694&#8243;]Jasn\u00e9 vizu\u00e1ln\u00ed instrukce v\u00e1m umo\u017en\u00ed sestavit \u017eidli za m\u00e9n\u011b ne\u017e 20 minut. A\u0165 u\u017e pr\u00e1ci ud\u011bl\u00e1te sami nebo s p\u0159\u00edtelem \u2013 ujistili jsme se, \u017ee je to snadn\u00e9. [\/product_element][product_images images=&#8220;17382&#8243;][product_action header=&#8220;Vylep\u0161ete si z\u00e1\u017eitek ze sezen\u00ed je\u0161t\u011b dnes!&#8220; text=&#8220;Zp\u016fsobte revoluci ve va\u0161em pracovn\u00edm prostoru a hern\u00edm prost\u0159ed\u00ed s na\u0161\u00ed Ultimate Chair. Za\u017eijte bezkonkuren\u010dn\u00ed pohodl\u00ed a profesion\u00e1ln\u00ed dokonalost.&#8220; button_text=&#8220;P\u0159idat ULTIMATE Black Raven do ko\u0161\u00edku&#8220; main_image=&#8220;16685&#8243; mobile_image=&#8220;16676&#8243;][\/vc_column][\/vc_row]<\/p>\n<\/div>","protected":false},"excerpt":{"rendered":"<p>Minimalistick\u00fd, ale charakteristick\u00fd design, vysoce kvalitn\u00ed materi\u00e1ly a pohodl\u00ed, kter\u00e9 v\u00e1m pom\u016f\u017ee dos\u00e1hnout va\u0161ich c\u00edl\u016f.<\/p>\n<ul>\n<li><b>Pro ty, kte\u0159\u00ed po\u017eaduj\u00ed nen\u00e1padnou dokonalost<\/b>: Ide\u00e1ln\u00ed pro profesion\u00e1ly a zap\u00e1len\u00e9 hr\u00e1\u010de, kte\u0159\u00ed cht\u011bj\u00ed investovat do luxusu a elegance.<\/li>\n<li><b>Minimalistick\u00fd, nad\u010dasov\u00fd design<\/b>: Elegantn\u00ed a nen\u00e1padn\u00fd, bez n\u00e1mahy zapadne do jak\u00e9hokoli profesion\u00e1ln\u00edho nebo \u0161pi\u010dkov\u00e9ho hern\u00edho prost\u0159ed\u00ed.<\/li>\n<li><b>Nejkvalitn\u011bj\u0161\u00ed materi\u00e1ly po celou dobu<\/b>: Vyrobeno z nejjemn\u011bj\u0161\u00edch materi\u00e1l\u016f pro dlouhodobost a pr\u00e9miov\u00e9 pohodl\u00ed.<\/li>\n<li><b>\u0160pi\u010dkov\u00e9 mechanismy pro dokonalou ergonomii<\/b>: Pokro\u010dil\u00e9 nastaven\u00ed pro vysoce personalizovan\u00fd z\u00e1\u017eitek.<\/li>\n<li><b>Lisovan\u00e1 p\u011bna vysok\u00e9 hustoty za studena:<\/b> Vynikaj\u00edc\u00ed polstrov\u00e1n\u00ed sedadla, kter\u00e9 si dr\u017e\u00ed tvar po l\u00e9ta \u2014 \u017e\u00e1dn\u00e9 prov\u011b\u0161en\u00ed, \u017e\u00e1dn\u00e9 ploch\u00e9 skvrny.<\/li>\n<\/ul>\n","protected":false},"featured_media":21417,"template":"","meta":[],"product_cat":[248,250],"product_tag":[],"class_list":{"0":"post-21416","1":"product","2":"type-product","3":"status-publish","4":"has-post-thumbnail","6":"product_cat-herni-kresla","7":"product_cat-kolekce-ultimate","8":"","10":"first","11":"outofstock","12":"sale","13":"taxable","14":"shipping-taxable","15":"purchasable","16":"product-type-simple"},"_links":{"self":[{"href":"https:\/\/paradox24.com\/cs\/wp-json\/wp\/v2\/product\/21416","targetHints":{"allow":["GET"]}}],"collection":[{"href":"https:\/\/paradox24.com\/cs\/wp-json\/wp\/v2\/product"}],"about":[{"href":"https:\/\/paradox24.com\/cs\/wp-json\/wp\/v2\/types\/product"}],"wp:featuredmedia":[{"embeddable":true,"href":"https:\/\/paradox24.com\/cs\/wp-json\/wp\/v2\/media\/21417"}],"wp:attachment":[{"href":"https:\/\/paradox24.com\/cs\/wp-json\/wp\/v2\/media?parent=21416"}],"wp:term":[{"taxonomy":"product_cat","embeddable":true,"href":"https:\/\/paradox24.com\/cs\/wp-json\/wp\/v2\/product_cat?post=21416"},{"taxonomy":"product_tag","embeddable":true,"href":"https:\/\/paradox24.com\/cs\/wp-json\/wp\/v2\/product_tag?post=21416"}],"curies":[{"name":"wp","href":"https:\/\/api.w.org\/{rel}","templated":true}]}}