{"id":21349,"date":"2024-10-21T12:30:39","date_gmt":"2024-10-21T11:30:39","guid":{"rendered":"https:\/\/paradox24.com\/product\/paradox-commander-military-green\/"},"modified":"2026-04-30T11:41:42","modified_gmt":"2026-04-30T10:41:42","slug":"paradox-commander-military-green","status":"publish","type":"product","link":"https:\/\/paradox24.com\/cs\/produkt\/paradox-commander-military-green\/","title":{"rendered":"Hern\u00ed k\u0159eslo Paradox Commander Military Green"},"content":{"rendered":"<div class=\"wpb-content-wrapper\"><p>[vc_row full_width=&#8220;stretch_row_content_no_spaces&#8220;][vc_column][product_info text_color=&#8220;product-info&#8211;white&#8220; header=&#8220;Paradox Commander&#8220; text_1=&#8220;the Commander\u2019s seat&#8220; main_image=&#8220;17102&#8243; mobile_image=&#8220;17093&#8243;][\/product_info][product_element position=&#8220;left&#8220; header=&#8220;Quality all the way&#8220; images=&#8220;17084&#8243;]The Next-Gen eco-leather combines durability with a luxurious touch, all while respecting environmental values. Refined velvet accents and precision contrast stitching evoke the craftsmanship of high-end racing cars and luxury fashion, creating a sophisticated performance aesthetic.[\/product_element][product_element header=&#8220;Lumbar pIllow support&#8220; images=&#8220;17075&#8243;]The Paradox Commander Series features a lumbar pillow that aligns your spine and relieves lower back tension. Crafted from responsive memory foam and wrapped in color-matched velvet, it seamlessly blends ergonomic support with aesthetic refinement.[\/product_element][product_element position=&#8220;left&#8220; header=&#8220;Height-adjustable seat&#8220; images=&#8220;17066&#8243;]Perfectly tailored for individuals between 165 and 185 cm, our fully adjustable seat ensures a custom fit. The advanced pneumatic mechanism allows effortless height adjustment: simply pull the lever and lift slightly to raise the seat, or press down while seated to lower it. Achieve the ideal ergonomic position with ease\u2014your knees should form a 90-degree angle, and your elbows should rest comfortably at a 90-degree angle on your desk. Prioritize the positioning of your elbows to optimize both comfort and productivity.[\/product_element][product_element header=&#8220;Customizable backrest positions up to flat&#8220; images=&#8220;17057&#8243;]Adjust and lock the backrest in four positions to suit your needs. Whether you\u2019re gaming, working, or taking a break, changing the angle of the backrest helps reduce strain, improve posture, and keep your muscles relaxed throughout the day. You can adjust the backrest\u2019s tilt resistance based on your body weight and preferences. Simply turn the knob under your seat left or right![\/product_element][product_element position=&#8220;left&#8220; header=&#8220;Headrest pillow&#8220; images=&#8220;17048&#8243;]The smart head pillow does double duty \u2013 giving you perfect support while adding style to your chair. You can easily snap it on or off whenever you want.[\/product_element][product_info main_image=&#8220;17039&#8243; mobile_image=&#8220;16976&#8243;][\/product_info][product_element header=&#8220;FlexMotion 4D Armrests&#8220; images=&#8220;17030&#8243;]Adjust them up and down to achieve the perfect height, slide them forward and backward for optimal reach, shift them side to side for the ideal lateral position, and rotate them to find the best angle for your arms and wrists.[\/product_element][product_element position=&#8220;left&#8220; header=&#8220;TitanCore base&#8220; images=&#8220;17021&#8243;]Built to support up to 135 kilograms, this chair guarantees long-lasting reliability and safety, making it an excellent choice for both professional and personal use.[\/product_element][product_element header=&#8220;QuickSpin 360\u00b0 Casters&#8220; images=&#8220;17012&#8243;]The 360-degree swivel function allows you to rotate effortlessly in any direction, providing maximum flexibility and easy access to all areas of your desk and surroundings\u2014all in silence.[\/product_element][product_element position=&#8220;left&#8220; header=&#8220;Easy Assembly&#8220; images=&#8220;17003&#8243;]Clear visual instructions allow you to assemble the chair in under 20 minutes. Whether you do the job yourself or with a friend \u2013 we made sure it\u2019s easy.[\/product_element][vc_raw_html css=&#8220;&#8220;]JTIwJTIwJTIwJTIwJTNDZGl2JTIwY2xhc3MlM0QlMjJkZXRhaWxlZC1yZXZpZXclMjIlM0UlMEElMjAlMjAlMjAlMjAlMjAlMjAlMjAlMjAlM0NoMiUzRVJlYWQlMjBkZXRhaWxlZCUyMHJldmlld3MlMjBpbiUzQyUyRmgyJTNFJTBBJTIwJTIwJTIwJTIwJTIwJTIwJTIwJTIwJTNDZGl2JTIwY2xhc3MlM0QlMjJkZXRhaWxlZC1yZXZpZXdfX2NvbnRlbnQlMjIlM0UlMEElMjAlMjAlMjAlMjAlMjAlMjAlMjAlMjAlMjAlMjAlMjAlMjAlM0NkaXYlMjBjbGFzcyUzRCUyMmRldGFpbGVkLXJldmlld19faW1hZ2UlMjIlM0UlMEElMjAlMjAlMjAlMjAlMjAlMjAlMjAlMjAlMjAlMjAlMjAlMjAlMjAlMjAlMjAlMjAlM0NhJTIwaHJlZiUzRCUyMiUyRnBhcmFkb3gtdGVzdGltb25pYWxzJTJGJTIyJTNFJTNDaW1nJTIwc3JjJTNEJTIyJTJGd3AtY29udGVudCUyRnVwbG9hZHMlMkYyMDI1JTJGMDklMkZIYXJkWm9uZS0xLnBuZyUyMiUyMGFsdCUzRCUyMkhhcmRab25lJTIyJTIwJTJGJTNFJTNDJTJGYSUzRSUwQSUyMCUyMCUyMCUyMCUyMCUyMCUyMCUyMCUyMCUyMCUyMCUyMCUzQyUyRmRpdiUzRSUwQSUyMCUyMCUyMCUyMCUyMCUyMCUyMCUyMCUyMCUyMCUyMCUyMCUzQ2RpdiUyMGNsYXNzJTNEJTIyZGV0YWlsZWQtcmV2aWV3X19pbWFnZSUyMiUzRSUwQSUyMCUyMCUyMCUyMCUyMCUyMCUyMCUyMCUyMCUyMCUyMCUyMCUyMCUyMCUyMCUyMCUzQ2ElMjBocmVmJTNEJTIyJTJGcGFyYWRveC10ZXN0aW1vbmlhbHMlMkYlMjIlM0UlM0NpbWclMjBzcmMlM0QlMjIlMkZ3cC1jb250ZW50JTJGdXBsb2FkcyUyRjIwMjUlMkYwOSUyRkdyb3VwLTc0Ny5wbmclMjIlMjBhbHQlM0QlMjJDSElQJTIyJTIwJTJGJTNFJTNDJTJGYSUzRSUwQSUyMCUyMCUyMCUyMCUyMCUyMCUyMCUyMCUyMCUyMCUyMCUyMCUzQyUyRmRpdiUzRSUwQSUyMCUyMCUyMCUyMCUyMCUyMCUyMCUyMCUyMCUyMCUyMCUyMCUzQ2RpdiUyMGNsYXNzJTNEJTIyZGV0YWlsZWQtcmV2aWV3X19pbWFnZSUyMiUzRSUwQSUyMCUyMCUyMCUyMCUyMCUyMCUyMCUyMCUyMCUyMCUyMCUyMCUyMCUyMCUyMCUyMCUzQ2ElMjBocmVmJTNEJTIyJTJGcGFyYWRveC10ZXN0aW1vbmlhbHMlMkYlMjIlM0UlM0NpbWclMjBzcmMlM0QlMjIlMkZ3cC1jb250ZW50JTJGdXBsb2FkcyUyRjIwMjUlMkYwOSUyRk5leHRQbGF5ZXIuaXQtMS5wbmclMjIlMjBhbHQlM0QlMjJOZXh0UGxheWVyJTIyJTIwJTJGJTNFJTNDJTJGYSUzRSUwQSUyMCUyMCUyMCUyMCUyMCUyMCUyMCUyMCUyMCUyMCUyMCUyMCUzQyUyRmRpdiUzRSUwQSUyMCUyMCUyMCUyMCUyMCUyMCUyMCUyMCUyMCUyMCUyMCUyMCUzQ2RpdiUyMGNsYXNzJTNEJTIyZGV0YWlsZWQtcmV2aWV3X19pbWFnZSUyMiUzRSUwQSUyMCUyMCUyMCUyMCUyMCUyMCUyMCUyMCUyMCUyMCUyMCUyMCUyMCUyMCUyMCUyMCUzQ2ElMjBocmVmJTNEJTIyJTJGcGFyYWRveC10ZXN0aW1vbmlhbHMlMkYlMjIlM0UlM0NpbWclMjBzcmMlM0QlMjIlMkZ3cC1jb250ZW50JTJGdXBsb2FkcyUyRjIwMjUlMkYwOSUyRkNoYWlyUEMtMS5wbmclMjIlMjBhbHQlM0QlMjJDaGFpciUyMFBDJTIyJTIwJTJGJTNFJTNDJTJGYSUzRSUwQSUyMCUyMCUyMCUyMCUyMCUyMCUyMCUyMCUyMCUyMCUyMCUyMCUzQyUyRmRpdiUzRSUwQSUyMCUyMCUyMCUyMCUyMCUyMCUyMCUyMCUzQyUyRmRpdiUzRSUwQSUwQSUyMCUyMCUyMCUyMCUzQyUyRmRpdiUzRSUwQQ==[\/vc_raw_html][product_images images=&#8220;19117&#8243;][product_action header=&#8220;Upgrade your seating experience today!&#8220; text=&#8220;Revolutionize your workspace and gaming setup with our Commander Chair. Experience unmatched comfort and superior design.&#8220; button_text=&#8220;Add COMMANDER Green to cart&#8220; main_image=&#8220;16994&#8243; mobile_image=&#8220;16985&#8243;][testimontial_review_list header=&#8220;Reviews &amp; Press&#8220; review_0=&#8220;Watch the Ultimate Lunar Trace review by Alexis Prieto on Youtube&#8220; background_image_0=&#8220;19917&#8243; play_image_0=&#8220;19926&#8243; flag_image_0=&#8220;19935&#8243; link_0=&#8220;https:\/\/www.youtube.com\/watch?v=yQZF2XwK89c&#8220; review_1=&#8220;Ultimate Black Raven reviewed by the CHIP Team on Youtube&#8220; background_image_1=&#8220;20033&#8243; play_image_1=&#8220;19926&#8243; flag_image_1=&#8220;20105&#8243; link_1=&#8220;https:\/\/www.youtube.com\/watch?v=WTlwHwej9C0&#8243; review_2=&#8220;The opinion on\u2028Commander Sunrise Hero by NextPlayer.it&#8220; background_image_2=&#8220;20006&#8243; play_image_2=&#8220;20117&#8243; flag_image_2=&#8220;20096&#8243; link_2=&#8220;https:\/\/www.nextplayer.it\/paradox-sedia-gaming-serie-commander-recensione\/&#8220;][\/vc_column][\/vc_row]<\/p>\n<\/div>","protected":false},"excerpt":{"rendered":"<p><span style=\"font-weight: 400;\">Nech\u0165 dobrodru\u017estv\u00ed za\u010dnou! <\/span><\/p>\n<ul>\n<li style=\"font-weight: 400;\" aria-level=\"1\"><b>Sci-Fi inspirovan\u00e1 estetika velitelsk\u00e9 lodi<\/b>: O<span style=\"font-weight: 400;\">dv\u00e1\u017en\u00fd, pohlcuj\u00edc\u00ed design inspirovan\u00fd velitelov\u00fdm k\u0159eslem, dokonal\u00fd pro jedine\u010dn\u00e9 setupy.<\/span><\/li>\n<li style=\"font-weight: 400;\" aria-level=\"1\"><b>Zemit\u00e9 t\u00f3ny pro sofistikovan\u00e9 hern\u00ed setupy<\/b>: <span style=\"font-weight: 400;\">Kombinuje dramatickou siluetu se zemitou, rafinovanou barevnou paletou<\/span>.<\/li>\n<li style=\"font-weight: 400;\" aria-level=\"1\"><b>Ergonomick\u00e9 pohodl\u00ed s charakterem<\/b>: <span style=\"font-weight: 400;\">Postaveno pro ty, kte\u0159\u00ed cht\u011bj\u00ed styl a funk\u010dnost ve stejn\u00e9 m\u00ed\u0159e<\/span>.<\/li>\n<\/ul>\n<p><b>Pro hr\u00e1\u010de hledaj\u00edc\u00ed jedine\u010dn\u00fd charakter se zralost\u00ed<\/b>: <span style=\"font-weight: 400;\">Rovnov\u00e1ha odv\u00e1\u017en\u00e9 estetiky a kvality bez dosa\u017een\u00ed pr\u00e9miov\u00e9 cenov\u00e9 kategorie<\/span>.<\/p>\n","protected":false},"featured_media":21350,"template":"","meta":[],"product_cat":[248,249],"product_tag":[],"class_list":{"0":"post-21349","1":"product","2":"type-product","3":"status-publish","4":"has-post-thumbnail","6":"product_cat-herni-kresla","7":"product_cat-kolekce-commander","8":"","10":"first","11":"instock","12":"sale","13":"taxable","14":"shipping-taxable","15":"purchasable","16":"product-type-simple"},"_links":{"self":[{"href":"https:\/\/paradox24.com\/cs\/wp-json\/wp\/v2\/product\/21349","targetHints":{"allow":["GET"]}}],"collection":[{"href":"https:\/\/paradox24.com\/cs\/wp-json\/wp\/v2\/product"}],"about":[{"href":"https:\/\/paradox24.com\/cs\/wp-json\/wp\/v2\/types\/product"}],"wp:featuredmedia":[{"embeddable":true,"href":"https:\/\/paradox24.com\/cs\/wp-json\/wp\/v2\/media\/21350"}],"wp:attachment":[{"href":"https:\/\/paradox24.com\/cs\/wp-json\/wp\/v2\/media?parent=21349"}],"wp:term":[{"taxonomy":"product_cat","embeddable":true,"href":"https:\/\/paradox24.com\/cs\/wp-json\/wp\/v2\/product_cat?post=21349"},{"taxonomy":"product_tag","embeddable":true,"href":"https:\/\/paradox24.com\/cs\/wp-json\/wp\/v2\/product_tag?post=21349"}],"curies":[{"name":"wp","href":"https:\/\/api.w.org\/{rel}","templated":true}]}}