{"id":21148,"date":"2024-10-21T12:30:40","date_gmt":"2024-10-21T11:30:40","guid":{"rendered":"https:\/\/paradox24.com\/product\/paradox-commander-sand-storm\/"},"modified":"2026-02-22T17:48:37","modified_gmt":"2026-02-22T16:48:37","slug":"paradox-commander-sand-storm","status":"publish","type":"product","link":"https:\/\/paradox24.com\/cs\/produkt\/paradox-commander-sand-storm\/","title":{"rendered":"Hern\u00ed k\u0159eslo Paradox Commander Sand Storm"},"content":{"rendered":"<div class=\"wpb-content-wrapper\"><p>[vc_row full_width=&#8220;stretch_row_content_no_spaces&#8220;][vc_column][product_info text_color=&#8220;product-info&#8211;white&#8220; text_position=&#8220;product-info__content&#8211;left&#8220; header=&#8220;Paradox Commander&#8220; text_1=&#8220;velitelovo k\u0159eslo&#8220; main_image=&#8220;17393&#8243; mobile_image=&#8220;17510&#8243;][\/product_info][product_element position=&#8220;left&#8220; header=&#8220;Kvalita po cel\u00e9 cest\u011b&#8220; images=&#8220;17501&#8243;]Next-Gen eco-k\u016f\u017ee kombinuje odolnost s luxusn\u00edm dotekem, v\u0161e p\u0159i respektov\u00e1n\u00ed environment\u00e1ln\u00edch hodnot. Rafinovan\u00e9 sametov\u00e9 akcenty a precizn\u00ed kontrastn\u00ed pro\u0161\u00edv\u00e1n\u00ed evokuj\u00ed \u0159emesln\u00e9 um\u011bn\u00ed \u0161pi\u010dkov\u00fdch z\u00e1vodn\u00edch voz\u016f a luxusn\u00ed m\u00f3dy, vytv\u00e1\u0159ej\u00edce sofistikovanou v\u00fdkonnostn\u00ed estetiku. [\/product_element][product_element header=&#8220;Bedern\u00ed pol\u0161t\u00e1\u0159 pro podporu&#8220; images=&#8220;17492&#8243;]S\u00e9rie Paradox Commander obsahuje bedern\u00ed pol\u0161t\u00e1\u0159, kter\u00fd zarovn\u00e1v\u00e1 va\u0161i p\u00e1te\u0159 a zm\u00edr\u0148uje nap\u011bt\u00ed v doln\u00ed \u010d\u00e1sti zad. Vyroben z pru\u017en\u00e9 pam\u011b\u0165ov\u00e9 p\u011bny a zabalen v barevn\u011b slad\u011bn\u00e9m sametu, bezprobl\u00e9mov\u011b spojuje ergonomickou podporu s estetick\u00fdm rafinementem. [\/product_element][product_element position=&#8220;left&#8220; header=&#8220;V\u00fd\u0161kov\u011b nastaviteln\u00e9 sedadlo&#8220; images=&#8220;17483&#8243;]Dokonale p\u0159izp\u016fsobeno pro osoby mezi 165 a 185 cm, na\u0161e pln\u011b nastaviteln\u00e9 sedadlo zaji\u0161\u0165uje p\u0159izp\u016fsoben\u00e9 posazen\u00ed. Pokro\u010dil\u00fd pneumatick\u00fd mechanismus umo\u017e\u0148uje snadnou regulaci v\u00fd\u0161ky: jednodu\u0161e zat\u00e1hn\u011bte p\u00e1\u010dkou a lehce nadzdvihn\u011bte pro zv\u00fd\u0161en\u00ed sedadla, nebo zatla\u010dte dol\u016f p\u0159i sezen\u00ed pro sn\u00ed\u017een\u00ed.  Dos\u00e1hn\u011bte ide\u00e1ln\u00ed ergonomick\u00e9 pozice snadno\u2014va\u0161e kolena by m\u011bla tvo\u0159it \u00fahel 90 stup\u0148\u016f a va\u0161e lokty by m\u011bly pohodln\u011b spo\u010d\u00edvat v \u00fahlu 90 stup\u0148\u016f na va\u0161em stole. Up\u0159ednostn\u011bte um\u00edst\u011bn\u00ed va\u0161ich lokt\u016f pro optimalizaci jak pohodl\u00ed, tak produktivity. [\/product_element][product_element header=&#8220;P\u0159izp\u016fsobiteln\u00e9 pozice op\u011bradla a\u017e do roviny&#8220; images=&#8220;17474&#8243;]Nastavte a uzamkn\u011bte op\u011bradlo ve \u010dty\u0159ech pozic\u00edch podle va\u0161ich pot\u0159eb. A\u0165 u\u017e hrajete, pracujete nebo si d\u011bl\u00e1te p\u0159est\u00e1vku, zm\u011bna \u00fahlu op\u011bradla pom\u00e1h\u00e1 sn\u00ed\u017eit nam\u00e1h\u00e1n\u00ed, zlep\u0161it posturu a udr\u017eovat va\u0161e svaly uvoln\u011bn\u00e9 b\u011bhem cel\u00e9ho dne. M\u016f\u017eete upravit odpor n\u00e1klonu op\u011bradla podle va\u0161\u00ed t\u011blesn\u00e9 hmotnosti a preferenc\u00ed. Jednodu\u0161e oto\u010dte knofl\u00edk pod va\u0161\u00edm sedadlem doleva nebo doprava!   [\/product_element][product_element position=&#8220;left&#8220; header=&#8220;Pol\u0161t\u00e1\u0159 hlavov\u00e9 op\u011brky&#8220; images=&#8220;17519&#8243;]Chytr\u00fd pol\u0161t\u00e1\u0159 hlavy pln\u00ed dvoj\u00ed funkci \u2013 poskytuje v\u00e1m dokonalou podporu a z\u00e1rove\u0148 dod\u00e1v\u00e1 styl va\u0161\u00ed \u017eidli. D\u00edky siln\u00fdm vestav\u011bn\u00fdm magnet\u016fm jej m\u016f\u017eete snadno p\u0159ipnout nebo odepnout, kdykoli chcete. [\/product_element][product_info main_image=&#8220;17465&#8243; mobile_image=&#8220;17456&#8243;][\/product_info][product_element header=&#8220;FlexMotion 4D loketn\u00ed op\u011brky&#8220; images=&#8220;17447&#8243;]Nastavte je nahoru a dol\u016f pro dosa\u017een\u00ed dokonal\u00e9 v\u00fd\u0161ky, posu\u0148te je dop\u0159edu a dozadu pro optim\u00e1ln\u00ed dosah, posu\u0148te je ze strany na stranu pro ide\u00e1ln\u00ed bo\u010dn\u00ed pozici a oto\u010dte je pro nalezen\u00ed nejlep\u0161\u00edho \u00fahlu pro va\u0161e pa\u017ee a z\u00e1p\u011bst\u00ed[\/product_element]. [product_element position=&#8220;left&#8220; header=&#8220;TitanCore z\u00e1kladna&#8220; images=&#8220;17438&#8243;]Postavena tak, aby vydr\u017eela a\u017e 135 kilogram\u016f, tato \u017eidle zaru\u010duje dlouhodobou spolehlivost a bezpe\u010dnost, co\u017e z n\u00ed \u010din\u00ed vynikaj\u00edc\u00ed volbu jak pro profesion\u00e1ln\u00ed, tak osobn\u00ed pou\u017eit\u00ed[\/product_element]. [product_element header=&#8220;QuickSpin 360\u00b0 kole\u010dka&#8220; images=&#8220;17429&#8243;]Funkce 360stup\u0148ov\u00e9ho oto\u010den\u00ed v\u00e1m umo\u017e\u0148uje ot\u00e1\u010det se bez n\u00e1mahy v jak\u00e9mkoli sm\u011bru, poskytuje maxim\u00e1ln\u00ed flexibilitu a snadn\u00fd p\u0159\u00edstup ke v\u0161em oblastem va\u0161eho stolu a okol\u00ed\u2014v\u0161e v tichosti.[\/product_element][product_element position=&#8220;left&#8220; header=&#8220;Snadn\u00e1 mont\u00e1\u017e&#8220; images=&#8220;17420&#8243;]Jasn\u00e9 vizu\u00e1ln\u00ed instrukce v\u00e1m umo\u017en\u00ed sestavit \u017eidli za m\u00e9n\u011b ne\u017e 20 minut. A\u0165 u\u017e pr\u00e1ci ud\u011bl\u00e1te sami nebo s p\u0159\u00edtelem \u2013 ujistili jsme se, \u017ee je to snadn\u00e9. [\/product_element][product_images images=&#8220;19117&#8243;][product_action header=&#8220;Vylep\u0161ete sv\u016fj z\u00e1\u017eitek ze sezen\u00ed je\u0161t\u011b dnes!&#8220; text=&#8220;Prove\u010fte revoluci ve va\u0161em pracovn\u00edm prostoru a hern\u00edm setupu s na\u0161\u00ed Commander \u017eidl\u00ed. Za\u017eijte bezkonkuren\u010dn\u00ed pohodl\u00ed a vynikaj\u00edc\u00ed design.&#8220; button_text=&#8220;P\u0159idat COMMANDER Sand Storm do ko\u0161\u00edku&#8220; main_image=&#8220;17411&#8243; mobile_image=&#8220;17402&#8243;][\/vc_column][\/vc_row]<\/p>\n<\/div>","protected":false},"excerpt":{"rendered":"<p><span style=\"font-weight: 400;\">Nech\u0165 dobrodru\u017estv\u00ed za\u010dnou! <\/span><\/p>\n<ul>\n<li style=\"font-weight: 400;\" aria-level=\"1\"><b>Sci-Fi inspirovan\u00e1 estetika velitelsk\u00e9 lodi<\/b>: O<span style=\"font-weight: 400;\">dv\u00e1\u017en\u00fd, pohlcuj\u00edc\u00ed design inspirovan\u00fd velitelov\u00fdm k\u0159eslem, dokonal\u00fd pro jedine\u010dn\u00e9 setupy.<\/span><\/li>\n<li style=\"font-weight: 400;\" aria-level=\"1\"><b>Zemit\u00e9 t\u00f3ny pro sofistikovan\u00e9 hern\u00ed setupy<\/b>: <span style=\"font-weight: 400;\">Kombinuje dramatickou siluetu se zemitou, rafinovanou barevnou paletou<\/span>.<\/li>\n<li style=\"font-weight: 400;\" aria-level=\"1\"><b>Ergonomick\u00e9 pohodl\u00ed s charakterem<\/b>: <span style=\"font-weight: 400;\">Postaveno pro ty, kte\u0159\u00ed cht\u011bj\u00ed styl a funk\u010dnost ve stejn\u00e9 m\u00ed\u0159e<\/span>.<\/li>\n<li style=\"font-weight: 400;\" aria-level=\"1\"><b>Pro hr\u00e1\u010de hledaj\u00edc\u00ed jedine\u010dn\u00fd charakter se zralost\u00ed<\/b>: <span style=\"font-weight: 400;\">Rovnov\u00e1ha odv\u00e1\u017en\u00e9 estetiky a kvality bez dosa\u017een\u00ed pr\u00e9miov\u00e9 cenov\u00e9 kategorie<\/span>.<\/li>\n<\/ul>\n","protected":false},"featured_media":21149,"template":"","meta":[],"product_cat":[248,249],"product_tag":[],"class_list":{"0":"post-21148","1":"product","2":"type-product","3":"status-publish","4":"has-post-thumbnail","6":"product_cat-herni-kresla","7":"product_cat-kolekce-commander","8":"","10":"first","11":"outofstock","12":"taxable","13":"shipping-taxable","14":"purchasable","15":"product-type-simple"},"_links":{"self":[{"href":"https:\/\/paradox24.com\/cs\/wp-json\/wp\/v2\/product\/21148","targetHints":{"allow":["GET"]}}],"collection":[{"href":"https:\/\/paradox24.com\/cs\/wp-json\/wp\/v2\/product"}],"about":[{"href":"https:\/\/paradox24.com\/cs\/wp-json\/wp\/v2\/types\/product"}],"wp:featuredmedia":[{"embeddable":true,"href":"https:\/\/paradox24.com\/cs\/wp-json\/wp\/v2\/media\/21149"}],"wp:attachment":[{"href":"https:\/\/paradox24.com\/cs\/wp-json\/wp\/v2\/media?parent=21148"}],"wp:term":[{"taxonomy":"product_cat","embeddable":true,"href":"https:\/\/paradox24.com\/cs\/wp-json\/wp\/v2\/product_cat?post=21148"},{"taxonomy":"product_tag","embeddable":true,"href":"https:\/\/paradox24.com\/cs\/wp-json\/wp\/v2\/product_tag?post=21148"}],"curies":[{"name":"wp","href":"https:\/\/api.w.org\/{rel}","templated":true}]}}