{"id":30628,"date":"2018-06-01T08:19:29","date_gmt":"2018-06-01T07:19:29","guid":{"rendered":"https:\/\/paradox24.com\/about\/"},"modified":"2026-02-23T16:52:15","modified_gmt":"2026-02-23T15:52:15","slug":"about","status":"publish","type":"page","link":"https:\/\/paradox24.com\/cs\/about\/","title":{"rendered":"O n\u00e1s"},"content":{"rendered":"<div class=\"wpb-content-wrapper\"><p>[vc_row full_width=&#8220;stretch_row_content_no_spaces&#8220; el_class=&#8220;supro-no-padding-left supro-no-padding-right&#8220;][vc_column][vc_column_text css=&#8220;.vc_custom_1729797872336{margin-bottom: 0px !important;}&#8220;]<\/p>\n<div class=\"about-us heading\">\n<div class=\"heading-content\">\n<h2>Ahoj!<\/h2>\n<p><strong>Jsme Paradox!<\/strong> Vyr\u00e1b\u00edme <strong>v\u00fdkonn\u00e1 sedadla<\/strong>, abychom v\u00e1m pomohli <strong>maximalizovat v\u00e1\u0161 potenci\u00e1l<\/strong> v pr\u00e1ci i h\u0159e. Na\u0161e designy spojuj\u00ed <strong>ergonomickou podporu<\/strong>, <strong>pr\u00e9miovou kvalitu<\/strong> a <strong>inspirativn\u00ed estetiku<\/strong>, aby pozvedly jak\u00fdkoli prostor.<\/p>\n<\/div>\n<p><img decoding=\"async\" src=\"https:\/\/paradox24.com\/wp-content\/uploads\/2024\/10\/3-razem_01-1.png\" alt=\"Obr\u00e1zek na pozad\u00ed\" \/><\/p>\n<\/div>\n<p>[\/vc_column_text][vc_column_text css=&#8220;.vc_custom_1729798099020{margin-bottom: 0px !important;background-color: #222222 !important;}&#8220; el_class=&#8220;.about-us .info .info&#8211;white&#8220;]<\/p>\n<h2>Kdo jsme.<\/h2>\n<p>V Paradox Gaming jsme <strong>skupina v\u00e1\u0161niv\u00fdch podnikatel\u016f<\/strong> s celkov\u00fdmi <strong>250 lety<\/strong> zku\u0161enost\u00ed v r\u016fzn\u00fdch odv\u011btv\u00edch. Na\u0161e r\u016fznorod\u00e9 zku\u0161enosti v <strong>vyv\u00edjen\u00ed produkt\u016f<\/strong>, <strong>designe<\/strong>, <strong>e-commerce<\/strong>, poradenstv\u00ed, reklam\u011b, pohostinstv\u00ed, akc\u00edch, m\u011bstsk\u00e9 architektu\u0159e, kosmetice a spot\u0159ebn\u00edm zbo\u017e\u00ed n\u00e1m daly jedine\u010dn\u00fd pohled na design produkt\u016f a pot\u0159eby z\u00e1kazn\u00edk\u016f.[\/vc_column_text][vc_column_text css=&#8220;.vc_custom_1729798671318{margin-bottom: 0px !important;background-color: #ffffff !important;}&#8220; el_class=&#8220;.about-us .info&#8220;]<\/p>\n<h3>Seznamte se se zakl\u00e1daj\u00edc\u00edm t\u00fdmem:<\/h3>\n<div class=\"founder\">\n<div class=\"founder-image\"><img loading=\"lazy\" decoding=\"async\" src=\"https:\/\/paradox24.com\/wp-content\/uploads\/2024\/10\/IMG_9627-BW-1.png\" alt=\"Przemek Kowalewski\" width=\"400\" height=\"400\" \/><\/div>\n<div class=\"founder-content\">\n<p><strong>Przemek Kowalewski, CEO<\/strong><\/p>\n<p>Strategick\u00fd vizion\u00e1\u0159 a inov\u00e1tor e-commerce. Przemek, b\u00fdval\u00fd mana\u017eer ve Westwing (e-commerce pro domov a dekor), p\u0159in\u00e1\u0161\u00ed expertizu v v\u00fdvoji produkt\u016f, n\u00e1kupu a v\u00fdrob\u011b, stejn\u011b jako v e-commerce a digit\u00e1ln\u00edm marketingu. B\u00fdval\u00fd konzultant McKinsey s bystr\u00fdm okem pro obchodn\u00ed strategii a operace.<\/p>\n<\/div>\n<\/div>\n<div class=\"founder\">\n<div class=\"founder-image\"><img loading=\"lazy\" decoding=\"async\" src=\"https:\/\/paradox24.com\/wp-content\/uploads\/2024\/10\/IMG_9627-BW-1-2.png\" alt=\"Pawe\u0142 Miklaszewski\" width=\"400\" height=\"400\" \/><\/div>\n<div class=\"founder-content\">\n<p><strong>Pawe\u0142 Miklaszewski, Chief Creative Officer<\/strong><\/p>\n<p>Kreativn\u00ed s\u00edla v Paradox. Pawe\u0142 je tak\u00e9 zakladatelem oce\u0148ovan\u00e9 360 agentury &#8222;Walk Group&#8220; a designov\u00e9ho butiku &#8222;Walk with David&#8220;, p\u0159in\u00e1\u0161ej\u00edc\u00ed bohatstv\u00ed designov\u00e9 a kreativn\u00ed expertizy do Paradox. Jeho p\u016fsobiv\u00e1 sb\u00edrka ocen\u011bn\u00ed, v\u010detn\u011b Cannes Lion, v\u00edce KTR Awards, Effies a mnoha dal\u0161\u00edch, sv\u011bd\u010d\u00ed o jeho p\u0159\u00edstupu zam\u011b\u0159en\u00e9m na spot\u0159ebitele.<\/p>\n<\/div>\n<\/div>\n<h3>N\u00e1\u0161 hlavn\u00ed design\u00e9r:<\/h3>\n<div class=\"founder\">\n<div class=\"founder-image\"><img loading=\"lazy\" decoding=\"async\" src=\"https:\/\/paradox24.com\/wp-content\/uploads\/2024\/10\/IMG_9627-BW-1-1.png\" alt=\"David Racchi\" width=\"400\" height=\"400\" \/><\/div>\n<div class=\"founder-content\">\n<p><strong>David Racchi, hlavn\u00ed design\u00e9r<\/strong><\/p>\n<p>David, Australan s glob\u00e1ln\u00edm pohledem, p\u0159in\u00e1\u0161\u00ed mezin\u00e1rodn\u00ed \u0161mrnc do sv\u00e9 pr\u00e1ce, formovan\u00fd zku\u0161enostmi v Melbourne, \u0160pan\u011blsku a Argentin\u011b. Jeho designy zahrnuj\u00ed design produkt\u016f, obal\u016f, branding, reklamu a v\u00edce, ka\u017ed\u00fd kousek odr\u00e1\u017eej\u00edc\u00ed jeho jedine\u010dn\u00fd p\u0159\u00edstup spojuj\u00edc\u00ed jednoduchost s vypr\u00e1v\u011bn\u00edm. Jeho talent byl uzn\u00e1n na glob\u00e1ln\u00ed sc\u00e9n\u011b, v\u010detn\u011b presti\u017en\u00edho Gold Cannes Lion.<\/p>\n<\/div>\n<\/div>\n<p>[\/vc_column_text][vc_column_text css=&#8220;.vc_custom_1729542358975{margin-bottom: 0px !important;background-color: #222222 !important;}&#8220; el_class=&#8220;.about-us .info .info&#8211;white&#8220;]<\/p>\n<h2>N\u00e1\u0161 p\u0159\u00edb\u011bh.<\/h2>\n<p>Zrozen\u00ed Paradox Gaming nebylo hollywoodsk\u00fdm thrillerem, ale mysl\u00edme si, \u017ee je to p\u0159\u00edb\u011bh, kter\u00fd stoj\u00ed za vypr\u00e1v\u011bn\u00ed.<\/p>\n<p>V\u0161echno za\u010dalo jednoduchou honbou: naj\u00edt dokonalou kancel\u00e1\u0159skou \u017eidli.<br \/>\nB\u011bhem hled\u00e1n\u00ed jsme si uv\u011bdomili, \u017ee trh nab\u00edzel dv\u011b neuspokojiv\u00e9 extr\u00e9my \u2013 form\u00e1ln\u00ed, neergonomick\u00e9 \u017eidle<br \/>\nnebo hern\u00ed \u017eidle s neatraktivn\u00edmi designy. Tato mezera na trhu za\u017eehla n\u00e1pad.<\/p>\n<p>Na\u0161e l\u00e1ska k designu a tvorb\u011b fyzick\u00fdch produkt\u016f poh\u00e1n\u011bla na\u0161i v\u00e1\u0161e\u0148. Potom, v l\u00e9t\u011b 2022,<br \/>\nse naskytla p\u0159\u00edle\u017eitost. Koupili jsme spole\u010dnost s malou obchodn\u00ed jednotkou prod\u00e1vaj\u00edc\u00ed nezna\u010dkov\u00e9 hern\u00ed \u017eidle. Tato akvizice byla katalyz\u00e1torem, kter\u00fd jsme pot\u0159ebovali.<\/p>\n<p>Rozhodli jsme se \u00fapln\u011b p\u0159epracovat portfolio produkt\u016f a vytvo\u0159it zna\u010dku, kter\u00e1 by revolucionizovala koncept hern\u00edch \u017eidl\u00ed. A tak se zrodil Paradox.<\/p>\n<p>Od na\u0161eho zalo\u017een\u00ed v roce 2022 jsme se pln\u011b v\u011bnovali zdokonalen\u00ed zku\u0161enosti Paradox!<br \/>\nVytvo\u0159ili jsme p\u0159es 200 unik\u00e1tn\u00edch design\u016f \u017eidl\u00ed a p\u0159es 30 prototyp\u016f, cestovali p\u0159es t\u0159i kontinenty<br \/>\nnav\u0161t\u00edvit 10+ v\u00fdrobn\u00edch za\u0159\u00edzen\u00ed a mluvili s stovkami u\u017eivatel\u016f.<\/p>\n<p class=\"motto\"><strong>Ale nejd\u016fle\u017eit\u011bj\u0161\u00ed je, \u017ee jsme vytvo\u0159ili \u017eidle, kter\u00e9 milujeme a pou\u017e\u00edv\u00e1me ka\u017ed\u00fd den.<\/strong><\/p>\n<p>[\/vc_column_text][vc_column_text css=&#8220;.vc_custom_1729542370996{margin-bottom: 0px !important;background-color: #e3e3e3 !important;}&#8220; el_class=&#8220;.about-us .info&#8220;]<\/p>\n<h2>Na\u0161e filozofie.<\/h2>\n<p>Pamatujete si, kdy\u017e tenisky byly jen na b\u011bh\u00e1n\u00ed? Pak p\u0159i\u0161el Nike a \u0159ekl: &#8222;Hej, tyto boty m\u016f\u017ee\u0161 nosit ka\u017ed\u00fd den! Jsou stylov\u00e9, pohodln\u00e9 a odoln\u00e9.&#8220;<\/p>\n<p>P\u0159ij\u00edm\u00e1me podobn\u00fd p\u0159\u00edstup k hern\u00edm \u017eidl\u00edm. V\u011b\u0159\u00edme, \u017ee skv\u011bl\u00e1 \u017eidle pro pr\u00e1ci a hru by m\u011bla b\u00fdt v\u00edc ne\u017e jen funk\u010dn\u00ed. M\u011bla by b\u00fdt:<\/p>\n<ul>\n<li>Ergonomick\u00e1 a pohodln\u00e1 pro ty dlouh\u00e9 sezen\u00ed<\/li>\n<li>Prohl\u00e1\u0161en\u00ed s mimo\u0159\u00e1dn\u00fdm designem<\/li>\n<li>Odoln\u00e1 a vysoce kvalitn\u00ed, aby vydr\u017eela zkou\u0161ku \u010dasu<\/li>\n<\/ul>\n<p class=\"motto\"><strong>V Paradox zpochyb\u0148ujeme p\u0159edstavu, \u017ee hern\u00ed \u017eidle jsou jen pro hr\u00e1\u010de. Vytv\u00e1\u0159\u00edme \u017eidle, kter\u00e9 podporuj\u00ed v\u00e1\u0161 \u017eivotn\u00ed styl, a\u0165 u\u017e dob\u00fdv\u00e1te virtu\u00e1ln\u00ed sv\u011bty nebo sv\u016fj pracovn\u00ed den.<\/strong><\/p>\n<p>[\/vc_column_text][vc_column_text css=&#8220;.vc_custom_1729541822753{margin-bottom: 0px !important;background-color: #ffffff !important;}&#8220; el_class=&#8220;.about-us .info&#8220;]<\/p>\n<h2>Na\u0161e mise.<\/h2>\n<p>Na\u0161e mise je jednoduch\u00e1, ale ambici\u00f3zn\u00ed:<\/p>\n<ol>\n<li>Nab\u00eddnout v\u00e1m ergonomickou, vysoce kvalitn\u00ed \u017eidli s v\u00fdjime\u010dn\u00fdm designem.<\/li>\n<li>Podporovat v\u00e1s b\u011bhem dlouh\u00fdch hodin sezen\u00ed a zlep\u0161it va\u0161i v\u00fdkonnost.<\/li>\n<li>P\u0159in\u00e1\u0161et v\u00e1m radost poka\u017ed\u00e9, kdy\u017e se pod\u00edv\u00e1te na svou \u017eidli.<\/li>\n<li>Vytv\u00e1\u0159et produkty, kter\u00e9 vydr\u017e\u00ed zkou\u0161ku \u010dasu.<\/li>\n<\/ol>\n<p><strong>Ale nejde jen o kone\u010dn\u00fd produkt. Jsme odhodl\u00e1ni se bavit b\u011bhem cel\u00e9ho procesu &#8211; od designu a v\u00fdroby po dod\u00e1n\u00ed. V\u011b\u0159\u00edme, \u017ee kdy\u017e si u\u017e\u00edv\u00e1me to, co d\u011bl\u00e1me, odr\u00e1\u017e\u00ed se to v kvalit\u011b na\u0161ich produkt\u016f a spokojenosti na\u0161ich z\u00e1kazn\u00edk\u016f.<\/strong>[\/vc_column_text][vc_column_text css=&#8220;.vc_custom_1729542376551{margin-bottom: 0px !important;background-color: #e3e3e3 !important;}&#8220; el_class=&#8220;.about-us .info&#8220;]<\/p>\n<h2>Na\u0161e hodnoty.<\/h2>\n<p>V j\u00e1dru Paradox Gaming jsou na\u0161e vod\u00edc\u00ed principy:<\/p>\n<ol>\n<li><strong>Inovace<\/strong>: Neust\u00e1le posouv\u00e1me hranice designu a funk\u010dnosti \u017eidl\u00ed.<\/li>\n<li><strong>Kvalita<\/strong>: Nikdy nekompromitujeme na materi\u00e1lech nebo \u0159emesln\u00e9 zpracov\u00e1n\u00ed na\u0161ich produkt\u016f.<\/li>\n<li><strong>Spokojenost z\u00e1kazn\u00edk\u016f<\/strong>: Va\u0161e pohodl\u00ed a \u0161t\u011bst\u00ed jsou na\u0161imi nejvy\u0161\u0161\u00edmi prioritami.<\/li>\n<li><strong>Udr\u017eitelnost<\/strong>: Jsme odhodl\u00e1ni k ekologicky zodpov\u011bdn\u00fdm v\u00fdrobn\u00edm praktik\u00e1m.<\/li>\n<li><strong>Transparentnost<\/strong>: V\u011b\u0159\u00edme v otev\u0159enou komunikaci s na\u0161imi z\u00e1kazn\u00edky a partnery.<\/li>\n<\/ol>\n<p class=\"motto\"><strong>Tyto hodnoty ovliv\u0148uj\u00ed ka\u017ed\u00e9 rozhodnut\u00ed, kter\u00e9 d\u011bl\u00e1me, od designov\u00fdch voleb po praktiky z\u00e1kaznick\u00e9ho servisu.<\/strong><\/p>\n<p>[\/vc_column_text][vc_column_text css=&#8220;.vc_custom_1729544085070{margin-bottom: 0px !important;background-color: #ffffff !important;}&#8220; el_class=&#8220;.about-us .info&#8220;]<\/p>\n<h3>Sou\u010d\u00e1st skupiny eco24.<\/h3>\n<p>Jako sou\u010d\u00e1st skupiny eco24 t\u011b\u017e\u00ed Paradox z \u0161ir\u0161\u00ed mise: vytv\u00e1\u0159et inovativn\u00ed, udr\u017eiteln\u00e9 a designov\u011b orientovan\u00e9 produkty v \u0159ad\u011b odv\u011btv\u00ed.[\/vc_column_text][vc_column_text css=&#8220;.vc_custom_1729542300549{margin-bottom: 0px !important;background-color: #bf403a !important;}&#8220; el_class=&#8220;.about-us .info .info&#8211;center .info&#8211;white&#8220;]<\/p>\n<h2>P\u0159idejte se k revoluci Paradox.<\/h2>\n<p>P\u0159ipraveni za\u017e\u00edt dokonalou sm\u011bs stylu, pohodl\u00ed a funk\u010dnosti?<br \/>\nProzkoumejte na\u0161i \u0159adu hern\u00edch \u017eidl\u00ed Paradox a najd\u011bte tu, kter\u00e1 k v\u00e1m promlouv\u00e1.<\/p>\n<p>M\u00e1te ot\u00e1zky nebo pot\u0159ebujete pomoc? N\u00e1\u0161 t\u00fdm je v\u017edy zde, aby pomohl.<br \/>\nKontaktujte n\u00e1s dnes a za\u010dn\u011bme konverzaci o va\u0161\u00ed dokonal\u00e9 \u017eidli<br \/>\nna <a href=\"mailto:hello@paradox24.com\">hello@paradox24.com<\/a><\/p>\n<p class=\"motto\"><strong>V\u00edtejte v Paradox \u2013 kde se pohodl\u00ed setk\u00e1v\u00e1 se stylem a funkce s formou!<\/strong><\/p>\n<p>[\/vc_column_text][\/vc_column][\/vc_row]<\/p>\n<\/div>","protected":false},"excerpt":{"rendered":"<p>[vc_row full_width=&#8220;stretch_row_content_no_spaces&#8220; el_class=&#8220;supro-no-padding-left supro-no-padding-right&#8220;][vc_column][vc_column_text css=&#8220;.vc_custom_1729797872336{margin-bottom: 0px !important;}&#8220;] Ahoj! Jsme Paradox! Vyr\u00e1b\u00edme v\u00fdkonn\u00e1 sedadla, abychom v\u00e1m pomohli maximalizovat v\u00e1\u0161 potenci\u00e1l v pr\u00e1ci i h\u0159e. Na\u0161e designy spojuj\u00ed ergonomickou podporu, pr\u00e9miovou kvalitu a inspirativn\u00ed estetiku, aby pozvedly jak\u00fdkoli prostor. [\/vc_column_text][vc_column_text css=&#8220;.vc_custom_1729798099020{margin-bottom: 0px !important;background-color: #222222 !important;}&#8220; el_class=&#8220;.about-us .info .info&#8211;white&#8220;] Kdo jsme. V Paradox Gaming jsme skupina v\u00e1\u0161niv\u00fdch podnikatel\u016f [&hellip;]<\/p>\n","protected":false},"author":2,"featured_media":0,"parent":0,"menu_order":0,"comment_status":"closed","ping_status":"closed","template":"template-fullwidth.php","meta":{"footnotes":""},"class_list":["post-30628","page","type-page","status-publish","hentry","no-thumb"],"_links":{"self":[{"href":"https:\/\/paradox24.com\/cs\/wp-json\/wp\/v2\/pages\/30628","targetHints":{"allow":["GET"]}}],"collection":[{"href":"https:\/\/paradox24.com\/cs\/wp-json\/wp\/v2\/pages"}],"about":[{"href":"https:\/\/paradox24.com\/cs\/wp-json\/wp\/v2\/types\/page"}],"author":[{"embeddable":true,"href":"https:\/\/paradox24.com\/cs\/wp-json\/wp\/v2\/users\/2"}],"replies":[{"embeddable":true,"href":"https:\/\/paradox24.com\/cs\/wp-json\/wp\/v2\/comments?post=30628"}],"version-history":[{"count":3,"href":"https:\/\/paradox24.com\/cs\/wp-json\/wp\/v2\/pages\/30628\/revisions"}],"predecessor-version":[{"id":30801,"href":"https:\/\/paradox24.com\/cs\/wp-json\/wp\/v2\/pages\/30628\/revisions\/30801"}],"wp:attachment":[{"href":"https:\/\/paradox24.com\/cs\/wp-json\/wp\/v2\/media?parent=30628"}],"curies":[{"name":"wp","href":"https:\/\/api.w.org\/{rel}","templated":true}]}}