{"id":21812,"date":"2024-07-25T08:58:12","date_gmt":"2024-07-25T07:58:12","guid":{"rendered":"https:\/\/paradox24.com\/refund-policy\/"},"modified":"2026-01-12T21:17:38","modified_gmt":"2026-01-12T20:17:38","slug":"refund-policy","status":"publish","type":"page","link":"https:\/\/paradox24.com\/cs\/refund-policy\/","title":{"rendered":"Z\u00e1sady vracen\u00ed pen\u011bz"},"content":{"rendered":"<div class=\"wpb-content-wrapper\"><p>[vc_row][vc_column][vc_column_text css=&#8220;&#8220;]<\/p>\n<p>M\u00e1me 100denn\u00ed lh\u016ftu pro vr\u00e1cen\u00ed, co\u017e znamen\u00e1, \u017ee m\u00e1te 100 dn\u00ed od obdr\u017een\u00ed zbo\u017e\u00ed na to, abyste po\u017e\u00e1dali o vr\u00e1cen\u00ed.<\/p>\n<p>Chcete-li zah\u00e1jit vracen\u00ed, m\u016f\u017eete n\u00e1s kontaktovat na <a href=\"mailto:hello@paradox24.com\">adrese hello@paradox24.com<\/a>. Vezm\u011bte pros\u00edm na v\u011bdom\u00ed, \u017ee vr\u00e1cen\u00e9 zbo\u017e\u00ed je t\u0159eba zaslat na n\u00e1sleduj\u00edc\u00ed adresu: Omnipack Fulfillment Center, hala DC04 rampa 55, Aleja Katowicka 66, 05-830 Nadarzyn, Polsko<\/p>\n<p>Zbo\u017e\u00ed, kter\u00e9 n\u00e1m bude zasl\u00e1no zp\u011bt bez p\u0159edchoz\u00ed \u017e\u00e1dosti o vr\u00e1cen\u00ed, nebude akceptov\u00e1no.<\/p>\n<p>V p\u0159\u00edpad\u011b jak\u00fdchkoli dotaz\u016f t\u00fdkaj\u00edc\u00edch se vr\u00e1cen\u00ed zbo\u017e\u00ed n\u00e1s m\u016f\u017eete kdykoli kontaktovat na <a href=\"mailto:hello@paradox24.com\">adrese hello@paradox24.com.<\/a><\/p>\n<p><strong>\u0160kody a probl\u00e9my<\/strong><br \/>Po obdr\u017een\u00ed objedn\u00e1vky ji pros\u00edm zkontrolujte a neprodlen\u011b n\u00e1s kontaktujte, pokud je zbo\u017e\u00ed vadn\u00e9, po\u0161kozen\u00e9 nebo pokud jste obdr\u017eeli \u0161patn\u00e9 zbo\u017e\u00ed, abychom mohli probl\u00e9m posoudit a napravit.<\/p>\n<p><strong>V\u00fdjimky \/ nevratn\u00e9 polo\u017eky<\/strong><br \/>N\u011bkter\u00e9 druhy zbo\u017e\u00ed nelze vr\u00e1tit, nap\u0159\u00edklad zbo\u017e\u00ed podl\u00e9haj\u00edc\u00ed rychl\u00e9 zk\u00e1ze (jako jsou potraviny, kv\u011btiny nebo rostliny), v\u00fdrobky na zak\u00e1zku (jako jsou speci\u00e1ln\u00ed objedn\u00e1vky nebo personalizovan\u00e9 v\u00fdrobky) a zbo\u017e\u00ed osobn\u00ed p\u00e9\u010de (jako jsou kosmetick\u00e9 v\u00fdrobky). Nep\u0159ij\u00edm\u00e1me tak\u00e9 vr\u00e1cen\u00ed nebezpe\u010dn\u00fdch materi\u00e1l\u016f, ho\u0159lav\u00fdch kapalin nebo plyn\u016f. V p\u0159\u00edpad\u011b dotaz\u016f nebo obav ohledn\u011b konkr\u00e9tn\u00ed polo\u017eky se na n\u00e1s pros\u00edm obra\u0165te.<\/p>\n<p><strong>V\u00fdm\u011bny<\/strong><br \/>Nejrychlej\u0161\u00ed zp\u016fsob, jak si zajistit, \u017ee dostanete to, co chcete, je vr\u00e1tit zbo\u017e\u00ed, kter\u00e9 m\u00e1te, a po p\u0159ijet\u00ed vr\u00e1cen\u00ed prov\u00e9st samostatn\u00fd n\u00e1kup nov\u00e9ho zbo\u017e\u00ed.<\/p>\n<p><strong>Evropsk\u00e1 unie 14denn\u00ed lh\u016fta na rozmy\u0161lenou<\/strong><br \/>Bez ohledu na v\u00fd\u0161e uveden\u00e9, pokud je zbo\u017e\u00ed zas\u00edl\u00e1no do Evropsk\u00e9 unie, m\u00e1te pr\u00e1vo zru\u0161it nebo vr\u00e1tit objedn\u00e1vku do 14 dn\u016f, a to z jak\u00e9hokoli d\u016fvodu a bez ud\u00e1n\u00ed d\u016fvodu.<\/p>\n<p>[\/vc_column_text][\/vc_column][\/vc_row]<\/p>\n<\/div>","protected":false},"excerpt":{"rendered":"<p>[vc_row][vc_column][vc_column_text css=&#8220;&#8220;] M\u00e1me 100denn\u00ed lh\u016ftu pro vr\u00e1cen\u00ed, co\u017e znamen\u00e1, \u017ee m\u00e1te 100 dn\u00ed od obdr\u017een\u00ed zbo\u017e\u00ed na to, abyste po\u017e\u00e1dali o vr\u00e1cen\u00ed. Chcete-li zah\u00e1jit vracen\u00ed, m\u016f\u017eete n\u00e1s kontaktovat na adrese hello@paradox24.com. Vezm\u011bte pros\u00edm na v\u011bdom\u00ed, \u017ee vr\u00e1cen\u00e9 zbo\u017e\u00ed je t\u0159eba zaslat na n\u00e1sleduj\u00edc\u00ed adresu: Omnipack Fulfillment Center, hala DC04 rampa 55, Aleja Katowicka 66, 05-830 [&hellip;]<\/p>\n","protected":false},"author":2,"featured_media":0,"parent":0,"menu_order":0,"comment_status":"closed","ping_status":"closed","template":"","meta":{"footnotes":""},"class_list":["post-21812","page","type-page","status-publish","hentry","no-thumb"],"_links":{"self":[{"href":"https:\/\/paradox24.com\/cs\/wp-json\/wp\/v2\/pages\/21812","targetHints":{"allow":["GET"]}}],"collection":[{"href":"https:\/\/paradox24.com\/cs\/wp-json\/wp\/v2\/pages"}],"about":[{"href":"https:\/\/paradox24.com\/cs\/wp-json\/wp\/v2\/types\/page"}],"author":[{"embeddable":true,"href":"https:\/\/paradox24.com\/cs\/wp-json\/wp\/v2\/users\/2"}],"replies":[{"embeddable":true,"href":"https:\/\/paradox24.com\/cs\/wp-json\/wp\/v2\/comments?post=21812"}],"version-history":[{"count":4,"href":"https:\/\/paradox24.com\/cs\/wp-json\/wp\/v2\/pages\/21812\/revisions"}],"predecessor-version":[{"id":26968,"href":"https:\/\/paradox24.com\/cs\/wp-json\/wp\/v2\/pages\/21812\/revisions\/26968"}],"wp:attachment":[{"href":"https:\/\/paradox24.com\/cs\/wp-json\/wp\/v2\/media?parent=21812"}],"curies":[{"name":"wp","href":"https:\/\/api.w.org\/{rel}","templated":true}]}}