{"id":21128,"date":"2024-12-31T17:27:01","date_gmt":"2024-12-31T16:27:01","guid":{"rendered":"https:\/\/paradox24.com\/hlavni-stranka\/"},"modified":"2026-03-05T12:38:47","modified_gmt":"2026-03-05T11:38:47","slug":"hlavni-stranka","status":"publish","type":"page","link":"https:\/\/paradox24.com\/cs\/","title":{"rendered":"Hlavn\u00ed str\u00e1nka"},"content":{"rendered":"<div class=\"wpb-content-wrapper\"><p>[vc_row full_width=&#8220;stretch_row_content_no_spaces&#8220; el_class=&#8220;supro-container&#8220;][vc_column][vc_raw_html css=&#8220;&#8220;]PGRpdiBjbGFzcz0iaGV5LXBhcmFkb3giPgo8aDE+QWhvaiE8c3Bhbj5Kc21lIFBhcmFkb3ghPC9zcGFuPjwvaDE+Cgo8cD5WeXR2w6HFmcOtbWUgdnlzb2NlIHbDvWtvbm7DoSBzZWRhZGxhLCBrdGVyw6EgdsOhbSBwb21vaG91IG1heGltYWxpem92YXQgdsOhxaEgcG90ZW5jacOhbCB2IHByw6FjaSBpIHDFmWkgaMWZZS48L3A+CjwvZGl2Pg==[\/vc_raw_html][\/vc_column][\/vc_row][vc_row full_width=&#8220;stretch_row_content_no_spaces&#8220;][vc_column][vc_raw_html css=&#8220;&#8220;]JTNDc3R5bGUlM0UlMEEucHgyNC1wcm9tby1iYW5uZXIlMjAlN0IlMEElMDlwYWRkaW5nJTNBJTIwMjBweCUzQiUwQSU3RCUwQS5weDI0LXByb21vLWJhbm5lcl9faXRlbSUyMCU3QiUwQSUwOWRpc3BsYXklM0ElMjBibG9jayUzQiUwQSUwOXdpZHRoJTNBJTIwMTAwJTI1JTNCJTBBJTA5Ym9yZGVyLXJhZGl1cyUzQSUyMDE2cHglM0IlMEElMDlvdmVyZmxvdyUzQSUyMGhpZGRlbiUzQiUwQSU3RCUwQS5weDI0LXByb21vLWJhbm5lcl9faXRlbSUyMGltZyUyMCU3QiUwQSUwOXdpZHRoJTNBJTIwMTAwJTI1JTNCJTBBJTA5aGVpZ2h0JTNBJTIwYXV0byUzQiUwQSUwOWRpc3BsYXklM0ElMjBibG9jayUzQiUwQSU3RCUwQSU0MG1lZGlhJTIwJTI4bWF4LXdpZHRoJTNBJTIwNzY4cHglMjklMjAlN0IlMEElMDkucHgyNC1wcm9tby1iYW5uZXIlMjAlN0IlMEElMDklMDlwYWRkaW5nJTNBJTIwMCUzQiUwQSUwOSU3RCUwQSUwOS5weDI0LXByb21vLWJhbm5lcl9faXRlbSUyMCU3QiUwQSUwOSUwOWJvcmRlci1yYWRpdXMlM0ElMjAwJTNCJTBBJTA5JTdEJTBBJTdEJTBBJTBBJTNDJTJGc3R5bGUlM0UlMEElMEElM0NkaXYlMjBjbGFzcyUzRCUyMm1haW4tbGFuZGluZyUyMG1haW4tbGFuZGluZy0tYmxhY2slMjIlM0UlMEElMDklM0NkaXYlMjBjbGFzcyUzRCUyMm1haW4tbGFuZGluZ19fY29udGVudCUyMiUzRSUwQSUwOSUwOSUzQ2gyJTNFRXJnb25vbWllJTIwdiUyMG5laiVDNCU4RGlzdCVDNSVBMSVDMyVBRCUzQyUyRmgyJTNFJTBBJTA5JTA5JTNDcCUzRWZvcm0lQzQlOUIlM0MlMkZwJTNFJTBBJTA5JTA5JTNDaW1nJTIwc3JjJTNEJTIyJTJGd3AtY29udGVudCUyRnVwbG9hZHMlMkYyMDI1JTJGMDElMkZlcmdvLWJsYWNrLnN2ZyUyMiUyMCUyRiUzRSUwQSUwOSUwOSUzQ2RpdiUyMGNsYXNzJTNEJTIybWFpbi1sYW5kaW5nX19hY3Rpb24lMjIlM0UlMEElMDklMDklMDklNUJwb3N0X3VybCUyMGlkJTNEJTIyOTEyMSUyMiUyMG5hbWUlM0QlMjJaamlzdGl0JTIwdiVDMyVBRGNlJTIyJTIwJTJGJTVEJTBBJTA5JTA5JTA5JTVCcG9zdF91cmwlMjBpZCUzRCUyMjkxMjElMjIlMjBuYW1lJTNEJTIyS291cGl0JTIyJTIwJTJGJTVEJTBBJTA5JTA5JTNDJTJGZGl2JTNFJTBBJTA5JTNDJTJGZGl2JTNFJTBBJTA5JTNDaW1nJTIwY2xhc3MlM0QlMjJtYWluLWxhbmRpbmdfX2JhY2tncm91bmQlMjIlMjBzcmMlM0QlMjIlMkZ3cC1jb250ZW50JTJGdXBsb2FkcyUyRjIwMjUlMkYwMSUyRmVyZ29vbmUucG5nJTIyJTIwJTJGJTNFJTBBJTA5JTNDaW1nJTIwY2xhc3MlM0QlMjJtYWluLWxhbmRpbmdfX2JhY2tncm91bmQlMjBtYWluLWxhbmRpbmdfX2JhY2tncm91bmQtLW1vYmlsZSUyMiUyMHNyYyUzRCUyMiUyRndwLWNvbnRlbnQlMkZ1cGxvYWRzJTJGMjAyNSUyRjAxJTJGZXJnb29uZS1tb2JpbGUucG5nJTIyJTIwJTJGJTNFJTBBJTNDJTJGZGl2JTNFJTBBJTBBJTNDZGl2JTIwY2xhc3MlM0QlMjJtYWluLWxhbmRpbmclMjBtYWluLWxhbmRpbmctLWxpZ2h0JTIyJTNFJTBBJTA5JTNDZGl2JTIwY2xhc3MlM0QlMjJtYWluLWxhbmRpbmdfX2NvbnRlbnQlMjIlM0UlMEElMDklMDklM0NoMiUzRVVtJUM0JTlCbiVDMyVBRCUyMHNlemVuJUMzJUFEJTIwZG92ZWRlbiVDMyVBOSUyMGslMjBkb2tvbmFsb3N0aSUzQyUyRmgyJTNFJTBBJTA5JTA5JTNDZGl2JTIwc3R5bGUlM0QlMjJtYXJnaW4lM0ElMjAyNHB4JTIwMCUyMDE2cHglMjAwJTNCJTIwdGV4dC1hbGlnbiUzQSUyMGxlZnQlM0IlMjIlM0UlM0NzdmclMjBzdHlsZSUzRCUyMndpZHRoJTNBJTIwMTAwJTI1JTNCJTIwaGVpZ2h0JTNBJTIwYXV0byUzQiUyMiUyMHZlcnNpb24lM0QlMjIxLjAlMjIlMjB4bWxucyUzRCUyMmh0dHAlM0ElMkYlMkZ3d3cudzMub3JnJTJGMjAwMCUyRnN2ZyUyMiUyMHZpZXdCb3glM0QlMjIwJTIwMCUyMDEzMDAuMDAwMDAwJTIwOTkuMDAwMDAwJTIyJTBBJTIwcHJlc2VydmVBc3BlY3RSYXRpbyUzRCUyMnhNaW5ZTWlkJTIwbWVldCUyMiUzRSUwQSUwQSUzQ2clMjB0cmFuc2Zvcm0lM0QlMjJ0cmFuc2xhdGUlMjgwLjAwMDAwMCUyQzk5LjAwMDAwMCUyOSUyMHNjYWxlJTI4MC4xMDAwMDAlMkMtMC4xMDAwMDAlMjklMjIlMEFmaWxsJTNEJTIyJTIzMDAwMDAwJTIyJTIwc3Ryb2tlJTNEJTIybm9uZSUyMiUzRSUwQSUzQ3BhdGglMjBkJTNEJTIyTTU5OTAlMjA5MjclMjBjLTMwJTIwLTE2JTIwLTUxJTIwLTM3JTIwLTY3JTIwLTY3JTIwLTIzJTIwLTQzJTIwLTIzJTIwLTQ2JTIwLTIzJTIwLTQxNyUyMGwwJTBBLTM3MyUyMDc1JTIwMCUyMDc1JTIwMCUyMDIlMjAzODclMjAzJTIwMzg4JTIwMjE1JTIwLTM2NCUyMGMxNDglMjAtMjUwJTIwMjI1JTIwLTM3MSUyMDI0OCUyMC0zODklMjA2NCUyMC00OSUyMDE2NiUwQS00MCUyMDIyMSUyMDIwJTIwMTElMjAxMSUyMDExNCUyMDE4MCUyMDIyOCUyMDM3NCUyMDExNCUyMDE5NCUyMDIxMCUyMDM1MyUyMDIxMyUyMDM1NCUyMDMlMjAwJTIwNCUyMC0xNzMlMjAyJTIwLTM4NSUwQWwtMiUyMC0zODUlMjA3NSUyMDAlMjA3NSUyMDAlMjAwJTIwMzc2JTIwYzAlMjA0MTklMjAwJTIwNDIwJTIwLTY4JTIwNDcyJTIwLTMwJTIwMjMlMjAtNDYlMjAyNyUyMC05NyUyMDI3JTIwLTk5JTIwMCUwQS0xMDQlMjAtNiUyMC0zMzYlMjAtMzk5JTIwLTExMiUyMC0xOTAlMjAtMjA3JTIwLTM0NiUyMC0yMTElMjAtMzQ2JTIwLTQlMjAwJTIwLTM5JTIwNTUlMjAtNzklMjAxMjMlMjAtMzIxJTBBNTQ1JTIwLTM0MiUyMDU3OCUyMC0zODQlMjA2MDMlMjAtNTMlMjAzMSUyMC0xMDglMjAzMSUyMC0xNjUlMjAxeiUyMiUyRiUzRSUwQSUzQ3BhdGglMjBkJTNEJTIyTTk0MzklMjA5MjclMjBjLTM4JTIwLTIwJTIwLTc2JTIwLTY4JTIwLTI5MSUyMC0zNjglMjAtMTM2JTIwLTE4OSUyMC0yNzAlMjAtMzc3JTIwLTI5OCUyMC00MTYlMEFsLTUxJTIwLTczJTIwOTUlMjAwJTIwOTUlMjAwJTIwNjglMjAxMDAlMjA2OCUyMDk5JTIwNDAwJTIwMCUyMDQwMCUyMDAlMjA2OSUyMC05OSUyMDY5JTIwLTEwMCUyMDk0JTIwMCUyMGM3NSUyMDAlMjA5MiUyMDMlMEE4NiUyMDEzJTIwLTEwJTIwMTYlMjAtMjkyJTIwNDA5JTIwLTQ2NSUyMDY0OSUyMC0xMDclMjAxNDglMjAtMTM1JTIwMTc5JTIwLTE3MSUyMDE5NyUyMC01NyUyMDI3JTIwLTExMyUyMDI3JTBBLTE2OCUyMC0yeiUyMG0yMjUlMjAtMjkyJTIwYzc1JTIwLTEwNyUyMDEzNiUyMC0xOTklMjAxMzYlMjAtMjA1JTIwMCUyMC02JTIwLTEwNiUyMC05JTIwLTI3NSUyMC05JTIwLTE4MiUyMDAlMEEtMjc1JTIwMyUyMC0yNzUlMjAxMCUyMDAlMjAxMCUyMDI2OCUyMDM5OSUyMDI3NSUyMDM5OSUyMDIlMjAwJTIwNjQlMjAtODglMjAxMzklMjAtMTk1eiUyMiUyRiUzRSUwQSUzQ3BhdGglMjBkJTNEJTIyTTEwNDIzJTIwOTI1JTIwYy0yNyUyMC0xNiUyMC00OSUyMC00MCUyMC02MiUyMC02OCUyMC0yMCUyMC00MiUyMC0yMSUyMC01OSUyMC0yMSUyMC00MTUlMjBsMCUwQS0zNzIlMjA3NSUyMDAlMjA3NSUyMDAlMjAwJTIwMzc2JTIwYzAlMjAyMDclMjAzJTIwMzc0JTIwOCUyMDM3MiUyMDQlMjAtMSUyMDE2NCUyMC0xNjMlMjAzNTclMjAtMzU4JTIwMTkyJTIwLTE5NSUyMDM2NSUwQS0zNjUlMjAzODUlMjAtMzc3JTIwNzQlMjAtNDglMjAxNzQlMjAtMjMlMjAyMjclMjA1NiUyMDIzJTIwMzQlMjAyMyUyMDM1JTIwMjMlMjA0MTglMjBsMCUyMDM4NCUyMC03MiUyMC0zJTIwLTczJTIwLTMlMEEtNSUyMC0zNzQlMjAtNSUyMC0zNzQlMjAtMzUzJTIwMzU5JTIwYy0xOTUlMjAxOTclMjAtMzcwJTIwMzY5JTIwLTM5MCUyMDM4MSUyMC01MSUyMDMxJTIwLTExNSUyMDMwJTIwLTE2OSUyMC0yeiUyMiUyRiUzRSUwQSUzQ3BhdGglMjBkJTNEJTIyTTM3OSUyMDkzMyUyMGMtMTUlMjAtMiUyMC01MSUyMC0xOCUyMC04MCUyMC0zNiUyMC00MSUyMC0yNSUyMC02MCUyMC00NSUyMC04MSUyMC04NiUyMGwtMjglMjAtNTMlMEEwJTIwLTI0NSUyMGMwJTIwLTE1NSUyMDQlMjAtMjYwJTIwMTElMjAtMjg0JTIwMTYlMjAtNTAlMjA2MSUyMC0xMDUlMjAxMTIlMjAtMTMyJTIwNDIlMjAtMjIlMjA0OCUyMC0yMiUyMDUzMCUyMC0yNSUwQWw0ODclMjAtMyUyMDAlMjA3NiUyMDAlMjA3NSUyMC00OTUlMjAwJTIwLTQ5NSUyMDAlMjAwJTIwMTA1JTIwMCUyMDEwNSUyMDQ5NSUyMDAlMjA0OTUlMjAwJTIwMCUyMDc1JTIwMCUyMDc1JTIwLTQ5NSUyMDAlMEEtNDk1JTIwMCUyMDAlMjAxMDUlMjAwJTIwMTA1JTIwNDk1JTIwMCUyMDQ5NSUyMDAlMjAwJTIwNzUlMjAwJTIwNzUlMjAtNDYyJTIwLTElMjBjLTI1NSUyMC0xJTIwLTQ3NSUyMC00JTIwLTQ4OSUyMC02eiUyMiUyRiUzRSUwQSUzQ3BhdGglMjBkJTNEJTIyTTE1MTAlMjA1MDUlMjBsMCUyMC00MzUlMjA3NSUyMDAlMjA3NSUyMDAlMjAwJTIwMTMwJTIwMCUyMDEzMCUyMDQyMCUyMDAlMjA0MjAlMjAwJTIwMCUyMC0xMzAlMjAwJTIwLTEzMCUwQTc1JTIwMCUyMDc1JTIwMCUyMDAlMjAxMDglMjBjMCUyMDEyMCUyMC0xNyUyMDE3MiUyMC02NSUyMDIxMCUyMGwtMjclMjAyMiUyMDMwJTIwMjUlMjBjNTAlMjA0MiUyMDY1JTIwOTclMjA2MCUyMDIyMiUyMC00JTBBMTE4JTIwLTIwJTIwMTYzJTIwLTc1JTIwMjE1JTIwLTY2JTIwNjMlMjAtNjElMjA2MyUyMC01ODUlMjA2NiUyMGwtNDc4JTIwMyUyMDAlMjAtNDM2eiUyMG05ODUlMjAxMzAlMjBsMCUyMC0xNTAlMEEtNDE3JTIwLTIlMjAtNDE4JTIwLTMlMjAwJTIwMTU1JTIwMCUyMDE1NSUyMDQxOCUyMC0yJTIwNDE3JTIwLTMlMjAwJTIwLTE1MHolMjIlMkYlM0UlMEElM0NwYXRoJTIwZCUzRCUyMk0yOTk3JTIwOTI2JTIwYy02MiUyMC0xNyUyMC0xMTYlMjAtNjElMjAtMTQ3JTIwLTEyMiUyMC0yNSUyMC00OCUyMC0yNSUyMC01MiUyMC0yNSUyMC0yOTQlMjAwJTBBLTIxMyUyMDIlMjAtMjUxJTIwMTglMjAtMjkyJTIwMjIlMjAtNTclMjA4OSUyMC0xMTklMjAxNDUlMjAtMTM2JTIwNTIlMjAtMTYlMjA3NjAlMjAtMTclMjA4MTUlMjAtMSUyMDQ3JTIwMTMlMjAxMTElMEE2OSUyMDE0MCUyMDEyMyUyMDE5JTIwMzYlMjAyMiUyMDYwJTIwMjUlMjAyMDklMjBsNCUyMDE2NyUyMC0yOTYlMjAwJTIwLTI5NiUyMDAlMjAwJTIwLTc1JTIwMCUyMC03NSUyMDIyMCUyMDAlMjAyMjAlMjAwJTBBMCUyMC0xMDUlMjAwJTIwLTEwNSUyMC00MjAlMjAwJTIwLTQyMCUyMDAlMjAwJTIwMjg1JTIwMCUyMDI4NSUyMDQ5NSUyMDAlMjA0OTYlMjAwJTIwLTMlMjA3MyUyMC0zJTIwNzIlMjAtNDYwJTIwMiUwQWMtMzUwJTIwMSUyMC00NzElMjAtMSUyMC01MDglMjAtMTF6JTIyJTJGJTNFJTBBJTNDcGF0aCUyMGQlM0QlMjJNNDMxOCUyMDkyNiUyMGMtNjElMjAtMTYlMjAtMTExJTIwLTU2JTIwLTE0NSUyMC0xMTQlMjBsLTI4JTIwLTQ3JTIwMCUyMC0yNjAlMjBjMCUyMC0yNDglMjAxJTBBLTI2MiUyMDIyJTIwLTMwMSUyMDI5JTIwLTU0JTIwOTMlMjAtMTEwJTIwMTQwJTIwLTEyMyUyMDI0JTIwLTclMjAxNzglMjAtMTElMjA0MDklMjAtMTElMjA0MTElMjAwJTIwNDI5JTIwMiUyMDQ5MiUwQTYzJTIwMTklMjAxOCUyMDQzJTIwNTAlMjA1NSUyMDcyJTIwMjElMjAzOCUyMDIyJTIwNTMlMjAyMiUyMDI5NSUyMDAlMjAyNTQlMjAwJTIwMjU2JTIwLTI2JTIwMzA1JTIwLTMyJTIwNjIlMjAtOTMlMjAxMTAlMEEtMTU5JTIwMTI0JTIwLTc0JTIwMTYlMjAtNzIxJTIwMTQlMjAtNzgyJTIwLTN6JTIwbTgxNyUyMC00MjElMjBsMCUyMC0yODAlMjAtNDIwJTIwMCUyMC00MjAlMjAwJTIwLTMlMjAyNzAlMjBjLTElMEExNDglMjAwJTIwMjc1JTIwMyUyMDI4MiUyMDMlMjAxMSUyMDkxJTIwMTMlMjA0MjIlMjAxMSUyMGw0MTglMjAtMyUyMDAlMjAtMjgweiUyMiUyRiUzRSUwQSUzQ3BhdGglMjBkJTNEJTIyTTc1MTAlMjA1MDUlMjBsMCUyMC00MzUlMjA3NSUyMDAlMjA3NSUyMDAlMjAwJTIwNDM1JTIwMCUyMDQzNSUyMC03NSUyMDAlMjAtNzUlMjAwJTIwMCUyMC00MzV6JTIyJTJGJTNFJTBBJTNDcGF0aCUyMGQlM0QlMjJNNzg0MCUyMDU5NCUyMGMwJTIwLTMzMiUyMDElMjAtMzUwJTIwMjElMjAtMzkxJTIwMjUlMjAtNTMlMjA4NiUyMC0xMDYlMjAxMzglMjAtMTIxJTIwMjYlMjAtOCUyMDE1MyUwQS0xMiUyMDM5NSUyMC0xMiUyMGwzNTYlMjAwJTIwMCUyMDc1JTIwMCUyMDc1JTIwLTM4MCUyMDAlMjAtMzgwJTIwMCUyMC0yJTIwMzU3JTIwLTMlMjAzNTglMjAtNzIlMjAzJTIwLTczJTIwMyUyMDAlMjAtMzQ3eiUyMiUyRiUzRSUwQSUzQ3BhdGglMjBkJTNEJTIyTTExODU1JTIwOTMxJTIwYy03NyUyMC0yMCUyMC0xNTUlMjAtOTAlMjAtMTc1JTIwLTE1OCUyMC04JTIwLTI1JTIwLTEwJTIwLTEyMyUyMC04JTIwLTI4OSUyMGwzJTBBLTI1MSUyMDMwJTIwLTQ5JTIwYzE5JTIwLTMwJTIwNDklMjAtNjAlMjA3OSUyMC03OSUyMGw0OSUyMC0zMCUyMDM4MyUyMC0zJTIwYzI0NCUyMC0yJTIwMzk4JTIwMSUyMDQyMiUyMDglMjA2MyUyMDE2JTBBMTIxJTIwNjUlMjAxNDglMjAxMjMlMjAyMyUyMDUxJTIwMjQlMjA1OSUyMDI0JTIwMzAwJTIwMCUyMDI3NCUyMC0zJTIwMjkzJTIwLTYzJTIwMzU1JTIwLTE4JTIwMTklMjAtNTAlMjA0MyUyMC03MiUyMDU1JTBBLTM5JTIwMjElMjAtNTElMjAyMiUyMC00MTUlMjAyNCUyMC0yMDYlMjAxJTIwLTM4OCUyMC0yJTIwLTQwNSUyMC02eiUyMG04MDUlMjAtNDI2JTIwbDAlMjAtMjg1JTIwLTQyMCUyMDAlMjAtNDIwJTBBMCUyMDAlMjAyODUlMjAwJTIwMjg1JTIwNDIwJTIwMCUyMDQyMCUyMDAlMjAwJTIwLTI4NXolMjIlMkYlM0UlMEElM0MlMkZnJTNFJTBBJTNDJTJGc3ZnJTNFJTNDJTJGZGl2JTNFJTBBJTA5JTA5JTNDZGl2JTIwY2xhc3MlM0QlMjJtYWluLWxhbmRpbmdfX2FjdGlvbiUyMiUzRSUwQSUwOSUwOSUwOSU1QnBvc3RfdXJsJTIwaWQlM0QlMjIzMDA4MCUyMiUyMG5hbWUlM0QlMjJaamlzdGl0JTIwdiVDMyVBRGNlJTIyJTIwJTJGJTVEJTBBJTA5JTA5JTA5JTVCcG9zdF91cmwlMjBpZCUzRCUyMjMwMDgwJTIyJTIwbmFtZSUzRCUyMktvdXBpdCUyMiUyMCUyRiU1RCUwQSUwOSUwOSUzQyUyRmRpdiUzRSUwQSUwOSUzQyUyRmRpdiUzRSUwQSUwOSUzQ2ltZyUyMGNsYXNzJTNEJTIybWFpbi1sYW5kaW5nX19iYWNrZ3JvdW5kJTIyJTIwc3JjJTNEJTIyJTJGd3AtY29udGVudCUyRnVwbG9hZHMlMkYyMDI2JTJGMDMlMkZFcmdvX01pbGFub19IZXJvX2Rlc2t0b3AuanBlZyUyMiUyMCUyRiUzRSUwQSUwOSUzQ2ltZyUyMGNsYXNzJTNEJTIybWFpbi1sYW5kaW5nX19iYWNrZ3JvdW5kJTIwbWFpbi1sYW5kaW5nX19iYWNrZ3JvdW5kLS1tb2JpbGUlMjIlMjBzcmMlM0QlMjIlMkZ3cC1jb250ZW50JTJGdXBsb2FkcyUyRjIwMjYlMkYwMyUyRkVyZ29fTWlsYW5vX0hlcm9fbW9iaWxlLnBuZyUyMiUyMCUyRiUzRSUwQSUzQyUyRmRpdiUzRSUwQSUwQSUzQ2RpdiUyMGNsYXNzJTNEJTIybWFpbi1sYW5kaW5nJTIyJTNFJTBBJTA5JTNDZGl2JTIwY2xhc3MlM0QlMjJtYWluLWxhbmRpbmdfX2NvbnRlbnQlMjIlM0UlMEElMDklMDklM0NoMiUzRVRvJTJDJTIwY28lMjB2b2wlQzMlQUQlM0MlMkZoMiUzRSUwQSUwOSUwOSUzQ3AlM0Vwcm9mZXNpb24lQzMlQTFsb3YlQzMlQTklM0MlMkZwJTNFJTBBJTA5JTA5JTNDaW1nJTIwc3JjJTNEJTIyJTJGd3AtY29udGVudCUyRnVwbG9hZHMlMkYyMDI0JTJGMTIlMkZ1bHRpbWF0ZS5zdmclMjIlMjAlMkYlM0UlMEElMDklMDklM0NkaXYlMjBjbGFzcyUzRCUyMm1haW4tbGFuZGluZ19fYWN0aW9uJTIyJTNFJTBBJTA5JTA5JTA5JTVCcG9zdF91cmwlMjBpZCUzRCUyMjc3MTAlMjIlMjBuYW1lJTNEJTIyWmppc3RpdCUyMHYlQzMlQURjZSUyMiUyMCUyRiU1RCUwQSUwOSUwOSUwOSU1QnBvc3RfdXJsJTIwaWQlM0QlMjI3NzEwJTIyJTIwbmFtZSUzRCUyMktvdXBpdCUyMiUyMCUyRiU1RCUwQSUwOSUwOSUzQyUyRmRpdiUzRSUwQSUwOSUzQyUyRmRpdiUzRSUwQSUwOSUzQ2ltZyUyMGNsYXNzJTNEJTIybWFpbi1sYW5kaW5nX19iYWNrZ3JvdW5kJTIyJTIwc3JjJTNEJTIyJTJGd3AtY29udGVudCUyRnVwbG9hZHMlMkYyMDI0JTJGMTIlMkZ1bHRpbWF0ZS5wbmclMjIlMjAlMkYlM0UlMEElMDklM0NpbWclMjBjbGFzcyUzRCUyMm1haW4tbGFuZGluZ19fYmFja2dyb3VuZCUyMG1haW4tbGFuZGluZ19fYmFja2dyb3VuZC0tbW9iaWxlJTIyJTIwc3JjJTNEJTIyJTJGd3AtY29udGVudCUyRnVwbG9hZHMlMkYyMDI0JTJGMTIlMkZ1bHRpbWF0ZS1tb2JpbGUucG5nJTIyJTIwJTJGJTNFJTBBJTNDJTJGZGl2JTNFJTBBJTBBJTNDZGl2JTIwY2xhc3MlM0QlMjJtYWluLWxhbmRpbmclMjIlM0UlMEElMDklM0NkaXYlMjBjbGFzcyUzRCUyMm1haW4tbGFuZGluZ19fY29udGVudCUyMiUzRSUwQSUwOSUwOSUzQ2gyJTNFSyVDNSU5OWVzbG8lMjBwcm8lMjB0eSUyQyUyMGt0ZSVDNSU5OSVDMyVBRCUzQyUyRmgyJTNFJTBBJTA5JTA5JTNDcCUzRXZlbCVDMyVBRCUzQyUyRnAlM0UlMEElMDklMDklM0NpbWclMjBzcmMlM0QlMjIlMkZ3cC1jb250ZW50JTJGdXBsb2FkcyUyRjIwMjUlMkYwMSUyRmNvbW1hbmRlci5zdmclMjIlMjAlMkYlM0UlMEElMDklMDklM0NkaXYlMjBjbGFzcyUzRCUyMm1haW4tbGFuZGluZ19fYWN0aW9uJTIyJTNFJTBBJTA5JTA5JTA5JTVCcG9zdF91cmwlMjBpZCUzRCUyMjg4NjQlMjIlMjBuYW1lJTNEJTIyWmppc3RpdCUyMHYlQzMlQURjZSUyMiUyMCUyRiU1RCUwQSUwOSUwOSUwOSU1QnBvc3RfdXJsJTIwaWQlM0QlMjI4ODY0JTIyJTIwbmFtZSUzRCUyMktvdXBpdCUyMiUyMCUyRiU1RCUwQSUwOSUwOSUzQyUyRmRpdiUzRSUwQSUwOSUzQyUyRmRpdiUzRSUwQSUwOSUzQ2ltZyUyMGNsYXNzJTNEJTIybWFpbi1sYW5kaW5nX19iYWNrZ3JvdW5kJTIyJTIwc3JjJTNEJTIyJTJGd3AtY29udGVudCUyRnVwbG9hZHMlMkYyMDI1JTJGMDElMkZjb21tYW5kZXIucG5nJTIyJTIwJTJGJTNFJTBBJTA5JTNDaW1nJTIwY2xhc3MlM0QlMjJtYWluLWxhbmRpbmdfX2JhY2tncm91bmQlMjBtYWluLWxhbmRpbmdfX2JhY2tncm91bmQtLW1vYmlsZSUyMiUyMHNyYyUzRCUyMiUyRndwLWNvbnRlbnQlMkZ1cGxvYWRzJTJGMjAyNSUyRjAxJTJGY29tbWFuZGVyLW1vYmlsZS5wbmclMjIlMjAlMkYlM0UlMEElM0MlMkZkaXYlM0UlMEElMEElM0NkaXYlMjBjbGFzcyUzRCUyMm1haW4tbGFuZGluZyUyMiUzRSUwQSUwOSUzQ2RpdiUyMGNsYXNzJTNEJTIybWFpbi1sYW5kaW5nX19jb250ZW50JTIyJTNFJTBBJTA5JTA5JTNDaDIlM0VLZHklQzUlQkUlMjB6JUMzJUExbGUlQzUlQkUlQzMlQUQlMjBuYSUzQyUyRmgyJTNFJTBBJTA5JTA5JTNDcCUzRXYlQzMlQkRrb251JTNDJTJGcCUzRSUwQSUwOSUwOSUzQ2ltZyUyMHNyYyUzRCUyMiUyRndwLWNvbnRlbnQlMkZ1cGxvYWRzJTJGMjAyNSUyRjAxJTJGdmFuZ3VhcmQuc3ZnJTIyJTIwJTJGJTNFJTBBJTA5JTA5JTNDZGl2JTIwY2xhc3MlM0QlMjJtYWluLWxhbmRpbmdfX2FjdGlvbiUyMiUzRSUwQSUwOSUwOSUwOSU1QnBvc3RfdXJsJTIwaWQlM0QlMjI4Njc1JTIyJTIwbmFtZSUzRCUyMlpqaXN0aXQlMjB2JUMzJUFEY2UlMjIlMjAlMkYlNUQlMEElMDklMDklMDklNUJwb3N0X3VybCUyMGlkJTNEJTIyODY3NSUyMiUyMG5hbWUlM0QlMjJLb3VwaXQlMjIlMjAlMkYlNUQlMEElMDklMDklM0MlMkZkaXYlM0UlMEElMDklM0MlMkZkaXYlM0UlMEElMDklM0NpbWclMjBjbGFzcyUzRCUyMm1haW4tbGFuZGluZ19fYmFja2dyb3VuZCUyMiUyMHNyYyUzRCUyMiUyRndwLWNvbnRlbnQlMkZ1cGxvYWRzJTJGMjAyNSUyRjAxJTJGdmFuZ3VhcmQucG5nJTIyJTIwJTJGJTNFJTBBJTA5JTNDaW1nJTIwY2xhc3MlM0QlMjJtYWluLWxhbmRpbmdfX2JhY2tncm91bmQlMjBtYWluLWxhbmRpbmdfX2JhY2tncm91bmQtLW1vYmlsZSUyMiUyMHNyYyUzRCUyMiUyRndwLWNvbnRlbnQlMkZ1cGxvYWRzJTJGMjAyNSUyRjAxJTJGdmFuZ3VhcmQtbW9iaWxlLnBuZyUyMiUyMCUyRiUzRSUwQSUzQyUyRmRpdiUzRQ==[\/vc_raw_html][\/vc_column][\/vc_row]<\/p>\n<\/div>","protected":false},"excerpt":{"rendered":"<p>Pr\u00e9miov\u00e9 ergonomick\u00e9 a hern\u00ed \u017eidle navr\u017een\u00e9 v Evrop\u011b. 5 kolekc\u00ed: Ergo Milano Pro, Ergo One, Ultimate, Vanguard, Commander. 9 bod\u016f nastaven\u00ed, 5D podru\u010dky, prody\u0161n\u00e1 s\u00ed\u0165ovina. 100denn\u00ed vr\u00e1cen\u00ed, doprava zdarma v EU. Nakupte nyn\u00ed.<\/p>\n","protected":false},"author":1,"featured_media":0,"parent":0,"menu_order":0,"comment_status":"closed","ping_status":"closed","template":"template-fullwidth.php","meta":{"footnotes":""},"class_list":["post-21128","page","type-page","status-publish","hentry","no-thumb"],"_links":{"self":[{"href":"https:\/\/paradox24.com\/cs\/wp-json\/wp\/v2\/pages\/21128","targetHints":{"allow":["GET"]}}],"collection":[{"href":"https:\/\/paradox24.com\/cs\/wp-json\/wp\/v2\/pages"}],"about":[{"href":"https:\/\/paradox24.com\/cs\/wp-json\/wp\/v2\/types\/page"}],"author":[{"embeddable":true,"href":"https:\/\/paradox24.com\/cs\/wp-json\/wp\/v2\/users\/1"}],"replies":[{"embeddable":true,"href":"https:\/\/paradox24.com\/cs\/wp-json\/wp\/v2\/comments?post=21128"}],"version-history":[{"count":22,"href":"https:\/\/paradox24.com\/cs\/wp-json\/wp\/v2\/pages\/21128\/revisions"}],"predecessor-version":[{"id":31497,"href":"https:\/\/paradox24.com\/cs\/wp-json\/wp\/v2\/pages\/21128\/revisions\/31497"}],"wp:attachment":[{"href":"https:\/\/paradox24.com\/cs\/wp-json\/wp\/v2\/media?parent=21128"}],"curies":[{"name":"wp","href":"https:\/\/api.w.org\/{rel}","templated":true}]}}